{"id":9290,"date":"2024-01-29T06:53:41","date_gmt":"2024-01-29T05:53:41","guid":{"rendered":"https:\/\/women-at.work\/shop\/?post_type=product&#038;p=9290"},"modified":"2025-10-02T11:28:43","modified_gmt":"2025-10-02T09:28:43","slug":"duplo-banderole-in-luftballon-form-zum-geburtstag-vorlage-zum-ausdrucken","status":"publish","type":"product","link":"https:\/\/women-at.work\/shop\/produkt\/duplo-banderole-in-luftballon-form-zum-geburtstag-vorlage-zum-ausdrucken\/","title":{"rendered":"duplo Banderole in Luftballon-Form zum Geburtstag &#8211; Vorlage zum Ausdrucken"},"content":{"rendered":"<p>Zum Gestalten von Duplo Riegeln zum Geburtstag mit Spr\u00fcchen kannst du diese sch\u00f6nen Botschaften ausdrucken und dadurch ein schnelles Geschenk umsetzen.<\/p>\n<p>In dem Paket enthalten sind:<\/p>\n<p><span id=\"1\" class=\"HALYaf KKjvXb\" role=\"tabpanel\"><span class=\"zRhise\"><span class=\"PkjLuf \" title=\"duplo du bist vorlage\">Duplo &#8222;Du bist&#8220;- Vorlage f\u00fcr Geburtstage und andere Feiern, inkl. 12 Spr\u00fcchen und 6 Luftballons ohne Spruch zum Beschriften.<\/span><\/span><\/span><\/p>\n<p>Sobald die Zahlung bei uns eingegangen ist, wird der Download-Link an dich per E-Mail verschickt. Bei Zahlung per PayPal, ist der Download sofort verf\u00fcgbar. Die Vorlage wird nicht per Post versendet! Es erfolgt ein rein digitaler Versand. <strong>Sollte die E-Mail nicht automatisch an Sie versendet werden, wenden Sie sich bitte an unseren Kundenservice per E-Mail oder Telefon. Bitte er\u00f6ffnen Sie keinen Fall bei PayPal. So k\u00f6nnen wir Ihnen schneller weiterhelfen!<\/strong><\/p>\n<p><em>Unbezahlte Werbung f\u00fcr duplo. Es besteht keine Kooperation mit duplo. Die Riegel werden nicht mitversendet und dienen nur als Pr\u00e4sentationsvorschlag. Vorlage kann vom Vorschaubild leicht abweichen.<\/em><\/p>\n<p>Die Vorlage ist f\u00fcr den privaten Gebrauch und darf nicht f\u00fcr kommerzielle Zwecke genutzt werden.<\/p>\n","protected":false},"excerpt":{"rendered":"<p>Zum Gestalten von Duplo Riegeln zum Geburtstag mit Spr\u00fcchen kannst du diese sch\u00f6nen Botschaften ausdrucken und dadurch ein schnelles Geschenk umsetzen.<\/p>\n","protected":false},"featured_media":9292,"comment_status":"open","ping_status":"closed","template":"","meta":[],"product_brand":[],"product_cat":[402,409,268],"product_tag":[256,260,261,267,249,247,253,264,252,254,255,251,258,262,112,265,263],"class_list":{"0":"post-9290","1":"product","2":"type-product","3":"status-publish","4":"has-post-thumbnail","6":"product_cat-geburtstag","7":"product_cat-kinder","8":"product_cat-vorlagen","9":"product_tag-duplo-botschaften","10":"product_tag-duplo-botschaften-vorlagen","11":"product_tag-duplo-du-bist","12":"product_tag-duplo-du-bist-sprueche","13":"product_tag-duplo-du-bist-vorlage","14":"product_tag-duplo-du-bist-vorlage-zum-ausdrucken","15":"product_tag-duplo-geschenk","16":"product_tag-duplo-geschenk-du-bist","17":"product_tag-duplo-geschenk-du-bist-vorlage","18":"product_tag-duplo-geschenkidee","19":"product_tag-duplo-schokolade-vorlagen-zum-ausdrucken","20":"product_tag-duplo-sprueche","21":"product_tag-duplo-sprueche-vorlage","22":"product_tag-duplo-vorlagen-zum-ausdrucken","23":"product_tag-geburtstag","24":"product_tag-sprueche-duplo-botschaften","25":"product_tag-vorlage-duplo-du-bist","26":"product_shipping_class-virtuelle-produkte","28":"first","29":"instock","30":"downloadable","31":"virtual","32":"taxable","33":"purchasable","34":"product-type-simple"},"yoast_head":"<!-- This site is optimized with the Yoast SEO plugin v27.3 - https:\/\/yoast.com\/product\/yoast-seo-wordpress\/ -->\n<title>duplo Banderole in Luftballon-Form zum Geburtstag<\/title>\n<meta name=\"description\" content=\"Eine schnelle Duplo &quot;Du bist&quot;-Vorlage zum Ausdrucken f\u00fcr die Einschulung. Vorlage f\u00fcr eine Banderole f\u00fcr den Schulanfang hier bestellen.\" \/>\n<meta name=\"robots\" content=\"index, follow, max-snippet:-1, max-image-preview:large, max-video-preview:-1\" \/>\n<link rel=\"canonical\" href=\"https:\/\/women-at.work\/shop\/produkt\/duplo-banderole-in-luftballon-form-zum-geburtstag-vorlage-zum-ausdrucken\/\" \/>\n<meta property=\"og:locale\" content=\"de_DE\" \/>\n<meta property=\"og:type\" content=\"article\" \/>\n<meta property=\"og:title\" content=\"duplo Banderole in Luftballon-Form zum Geburtstag\" \/>\n<meta property=\"og:description\" content=\"Eine schnelle Duplo &quot;Du bist&quot;-Vorlage zum Ausdrucken f\u00fcr die Einschulung. Vorlage f\u00fcr eine Banderole f\u00fcr den Schulanfang hier bestellen.\" \/>\n<meta property=\"og:url\" content=\"https:\/\/women-at.work\/shop\/produkt\/duplo-banderole-in-luftballon-form-zum-geburtstag-vorlage-zum-ausdrucken\/\" \/>\n<meta property=\"og:site_name\" content=\"Women At Work Shop\" \/>\n<meta property=\"article:modified_time\" content=\"2025-10-02T09:28:43+00:00\" \/>\n<meta property=\"og:image\" content=\"https:\/\/women-at.work\/shop\/wp-content\/uploads\/2024\/01\/Duplo-Vorlage-zum-Geburtstag-Luftballon-Banderole.jpg\" \/>\n\t<meta property=\"og:image:width\" content=\"1000\" \/>\n\t<meta property=\"og:image:height\" content=\"1500\" \/>\n\t<meta property=\"og:image:type\" content=\"image\/jpeg\" \/>\n<meta name=\"twitter:card\" content=\"summary_large_image\" \/>\n<meta name=\"twitter:label1\" content=\"Gesch\u00e4tzte Lesezeit\" \/>\n\t<meta name=\"twitter:data1\" content=\"2\u00a0Minuten\" \/>\n<script type=\"application\/ld+json\" class=\"yoast-schema-graph\">{\"@context\":\"https:\\\/\\\/schema.org\",\"@graph\":[{\"@type\":\"WebPage\",\"@id\":\"https:\\\/\\\/women-at.work\\\/shop\\\/produkt\\\/duplo-banderole-in-luftballon-form-zum-geburtstag-vorlage-zum-ausdrucken\\\/\",\"url\":\"https:\\\/\\\/women-at.work\\\/shop\\\/produkt\\\/duplo-banderole-in-luftballon-form-zum-geburtstag-vorlage-zum-ausdrucken\\\/\",\"name\":\"duplo Banderole in Luftballon-Form zum Geburtstag\",\"isPartOf\":{\"@id\":\"https:\\\/\\\/women-at.work\\\/shop\\\/#website\"},\"primaryImageOfPage\":{\"@id\":\"https:\\\/\\\/women-at.work\\\/shop\\\/produkt\\\/duplo-banderole-in-luftballon-form-zum-geburtstag-vorlage-zum-ausdrucken\\\/#primaryimage\"},\"image\":{\"@id\":\"https:\\\/\\\/women-at.work\\\/shop\\\/produkt\\\/duplo-banderole-in-luftballon-form-zum-geburtstag-vorlage-zum-ausdrucken\\\/#primaryimage\"},\"thumbnailUrl\":\"https:\\\/\\\/women-at.work\\\/shop\\\/wp-content\\\/uploads\\\/2024\\\/01\\\/Duplo-Vorlage-zum-Geburtstag-Luftballon-Banderole.jpg\",\"datePublished\":\"2024-01-29T05:53:41+00:00\",\"dateModified\":\"2025-10-02T09:28:43+00:00\",\"description\":\"Eine schnelle Duplo \\\"Du bist\\\"-Vorlage zum Ausdrucken f\u00fcr die Einschulung. Vorlage f\u00fcr eine Banderole f\u00fcr den Schulanfang hier bestellen.\",\"breadcrumb\":{\"@id\":\"https:\\\/\\\/women-at.work\\\/shop\\\/produkt\\\/duplo-banderole-in-luftballon-form-zum-geburtstag-vorlage-zum-ausdrucken\\\/#breadcrumb\"},\"inLanguage\":\"de\",\"potentialAction\":[{\"@type\":\"ReadAction\",\"target\":[\"https:\\\/\\\/women-at.work\\\/shop\\\/produkt\\\/duplo-banderole-in-luftballon-form-zum-geburtstag-vorlage-zum-ausdrucken\\\/\"]}]},{\"@type\":\"ImageObject\",\"inLanguage\":\"de\",\"@id\":\"https:\\\/\\\/women-at.work\\\/shop\\\/produkt\\\/duplo-banderole-in-luftballon-form-zum-geburtstag-vorlage-zum-ausdrucken\\\/#primaryimage\",\"url\":\"https:\\\/\\\/women-at.work\\\/shop\\\/wp-content\\\/uploads\\\/2024\\\/01\\\/Duplo-Vorlage-zum-Geburtstag-Luftballon-Banderole.jpg\",\"contentUrl\":\"https:\\\/\\\/women-at.work\\\/shop\\\/wp-content\\\/uploads\\\/2024\\\/01\\\/Duplo-Vorlage-zum-Geburtstag-Luftballon-Banderole.jpg\",\"width\":1000,\"height\":1500},{\"@type\":\"BreadcrumbList\",\"@id\":\"https:\\\/\\\/women-at.work\\\/shop\\\/produkt\\\/duplo-banderole-in-luftballon-form-zum-geburtstag-vorlage-zum-ausdrucken\\\/#breadcrumb\",\"itemListElement\":[{\"@type\":\"ListItem\",\"position\":1,\"name\":\"Startseite\",\"item\":\"https:\\\/\\\/women-at.work\\\/shop\\\/\"},{\"@type\":\"ListItem\",\"position\":2,\"name\":\"Shop\",\"item\":\"https:\\\/\\\/women-at.work\\\/shop\\\/shop\\\/\"},{\"@type\":\"ListItem\",\"position\":3,\"name\":\"duplo Banderole in Luftballon-Form zum Geburtstag &#8211; Vorlage zum Ausdrucken\"}]},{\"@type\":\"WebSite\",\"@id\":\"https:\\\/\\\/women-at.work\\\/shop\\\/#website\",\"url\":\"https:\\\/\\\/women-at.work\\\/shop\\\/\",\"name\":\"Women At Work Shop\",\"description\":\"Wundervolle Produkte f\u00fcr besondere Menschen\",\"publisher\":{\"@id\":\"https:\\\/\\\/women-at.work\\\/shop\\\/#organization\"},\"potentialAction\":[{\"@type\":\"SearchAction\",\"target\":{\"@type\":\"EntryPoint\",\"urlTemplate\":\"https:\\\/\\\/women-at.work\\\/shop\\\/?s={search_term_string}\"},\"query-input\":{\"@type\":\"PropertyValueSpecification\",\"valueRequired\":true,\"valueName\":\"search_term_string\"}}],\"inLanguage\":\"de\"},{\"@type\":\"Organization\",\"@id\":\"https:\\\/\\\/women-at.work\\\/shop\\\/#organization\",\"name\":\"Women At Work Shop\",\"url\":\"https:\\\/\\\/women-at.work\\\/shop\\\/\",\"logo\":{\"@type\":\"ImageObject\",\"inLanguage\":\"de\",\"@id\":\"https:\\\/\\\/women-at.work\\\/shop\\\/#\\\/schema\\\/logo\\\/image\\\/\",\"url\":\"https:\\\/\\\/women-at.work\\\/shop\\\/wp-content\\\/uploads\\\/2017\\\/05\\\/Shop_Logo.png\",\"contentUrl\":\"https:\\\/\\\/women-at.work\\\/shop\\\/wp-content\\\/uploads\\\/2017\\\/05\\\/Shop_Logo.png\",\"width\":305,\"height\":297,\"caption\":\"Women At Work Shop\"},\"image\":{\"@id\":\"https:\\\/\\\/women-at.work\\\/shop\\\/#\\\/schema\\\/logo\\\/image\\\/\"}}]}<\/script>\n<!-- \/ Yoast SEO plugin. -->","yoast_head_json":{"title":"duplo Banderole in Luftballon-Form zum Geburtstag","description":"Eine schnelle Duplo \"Du bist\"-Vorlage zum Ausdrucken f\u00fcr die Einschulung. Vorlage f\u00fcr eine Banderole f\u00fcr den Schulanfang hier bestellen.","robots":{"index":"index","follow":"follow","max-snippet":"max-snippet:-1","max-image-preview":"max-image-preview:large","max-video-preview":"max-video-preview:-1"},"canonical":"https:\/\/women-at.work\/shop\/produkt\/duplo-banderole-in-luftballon-form-zum-geburtstag-vorlage-zum-ausdrucken\/","og_locale":"de_DE","og_type":"article","og_title":"duplo Banderole in Luftballon-Form zum Geburtstag","og_description":"Eine schnelle Duplo \"Du bist\"-Vorlage zum Ausdrucken f\u00fcr die Einschulung. Vorlage f\u00fcr eine Banderole f\u00fcr den Schulanfang hier bestellen.","og_url":"https:\/\/women-at.work\/shop\/produkt\/duplo-banderole-in-luftballon-form-zum-geburtstag-vorlage-zum-ausdrucken\/","og_site_name":"Women At Work Shop","article_modified_time":"2025-10-02T09:28:43+00:00","og_image":[{"width":1000,"height":1500,"url":"https:\/\/women-at.work\/shop\/wp-content\/uploads\/2024\/01\/Duplo-Vorlage-zum-Geburtstag-Luftballon-Banderole.jpg","type":"image\/jpeg"}],"twitter_card":"summary_large_image","twitter_misc":{"Gesch\u00e4tzte Lesezeit":"2\u00a0Minuten"},"schema":{"@context":"https:\/\/schema.org","@graph":[{"@type":"WebPage","@id":"https:\/\/women-at.work\/shop\/produkt\/duplo-banderole-in-luftballon-form-zum-geburtstag-vorlage-zum-ausdrucken\/","url":"https:\/\/women-at.work\/shop\/produkt\/duplo-banderole-in-luftballon-form-zum-geburtstag-vorlage-zum-ausdrucken\/","name":"duplo Banderole in Luftballon-Form zum Geburtstag","isPartOf":{"@id":"https:\/\/women-at.work\/shop\/#website"},"primaryImageOfPage":{"@id":"https:\/\/women-at.work\/shop\/produkt\/duplo-banderole-in-luftballon-form-zum-geburtstag-vorlage-zum-ausdrucken\/#primaryimage"},"image":{"@id":"https:\/\/women-at.work\/shop\/produkt\/duplo-banderole-in-luftballon-form-zum-geburtstag-vorlage-zum-ausdrucken\/#primaryimage"},"thumbnailUrl":"https:\/\/women-at.work\/shop\/wp-content\/uploads\/2024\/01\/Duplo-Vorlage-zum-Geburtstag-Luftballon-Banderole.jpg","datePublished":"2024-01-29T05:53:41+00:00","dateModified":"2025-10-02T09:28:43+00:00","description":"Eine schnelle Duplo \"Du bist\"-Vorlage zum Ausdrucken f\u00fcr die Einschulung. Vorlage f\u00fcr eine Banderole f\u00fcr den Schulanfang hier bestellen.","breadcrumb":{"@id":"https:\/\/women-at.work\/shop\/produkt\/duplo-banderole-in-luftballon-form-zum-geburtstag-vorlage-zum-ausdrucken\/#breadcrumb"},"inLanguage":"de","potentialAction":[{"@type":"ReadAction","target":["https:\/\/women-at.work\/shop\/produkt\/duplo-banderole-in-luftballon-form-zum-geburtstag-vorlage-zum-ausdrucken\/"]}]},{"@type":"ImageObject","inLanguage":"de","@id":"https:\/\/women-at.work\/shop\/produkt\/duplo-banderole-in-luftballon-form-zum-geburtstag-vorlage-zum-ausdrucken\/#primaryimage","url":"https:\/\/women-at.work\/shop\/wp-content\/uploads\/2024\/01\/Duplo-Vorlage-zum-Geburtstag-Luftballon-Banderole.jpg","contentUrl":"https:\/\/women-at.work\/shop\/wp-content\/uploads\/2024\/01\/Duplo-Vorlage-zum-Geburtstag-Luftballon-Banderole.jpg","width":1000,"height":1500},{"@type":"BreadcrumbList","@id":"https:\/\/women-at.work\/shop\/produkt\/duplo-banderole-in-luftballon-form-zum-geburtstag-vorlage-zum-ausdrucken\/#breadcrumb","itemListElement":[{"@type":"ListItem","position":1,"name":"Startseite","item":"https:\/\/women-at.work\/shop\/"},{"@type":"ListItem","position":2,"name":"Shop","item":"https:\/\/women-at.work\/shop\/shop\/"},{"@type":"ListItem","position":3,"name":"duplo Banderole in Luftballon-Form zum Geburtstag &#8211; Vorlage zum Ausdrucken"}]},{"@type":"WebSite","@id":"https:\/\/women-at.work\/shop\/#website","url":"https:\/\/women-at.work\/shop\/","name":"Women At Work Shop","description":"Wundervolle Produkte f\u00fcr besondere Menschen","publisher":{"@id":"https:\/\/women-at.work\/shop\/#organization"},"potentialAction":[{"@type":"SearchAction","target":{"@type":"EntryPoint","urlTemplate":"https:\/\/women-at.work\/shop\/?s={search_term_string}"},"query-input":{"@type":"PropertyValueSpecification","valueRequired":true,"valueName":"search_term_string"}}],"inLanguage":"de"},{"@type":"Organization","@id":"https:\/\/women-at.work\/shop\/#organization","name":"Women At Work Shop","url":"https:\/\/women-at.work\/shop\/","logo":{"@type":"ImageObject","inLanguage":"de","@id":"https:\/\/women-at.work\/shop\/#\/schema\/logo\/image\/","url":"https:\/\/women-at.work\/shop\/wp-content\/uploads\/2017\/05\/Shop_Logo.png","contentUrl":"https:\/\/women-at.work\/shop\/wp-content\/uploads\/2017\/05\/Shop_Logo.png","width":305,"height":297,"caption":"Women At Work Shop"},"image":{"@id":"https:\/\/women-at.work\/shop\/#\/schema\/logo\/image\/"}}]}},"_links":{"self":[{"href":"https:\/\/women-at.work\/shop\/wp-json\/wp\/v2\/product\/9290","targetHints":{"allow":["GET"]}}],"collection":[{"href":"https:\/\/women-at.work\/shop\/wp-json\/wp\/v2\/product"}],"about":[{"href":"https:\/\/women-at.work\/shop\/wp-json\/wp\/v2\/types\/product"}],"replies":[{"embeddable":true,"href":"https:\/\/women-at.work\/shop\/wp-json\/wp\/v2\/comments?post=9290"}],"wp:featuredmedia":[{"embeddable":true,"href":"https:\/\/women-at.work\/shop\/wp-json\/wp\/v2\/media\/9292"}],"wp:attachment":[{"href":"https:\/\/women-at.work\/shop\/wp-json\/wp\/v2\/media?parent=9290"}],"wp:term":[{"taxonomy":"product_brand","embeddable":true,"href":"https:\/\/women-at.work\/shop\/wp-json\/wp\/v2\/product_brand?post=9290"},{"taxonomy":"product_cat","embeddable":true,"href":"https:\/\/women-at.work\/shop\/wp-json\/wp\/v2\/product_cat?post=9290"},{"taxonomy":"product_tag","embeddable":true,"href":"https:\/\/women-at.work\/shop\/wp-json\/wp\/v2\/product_tag?post=9290"}],"curies":[{"name":"wp","href":"https:\/\/api.w.org\/{rel}","templated":true}]}}