{"id":6018,"date":"2023-01-31T03:20:25","date_gmt":"2023-01-31T02:20:25","guid":{"rendered":"https:\/\/women-at.work\/shop\/?post_type=product&#038;p=6018"},"modified":"2025-01-28T18:23:42","modified_gmt":"2025-01-28T17:23:42","slug":"100-date-ideen-fuer-das-erste-date-vorlage-zum-ausdrucken","status":"publish","type":"product","link":"https:\/\/women-at.work\/shop\/produkt\/100-date-ideen-fuer-das-erste-date-vorlage-zum-ausdrucken\/","title":{"rendered":"100 Date Ideen (f\u00fcr das erste Date) | Vorlage zum Ausdrucken"},"content":{"rendered":"<p>Zum Gestalten f\u00fcr ein Jahrestagsgeschenk mit 100 Date Ideen (f\u00fcr das erste Date).<\/p>\n<p>In dem Download sind 100 Date-Ideen als Liste zum Ausdrucken und Ausschneiden enthalten:<\/p>\n<p>Unter anderem:<br \/>\nIn die Therme gehen<br \/>\nEinen Flohmarkt besuchen<br \/>\nGemeinsames Geocaching<br \/>\nWellness-Abend<br \/>\nins Planetarium gehen<br \/>\nBier-Verkostung<br \/>\nSonnenuntergang beobachten<br \/>\nLaser Tag<br \/>\nCocktails trinken gehen<br \/>\n&#8230;<\/p>\n<p>Sobald die Zahlung bei uns eingegangen ist, wird der Download-Link an dich per E-Mail verschickt. Bei Zahlung per PayPal, ist der Download sofort verf\u00fcgbar.<\/p>\n<p><em>Das Glas wird nicht versendet und dient nur als Pr\u00e4sentationsvorschlag. Schrift kann von der Darstellung leicht abweichen.<\/em><\/p>\n<p>Die Vorlage ist f\u00fcr den privaten Gebrauch und darf nicht f\u00fcr kommerzielle Zwecke genutzt werden.<\/p>\n","protected":false},"excerpt":{"rendered":"<p>Zum Gestalten f\u00fcr ein Jahrestagsgeschenk mit 100 Date Ideen (f\u00fcr das erste Date).<\/p>\n","protected":false},"featured_media":6019,"comment_status":"open","ping_status":"closed","template":"","meta":[],"product_brand":[],"product_cat":[404,268],"product_tag":[310,313,300,312,307,302,304,306,309,303,305,308,301,311],"class_list":{"0":"post-6018","1":"product","2":"type-product","3":"status-publish","4":"has-post-thumbnail","6":"product_cat-liebe","7":"product_cat-vorlagen","8":"product_tag-abenteuer-date-ideen","9":"product_tag-beste-date-ideen","10":"product_tag-date-ideen","11":"product_tag-date-ideen-fuer-paare","12":"product_tag-date-night-ideen","13":"product_tag-einzigartige-date-ideen","14":"product_tag-guenstige-date-ideen","15":"product_tag-indoor-date-ideen","16":"product_tag-kreative-date-ideen","17":"product_tag-lustige-date-ideen","18":"product_tag-outdoor-date-ideen","19":"product_tag-paar-date-ideen","20":"product_tag-romantische-date-ideen","21":"product_tag-ueberraschungs-date-ideen","22":"product_shipping_class-virtuelle-produkte","24":"first","25":"instock","26":"downloadable","27":"virtual","28":"taxable","29":"purchasable","30":"product-type-simple"},"yoast_head":"<!-- This site is optimized with the Yoast SEO plugin v27.4 - https:\/\/yoast.com\/product\/yoast-seo-wordpress\/ -->\n<title>100 Date Ideen (f\u00fcr das erste Date) | Vorlage zum Ausdrucken<\/title>\n<meta name=\"description\" content=\"Entdecke 100 Date-Ideen. Von Outdoor-Abenteuern bis hin zu Indoor-Erlebnissen. Drucke unsere Vorlage aus und finde Inspiration f\u00fcrs erstes Date.\" \/>\n<meta name=\"robots\" content=\"index, follow, max-snippet:-1, max-image-preview:large, max-video-preview:-1\" \/>\n<link rel=\"canonical\" href=\"https:\/\/women-at.work\/shop\/produkt\/100-date-ideen-fuer-das-erste-date-vorlage-zum-ausdrucken\/\" \/>\n<meta property=\"og:locale\" content=\"de_DE\" \/>\n<meta property=\"og:type\" content=\"article\" \/>\n<meta property=\"og:title\" content=\"100 Date Ideen (f\u00fcr das erste Date) | Vorlage zum Ausdrucken\" \/>\n<meta property=\"og:description\" content=\"Entdecke 100 Date-Ideen. Von Outdoor-Abenteuern bis hin zu Indoor-Erlebnissen. Drucke unsere Vorlage aus und finde Inspiration f\u00fcrs erstes Date.\" \/>\n<meta property=\"og:url\" content=\"https:\/\/women-at.work\/shop\/produkt\/100-date-ideen-fuer-das-erste-date-vorlage-zum-ausdrucken\/\" \/>\n<meta property=\"og:site_name\" content=\"Women At Work Shop\" \/>\n<meta property=\"article:modified_time\" content=\"2025-01-28T17:23:42+00:00\" \/>\n<meta property=\"og:image\" content=\"https:\/\/women-at.work\/shop\/wp-content\/uploads\/2023\/01\/100-Ideen-fuer-eine-Date-Night-zum-Valentinstag.jpg\" \/>\n\t<meta property=\"og:image:width\" content=\"847\" \/>\n\t<meta property=\"og:image:height\" content=\"1042\" \/>\n\t<meta property=\"og:image:type\" content=\"image\/jpeg\" \/>\n<meta name=\"twitter:card\" content=\"summary_large_image\" \/>\n<meta name=\"twitter:label1\" content=\"Gesch\u00e4tzte Lesezeit\" \/>\n\t<meta name=\"twitter:data1\" content=\"1\u00a0Minute\" \/>\n<script type=\"application\/ld+json\" class=\"yoast-schema-graph\">{\"@context\":\"https:\\\/\\\/schema.org\",\"@graph\":[{\"@type\":\"WebPage\",\"@id\":\"https:\\\/\\\/women-at.work\\\/shop\\\/produkt\\\/100-date-ideen-fuer-das-erste-date-vorlage-zum-ausdrucken\\\/\",\"url\":\"https:\\\/\\\/women-at.work\\\/shop\\\/produkt\\\/100-date-ideen-fuer-das-erste-date-vorlage-zum-ausdrucken\\\/\",\"name\":\"100 Date Ideen (f\u00fcr das erste Date) | Vorlage zum Ausdrucken\",\"isPartOf\":{\"@id\":\"https:\\\/\\\/women-at.work\\\/shop\\\/#website\"},\"primaryImageOfPage\":{\"@id\":\"https:\\\/\\\/women-at.work\\\/shop\\\/produkt\\\/100-date-ideen-fuer-das-erste-date-vorlage-zum-ausdrucken\\\/#primaryimage\"},\"image\":{\"@id\":\"https:\\\/\\\/women-at.work\\\/shop\\\/produkt\\\/100-date-ideen-fuer-das-erste-date-vorlage-zum-ausdrucken\\\/#primaryimage\"},\"thumbnailUrl\":\"https:\\\/\\\/women-at.work\\\/shop\\\/wp-content\\\/uploads\\\/2023\\\/01\\\/100-Ideen-fuer-eine-Date-Night-zum-Valentinstag.jpg\",\"datePublished\":\"2023-01-31T02:20:25+00:00\",\"dateModified\":\"2025-01-28T17:23:42+00:00\",\"description\":\"Entdecke 100 Date-Ideen. Von Outdoor-Abenteuern bis hin zu Indoor-Erlebnissen. Drucke unsere Vorlage aus und finde Inspiration f\u00fcrs erstes Date.\",\"breadcrumb\":{\"@id\":\"https:\\\/\\\/women-at.work\\\/shop\\\/produkt\\\/100-date-ideen-fuer-das-erste-date-vorlage-zum-ausdrucken\\\/#breadcrumb\"},\"inLanguage\":\"de\",\"potentialAction\":[{\"@type\":\"ReadAction\",\"target\":[\"https:\\\/\\\/women-at.work\\\/shop\\\/produkt\\\/100-date-ideen-fuer-das-erste-date-vorlage-zum-ausdrucken\\\/\"]}]},{\"@type\":\"ImageObject\",\"inLanguage\":\"de\",\"@id\":\"https:\\\/\\\/women-at.work\\\/shop\\\/produkt\\\/100-date-ideen-fuer-das-erste-date-vorlage-zum-ausdrucken\\\/#primaryimage\",\"url\":\"https:\\\/\\\/women-at.work\\\/shop\\\/wp-content\\\/uploads\\\/2023\\\/01\\\/100-Ideen-fuer-eine-Date-Night-zum-Valentinstag.jpg\",\"contentUrl\":\"https:\\\/\\\/women-at.work\\\/shop\\\/wp-content\\\/uploads\\\/2023\\\/01\\\/100-Ideen-fuer-eine-Date-Night-zum-Valentinstag.jpg\",\"width\":847,\"height\":1042},{\"@type\":\"BreadcrumbList\",\"@id\":\"https:\\\/\\\/women-at.work\\\/shop\\\/produkt\\\/100-date-ideen-fuer-das-erste-date-vorlage-zum-ausdrucken\\\/#breadcrumb\",\"itemListElement\":[{\"@type\":\"ListItem\",\"position\":1,\"name\":\"Startseite\",\"item\":\"https:\\\/\\\/women-at.work\\\/shop\\\/\"},{\"@type\":\"ListItem\",\"position\":2,\"name\":\"Shop\",\"item\":\"https:\\\/\\\/women-at.work\\\/shop\\\/shop\\\/\"},{\"@type\":\"ListItem\",\"position\":3,\"name\":\"100 Date Ideen (f\u00fcr das erste Date) | Vorlage zum Ausdrucken\"}]},{\"@type\":\"WebSite\",\"@id\":\"https:\\\/\\\/women-at.work\\\/shop\\\/#website\",\"url\":\"https:\\\/\\\/women-at.work\\\/shop\\\/\",\"name\":\"Women At Work Shop\",\"description\":\"Wundervolle Produkte f\u00fcr besondere Menschen\",\"publisher\":{\"@id\":\"https:\\\/\\\/women-at.work\\\/shop\\\/#organization\"},\"potentialAction\":[{\"@type\":\"SearchAction\",\"target\":{\"@type\":\"EntryPoint\",\"urlTemplate\":\"https:\\\/\\\/women-at.work\\\/shop\\\/?s={search_term_string}\"},\"query-input\":{\"@type\":\"PropertyValueSpecification\",\"valueRequired\":true,\"valueName\":\"search_term_string\"}}],\"inLanguage\":\"de\"},{\"@type\":\"Organization\",\"@id\":\"https:\\\/\\\/women-at.work\\\/shop\\\/#organization\",\"name\":\"Women At Work Shop\",\"url\":\"https:\\\/\\\/women-at.work\\\/shop\\\/\",\"logo\":{\"@type\":\"ImageObject\",\"inLanguage\":\"de\",\"@id\":\"https:\\\/\\\/women-at.work\\\/shop\\\/#\\\/schema\\\/logo\\\/image\\\/\",\"url\":\"https:\\\/\\\/women-at.work\\\/shop\\\/wp-content\\\/uploads\\\/2017\\\/05\\\/Shop_Logo.png\",\"contentUrl\":\"https:\\\/\\\/women-at.work\\\/shop\\\/wp-content\\\/uploads\\\/2017\\\/05\\\/Shop_Logo.png\",\"width\":305,\"height\":297,\"caption\":\"Women At Work Shop\"},\"image\":{\"@id\":\"https:\\\/\\\/women-at.work\\\/shop\\\/#\\\/schema\\\/logo\\\/image\\\/\"}}]}<\/script>\n<!-- \/ Yoast SEO plugin. -->","yoast_head_json":{"title":"100 Date Ideen (f\u00fcr das erste Date) | Vorlage zum Ausdrucken","description":"Entdecke 100 Date-Ideen. Von Outdoor-Abenteuern bis hin zu Indoor-Erlebnissen. Drucke unsere Vorlage aus und finde Inspiration f\u00fcrs erstes Date.","robots":{"index":"index","follow":"follow","max-snippet":"max-snippet:-1","max-image-preview":"max-image-preview:large","max-video-preview":"max-video-preview:-1"},"canonical":"https:\/\/women-at.work\/shop\/produkt\/100-date-ideen-fuer-das-erste-date-vorlage-zum-ausdrucken\/","og_locale":"de_DE","og_type":"article","og_title":"100 Date Ideen (f\u00fcr das erste Date) | Vorlage zum Ausdrucken","og_description":"Entdecke 100 Date-Ideen. Von Outdoor-Abenteuern bis hin zu Indoor-Erlebnissen. Drucke unsere Vorlage aus und finde Inspiration f\u00fcrs erstes Date.","og_url":"https:\/\/women-at.work\/shop\/produkt\/100-date-ideen-fuer-das-erste-date-vorlage-zum-ausdrucken\/","og_site_name":"Women At Work Shop","article_modified_time":"2025-01-28T17:23:42+00:00","og_image":[{"width":847,"height":1042,"url":"https:\/\/women-at.work\/shop\/wp-content\/uploads\/2023\/01\/100-Ideen-fuer-eine-Date-Night-zum-Valentinstag.jpg","type":"image\/jpeg"}],"twitter_card":"summary_large_image","twitter_misc":{"Gesch\u00e4tzte Lesezeit":"1\u00a0Minute"},"schema":{"@context":"https:\/\/schema.org","@graph":[{"@type":"WebPage","@id":"https:\/\/women-at.work\/shop\/produkt\/100-date-ideen-fuer-das-erste-date-vorlage-zum-ausdrucken\/","url":"https:\/\/women-at.work\/shop\/produkt\/100-date-ideen-fuer-das-erste-date-vorlage-zum-ausdrucken\/","name":"100 Date Ideen (f\u00fcr das erste Date) | Vorlage zum Ausdrucken","isPartOf":{"@id":"https:\/\/women-at.work\/shop\/#website"},"primaryImageOfPage":{"@id":"https:\/\/women-at.work\/shop\/produkt\/100-date-ideen-fuer-das-erste-date-vorlage-zum-ausdrucken\/#primaryimage"},"image":{"@id":"https:\/\/women-at.work\/shop\/produkt\/100-date-ideen-fuer-das-erste-date-vorlage-zum-ausdrucken\/#primaryimage"},"thumbnailUrl":"https:\/\/women-at.work\/shop\/wp-content\/uploads\/2023\/01\/100-Ideen-fuer-eine-Date-Night-zum-Valentinstag.jpg","datePublished":"2023-01-31T02:20:25+00:00","dateModified":"2025-01-28T17:23:42+00:00","description":"Entdecke 100 Date-Ideen. Von Outdoor-Abenteuern bis hin zu Indoor-Erlebnissen. Drucke unsere Vorlage aus und finde Inspiration f\u00fcrs erstes Date.","breadcrumb":{"@id":"https:\/\/women-at.work\/shop\/produkt\/100-date-ideen-fuer-das-erste-date-vorlage-zum-ausdrucken\/#breadcrumb"},"inLanguage":"de","potentialAction":[{"@type":"ReadAction","target":["https:\/\/women-at.work\/shop\/produkt\/100-date-ideen-fuer-das-erste-date-vorlage-zum-ausdrucken\/"]}]},{"@type":"ImageObject","inLanguage":"de","@id":"https:\/\/women-at.work\/shop\/produkt\/100-date-ideen-fuer-das-erste-date-vorlage-zum-ausdrucken\/#primaryimage","url":"https:\/\/women-at.work\/shop\/wp-content\/uploads\/2023\/01\/100-Ideen-fuer-eine-Date-Night-zum-Valentinstag.jpg","contentUrl":"https:\/\/women-at.work\/shop\/wp-content\/uploads\/2023\/01\/100-Ideen-fuer-eine-Date-Night-zum-Valentinstag.jpg","width":847,"height":1042},{"@type":"BreadcrumbList","@id":"https:\/\/women-at.work\/shop\/produkt\/100-date-ideen-fuer-das-erste-date-vorlage-zum-ausdrucken\/#breadcrumb","itemListElement":[{"@type":"ListItem","position":1,"name":"Startseite","item":"https:\/\/women-at.work\/shop\/"},{"@type":"ListItem","position":2,"name":"Shop","item":"https:\/\/women-at.work\/shop\/shop\/"},{"@type":"ListItem","position":3,"name":"100 Date Ideen (f\u00fcr das erste Date) | Vorlage zum Ausdrucken"}]},{"@type":"WebSite","@id":"https:\/\/women-at.work\/shop\/#website","url":"https:\/\/women-at.work\/shop\/","name":"Women At Work Shop","description":"Wundervolle Produkte f\u00fcr besondere Menschen","publisher":{"@id":"https:\/\/women-at.work\/shop\/#organization"},"potentialAction":[{"@type":"SearchAction","target":{"@type":"EntryPoint","urlTemplate":"https:\/\/women-at.work\/shop\/?s={search_term_string}"},"query-input":{"@type":"PropertyValueSpecification","valueRequired":true,"valueName":"search_term_string"}}],"inLanguage":"de"},{"@type":"Organization","@id":"https:\/\/women-at.work\/shop\/#organization","name":"Women At Work Shop","url":"https:\/\/women-at.work\/shop\/","logo":{"@type":"ImageObject","inLanguage":"de","@id":"https:\/\/women-at.work\/shop\/#\/schema\/logo\/image\/","url":"https:\/\/women-at.work\/shop\/wp-content\/uploads\/2017\/05\/Shop_Logo.png","contentUrl":"https:\/\/women-at.work\/shop\/wp-content\/uploads\/2017\/05\/Shop_Logo.png","width":305,"height":297,"caption":"Women At Work Shop"},"image":{"@id":"https:\/\/women-at.work\/shop\/#\/schema\/logo\/image\/"}}]}},"_links":{"self":[{"href":"https:\/\/women-at.work\/shop\/wp-json\/wp\/v2\/product\/6018","targetHints":{"allow":["GET"]}}],"collection":[{"href":"https:\/\/women-at.work\/shop\/wp-json\/wp\/v2\/product"}],"about":[{"href":"https:\/\/women-at.work\/shop\/wp-json\/wp\/v2\/types\/product"}],"replies":[{"embeddable":true,"href":"https:\/\/women-at.work\/shop\/wp-json\/wp\/v2\/comments?post=6018"}],"wp:featuredmedia":[{"embeddable":true,"href":"https:\/\/women-at.work\/shop\/wp-json\/wp\/v2\/media\/6019"}],"wp:attachment":[{"href":"https:\/\/women-at.work\/shop\/wp-json\/wp\/v2\/media?parent=6018"}],"wp:term":[{"taxonomy":"product_brand","embeddable":true,"href":"https:\/\/women-at.work\/shop\/wp-json\/wp\/v2\/product_brand?post=6018"},{"taxonomy":"product_cat","embeddable":true,"href":"https:\/\/women-at.work\/shop\/wp-json\/wp\/v2\/product_cat?post=6018"},{"taxonomy":"product_tag","embeddable":true,"href":"https:\/\/women-at.work\/shop\/wp-json\/wp\/v2\/product_tag?post=6018"}],"curies":[{"name":"wp","href":"https:\/\/api.w.org\/{rel}","templated":true}]}}