{"id":4890,"date":"2022-05-27T16:39:22","date_gmt":"2022-05-27T14:39:22","guid":{"rendered":"https:\/\/women-at.work\/shop\/?post_type=product&#038;p=4890"},"modified":"2025-01-28T18:25:05","modified_gmt":"2025-01-28T17:25:05","slug":"seifen-sprueche-vorlage-zum-ausdrucken","status":"publish","type":"product","link":"https:\/\/women-at.work\/shop\/produkt\/seifen-sprueche-vorlage-zum-ausdrucken\/","title":{"rendered":"Seifen-Spr\u00fcche- Vorlage zum Ausdrucken"},"content":{"rendered":"<p>Zum Gestalten von Seifen mit Spr\u00fcchen kannst du diese sch\u00f6nen Botschaften ausdrucken und dadurch ein schnelles Geschenk umsetzen.<\/p>\n<p>In dem Paket enthalten sind:<\/p>\n<p><span id=\"1\" class=\"HALYaf KKjvXb\" role=\"tabpanel\"><span class=\"zRhise\"><span class=\"PkjLuf \" title=\"duplo du bist vorlage\">6 Seifen-Spr\u00fcche f\u00fcr Mama (z.B. als Muttertagsgeschenk)<br \/>\n<\/span><\/span><\/span><\/p>\n<p><span id=\"1\" class=\"HALYaf KKjvXb\" role=\"tabpanel\"><span class=\"zRhise\"><span class=\"PkjLuf \" title=\"duplo du bist vorlage\">6 Seifen-Spr\u00fcche f\u00fcr Mama (z.B. als Vatertagsgeschenk)<\/span><\/span><\/span><\/p>\n<p><span id=\"1\" class=\"HALYaf KKjvXb\" role=\"tabpanel\"><span class=\"zRhise\"><span class=\"PkjLuf \" title=\"duplo du bist vorlage\">6 Seifen-Spr\u00fcche f\u00fcr Oma (z.B. als Geburtstagsgeschenk)<br \/>\n<\/span><\/span><\/span><\/p>\n<p><span id=\"1\" class=\"HALYaf KKjvXb\" role=\"tabpanel\"><span class=\"zRhise\"><span class=\"PkjLuf \" title=\"duplo du bist vorlage\">6 Seifen-Spr\u00fcche f\u00fcr Opa (z.B. als Weihnachtsgeschenk)<br \/>\n<\/span><\/span><\/span><\/p>\n<p><span id=\"1\" class=\"HALYaf KKjvXb\" role=\"tabpanel\"><span class=\"zRhise\"><span class=\"PkjLuf \" title=\"duplo du bist vorlage\">6 Seifen-Spr\u00fcche f\u00fcr die Schwester (z.B. als Hochzeitsgeschenk)<br \/>\n<\/span><\/span><\/span><\/p>\n<p><span id=\"1\" class=\"HALYaf KKjvXb\" role=\"tabpanel\"><span class=\"zRhise\"><span class=\"PkjLuf \" title=\"duplo du bist vorlage\">6 Seifen-Spr\u00fcche f\u00fcr den Bruder (z.B. als Gastgeschenk)<br \/>\n<\/span><\/span><\/span><\/p>\n<p>Sobald die Zahlung bei uns eingegangen ist, wird der Download-Link an dich per E-Mail verschickt. Bei Zahlung per PayPal, ist der Download sofort verf\u00fcgbar.<\/p>\n<p><em>Die Seife und die Blumen werden nicht mitgesendet und dienen nur als Pr\u00e4sentationsvorschlag.<\/em><\/p>\n<p>Die Vorlage ist f\u00fcr den privaten Gebrauch und darf nicht f\u00fcr kommerzielle Zwecke genutzt werden.<\/p>\n","protected":false},"excerpt":{"rendered":"<p>Zum Gestalten von Seifen mit Spr\u00fcchen kannst du diese sch\u00f6nen Botschaften ausdrucken und dadurch ein schnelles Geschenk umsetzen.<\/p>\n","protected":false},"featured_media":4892,"comment_status":"open","ping_status":"closed","template":"","meta":[],"product_brand":[],"product_cat":[402,407,408,268],"product_tag":[274,275,269,270,89,276,197,271,277,278,279,280,272,73,281,282,273],"class_list":{"0":"post-4890","1":"product","2":"type-product","3":"status-publish","4":"has-post-thumbnail","6":"product_cat-geburtstag","7":"product_cat-muttertag","8":"product_cat-vatertag","9":"product_cat-vorlagen","10":"product_tag-botschaft","11":"product_tag-bruder","12":"product_tag-diy","13":"product_tag-diy-geschenk","14":"product_tag-geschenk","15":"product_tag-mama","16":"product_tag-muttertag","17":"product_tag-muttertagsgeschenk","18":"product_tag-oma","19":"product_tag-opa","20":"product_tag-papa","21":"product_tag-schwester","22":"product_tag-seife","23":"product_tag-spruch","24":"product_tag-vater","25":"product_tag-vatertag","26":"product_tag-weihnachtsgeschenk","27":"product_shipping_class-virtuelle-produkte","29":"first","30":"instock","31":"downloadable","32":"virtual","33":"taxable","34":"purchasable","35":"product-type-simple"},"yoast_head":"<!-- This site is optimized with the Yoast SEO plugin v27.4 - https:\/\/yoast.com\/product\/yoast-seo-wordpress\/ -->\n<title>Seifen-Spr\u00fcche- Vorlage zum Ausdrucken - Women At Work Shop<\/title>\n<meta name=\"description\" content=\"Eine schnelle Vorlage zum Ausdrucken f\u00fcr Seifen Spr\u00fcche f\u00fcr den Muttertag oder Vatertag. Last-Minute Geschenk hier bestellen.\" \/>\n<meta name=\"robots\" content=\"index, follow, max-snippet:-1, max-image-preview:large, max-video-preview:-1\" \/>\n<link rel=\"canonical\" href=\"https:\/\/women-at.work\/shop\/produkt\/seifen-sprueche-vorlage-zum-ausdrucken\/\" \/>\n<meta property=\"og:locale\" content=\"de_DE\" \/>\n<meta property=\"og:type\" content=\"article\" \/>\n<meta property=\"og:title\" content=\"Seifen-Spr\u00fcche- Vorlage zum Ausdrucken - Women At Work Shop\" \/>\n<meta property=\"og:description\" content=\"Eine schnelle Vorlage zum Ausdrucken f\u00fcr Seifen Spr\u00fcche f\u00fcr den Muttertag oder Vatertag. Last-Minute Geschenk hier bestellen.\" \/>\n<meta property=\"og:url\" content=\"https:\/\/women-at.work\/shop\/produkt\/seifen-sprueche-vorlage-zum-ausdrucken\/\" \/>\n<meta property=\"og:site_name\" content=\"Women At Work Shop\" \/>\n<meta property=\"article:modified_time\" content=\"2025-01-28T17:25:05+00:00\" \/>\n<meta property=\"og:image\" content=\"https:\/\/women-at.work\/shop\/wp-content\/uploads\/2022\/05\/DIY-Seife-mit-Spruch-fuer-den-Muttertag.jpg\" \/>\n\t<meta property=\"og:image:width\" content=\"800\" \/>\n\t<meta property=\"og:image:height\" content=\"1200\" \/>\n\t<meta property=\"og:image:type\" content=\"image\/jpeg\" \/>\n<meta name=\"twitter:card\" content=\"summary_large_image\" \/>\n<meta name=\"twitter:label1\" content=\"Gesch\u00e4tzte Lesezeit\" \/>\n\t<meta name=\"twitter:data1\" content=\"1\u00a0Minute\" \/>\n<script type=\"application\/ld+json\" class=\"yoast-schema-graph\">{\"@context\":\"https:\\\/\\\/schema.org\",\"@graph\":[{\"@type\":\"WebPage\",\"@id\":\"https:\\\/\\\/women-at.work\\\/shop\\\/produkt\\\/seifen-sprueche-vorlage-zum-ausdrucken\\\/\",\"url\":\"https:\\\/\\\/women-at.work\\\/shop\\\/produkt\\\/seifen-sprueche-vorlage-zum-ausdrucken\\\/\",\"name\":\"Seifen-Spr\u00fcche- Vorlage zum Ausdrucken - Women At Work Shop\",\"isPartOf\":{\"@id\":\"https:\\\/\\\/women-at.work\\\/shop\\\/#website\"},\"primaryImageOfPage\":{\"@id\":\"https:\\\/\\\/women-at.work\\\/shop\\\/produkt\\\/seifen-sprueche-vorlage-zum-ausdrucken\\\/#primaryimage\"},\"image\":{\"@id\":\"https:\\\/\\\/women-at.work\\\/shop\\\/produkt\\\/seifen-sprueche-vorlage-zum-ausdrucken\\\/#primaryimage\"},\"thumbnailUrl\":\"https:\\\/\\\/women-at.work\\\/shop\\\/wp-content\\\/uploads\\\/2022\\\/05\\\/DIY-Seife-mit-Spruch-fuer-den-Muttertag.jpg\",\"datePublished\":\"2022-05-27T14:39:22+00:00\",\"dateModified\":\"2025-01-28T17:25:05+00:00\",\"description\":\"Eine schnelle Vorlage zum Ausdrucken f\u00fcr Seifen Spr\u00fcche f\u00fcr den Muttertag oder Vatertag. Last-Minute Geschenk hier bestellen.\",\"breadcrumb\":{\"@id\":\"https:\\\/\\\/women-at.work\\\/shop\\\/produkt\\\/seifen-sprueche-vorlage-zum-ausdrucken\\\/#breadcrumb\"},\"inLanguage\":\"de\",\"potentialAction\":[{\"@type\":\"ReadAction\",\"target\":[\"https:\\\/\\\/women-at.work\\\/shop\\\/produkt\\\/seifen-sprueche-vorlage-zum-ausdrucken\\\/\"]}]},{\"@type\":\"ImageObject\",\"inLanguage\":\"de\",\"@id\":\"https:\\\/\\\/women-at.work\\\/shop\\\/produkt\\\/seifen-sprueche-vorlage-zum-ausdrucken\\\/#primaryimage\",\"url\":\"https:\\\/\\\/women-at.work\\\/shop\\\/wp-content\\\/uploads\\\/2022\\\/05\\\/DIY-Seife-mit-Spruch-fuer-den-Muttertag.jpg\",\"contentUrl\":\"https:\\\/\\\/women-at.work\\\/shop\\\/wp-content\\\/uploads\\\/2022\\\/05\\\/DIY-Seife-mit-Spruch-fuer-den-Muttertag.jpg\",\"width\":800,\"height\":1200},{\"@type\":\"BreadcrumbList\",\"@id\":\"https:\\\/\\\/women-at.work\\\/shop\\\/produkt\\\/seifen-sprueche-vorlage-zum-ausdrucken\\\/#breadcrumb\",\"itemListElement\":[{\"@type\":\"ListItem\",\"position\":1,\"name\":\"Startseite\",\"item\":\"https:\\\/\\\/women-at.work\\\/shop\\\/\"},{\"@type\":\"ListItem\",\"position\":2,\"name\":\"Shop\",\"item\":\"https:\\\/\\\/women-at.work\\\/shop\\\/shop\\\/\"},{\"@type\":\"ListItem\",\"position\":3,\"name\":\"Seifen-Spr\u00fcche- Vorlage zum Ausdrucken\"}]},{\"@type\":\"WebSite\",\"@id\":\"https:\\\/\\\/women-at.work\\\/shop\\\/#website\",\"url\":\"https:\\\/\\\/women-at.work\\\/shop\\\/\",\"name\":\"Women At Work Shop\",\"description\":\"Wundervolle Produkte f\u00fcr besondere Menschen\",\"publisher\":{\"@id\":\"https:\\\/\\\/women-at.work\\\/shop\\\/#organization\"},\"potentialAction\":[{\"@type\":\"SearchAction\",\"target\":{\"@type\":\"EntryPoint\",\"urlTemplate\":\"https:\\\/\\\/women-at.work\\\/shop\\\/?s={search_term_string}\"},\"query-input\":{\"@type\":\"PropertyValueSpecification\",\"valueRequired\":true,\"valueName\":\"search_term_string\"}}],\"inLanguage\":\"de\"},{\"@type\":\"Organization\",\"@id\":\"https:\\\/\\\/women-at.work\\\/shop\\\/#organization\",\"name\":\"Women At Work Shop\",\"url\":\"https:\\\/\\\/women-at.work\\\/shop\\\/\",\"logo\":{\"@type\":\"ImageObject\",\"inLanguage\":\"de\",\"@id\":\"https:\\\/\\\/women-at.work\\\/shop\\\/#\\\/schema\\\/logo\\\/image\\\/\",\"url\":\"https:\\\/\\\/women-at.work\\\/shop\\\/wp-content\\\/uploads\\\/2017\\\/05\\\/Shop_Logo.png\",\"contentUrl\":\"https:\\\/\\\/women-at.work\\\/shop\\\/wp-content\\\/uploads\\\/2017\\\/05\\\/Shop_Logo.png\",\"width\":305,\"height\":297,\"caption\":\"Women At Work Shop\"},\"image\":{\"@id\":\"https:\\\/\\\/women-at.work\\\/shop\\\/#\\\/schema\\\/logo\\\/image\\\/\"}}]}<\/script>\n<!-- \/ Yoast SEO plugin. -->","yoast_head_json":{"title":"Seifen-Spr\u00fcche- Vorlage zum Ausdrucken - Women At Work Shop","description":"Eine schnelle Vorlage zum Ausdrucken f\u00fcr Seifen Spr\u00fcche f\u00fcr den Muttertag oder Vatertag. Last-Minute Geschenk hier bestellen.","robots":{"index":"index","follow":"follow","max-snippet":"max-snippet:-1","max-image-preview":"max-image-preview:large","max-video-preview":"max-video-preview:-1"},"canonical":"https:\/\/women-at.work\/shop\/produkt\/seifen-sprueche-vorlage-zum-ausdrucken\/","og_locale":"de_DE","og_type":"article","og_title":"Seifen-Spr\u00fcche- Vorlage zum Ausdrucken - Women At Work Shop","og_description":"Eine schnelle Vorlage zum Ausdrucken f\u00fcr Seifen Spr\u00fcche f\u00fcr den Muttertag oder Vatertag. Last-Minute Geschenk hier bestellen.","og_url":"https:\/\/women-at.work\/shop\/produkt\/seifen-sprueche-vorlage-zum-ausdrucken\/","og_site_name":"Women At Work Shop","article_modified_time":"2025-01-28T17:25:05+00:00","og_image":[{"width":800,"height":1200,"url":"https:\/\/women-at.work\/shop\/wp-content\/uploads\/2022\/05\/DIY-Seife-mit-Spruch-fuer-den-Muttertag.jpg","type":"image\/jpeg"}],"twitter_card":"summary_large_image","twitter_misc":{"Gesch\u00e4tzte Lesezeit":"1\u00a0Minute"},"schema":{"@context":"https:\/\/schema.org","@graph":[{"@type":"WebPage","@id":"https:\/\/women-at.work\/shop\/produkt\/seifen-sprueche-vorlage-zum-ausdrucken\/","url":"https:\/\/women-at.work\/shop\/produkt\/seifen-sprueche-vorlage-zum-ausdrucken\/","name":"Seifen-Spr\u00fcche- Vorlage zum Ausdrucken - Women At Work Shop","isPartOf":{"@id":"https:\/\/women-at.work\/shop\/#website"},"primaryImageOfPage":{"@id":"https:\/\/women-at.work\/shop\/produkt\/seifen-sprueche-vorlage-zum-ausdrucken\/#primaryimage"},"image":{"@id":"https:\/\/women-at.work\/shop\/produkt\/seifen-sprueche-vorlage-zum-ausdrucken\/#primaryimage"},"thumbnailUrl":"https:\/\/women-at.work\/shop\/wp-content\/uploads\/2022\/05\/DIY-Seife-mit-Spruch-fuer-den-Muttertag.jpg","datePublished":"2022-05-27T14:39:22+00:00","dateModified":"2025-01-28T17:25:05+00:00","description":"Eine schnelle Vorlage zum Ausdrucken f\u00fcr Seifen Spr\u00fcche f\u00fcr den Muttertag oder Vatertag. Last-Minute Geschenk hier bestellen.","breadcrumb":{"@id":"https:\/\/women-at.work\/shop\/produkt\/seifen-sprueche-vorlage-zum-ausdrucken\/#breadcrumb"},"inLanguage":"de","potentialAction":[{"@type":"ReadAction","target":["https:\/\/women-at.work\/shop\/produkt\/seifen-sprueche-vorlage-zum-ausdrucken\/"]}]},{"@type":"ImageObject","inLanguage":"de","@id":"https:\/\/women-at.work\/shop\/produkt\/seifen-sprueche-vorlage-zum-ausdrucken\/#primaryimage","url":"https:\/\/women-at.work\/shop\/wp-content\/uploads\/2022\/05\/DIY-Seife-mit-Spruch-fuer-den-Muttertag.jpg","contentUrl":"https:\/\/women-at.work\/shop\/wp-content\/uploads\/2022\/05\/DIY-Seife-mit-Spruch-fuer-den-Muttertag.jpg","width":800,"height":1200},{"@type":"BreadcrumbList","@id":"https:\/\/women-at.work\/shop\/produkt\/seifen-sprueche-vorlage-zum-ausdrucken\/#breadcrumb","itemListElement":[{"@type":"ListItem","position":1,"name":"Startseite","item":"https:\/\/women-at.work\/shop\/"},{"@type":"ListItem","position":2,"name":"Shop","item":"https:\/\/women-at.work\/shop\/shop\/"},{"@type":"ListItem","position":3,"name":"Seifen-Spr\u00fcche- Vorlage zum Ausdrucken"}]},{"@type":"WebSite","@id":"https:\/\/women-at.work\/shop\/#website","url":"https:\/\/women-at.work\/shop\/","name":"Women At Work Shop","description":"Wundervolle Produkte f\u00fcr besondere Menschen","publisher":{"@id":"https:\/\/women-at.work\/shop\/#organization"},"potentialAction":[{"@type":"SearchAction","target":{"@type":"EntryPoint","urlTemplate":"https:\/\/women-at.work\/shop\/?s={search_term_string}"},"query-input":{"@type":"PropertyValueSpecification","valueRequired":true,"valueName":"search_term_string"}}],"inLanguage":"de"},{"@type":"Organization","@id":"https:\/\/women-at.work\/shop\/#organization","name":"Women At Work Shop","url":"https:\/\/women-at.work\/shop\/","logo":{"@type":"ImageObject","inLanguage":"de","@id":"https:\/\/women-at.work\/shop\/#\/schema\/logo\/image\/","url":"https:\/\/women-at.work\/shop\/wp-content\/uploads\/2017\/05\/Shop_Logo.png","contentUrl":"https:\/\/women-at.work\/shop\/wp-content\/uploads\/2017\/05\/Shop_Logo.png","width":305,"height":297,"caption":"Women At Work Shop"},"image":{"@id":"https:\/\/women-at.work\/shop\/#\/schema\/logo\/image\/"}}]}},"_links":{"self":[{"href":"https:\/\/women-at.work\/shop\/wp-json\/wp\/v2\/product\/4890","targetHints":{"allow":["GET"]}}],"collection":[{"href":"https:\/\/women-at.work\/shop\/wp-json\/wp\/v2\/product"}],"about":[{"href":"https:\/\/women-at.work\/shop\/wp-json\/wp\/v2\/types\/product"}],"replies":[{"embeddable":true,"href":"https:\/\/women-at.work\/shop\/wp-json\/wp\/v2\/comments?post=4890"}],"wp:featuredmedia":[{"embeddable":true,"href":"https:\/\/women-at.work\/shop\/wp-json\/wp\/v2\/media\/4892"}],"wp:attachment":[{"href":"https:\/\/women-at.work\/shop\/wp-json\/wp\/v2\/media?parent=4890"}],"wp:term":[{"taxonomy":"product_brand","embeddable":true,"href":"https:\/\/women-at.work\/shop\/wp-json\/wp\/v2\/product_brand?post=4890"},{"taxonomy":"product_cat","embeddable":true,"href":"https:\/\/women-at.work\/shop\/wp-json\/wp\/v2\/product_cat?post=4890"},{"taxonomy":"product_tag","embeddable":true,"href":"https:\/\/women-at.work\/shop\/wp-json\/wp\/v2\/product_tag?post=4890"}],"curies":[{"name":"wp","href":"https:\/\/api.w.org\/{rel}","templated":true}]}}