{"id":4873,"date":"2022-05-26T11:57:15","date_gmt":"2022-05-26T09:57:15","guid":{"rendered":"https:\/\/women-at.work\/shop\/?post_type=product&#038;p=4873"},"modified":"2025-12-16T14:56:01","modified_gmt":"2025-12-16T13:56:01","slug":"duplo-du-bist-vorlage-zum-ausdrucken","status":"publish","type":"product","link":"https:\/\/women-at.work\/shop\/produkt\/duplo-du-bist-vorlage-zum-ausdrucken\/","title":{"rendered":"duplo &#8222;Du bist&#8220;- Vorlage zum Ausdrucken"},"content":{"rendered":"<p>Zum Gestalten von Duplo Riegeln mit Spr\u00fcchen f\u00fcr Banderolen kannst du diese sch\u00f6nen Botschaften ausdrucken und dadurch ein schnelles Geschenk umsetzen. Es wird im PDF-Format zur Verf\u00fcgung gestellt.<\/p>\n<p>In dem Paket enthalten sind:<\/p>\n<p><span id=\"1\" class=\"HALYaf KKjvXb\" role=\"tabpanel\"><span class=\"zRhise\"><span class=\"PkjLuf \" title=\"duplo du bist vorlage\">Duplo &#8222;Du bist&#8220;- Vorlage f\u00fcr den Valentinstag, Jahrestag, Geburtstag vom Schatz<br \/>\n<\/span><\/span><\/span><\/p>\n<p><span id=\"1\" class=\"HALYaf KKjvXb\" role=\"tabpanel\"><span class=\"zRhise\"><span class=\"PkjLuf \" title=\"duplo du bist vorlage\">Duplo &#8222;Du bist&#8220;- Vorlage f\u00fcr den Muttertag, Mama, Mutter<\/span><\/span><\/span><\/p>\n<p><span id=\"1\" class=\"HALYaf KKjvXb\" role=\"tabpanel\"><span class=\"zRhise\"><span class=\"PkjLuf \" title=\"duplo du bist vorlage\">Duplo &#8222;Du bist&#8220;- Vorlage f\u00fcr den Vatertag, Papa, Vater<br \/>\n<\/span><\/span><\/span><\/p>\n<p>Sobald die Zahlung bei uns eingegangen ist, wird der Download-Link an dich per E-Mail verschickt. Bei Zahlung per PayPal, ist der Download sofort verf\u00fcgbar. Es wird nichts per Post verschickt!<\/p>\n<p><em>Unbezahlte Werbung f\u00fcr duplo. Es besteht keine Kooperation mit duplo. Die Riegel werden nicht mitversendet und dienen nur als Pr\u00e4sentationsvorschlag. Es ist ein rein digitaler Versand!<\/em><\/p>\n<p>Die Vorlage ist f\u00fcr den privaten Gebrauch und darf nicht f\u00fcr kommerzielle Zwecke genutzt werden.<\/p>\n","protected":false},"excerpt":{"rendered":"<p>Zum Gestalten von Duplo Riegeln mit Spr\u00fcchen f\u00fcr Banderolen kannst du diese sch\u00f6nen Botschaften ausdrucken und dadurch ein schnelles Geschenk umsetzen.<\/p>\n","protected":false},"featured_media":4876,"comment_status":"open","ping_status":"closed","template":"","meta":[],"product_brand":[],"product_cat":[404,407,408,268],"product_tag":[332,331,256,260,261,267,249,247,253,264,252,254,259,255,251,258,248,257,250,262,265,266,263],"class_list":{"0":"post-4873","1":"product","2":"type-product","3":"status-publish","4":"has-post-thumbnail","6":"product_cat-liebe","7":"product_cat-muttertag","8":"product_cat-vatertag","9":"product_cat-vorlagen","10":"product_tag-banderole","11":"product_tag-duplo-banderole-vorlage","12":"product_tag-duplo-botschaften","13":"product_tag-duplo-botschaften-vorlagen","14":"product_tag-duplo-du-bist","15":"product_tag-duplo-du-bist-sprueche","16":"product_tag-duplo-du-bist-vorlage","17":"product_tag-duplo-du-bist-vorlage-zum-ausdrucken","18":"product_tag-duplo-geschenk","19":"product_tag-duplo-geschenk-du-bist","20":"product_tag-duplo-geschenk-du-bist-vorlage","21":"product_tag-duplo-geschenkidee","22":"product_tag-duplo-liebesbotschaft","23":"product_tag-duplo-schokolade-vorlagen-zum-ausdrucken","24":"product_tag-duplo-sprueche","25":"product_tag-duplo-sprueche-vorlage","26":"product_tag-duplo-valentinstag","27":"product_tag-duplo-vatertag","28":"product_tag-duplo-vatertag-vorlage","29":"product_tag-duplo-vorlagen-zum-ausdrucken","30":"product_tag-sprueche-duplo-botschaften","31":"product_tag-vatertagsgeschenk-duplo","32":"product_tag-vorlage-duplo-du-bist","33":"product_shipping_class-virtuelle-produkte","35":"first","36":"instock","37":"downloadable","38":"virtual","39":"taxable","40":"purchasable","41":"product-type-simple"},"yoast_head":"<!-- This site is optimized with the Yoast SEO plugin v27.3 - https:\/\/yoast.com\/product\/yoast-seo-wordpress\/ -->\n<title>duplo &quot;Du bist&quot;- Vorlage zum Ausdrucken - Women At Work Shop<\/title>\n<meta name=\"description\" content=\"Eine schnelle Duplo &quot;Du bist&quot;-Vorlage zum Ausdrucken f\u00fcr den Valentinstag, Muttertag oder Vatertag. Last-Minute Geschenk hier bestellen.\" \/>\n<meta name=\"robots\" content=\"index, follow, max-snippet:-1, max-image-preview:large, max-video-preview:-1\" \/>\n<link rel=\"canonical\" href=\"https:\/\/women-at.work\/shop\/produkt\/duplo-du-bist-vorlage-zum-ausdrucken\/\" \/>\n<meta property=\"og:locale\" content=\"de_DE\" \/>\n<meta property=\"og:type\" content=\"article\" \/>\n<meta property=\"og:title\" content=\"duplo &quot;Du bist&quot;- Vorlage zum Ausdrucken - Women At Work Shop\" \/>\n<meta property=\"og:description\" content=\"Eine schnelle Duplo &quot;Du bist&quot;-Vorlage zum Ausdrucken f\u00fcr den Valentinstag, Muttertag oder Vatertag. Last-Minute Geschenk hier bestellen.\" \/>\n<meta property=\"og:url\" content=\"https:\/\/women-at.work\/shop\/produkt\/duplo-du-bist-vorlage-zum-ausdrucken\/\" \/>\n<meta property=\"og:site_name\" content=\"Women At Work Shop\" \/>\n<meta property=\"article:modified_time\" content=\"2025-12-16T13:56:01+00:00\" \/>\n<meta property=\"og:image\" content=\"https:\/\/women-at.work\/shop\/wp-content\/uploads\/2022\/05\/Duplo-du-bist-Vorlage-zum-Download-fuer-den-Vatertag-als-Geschenkidee.jpg\" \/>\n\t<meta property=\"og:image:width\" content=\"800\" \/>\n\t<meta property=\"og:image:height\" content=\"1200\" \/>\n\t<meta property=\"og:image:type\" content=\"image\/jpeg\" \/>\n<meta name=\"twitter:card\" content=\"summary_large_image\" \/>\n<meta name=\"twitter:label1\" content=\"Gesch\u00e4tzte Lesezeit\" \/>\n\t<meta name=\"twitter:data1\" content=\"1\u00a0Minute\" \/>\n<script type=\"application\/ld+json\" class=\"yoast-schema-graph\">{\"@context\":\"https:\\\/\\\/schema.org\",\"@graph\":[{\"@type\":\"WebPage\",\"@id\":\"https:\\\/\\\/women-at.work\\\/shop\\\/produkt\\\/duplo-du-bist-vorlage-zum-ausdrucken\\\/\",\"url\":\"https:\\\/\\\/women-at.work\\\/shop\\\/produkt\\\/duplo-du-bist-vorlage-zum-ausdrucken\\\/\",\"name\":\"duplo \\\"Du bist\\\"- Vorlage zum Ausdrucken - Women At Work Shop\",\"isPartOf\":{\"@id\":\"https:\\\/\\\/women-at.work\\\/shop\\\/#website\"},\"primaryImageOfPage\":{\"@id\":\"https:\\\/\\\/women-at.work\\\/shop\\\/produkt\\\/duplo-du-bist-vorlage-zum-ausdrucken\\\/#primaryimage\"},\"image\":{\"@id\":\"https:\\\/\\\/women-at.work\\\/shop\\\/produkt\\\/duplo-du-bist-vorlage-zum-ausdrucken\\\/#primaryimage\"},\"thumbnailUrl\":\"https:\\\/\\\/women-at.work\\\/shop\\\/wp-content\\\/uploads\\\/2022\\\/05\\\/Duplo-du-bist-Vorlage-zum-Download-fuer-den-Vatertag-als-Geschenkidee.jpg\",\"datePublished\":\"2022-05-26T09:57:15+00:00\",\"dateModified\":\"2025-12-16T13:56:01+00:00\",\"description\":\"Eine schnelle Duplo \\\"Du bist\\\"-Vorlage zum Ausdrucken f\u00fcr den Valentinstag, Muttertag oder Vatertag. Last-Minute Geschenk hier bestellen.\",\"breadcrumb\":{\"@id\":\"https:\\\/\\\/women-at.work\\\/shop\\\/produkt\\\/duplo-du-bist-vorlage-zum-ausdrucken\\\/#breadcrumb\"},\"inLanguage\":\"de\",\"potentialAction\":[{\"@type\":\"ReadAction\",\"target\":[\"https:\\\/\\\/women-at.work\\\/shop\\\/produkt\\\/duplo-du-bist-vorlage-zum-ausdrucken\\\/\"]}]},{\"@type\":\"ImageObject\",\"inLanguage\":\"de\",\"@id\":\"https:\\\/\\\/women-at.work\\\/shop\\\/produkt\\\/duplo-du-bist-vorlage-zum-ausdrucken\\\/#primaryimage\",\"url\":\"https:\\\/\\\/women-at.work\\\/shop\\\/wp-content\\\/uploads\\\/2022\\\/05\\\/Duplo-du-bist-Vorlage-zum-Download-fuer-den-Vatertag-als-Geschenkidee.jpg\",\"contentUrl\":\"https:\\\/\\\/women-at.work\\\/shop\\\/wp-content\\\/uploads\\\/2022\\\/05\\\/Duplo-du-bist-Vorlage-zum-Download-fuer-den-Vatertag-als-Geschenkidee.jpg\",\"width\":800,\"height\":1200},{\"@type\":\"BreadcrumbList\",\"@id\":\"https:\\\/\\\/women-at.work\\\/shop\\\/produkt\\\/duplo-du-bist-vorlage-zum-ausdrucken\\\/#breadcrumb\",\"itemListElement\":[{\"@type\":\"ListItem\",\"position\":1,\"name\":\"Startseite\",\"item\":\"https:\\\/\\\/women-at.work\\\/shop\\\/\"},{\"@type\":\"ListItem\",\"position\":2,\"name\":\"Shop\",\"item\":\"https:\\\/\\\/women-at.work\\\/shop\\\/shop\\\/\"},{\"@type\":\"ListItem\",\"position\":3,\"name\":\"duplo &#8222;Du bist&#8220;- Vorlage zum Ausdrucken\"}]},{\"@type\":\"WebSite\",\"@id\":\"https:\\\/\\\/women-at.work\\\/shop\\\/#website\",\"url\":\"https:\\\/\\\/women-at.work\\\/shop\\\/\",\"name\":\"Women At Work Shop\",\"description\":\"Wundervolle Produkte f\u00fcr besondere Menschen\",\"publisher\":{\"@id\":\"https:\\\/\\\/women-at.work\\\/shop\\\/#organization\"},\"potentialAction\":[{\"@type\":\"SearchAction\",\"target\":{\"@type\":\"EntryPoint\",\"urlTemplate\":\"https:\\\/\\\/women-at.work\\\/shop\\\/?s={search_term_string}\"},\"query-input\":{\"@type\":\"PropertyValueSpecification\",\"valueRequired\":true,\"valueName\":\"search_term_string\"}}],\"inLanguage\":\"de\"},{\"@type\":\"Organization\",\"@id\":\"https:\\\/\\\/women-at.work\\\/shop\\\/#organization\",\"name\":\"Women At Work Shop\",\"url\":\"https:\\\/\\\/women-at.work\\\/shop\\\/\",\"logo\":{\"@type\":\"ImageObject\",\"inLanguage\":\"de\",\"@id\":\"https:\\\/\\\/women-at.work\\\/shop\\\/#\\\/schema\\\/logo\\\/image\\\/\",\"url\":\"https:\\\/\\\/women-at.work\\\/shop\\\/wp-content\\\/uploads\\\/2017\\\/05\\\/Shop_Logo.png\",\"contentUrl\":\"https:\\\/\\\/women-at.work\\\/shop\\\/wp-content\\\/uploads\\\/2017\\\/05\\\/Shop_Logo.png\",\"width\":305,\"height\":297,\"caption\":\"Women At Work Shop\"},\"image\":{\"@id\":\"https:\\\/\\\/women-at.work\\\/shop\\\/#\\\/schema\\\/logo\\\/image\\\/\"}}]}<\/script>\n<!-- \/ Yoast SEO plugin. -->","yoast_head_json":{"title":"duplo \"Du bist\"- Vorlage zum Ausdrucken - Women At Work Shop","description":"Eine schnelle Duplo \"Du bist\"-Vorlage zum Ausdrucken f\u00fcr den Valentinstag, Muttertag oder Vatertag. Last-Minute Geschenk hier bestellen.","robots":{"index":"index","follow":"follow","max-snippet":"max-snippet:-1","max-image-preview":"max-image-preview:large","max-video-preview":"max-video-preview:-1"},"canonical":"https:\/\/women-at.work\/shop\/produkt\/duplo-du-bist-vorlage-zum-ausdrucken\/","og_locale":"de_DE","og_type":"article","og_title":"duplo \"Du bist\"- Vorlage zum Ausdrucken - Women At Work Shop","og_description":"Eine schnelle Duplo \"Du bist\"-Vorlage zum Ausdrucken f\u00fcr den Valentinstag, Muttertag oder Vatertag. Last-Minute Geschenk hier bestellen.","og_url":"https:\/\/women-at.work\/shop\/produkt\/duplo-du-bist-vorlage-zum-ausdrucken\/","og_site_name":"Women At Work Shop","article_modified_time":"2025-12-16T13:56:01+00:00","og_image":[{"width":800,"height":1200,"url":"https:\/\/women-at.work\/shop\/wp-content\/uploads\/2022\/05\/Duplo-du-bist-Vorlage-zum-Download-fuer-den-Vatertag-als-Geschenkidee.jpg","type":"image\/jpeg"}],"twitter_card":"summary_large_image","twitter_misc":{"Gesch\u00e4tzte Lesezeit":"1\u00a0Minute"},"schema":{"@context":"https:\/\/schema.org","@graph":[{"@type":"WebPage","@id":"https:\/\/women-at.work\/shop\/produkt\/duplo-du-bist-vorlage-zum-ausdrucken\/","url":"https:\/\/women-at.work\/shop\/produkt\/duplo-du-bist-vorlage-zum-ausdrucken\/","name":"duplo \"Du bist\"- Vorlage zum Ausdrucken - Women At Work Shop","isPartOf":{"@id":"https:\/\/women-at.work\/shop\/#website"},"primaryImageOfPage":{"@id":"https:\/\/women-at.work\/shop\/produkt\/duplo-du-bist-vorlage-zum-ausdrucken\/#primaryimage"},"image":{"@id":"https:\/\/women-at.work\/shop\/produkt\/duplo-du-bist-vorlage-zum-ausdrucken\/#primaryimage"},"thumbnailUrl":"https:\/\/women-at.work\/shop\/wp-content\/uploads\/2022\/05\/Duplo-du-bist-Vorlage-zum-Download-fuer-den-Vatertag-als-Geschenkidee.jpg","datePublished":"2022-05-26T09:57:15+00:00","dateModified":"2025-12-16T13:56:01+00:00","description":"Eine schnelle Duplo \"Du bist\"-Vorlage zum Ausdrucken f\u00fcr den Valentinstag, Muttertag oder Vatertag. Last-Minute Geschenk hier bestellen.","breadcrumb":{"@id":"https:\/\/women-at.work\/shop\/produkt\/duplo-du-bist-vorlage-zum-ausdrucken\/#breadcrumb"},"inLanguage":"de","potentialAction":[{"@type":"ReadAction","target":["https:\/\/women-at.work\/shop\/produkt\/duplo-du-bist-vorlage-zum-ausdrucken\/"]}]},{"@type":"ImageObject","inLanguage":"de","@id":"https:\/\/women-at.work\/shop\/produkt\/duplo-du-bist-vorlage-zum-ausdrucken\/#primaryimage","url":"https:\/\/women-at.work\/shop\/wp-content\/uploads\/2022\/05\/Duplo-du-bist-Vorlage-zum-Download-fuer-den-Vatertag-als-Geschenkidee.jpg","contentUrl":"https:\/\/women-at.work\/shop\/wp-content\/uploads\/2022\/05\/Duplo-du-bist-Vorlage-zum-Download-fuer-den-Vatertag-als-Geschenkidee.jpg","width":800,"height":1200},{"@type":"BreadcrumbList","@id":"https:\/\/women-at.work\/shop\/produkt\/duplo-du-bist-vorlage-zum-ausdrucken\/#breadcrumb","itemListElement":[{"@type":"ListItem","position":1,"name":"Startseite","item":"https:\/\/women-at.work\/shop\/"},{"@type":"ListItem","position":2,"name":"Shop","item":"https:\/\/women-at.work\/shop\/shop\/"},{"@type":"ListItem","position":3,"name":"duplo &#8222;Du bist&#8220;- Vorlage zum Ausdrucken"}]},{"@type":"WebSite","@id":"https:\/\/women-at.work\/shop\/#website","url":"https:\/\/women-at.work\/shop\/","name":"Women At Work Shop","description":"Wundervolle Produkte f\u00fcr besondere Menschen","publisher":{"@id":"https:\/\/women-at.work\/shop\/#organization"},"potentialAction":[{"@type":"SearchAction","target":{"@type":"EntryPoint","urlTemplate":"https:\/\/women-at.work\/shop\/?s={search_term_string}"},"query-input":{"@type":"PropertyValueSpecification","valueRequired":true,"valueName":"search_term_string"}}],"inLanguage":"de"},{"@type":"Organization","@id":"https:\/\/women-at.work\/shop\/#organization","name":"Women At Work Shop","url":"https:\/\/women-at.work\/shop\/","logo":{"@type":"ImageObject","inLanguage":"de","@id":"https:\/\/women-at.work\/shop\/#\/schema\/logo\/image\/","url":"https:\/\/women-at.work\/shop\/wp-content\/uploads\/2017\/05\/Shop_Logo.png","contentUrl":"https:\/\/women-at.work\/shop\/wp-content\/uploads\/2017\/05\/Shop_Logo.png","width":305,"height":297,"caption":"Women At Work Shop"},"image":{"@id":"https:\/\/women-at.work\/shop\/#\/schema\/logo\/image\/"}}]}},"_links":{"self":[{"href":"https:\/\/women-at.work\/shop\/wp-json\/wp\/v2\/product\/4873","targetHints":{"allow":["GET"]}}],"collection":[{"href":"https:\/\/women-at.work\/shop\/wp-json\/wp\/v2\/product"}],"about":[{"href":"https:\/\/women-at.work\/shop\/wp-json\/wp\/v2\/types\/product"}],"replies":[{"embeddable":true,"href":"https:\/\/women-at.work\/shop\/wp-json\/wp\/v2\/comments?post=4873"}],"wp:featuredmedia":[{"embeddable":true,"href":"https:\/\/women-at.work\/shop\/wp-json\/wp\/v2\/media\/4876"}],"wp:attachment":[{"href":"https:\/\/women-at.work\/shop\/wp-json\/wp\/v2\/media?parent=4873"}],"wp:term":[{"taxonomy":"product_brand","embeddable":true,"href":"https:\/\/women-at.work\/shop\/wp-json\/wp\/v2\/product_brand?post=4873"},{"taxonomy":"product_cat","embeddable":true,"href":"https:\/\/women-at.work\/shop\/wp-json\/wp\/v2\/product_cat?post=4873"},{"taxonomy":"product_tag","embeddable":true,"href":"https:\/\/women-at.work\/shop\/wp-json\/wp\/v2\/product_tag?post=4873"}],"curies":[{"name":"wp","href":"https:\/\/api.w.org\/{rel}","templated":true}]}}