{"id":4143,"date":"2020-11-14T13:38:47","date_gmt":"2020-11-14T12:38:47","guid":{"rendered":"https:\/\/women-at.work\/shop\/?post_type=product&#038;p=4143"},"modified":"2025-12-01T21:03:01","modified_gmt":"2025-12-01T20:03:01","slug":"postkarte-achtsamkeit-adventskalender","status":"publish","type":"product","link":"https:\/\/women-at.work\/shop\/produkt\/postkarte-achtsamkeit-adventskalender\/","title":{"rendered":"Achtsamkeit-Adventskalender"},"content":{"rendered":"<p>Kunstdruck im Postkartenformat A6 oder Posterformat A4 mit Abbildung eines Achtsamkeit-Adventskalenders. Die Postkarte wird in besonders stabiler Ausf\u00fchrung von 350 g\/qm gedruckt. Das Poster wird auf hochwertigem, matten 260g\/m\u00b2 Hahnenm\u00fchle Fine Art Papier, Oberfl\u00e4che Luster gedruckt.<\/p>\n<p>Lieferung ohne Dekoration.<\/p>\n<hr \/>\n<p><b><span data-contrast=\"auto\">Kontaktdaten f\u00fcr Verbraucher \/ Druckerei<\/span><\/b><span data-ccp-props=\"{}\">\u00a0<\/span><\/p>\n<p><strong>PRINTPRINZ GmbH<\/strong><br \/>\nMarienburger Stra\u00dfe 16<br \/>\n10405 Berlin<\/p>\n<p>Kontakt: <a href=\"mailto:info@printprinz.de\">info@printprinz.de<\/a><\/p>\n<p><b><span data-contrast=\"auto\">Hersteller \/ Kontaktdaten Verlag:<\/span><\/b><span data-ccp-props=\"{}\">\u00a0<\/span><\/p>\n<p><span data-contrast=\"auto\">Berliner Journalisten Verlagsgesellschaft<\/span><span data-ccp-props=\"{}\">\u00a0<\/span><\/p>\n<p><span data-contrast=\"auto\">Sch\u00f6nhauser Allee 122<\/span><span data-ccp-props=\"{}\">\u00a0<\/span><\/p>\n<p><span data-contrast=\"auto\">10437 Berlin<\/span><span data-ccp-props=\"{}\">\u00a0<\/span><\/p>\n<p><span data-contrast=\"auto\">Kontakt: <\/span><a href=\"mailto:service@nitromagazin.com\"><span data-contrast=\"none\">service@nitromagazin.com<\/span><\/a><span data-ccp-props=\"{}\">\u00a0<\/span><\/p>\n<p><b><span data-contrast=\"auto\">Produktbezeichnung:<\/span><\/b><span data-ccp-props=\"{}\">\u00a0<\/span><\/p>\n<p><span data-contrast=\"auto\">Postkarte in A4 bzw. A6 Format<\/span><\/p>\n<p><b><span data-contrast=\"auto\">Verpackung bei Versand des Printproduktes:<\/span><\/b><span data-ccp-props=\"{}\">\u00a0<\/span><\/p>\n<p><span data-contrast=\"auto\">Wei\u00dfe A4 Umschl\u00e4ge, 120 g Papierst\u00e4rke<\/span><span data-ccp-props=\"{}\">\u00a0<\/span><\/p>\n<p><b><span data-contrast=\"auto\">Urheberrecht und Datenschutz:<\/span><\/b><span data-ccp-props=\"{}\">\u00a0<\/span><\/p>\n<p><span data-contrast=\"auto\">Die DSGVO und die urheberrechtlichen Bestimmungen werden beachtet.<\/span><span data-ccp-props=\"{}\">\u00a0<\/span><\/p>\n<p><small><a href=\"http:\/\/www.freepik.com\">Mockup Designed by Freepik<\/a><\/small><\/p>\n","protected":false},"excerpt":{"rendered":"<p>Kunstdruck im Postkartenformat A6 oder Posterformat A4 mit Abbildung eines Achtsamkeit-Adventskalenders.<\/p>\n","protected":false},"featured_media":4147,"comment_status":"closed","ping_status":"closed","template":"","meta":[],"product_brand":[],"product_cat":[38,71],"product_tag":[209,116,67,66,72,73],"class_list":{"0":"post-4143","1":"product","2":"type-product","3":"status-publish","4":"has-post-thumbnail","6":"product_cat-poster","7":"product_cat-postkarten","8":"product_tag-achtsamkeit-adventskalender","9":"product_tag-adventskalender","10":"product_tag-kunstdruck","11":"product_tag-poster","12":"product_tag-postkarte","13":"product_tag-spruch","15":"first","16":"instock","17":"taxable","18":"shipping-taxable","19":"purchasable","20":"product-type-variable"},"yoast_head":"<!-- This site is optimized with the Yoast SEO plugin v27.5 - https:\/\/yoast.com\/product\/yoast-seo-wordpress\/ -->\n<title>Achtsamkeit-Adventskalender - Women At Work Shop<\/title>\n<meta name=\"description\" content=\"Achtsamkeits-Adventskalender: 24 \u00dcbungen f\u00fcr mehr Achtsamkeit. Jetzt kaufen und an liebe Menschen in der Vorweihnachtszeit verschenken!\" \/>\n<meta name=\"robots\" content=\"index, follow, max-snippet:-1, max-image-preview:large, max-video-preview:-1\" \/>\n<link rel=\"canonical\" href=\"https:\/\/women-at.work\/shop\/produkt\/postkarte-achtsamkeit-adventskalender\/\" \/>\n<meta property=\"og:locale\" content=\"de_DE\" \/>\n<meta property=\"og:type\" content=\"article\" \/>\n<meta property=\"og:title\" content=\"Achtsamkeit-Adventskalender - Women At Work Shop\" \/>\n<meta property=\"og:description\" content=\"Achtsamkeits-Adventskalender: 24 \u00dcbungen f\u00fcr mehr Achtsamkeit. Jetzt kaufen und an liebe Menschen in der Vorweihnachtszeit verschenken!\" \/>\n<meta property=\"og:url\" content=\"https:\/\/women-at.work\/shop\/produkt\/postkarte-achtsamkeit-adventskalender\/\" \/>\n<meta property=\"og:site_name\" content=\"Women At Work Shop\" \/>\n<meta property=\"article:modified_time\" content=\"2025-12-01T20:03:01+00:00\" \/>\n<meta property=\"og:image\" content=\"https:\/\/women-at.work\/shop\/wp-content\/uploads\/2020\/11\/Postkarte-Achtsamkeit-Adventskalender.jpg\" \/>\n\t<meta property=\"og:image:width\" content=\"1000\" \/>\n\t<meta property=\"og:image:height\" content=\"1500\" \/>\n\t<meta property=\"og:image:type\" content=\"image\/jpeg\" \/>\n<meta name=\"twitter:card\" content=\"summary_large_image\" \/>\n<meta name=\"twitter:label1\" content=\"Gesch\u00e4tzte Lesezeit\" \/>\n\t<meta name=\"twitter:data1\" content=\"1\u00a0Minute\" \/>\n<script type=\"application\/ld+json\" class=\"yoast-schema-graph\">{\"@context\":\"https:\\\/\\\/schema.org\",\"@graph\":[{\"@type\":\"WebPage\",\"@id\":\"https:\\\/\\\/women-at.work\\\/shop\\\/produkt\\\/postkarte-achtsamkeit-adventskalender\\\/\",\"url\":\"https:\\\/\\\/women-at.work\\\/shop\\\/produkt\\\/postkarte-achtsamkeit-adventskalender\\\/\",\"name\":\"Achtsamkeit-Adventskalender - Women At Work Shop\",\"isPartOf\":{\"@id\":\"https:\\\/\\\/women-at.work\\\/shop\\\/#website\"},\"primaryImageOfPage\":{\"@id\":\"https:\\\/\\\/women-at.work\\\/shop\\\/produkt\\\/postkarte-achtsamkeit-adventskalender\\\/#primaryimage\"},\"image\":{\"@id\":\"https:\\\/\\\/women-at.work\\\/shop\\\/produkt\\\/postkarte-achtsamkeit-adventskalender\\\/#primaryimage\"},\"thumbnailUrl\":\"https:\\\/\\\/women-at.work\\\/shop\\\/wp-content\\\/uploads\\\/2020\\\/11\\\/Postkarte-Achtsamkeit-Adventskalender.jpg\",\"datePublished\":\"2020-11-14T12:38:47+00:00\",\"dateModified\":\"2025-12-01T20:03:01+00:00\",\"description\":\"Achtsamkeits-Adventskalender: 24 \u00dcbungen f\u00fcr mehr Achtsamkeit. Jetzt kaufen und an liebe Menschen in der Vorweihnachtszeit verschenken!\",\"breadcrumb\":{\"@id\":\"https:\\\/\\\/women-at.work\\\/shop\\\/produkt\\\/postkarte-achtsamkeit-adventskalender\\\/#breadcrumb\"},\"inLanguage\":\"de\",\"potentialAction\":[{\"@type\":\"ReadAction\",\"target\":[\"https:\\\/\\\/women-at.work\\\/shop\\\/produkt\\\/postkarte-achtsamkeit-adventskalender\\\/\"]}]},{\"@type\":\"ImageObject\",\"inLanguage\":\"de\",\"@id\":\"https:\\\/\\\/women-at.work\\\/shop\\\/produkt\\\/postkarte-achtsamkeit-adventskalender\\\/#primaryimage\",\"url\":\"https:\\\/\\\/women-at.work\\\/shop\\\/wp-content\\\/uploads\\\/2020\\\/11\\\/Postkarte-Achtsamkeit-Adventskalender.jpg\",\"contentUrl\":\"https:\\\/\\\/women-at.work\\\/shop\\\/wp-content\\\/uploads\\\/2020\\\/11\\\/Postkarte-Achtsamkeit-Adventskalender.jpg\",\"width\":1000,\"height\":1500,\"caption\":\"Postkarte \\\"Achtsamkeit-Adventskalender\"},{\"@type\":\"BreadcrumbList\",\"@id\":\"https:\\\/\\\/women-at.work\\\/shop\\\/produkt\\\/postkarte-achtsamkeit-adventskalender\\\/#breadcrumb\",\"itemListElement\":[{\"@type\":\"ListItem\",\"position\":1,\"name\":\"Startseite\",\"item\":\"https:\\\/\\\/women-at.work\\\/shop\\\/\"},{\"@type\":\"ListItem\",\"position\":2,\"name\":\"Shop\",\"item\":\"https:\\\/\\\/women-at.work\\\/shop\\\/shop\\\/\"},{\"@type\":\"ListItem\",\"position\":3,\"name\":\"Achtsamkeit-Adventskalender\"}]},{\"@type\":\"WebSite\",\"@id\":\"https:\\\/\\\/women-at.work\\\/shop\\\/#website\",\"url\":\"https:\\\/\\\/women-at.work\\\/shop\\\/\",\"name\":\"Women At Work Shop\",\"description\":\"Wundervolle Produkte f\u00fcr besondere Menschen\",\"publisher\":{\"@id\":\"https:\\\/\\\/women-at.work\\\/shop\\\/#organization\"},\"potentialAction\":[{\"@type\":\"SearchAction\",\"target\":{\"@type\":\"EntryPoint\",\"urlTemplate\":\"https:\\\/\\\/women-at.work\\\/shop\\\/?s={search_term_string}\"},\"query-input\":{\"@type\":\"PropertyValueSpecification\",\"valueRequired\":true,\"valueName\":\"search_term_string\"}}],\"inLanguage\":\"de\"},{\"@type\":\"Organization\",\"@id\":\"https:\\\/\\\/women-at.work\\\/shop\\\/#organization\",\"name\":\"Women At Work Shop\",\"url\":\"https:\\\/\\\/women-at.work\\\/shop\\\/\",\"logo\":{\"@type\":\"ImageObject\",\"inLanguage\":\"de\",\"@id\":\"https:\\\/\\\/women-at.work\\\/shop\\\/#\\\/schema\\\/logo\\\/image\\\/\",\"url\":\"https:\\\/\\\/women-at.work\\\/shop\\\/wp-content\\\/uploads\\\/2017\\\/05\\\/Shop_Logo.png\",\"contentUrl\":\"https:\\\/\\\/women-at.work\\\/shop\\\/wp-content\\\/uploads\\\/2017\\\/05\\\/Shop_Logo.png\",\"width\":305,\"height\":297,\"caption\":\"Women At Work Shop\"},\"image\":{\"@id\":\"https:\\\/\\\/women-at.work\\\/shop\\\/#\\\/schema\\\/logo\\\/image\\\/\"}}]}<\/script>\n<!-- \/ Yoast SEO plugin. -->","yoast_head_json":{"title":"Achtsamkeit-Adventskalender - Women At Work Shop","description":"Achtsamkeits-Adventskalender: 24 \u00dcbungen f\u00fcr mehr Achtsamkeit. Jetzt kaufen und an liebe Menschen in der Vorweihnachtszeit verschenken!","robots":{"index":"index","follow":"follow","max-snippet":"max-snippet:-1","max-image-preview":"max-image-preview:large","max-video-preview":"max-video-preview:-1"},"canonical":"https:\/\/women-at.work\/shop\/produkt\/postkarte-achtsamkeit-adventskalender\/","og_locale":"de_DE","og_type":"article","og_title":"Achtsamkeit-Adventskalender - Women At Work Shop","og_description":"Achtsamkeits-Adventskalender: 24 \u00dcbungen f\u00fcr mehr Achtsamkeit. Jetzt kaufen und an liebe Menschen in der Vorweihnachtszeit verschenken!","og_url":"https:\/\/women-at.work\/shop\/produkt\/postkarte-achtsamkeit-adventskalender\/","og_site_name":"Women At Work Shop","article_modified_time":"2025-12-01T20:03:01+00:00","og_image":[{"width":1000,"height":1500,"url":"https:\/\/women-at.work\/shop\/wp-content\/uploads\/2020\/11\/Postkarte-Achtsamkeit-Adventskalender.jpg","type":"image\/jpeg"}],"twitter_card":"summary_large_image","twitter_misc":{"Gesch\u00e4tzte Lesezeit":"1\u00a0Minute"},"schema":{"@context":"https:\/\/schema.org","@graph":[{"@type":"WebPage","@id":"https:\/\/women-at.work\/shop\/produkt\/postkarte-achtsamkeit-adventskalender\/","url":"https:\/\/women-at.work\/shop\/produkt\/postkarte-achtsamkeit-adventskalender\/","name":"Achtsamkeit-Adventskalender - Women At Work Shop","isPartOf":{"@id":"https:\/\/women-at.work\/shop\/#website"},"primaryImageOfPage":{"@id":"https:\/\/women-at.work\/shop\/produkt\/postkarte-achtsamkeit-adventskalender\/#primaryimage"},"image":{"@id":"https:\/\/women-at.work\/shop\/produkt\/postkarte-achtsamkeit-adventskalender\/#primaryimage"},"thumbnailUrl":"https:\/\/women-at.work\/shop\/wp-content\/uploads\/2020\/11\/Postkarte-Achtsamkeit-Adventskalender.jpg","datePublished":"2020-11-14T12:38:47+00:00","dateModified":"2025-12-01T20:03:01+00:00","description":"Achtsamkeits-Adventskalender: 24 \u00dcbungen f\u00fcr mehr Achtsamkeit. Jetzt kaufen und an liebe Menschen in der Vorweihnachtszeit verschenken!","breadcrumb":{"@id":"https:\/\/women-at.work\/shop\/produkt\/postkarte-achtsamkeit-adventskalender\/#breadcrumb"},"inLanguage":"de","potentialAction":[{"@type":"ReadAction","target":["https:\/\/women-at.work\/shop\/produkt\/postkarte-achtsamkeit-adventskalender\/"]}]},{"@type":"ImageObject","inLanguage":"de","@id":"https:\/\/women-at.work\/shop\/produkt\/postkarte-achtsamkeit-adventskalender\/#primaryimage","url":"https:\/\/women-at.work\/shop\/wp-content\/uploads\/2020\/11\/Postkarte-Achtsamkeit-Adventskalender.jpg","contentUrl":"https:\/\/women-at.work\/shop\/wp-content\/uploads\/2020\/11\/Postkarte-Achtsamkeit-Adventskalender.jpg","width":1000,"height":1500,"caption":"Postkarte \"Achtsamkeit-Adventskalender"},{"@type":"BreadcrumbList","@id":"https:\/\/women-at.work\/shop\/produkt\/postkarte-achtsamkeit-adventskalender\/#breadcrumb","itemListElement":[{"@type":"ListItem","position":1,"name":"Startseite","item":"https:\/\/women-at.work\/shop\/"},{"@type":"ListItem","position":2,"name":"Shop","item":"https:\/\/women-at.work\/shop\/shop\/"},{"@type":"ListItem","position":3,"name":"Achtsamkeit-Adventskalender"}]},{"@type":"WebSite","@id":"https:\/\/women-at.work\/shop\/#website","url":"https:\/\/women-at.work\/shop\/","name":"Women At Work Shop","description":"Wundervolle Produkte f\u00fcr besondere Menschen","publisher":{"@id":"https:\/\/women-at.work\/shop\/#organization"},"potentialAction":[{"@type":"SearchAction","target":{"@type":"EntryPoint","urlTemplate":"https:\/\/women-at.work\/shop\/?s={search_term_string}"},"query-input":{"@type":"PropertyValueSpecification","valueRequired":true,"valueName":"search_term_string"}}],"inLanguage":"de"},{"@type":"Organization","@id":"https:\/\/women-at.work\/shop\/#organization","name":"Women At Work Shop","url":"https:\/\/women-at.work\/shop\/","logo":{"@type":"ImageObject","inLanguage":"de","@id":"https:\/\/women-at.work\/shop\/#\/schema\/logo\/image\/","url":"https:\/\/women-at.work\/shop\/wp-content\/uploads\/2017\/05\/Shop_Logo.png","contentUrl":"https:\/\/women-at.work\/shop\/wp-content\/uploads\/2017\/05\/Shop_Logo.png","width":305,"height":297,"caption":"Women At Work Shop"},"image":{"@id":"https:\/\/women-at.work\/shop\/#\/schema\/logo\/image\/"}}]}},"_links":{"self":[{"href":"https:\/\/women-at.work\/shop\/wp-json\/wp\/v2\/product\/4143","targetHints":{"allow":["GET"]}}],"collection":[{"href":"https:\/\/women-at.work\/shop\/wp-json\/wp\/v2\/product"}],"about":[{"href":"https:\/\/women-at.work\/shop\/wp-json\/wp\/v2\/types\/product"}],"replies":[{"embeddable":true,"href":"https:\/\/women-at.work\/shop\/wp-json\/wp\/v2\/comments?post=4143"}],"wp:featuredmedia":[{"embeddable":true,"href":"https:\/\/women-at.work\/shop\/wp-json\/wp\/v2\/media\/4147"}],"wp:attachment":[{"href":"https:\/\/women-at.work\/shop\/wp-json\/wp\/v2\/media?parent=4143"}],"wp:term":[{"taxonomy":"product_brand","embeddable":true,"href":"https:\/\/women-at.work\/shop\/wp-json\/wp\/v2\/product_brand?post=4143"},{"taxonomy":"product_cat","embeddable":true,"href":"https:\/\/women-at.work\/shop\/wp-json\/wp\/v2\/product_cat?post=4143"},{"taxonomy":"product_tag","embeddable":true,"href":"https:\/\/women-at.work\/shop\/wp-json\/wp\/v2\/product_tag?post=4143"}],"curies":[{"name":"wp","href":"https:\/\/api.w.org\/{rel}","templated":true}]}}