{"id":3531,"date":"2019-11-19T08:23:12","date_gmt":"2019-11-19T07:23:12","guid":{"rendered":"https:\/\/women-at.work\/shop\/?post_type=product&#038;p=3531"},"modified":"2025-09-08T20:16:56","modified_gmt":"2025-09-08T18:16:56","slug":"17-rezepte-fuer-desserts-im-glas","status":"publish","type":"product","link":"https:\/\/women-at.work\/shop\/produkt\/17-rezepte-fuer-desserts-im-glas\/","title":{"rendered":"17 kreative Rezepte f\u00fcr Desserts im Glas"},"content":{"rendered":"<p>Wir sind jetzt mal ehrlich: Auf das Dessert freuen wir uns bei einem 3-G\u00e4nge-Men\u00fc immer am meisten, oder? Kein Wunder, denn dies ist der kr\u00f6nende Abschluss eines gelungenen Abends. Daf\u00fcr brauchen wir auch ein richtig gutes Dessert! Tobt euch euch mit diesem E-Book aus, hinter dem 17 s\u00fc\u00dfe Rezepte versteckt sind.<\/p>\n<p>Egal ob Schwarzw\u00e4lder Kirschdessert im Glas, Bratapfel Schichtdessert oder No Bake Erdbeer Cheesecake. Wenn du eine echte Naschkatze bist, wird dir hier viel Inspiration geliefert. Die Rezepte sind einfach nachzumachen und kommen bei deinen G\u00e4sten sicher gut an!<\/p>\n<p>Kaufe dir jetzt das E-Book, um lecker durch die Weihnachtszeit zu kommen. Du kannst nach Zahlungseingang direkt digital auf das E-Book und die 17 Rezepte zugreifen!<\/p>\n<p>Die Vorlage ist f\u00fcr den privaten Gebrauch und darf nicht f\u00fcr kommerzielle Zwecke genutzt werden.<\/p>\n","protected":false},"excerpt":{"rendered":"<p>Wir sind jetzt mal ehrlich: Auf das Dessert freuen wir uns bei einem 3-G\u00e4nge-Men\u00fc immer am meisten, oder? Kein Wunder, denn dies ist der kr\u00f6nende Abschluss eines gelungenen Abends. Daf\u00fcr brauchen wir auch ein richtig gutes Dessert! Tobt euch euch mit diesem E-Book aus, hinter dem 17 s\u00fc\u00dfe Rezepte versteckt sind.<\/p>\n","protected":false},"featured_media":3535,"comment_status":"closed","ping_status":"closed","template":"","meta":[],"product_brand":[],"product_cat":[139],"product_tag":[135,119,136],"class_list":{"0":"post-3531","1":"product","2":"type-product","3":"status-publish","4":"has-post-thumbnail","6":"product_cat-e-books","7":"product_tag-dessert","8":"product_tag-e-book","9":"product_tag-schichtdessert","11":"first","12":"instock","13":"sale","14":"downloadable","15":"virtual","16":"taxable","17":"purchasable","18":"product-type-simple"},"yoast_head":"<!-- This site is optimized with the Yoast SEO plugin v27.3 - https:\/\/yoast.com\/product\/yoast-seo-wordpress\/ -->\n<title>17 kreative Rezepte f\u00fcr Desserts im Glas - Women At Work Shop<\/title>\n<meta name=\"robots\" content=\"index, follow, max-snippet:-1, max-image-preview:large, max-video-preview:-1\" \/>\n<link rel=\"canonical\" href=\"https:\/\/women-at.work\/shop\/produkt\/17-rezepte-fuer-desserts-im-glas\/\" \/>\n<meta property=\"og:locale\" content=\"de_DE\" \/>\n<meta property=\"og:type\" content=\"article\" \/>\n<meta property=\"og:title\" content=\"17 kreative Rezepte f\u00fcr Desserts im Glas - Women At Work Shop\" \/>\n<meta property=\"og:description\" content=\"Wir sind jetzt mal ehrlich: Auf das Dessert freuen wir uns bei einem 3-G\u00e4nge-Men\u00fc immer am meisten, oder? Kein Wunder, denn dies ist der kr\u00f6nende Abschluss eines gelungenen Abends. Daf\u00fcr brauchen wir auch ein richtig gutes Dessert! Tobt euch euch mit diesem E-Book aus, hinter dem 17 s\u00fc\u00dfe Rezepte versteckt sind.\" \/>\n<meta property=\"og:url\" content=\"https:\/\/women-at.work\/shop\/produkt\/17-rezepte-fuer-desserts-im-glas\/\" \/>\n<meta property=\"og:site_name\" content=\"Women At Work Shop\" \/>\n<meta property=\"article:modified_time\" content=\"2025-09-08T18:16:56+00:00\" \/>\n<meta property=\"og:image\" content=\"https:\/\/women-at.work\/shop\/wp-content\/uploads\/2019\/11\/Dessert-EBook-Cover-1.jpg\" \/>\n\t<meta property=\"og:image:width\" content=\"800\" \/>\n\t<meta property=\"og:image:height\" content=\"847\" \/>\n\t<meta property=\"og:image:type\" content=\"image\/jpeg\" \/>\n<meta name=\"twitter:card\" content=\"summary_large_image\" \/>\n<meta name=\"twitter:label1\" content=\"Gesch\u00e4tzte Lesezeit\" \/>\n\t<meta name=\"twitter:data1\" content=\"1\u00a0Minute\" \/>\n<script type=\"application\/ld+json\" class=\"yoast-schema-graph\">{\"@context\":\"https:\\\/\\\/schema.org\",\"@graph\":[{\"@type\":\"WebPage\",\"@id\":\"https:\\\/\\\/women-at.work\\\/shop\\\/produkt\\\/17-rezepte-fuer-desserts-im-glas\\\/\",\"url\":\"https:\\\/\\\/women-at.work\\\/shop\\\/produkt\\\/17-rezepte-fuer-desserts-im-glas\\\/\",\"name\":\"17 kreative Rezepte f\u00fcr Desserts im Glas - Women At Work Shop\",\"isPartOf\":{\"@id\":\"https:\\\/\\\/women-at.work\\\/shop\\\/#website\"},\"primaryImageOfPage\":{\"@id\":\"https:\\\/\\\/women-at.work\\\/shop\\\/produkt\\\/17-rezepte-fuer-desserts-im-glas\\\/#primaryimage\"},\"image\":{\"@id\":\"https:\\\/\\\/women-at.work\\\/shop\\\/produkt\\\/17-rezepte-fuer-desserts-im-glas\\\/#primaryimage\"},\"thumbnailUrl\":\"https:\\\/\\\/women-at.work\\\/shop\\\/wp-content\\\/uploads\\\/2019\\\/11\\\/Dessert-EBook-Cover-1.jpg\",\"datePublished\":\"2019-11-19T07:23:12+00:00\",\"dateModified\":\"2025-09-08T18:16:56+00:00\",\"breadcrumb\":{\"@id\":\"https:\\\/\\\/women-at.work\\\/shop\\\/produkt\\\/17-rezepte-fuer-desserts-im-glas\\\/#breadcrumb\"},\"inLanguage\":\"de\",\"potentialAction\":[{\"@type\":\"ReadAction\",\"target\":[\"https:\\\/\\\/women-at.work\\\/shop\\\/produkt\\\/17-rezepte-fuer-desserts-im-glas\\\/\"]}]},{\"@type\":\"ImageObject\",\"inLanguage\":\"de\",\"@id\":\"https:\\\/\\\/women-at.work\\\/shop\\\/produkt\\\/17-rezepte-fuer-desserts-im-glas\\\/#primaryimage\",\"url\":\"https:\\\/\\\/women-at.work\\\/shop\\\/wp-content\\\/uploads\\\/2019\\\/11\\\/Dessert-EBook-Cover-1.jpg\",\"contentUrl\":\"https:\\\/\\\/women-at.work\\\/shop\\\/wp-content\\\/uploads\\\/2019\\\/11\\\/Dessert-EBook-Cover-1.jpg\",\"width\":800,\"height\":847},{\"@type\":\"BreadcrumbList\",\"@id\":\"https:\\\/\\\/women-at.work\\\/shop\\\/produkt\\\/17-rezepte-fuer-desserts-im-glas\\\/#breadcrumb\",\"itemListElement\":[{\"@type\":\"ListItem\",\"position\":1,\"name\":\"Startseite\",\"item\":\"https:\\\/\\\/women-at.work\\\/shop\\\/\"},{\"@type\":\"ListItem\",\"position\":2,\"name\":\"Shop\",\"item\":\"https:\\\/\\\/women-at.work\\\/shop\\\/shop\\\/\"},{\"@type\":\"ListItem\",\"position\":3,\"name\":\"17 kreative Rezepte f\u00fcr Desserts im Glas\"}]},{\"@type\":\"WebSite\",\"@id\":\"https:\\\/\\\/women-at.work\\\/shop\\\/#website\",\"url\":\"https:\\\/\\\/women-at.work\\\/shop\\\/\",\"name\":\"Women At Work Shop\",\"description\":\"Wundervolle Produkte f\u00fcr besondere Menschen\",\"publisher\":{\"@id\":\"https:\\\/\\\/women-at.work\\\/shop\\\/#organization\"},\"potentialAction\":[{\"@type\":\"SearchAction\",\"target\":{\"@type\":\"EntryPoint\",\"urlTemplate\":\"https:\\\/\\\/women-at.work\\\/shop\\\/?s={search_term_string}\"},\"query-input\":{\"@type\":\"PropertyValueSpecification\",\"valueRequired\":true,\"valueName\":\"search_term_string\"}}],\"inLanguage\":\"de\"},{\"@type\":\"Organization\",\"@id\":\"https:\\\/\\\/women-at.work\\\/shop\\\/#organization\",\"name\":\"Women At Work Shop\",\"url\":\"https:\\\/\\\/women-at.work\\\/shop\\\/\",\"logo\":{\"@type\":\"ImageObject\",\"inLanguage\":\"de\",\"@id\":\"https:\\\/\\\/women-at.work\\\/shop\\\/#\\\/schema\\\/logo\\\/image\\\/\",\"url\":\"https:\\\/\\\/women-at.work\\\/shop\\\/wp-content\\\/uploads\\\/2017\\\/05\\\/Shop_Logo.png\",\"contentUrl\":\"https:\\\/\\\/women-at.work\\\/shop\\\/wp-content\\\/uploads\\\/2017\\\/05\\\/Shop_Logo.png\",\"width\":305,\"height\":297,\"caption\":\"Women At Work Shop\"},\"image\":{\"@id\":\"https:\\\/\\\/women-at.work\\\/shop\\\/#\\\/schema\\\/logo\\\/image\\\/\"}}]}<\/script>\n<!-- \/ Yoast SEO plugin. -->","yoast_head_json":{"title":"17 kreative Rezepte f\u00fcr Desserts im Glas - Women At Work Shop","robots":{"index":"index","follow":"follow","max-snippet":"max-snippet:-1","max-image-preview":"max-image-preview:large","max-video-preview":"max-video-preview:-1"},"canonical":"https:\/\/women-at.work\/shop\/produkt\/17-rezepte-fuer-desserts-im-glas\/","og_locale":"de_DE","og_type":"article","og_title":"17 kreative Rezepte f\u00fcr Desserts im Glas - Women At Work Shop","og_description":"Wir sind jetzt mal ehrlich: Auf das Dessert freuen wir uns bei einem 3-G\u00e4nge-Men\u00fc immer am meisten, oder? Kein Wunder, denn dies ist der kr\u00f6nende Abschluss eines gelungenen Abends. Daf\u00fcr brauchen wir auch ein richtig gutes Dessert! Tobt euch euch mit diesem E-Book aus, hinter dem 17 s\u00fc\u00dfe Rezepte versteckt sind.","og_url":"https:\/\/women-at.work\/shop\/produkt\/17-rezepte-fuer-desserts-im-glas\/","og_site_name":"Women At Work Shop","article_modified_time":"2025-09-08T18:16:56+00:00","og_image":[{"width":800,"height":847,"url":"https:\/\/women-at.work\/shop\/wp-content\/uploads\/2019\/11\/Dessert-EBook-Cover-1.jpg","type":"image\/jpeg"}],"twitter_card":"summary_large_image","twitter_misc":{"Gesch\u00e4tzte Lesezeit":"1\u00a0Minute"},"schema":{"@context":"https:\/\/schema.org","@graph":[{"@type":"WebPage","@id":"https:\/\/women-at.work\/shop\/produkt\/17-rezepte-fuer-desserts-im-glas\/","url":"https:\/\/women-at.work\/shop\/produkt\/17-rezepte-fuer-desserts-im-glas\/","name":"17 kreative Rezepte f\u00fcr Desserts im Glas - Women At Work Shop","isPartOf":{"@id":"https:\/\/women-at.work\/shop\/#website"},"primaryImageOfPage":{"@id":"https:\/\/women-at.work\/shop\/produkt\/17-rezepte-fuer-desserts-im-glas\/#primaryimage"},"image":{"@id":"https:\/\/women-at.work\/shop\/produkt\/17-rezepte-fuer-desserts-im-glas\/#primaryimage"},"thumbnailUrl":"https:\/\/women-at.work\/shop\/wp-content\/uploads\/2019\/11\/Dessert-EBook-Cover-1.jpg","datePublished":"2019-11-19T07:23:12+00:00","dateModified":"2025-09-08T18:16:56+00:00","breadcrumb":{"@id":"https:\/\/women-at.work\/shop\/produkt\/17-rezepte-fuer-desserts-im-glas\/#breadcrumb"},"inLanguage":"de","potentialAction":[{"@type":"ReadAction","target":["https:\/\/women-at.work\/shop\/produkt\/17-rezepte-fuer-desserts-im-glas\/"]}]},{"@type":"ImageObject","inLanguage":"de","@id":"https:\/\/women-at.work\/shop\/produkt\/17-rezepte-fuer-desserts-im-glas\/#primaryimage","url":"https:\/\/women-at.work\/shop\/wp-content\/uploads\/2019\/11\/Dessert-EBook-Cover-1.jpg","contentUrl":"https:\/\/women-at.work\/shop\/wp-content\/uploads\/2019\/11\/Dessert-EBook-Cover-1.jpg","width":800,"height":847},{"@type":"BreadcrumbList","@id":"https:\/\/women-at.work\/shop\/produkt\/17-rezepte-fuer-desserts-im-glas\/#breadcrumb","itemListElement":[{"@type":"ListItem","position":1,"name":"Startseite","item":"https:\/\/women-at.work\/shop\/"},{"@type":"ListItem","position":2,"name":"Shop","item":"https:\/\/women-at.work\/shop\/shop\/"},{"@type":"ListItem","position":3,"name":"17 kreative Rezepte f\u00fcr Desserts im Glas"}]},{"@type":"WebSite","@id":"https:\/\/women-at.work\/shop\/#website","url":"https:\/\/women-at.work\/shop\/","name":"Women At Work Shop","description":"Wundervolle Produkte f\u00fcr besondere Menschen","publisher":{"@id":"https:\/\/women-at.work\/shop\/#organization"},"potentialAction":[{"@type":"SearchAction","target":{"@type":"EntryPoint","urlTemplate":"https:\/\/women-at.work\/shop\/?s={search_term_string}"},"query-input":{"@type":"PropertyValueSpecification","valueRequired":true,"valueName":"search_term_string"}}],"inLanguage":"de"},{"@type":"Organization","@id":"https:\/\/women-at.work\/shop\/#organization","name":"Women At Work Shop","url":"https:\/\/women-at.work\/shop\/","logo":{"@type":"ImageObject","inLanguage":"de","@id":"https:\/\/women-at.work\/shop\/#\/schema\/logo\/image\/","url":"https:\/\/women-at.work\/shop\/wp-content\/uploads\/2017\/05\/Shop_Logo.png","contentUrl":"https:\/\/women-at.work\/shop\/wp-content\/uploads\/2017\/05\/Shop_Logo.png","width":305,"height":297,"caption":"Women At Work Shop"},"image":{"@id":"https:\/\/women-at.work\/shop\/#\/schema\/logo\/image\/"}}]}},"_links":{"self":[{"href":"https:\/\/women-at.work\/shop\/wp-json\/wp\/v2\/product\/3531","targetHints":{"allow":["GET"]}}],"collection":[{"href":"https:\/\/women-at.work\/shop\/wp-json\/wp\/v2\/product"}],"about":[{"href":"https:\/\/women-at.work\/shop\/wp-json\/wp\/v2\/types\/product"}],"replies":[{"embeddable":true,"href":"https:\/\/women-at.work\/shop\/wp-json\/wp\/v2\/comments?post=3531"}],"wp:featuredmedia":[{"embeddable":true,"href":"https:\/\/women-at.work\/shop\/wp-json\/wp\/v2\/media\/3535"}],"wp:attachment":[{"href":"https:\/\/women-at.work\/shop\/wp-json\/wp\/v2\/media?parent=3531"}],"wp:term":[{"taxonomy":"product_brand","embeddable":true,"href":"https:\/\/women-at.work\/shop\/wp-json\/wp\/v2\/product_brand?post=3531"},{"taxonomy":"product_cat","embeddable":true,"href":"https:\/\/women-at.work\/shop\/wp-json\/wp\/v2\/product_cat?post=3531"},{"taxonomy":"product_tag","embeddable":true,"href":"https:\/\/women-at.work\/shop\/wp-json\/wp\/v2\/product_tag?post=3531"}],"curies":[{"name":"wp","href":"https:\/\/api.w.org\/{rel}","templated":true}]}}