{"id":33622,"date":"2026-05-15T20:38:15","date_gmt":"2026-05-15T18:38:15","guid":{"rendered":"https:\/\/women-at.work\/shop\/?post_type=product&#038;p=33622"},"modified":"2026-05-15T20:47:08","modified_gmt":"2026-05-15T18:47:08","slug":"duplo-banderole-schulkind","status":"publish","type":"product","link":"https:\/\/women-at.work\/shop\/produkt\/duplo-banderole-schulkind\/","title":{"rendered":"duplo Banderole &#8222;Schulkind&#8220; | Vorlage zum Ausdrucken"},"content":{"rendered":"<p>Duplo Banderole zur Einschulung \u2013 Geschenkidee zum Schulanfang<br \/>\nDiese liebevoll gestaltete Banderole zur Einschulung macht kleine Geschenke zum Schulstart zu etwas ganz Besonderem. Perfekt geeignet f\u00fcr Duplo-Riegel, kleine Mitbringsel oder Gastgeschenke zur Einschulungsfeier. Ideal als Aufmerksamkeit f\u00fcr Schulkinder, Erstkl\u00e4ssler und ABC-Sch\u00fctzen.<\/p>\n<p>\u2714 perfekt zur Einschulung &amp; zum Schulanfang<br \/>\n\u2714 geeignet f\u00fcr Schuleinf\u00fchrung, Zuckert\u00fcte &amp; Schult\u00fcte<br \/>\n\u2714 DIY Geschenkidee f\u00fcr Kinder<br \/>\n\u2714 sofortiger Download \/ digitale Datei<br \/>\n\u2714 ideal f\u00fcr M\u00e4dchen und Jungen<\/p>\n<p>Ob als Deko f\u00fcr die Einschulungsfeier, kleines Geschenk f\u00fcr die Schult\u00fcte oder Mitgebsel f\u00fcr G\u00e4ste \u2013 diese Einschulungs-Banderole sorgt f\u00fcr einen besonderen Start in die 1. Klasse.<\/p>\n<p>Achtung: Klappt nicht mit Sonder-Editionen von Duplo. Bitte die originalen Verpackungen nehmen.<\/p>\n<p>In dem Paket enthalten sind:<\/p>\n<p>\u2013 2 Banderolen \u201eDu bist 1. Klasse&#8220; und &#8222;Endlich Schulkind&#8220;<br \/>\n&#8211; 2 Schult\u00fcten Hintergr\u00fcnde f\u00fcr M\u00e4dchen und Jungen<br \/>\n\u2013 19 Duplo Spr\u00fcche \/ 19 verschiedene Motive zum Schulanfang mit passenden Spr\u00fcchen<br \/>\n&#8211; 19 Motive ohne Spr\u00fcche<\/p>\n<p>&nbsp;<\/p>\n<p>Sobald die Zahlung bei uns eingegangen ist, wird der Download-Link an dich per E-Mail verschickt. Bei Zahlung per PayPal, ist der Download sofort verf\u00fcgbar. <strong>Sollte die E-Mail nicht automatisch an Sie versendet werden, wenden Sie sich bitte an unseren Kundenservice per E-Mail oder Telefon. Bitte er\u00f6ffnen Sie keinen Fall bei PayPal. So k\u00f6nnen wir Ihnen schneller weiterhelfen!<\/strong><\/p>\n<p><em>Unbezahlte Werbung f\u00fcr duplo. Es besteht keine Kooperation mit duplo. Die Riegel werden nicht mitversendet und dienen nur als Pr\u00e4sentationsvorschlag. Vorlage kann vom Vorschaubild leicht abweichen.<\/em><\/p>\n<p>Die Vorlage ist f\u00fcr den privaten Gebrauch und darf nicht f\u00fcr kommerzielle Zwecke genutzt werden.<\/p>\n","protected":false},"excerpt":{"rendered":"<p>Duplo Banderole zur Einschulung \u2013 Geschenkidee zum Schulanfang<\/p>\n","protected":false},"featured_media":33625,"comment_status":"open","ping_status":"closed","template":"","meta":[],"product_brand":[],"product_cat":[409,403,268],"product_tag":[462,463,464,465,466,269,270,894,895,267,449,450,886,891,890,467,315,889,887,452,453,454,468,469,888,455,456,892,893,470,471,460,461,297,348],"class_list":{"0":"post-33622","1":"product","2":"type-product","3":"status-publish","4":"has-post-thumbnail","6":"product_cat-kinder","7":"product_cat-schule","8":"product_cat-vorlagen","9":"product_tag-abschied","10":"product_tag-abschiedsgeschenk","11":"product_tag-abschiedsgeschenk-grundschule","12":"product_tag-abschiedsgeschenk-kita-selbstgemacht","13":"product_tag-dankeschoen-fuer-erzieher-basteln","14":"product_tag-diy","15":"product_tag-diy-geschenk","16":"product_tag-duplo","17":"product_tag-duplo-banderole","18":"product_tag-duplo-du-bist-sprueche","19":"product_tag-erzieher","20":"product_tag-erzieherin","21":"product_tag-geschenk-erzieherin","22":"product_tag-geschenk-lehrer","23":"product_tag-geschenk-lehrerin","24":"product_tag-geschenk-zum-schuljahresende-diy","25":"product_tag-geschenkidee","26":"product_tag-geschenkidee-fuer-erzieherin","27":"product_tag-geschenkidee-kindergarte","28":"product_tag-grundschule","29":"product_tag-kinder","30":"product_tag-kindergarten","31":"product_tag-kita","32":"product_tag-kleine-aufmerksamkeit-lehrer-ende-schuljahr","33":"product_tag-kleinigkeit-erzieherin-geschenk","34":"product_tag-last-minute-geschenk","35":"product_tag-lehrer","36":"product_tag-schule","37":"product_tag-schulferien","38":"product_tag-schuljahr","39":"product_tag-schuljahr-abschied-geschenkidee","40":"product_tag-smarties","41":"product_tag-smarties-geschenk","42":"product_tag-vorlage","43":"product_tag-vorlage-zum-ausdrucken","44":"product_shipping_class-virtuelle-produkte","46":"first","47":"instock","48":"downloadable","49":"virtual","50":"taxable","51":"purchasable","52":"product-type-simple"},"yoast_head":"<!-- This site is optimized with the Yoast SEO plugin v27.6 - https:\/\/yoast.com\/product\/yoast-seo-wordpress\/ -->\n<title>Endlich Schulkind Etiketten | Vorlage zum Ausdrucken<\/title>\n<meta name=\"description\" content=\"Eine schnelle Duplo &quot;Du bist&quot;-Vorlage zum Ausdrucken f\u00fcr den den Schulanfang, zur Einschulung f\u00fcr das Schulkind hier bestellen.\" \/>\n<meta name=\"robots\" content=\"index, follow, max-snippet:-1, max-image-preview:large, max-video-preview:-1\" \/>\n<link rel=\"canonical\" href=\"https:\/\/women-at.work\/shop\/produkt\/duplo-banderole-schulkind\/\" \/>\n<meta property=\"og:locale\" content=\"de_DE\" \/>\n<meta property=\"og:type\" content=\"article\" \/>\n<meta property=\"og:title\" content=\"Endlich Schulkind Etiketten | Vorlage zum Ausdrucken\" \/>\n<meta property=\"og:description\" content=\"Eine schnelle Duplo &quot;Du bist&quot;-Vorlage zum Ausdrucken f\u00fcr den den Schulanfang, zur Einschulung f\u00fcr das Schulkind hier bestellen.\" \/>\n<meta property=\"og:url\" content=\"https:\/\/women-at.work\/shop\/produkt\/duplo-banderole-schulkind\/\" \/>\n<meta property=\"og:site_name\" content=\"Women At Work Shop\" \/>\n<meta property=\"article:modified_time\" content=\"2026-05-15T18:47:08+00:00\" \/>\n<meta property=\"og:image\" content=\"https:\/\/women-at.work\/shop\/wp-content\/uploads\/2026\/05\/duplo-banderole-schulkind3.jpg\" \/>\n\t<meta property=\"og:image:width\" content=\"1138\" \/>\n\t<meta property=\"og:image:height\" content=\"1708\" \/>\n\t<meta property=\"og:image:type\" content=\"image\/jpeg\" \/>\n<meta name=\"twitter:card\" content=\"summary_large_image\" \/>\n<meta name=\"twitter:label1\" content=\"Gesch\u00e4tzte Lesezeit\" \/>\n\t<meta name=\"twitter:data1\" content=\"2\u00a0Minuten\" \/>\n<script type=\"application\/ld+json\" class=\"yoast-schema-graph\">{\"@context\":\"https:\\\/\\\/schema.org\",\"@graph\":[{\"@type\":\"WebPage\",\"@id\":\"https:\\\/\\\/women-at.work\\\/shop\\\/produkt\\\/duplo-banderole-schulkind\\\/\",\"url\":\"https:\\\/\\\/women-at.work\\\/shop\\\/produkt\\\/duplo-banderole-schulkind\\\/\",\"name\":\"Endlich Schulkind Etiketten | Vorlage zum Ausdrucken\",\"isPartOf\":{\"@id\":\"https:\\\/\\\/women-at.work\\\/shop\\\/#website\"},\"primaryImageOfPage\":{\"@id\":\"https:\\\/\\\/women-at.work\\\/shop\\\/produkt\\\/duplo-banderole-schulkind\\\/#primaryimage\"},\"image\":{\"@id\":\"https:\\\/\\\/women-at.work\\\/shop\\\/produkt\\\/duplo-banderole-schulkind\\\/#primaryimage\"},\"thumbnailUrl\":\"https:\\\/\\\/women-at.work\\\/shop\\\/wp-content\\\/uploads\\\/2026\\\/05\\\/duplo-banderole-schulkind3.jpg\",\"datePublished\":\"2026-05-15T18:38:15+00:00\",\"dateModified\":\"2026-05-15T18:47:08+00:00\",\"description\":\"Eine schnelle Duplo \\\"Du bist\\\"-Vorlage zum Ausdrucken f\u00fcr den den Schulanfang, zur Einschulung f\u00fcr das Schulkind hier bestellen.\",\"breadcrumb\":{\"@id\":\"https:\\\/\\\/women-at.work\\\/shop\\\/produkt\\\/duplo-banderole-schulkind\\\/#breadcrumb\"},\"inLanguage\":\"de\",\"potentialAction\":[{\"@type\":\"ReadAction\",\"target\":[\"https:\\\/\\\/women-at.work\\\/shop\\\/produkt\\\/duplo-banderole-schulkind\\\/\"]}]},{\"@type\":\"ImageObject\",\"inLanguage\":\"de\",\"@id\":\"https:\\\/\\\/women-at.work\\\/shop\\\/produkt\\\/duplo-banderole-schulkind\\\/#primaryimage\",\"url\":\"https:\\\/\\\/women-at.work\\\/shop\\\/wp-content\\\/uploads\\\/2026\\\/05\\\/duplo-banderole-schulkind3.jpg\",\"contentUrl\":\"https:\\\/\\\/women-at.work\\\/shop\\\/wp-content\\\/uploads\\\/2026\\\/05\\\/duplo-banderole-schulkind3.jpg\",\"width\":1138,\"height\":1708},{\"@type\":\"BreadcrumbList\",\"@id\":\"https:\\\/\\\/women-at.work\\\/shop\\\/produkt\\\/duplo-banderole-schulkind\\\/#breadcrumb\",\"itemListElement\":[{\"@type\":\"ListItem\",\"position\":1,\"name\":\"Startseite\",\"item\":\"https:\\\/\\\/women-at.work\\\/shop\\\/\"},{\"@type\":\"ListItem\",\"position\":2,\"name\":\"Shop\",\"item\":\"https:\\\/\\\/women-at.work\\\/shop\\\/shop\\\/\"},{\"@type\":\"ListItem\",\"position\":3,\"name\":\"duplo Banderole &#8222;Schulkind&#8220; | Vorlage zum Ausdrucken\"}]},{\"@type\":\"WebSite\",\"@id\":\"https:\\\/\\\/women-at.work\\\/shop\\\/#website\",\"url\":\"https:\\\/\\\/women-at.work\\\/shop\\\/\",\"name\":\"Women At Work Shop\",\"description\":\"Wundervolle Produkte f\u00fcr besondere Menschen\",\"publisher\":{\"@id\":\"https:\\\/\\\/women-at.work\\\/shop\\\/#organization\"},\"potentialAction\":[{\"@type\":\"SearchAction\",\"target\":{\"@type\":\"EntryPoint\",\"urlTemplate\":\"https:\\\/\\\/women-at.work\\\/shop\\\/?s={search_term_string}\"},\"query-input\":{\"@type\":\"PropertyValueSpecification\",\"valueRequired\":true,\"valueName\":\"search_term_string\"}}],\"inLanguage\":\"de\"},{\"@type\":\"Organization\",\"@id\":\"https:\\\/\\\/women-at.work\\\/shop\\\/#organization\",\"name\":\"Women At Work Shop\",\"url\":\"https:\\\/\\\/women-at.work\\\/shop\\\/\",\"logo\":{\"@type\":\"ImageObject\",\"inLanguage\":\"de\",\"@id\":\"https:\\\/\\\/women-at.work\\\/shop\\\/#\\\/schema\\\/logo\\\/image\\\/\",\"url\":\"https:\\\/\\\/women-at.work\\\/shop\\\/wp-content\\\/uploads\\\/2017\\\/05\\\/Shop_Logo.png\",\"contentUrl\":\"https:\\\/\\\/women-at.work\\\/shop\\\/wp-content\\\/uploads\\\/2017\\\/05\\\/Shop_Logo.png\",\"width\":305,\"height\":297,\"caption\":\"Women At Work Shop\"},\"image\":{\"@id\":\"https:\\\/\\\/women-at.work\\\/shop\\\/#\\\/schema\\\/logo\\\/image\\\/\"}}]}<\/script>\n<!-- \/ Yoast SEO plugin. -->","yoast_head_json":{"title":"Endlich Schulkind Etiketten | Vorlage zum Ausdrucken","description":"Eine schnelle Duplo \"Du bist\"-Vorlage zum Ausdrucken f\u00fcr den den Schulanfang, zur Einschulung f\u00fcr das Schulkind hier bestellen.","robots":{"index":"index","follow":"follow","max-snippet":"max-snippet:-1","max-image-preview":"max-image-preview:large","max-video-preview":"max-video-preview:-1"},"canonical":"https:\/\/women-at.work\/shop\/produkt\/duplo-banderole-schulkind\/","og_locale":"de_DE","og_type":"article","og_title":"Endlich Schulkind Etiketten | Vorlage zum Ausdrucken","og_description":"Eine schnelle Duplo \"Du bist\"-Vorlage zum Ausdrucken f\u00fcr den den Schulanfang, zur Einschulung f\u00fcr das Schulkind hier bestellen.","og_url":"https:\/\/women-at.work\/shop\/produkt\/duplo-banderole-schulkind\/","og_site_name":"Women At Work Shop","article_modified_time":"2026-05-15T18:47:08+00:00","og_image":[{"width":1138,"height":1708,"url":"https:\/\/women-at.work\/shop\/wp-content\/uploads\/2026\/05\/duplo-banderole-schulkind3.jpg","type":"image\/jpeg"}],"twitter_card":"summary_large_image","twitter_misc":{"Gesch\u00e4tzte Lesezeit":"2\u00a0Minuten"},"schema":{"@context":"https:\/\/schema.org","@graph":[{"@type":"WebPage","@id":"https:\/\/women-at.work\/shop\/produkt\/duplo-banderole-schulkind\/","url":"https:\/\/women-at.work\/shop\/produkt\/duplo-banderole-schulkind\/","name":"Endlich Schulkind Etiketten | Vorlage zum Ausdrucken","isPartOf":{"@id":"https:\/\/women-at.work\/shop\/#website"},"primaryImageOfPage":{"@id":"https:\/\/women-at.work\/shop\/produkt\/duplo-banderole-schulkind\/#primaryimage"},"image":{"@id":"https:\/\/women-at.work\/shop\/produkt\/duplo-banderole-schulkind\/#primaryimage"},"thumbnailUrl":"https:\/\/women-at.work\/shop\/wp-content\/uploads\/2026\/05\/duplo-banderole-schulkind3.jpg","datePublished":"2026-05-15T18:38:15+00:00","dateModified":"2026-05-15T18:47:08+00:00","description":"Eine schnelle Duplo \"Du bist\"-Vorlage zum Ausdrucken f\u00fcr den den Schulanfang, zur Einschulung f\u00fcr das Schulkind hier bestellen.","breadcrumb":{"@id":"https:\/\/women-at.work\/shop\/produkt\/duplo-banderole-schulkind\/#breadcrumb"},"inLanguage":"de","potentialAction":[{"@type":"ReadAction","target":["https:\/\/women-at.work\/shop\/produkt\/duplo-banderole-schulkind\/"]}]},{"@type":"ImageObject","inLanguage":"de","@id":"https:\/\/women-at.work\/shop\/produkt\/duplo-banderole-schulkind\/#primaryimage","url":"https:\/\/women-at.work\/shop\/wp-content\/uploads\/2026\/05\/duplo-banderole-schulkind3.jpg","contentUrl":"https:\/\/women-at.work\/shop\/wp-content\/uploads\/2026\/05\/duplo-banderole-schulkind3.jpg","width":1138,"height":1708},{"@type":"BreadcrumbList","@id":"https:\/\/women-at.work\/shop\/produkt\/duplo-banderole-schulkind\/#breadcrumb","itemListElement":[{"@type":"ListItem","position":1,"name":"Startseite","item":"https:\/\/women-at.work\/shop\/"},{"@type":"ListItem","position":2,"name":"Shop","item":"https:\/\/women-at.work\/shop\/shop\/"},{"@type":"ListItem","position":3,"name":"duplo Banderole &#8222;Schulkind&#8220; | Vorlage zum Ausdrucken"}]},{"@type":"WebSite","@id":"https:\/\/women-at.work\/shop\/#website","url":"https:\/\/women-at.work\/shop\/","name":"Women At Work Shop","description":"Wundervolle Produkte f\u00fcr besondere Menschen","publisher":{"@id":"https:\/\/women-at.work\/shop\/#organization"},"potentialAction":[{"@type":"SearchAction","target":{"@type":"EntryPoint","urlTemplate":"https:\/\/women-at.work\/shop\/?s={search_term_string}"},"query-input":{"@type":"PropertyValueSpecification","valueRequired":true,"valueName":"search_term_string"}}],"inLanguage":"de"},{"@type":"Organization","@id":"https:\/\/women-at.work\/shop\/#organization","name":"Women At Work Shop","url":"https:\/\/women-at.work\/shop\/","logo":{"@type":"ImageObject","inLanguage":"de","@id":"https:\/\/women-at.work\/shop\/#\/schema\/logo\/image\/","url":"https:\/\/women-at.work\/shop\/wp-content\/uploads\/2017\/05\/Shop_Logo.png","contentUrl":"https:\/\/women-at.work\/shop\/wp-content\/uploads\/2017\/05\/Shop_Logo.png","width":305,"height":297,"caption":"Women At Work Shop"},"image":{"@id":"https:\/\/women-at.work\/shop\/#\/schema\/logo\/image\/"}}]}},"_links":{"self":[{"href":"https:\/\/women-at.work\/shop\/wp-json\/wp\/v2\/product\/33622","targetHints":{"allow":["GET"]}}],"collection":[{"href":"https:\/\/women-at.work\/shop\/wp-json\/wp\/v2\/product"}],"about":[{"href":"https:\/\/women-at.work\/shop\/wp-json\/wp\/v2\/types\/product"}],"replies":[{"embeddable":true,"href":"https:\/\/women-at.work\/shop\/wp-json\/wp\/v2\/comments?post=33622"}],"wp:featuredmedia":[{"embeddable":true,"href":"https:\/\/women-at.work\/shop\/wp-json\/wp\/v2\/media\/33625"}],"wp:attachment":[{"href":"https:\/\/women-at.work\/shop\/wp-json\/wp\/v2\/media?parent=33622"}],"wp:term":[{"taxonomy":"product_brand","embeddable":true,"href":"https:\/\/women-at.work\/shop\/wp-json\/wp\/v2\/product_brand?post=33622"},{"taxonomy":"product_cat","embeddable":true,"href":"https:\/\/women-at.work\/shop\/wp-json\/wp\/v2\/product_cat?post=33622"},{"taxonomy":"product_tag","embeddable":true,"href":"https:\/\/women-at.work\/shop\/wp-json\/wp\/v2\/product_tag?post=33622"}],"curies":[{"name":"wp","href":"https:\/\/api.w.org\/{rel}","templated":true}]}}