{"id":33139,"date":"2026-03-10T16:23:38","date_gmt":"2026-03-10T15:23:38","guid":{"rendered":"https:\/\/women-at.work\/shop\/?post_type=product&#038;p=33139"},"modified":"2026-05-15T20:47:41","modified_gmt":"2026-05-15T18:47:41","slug":"endlich-schulkind-etiketten-vorlage-zum-ausdrucken","status":"publish","type":"product","link":"https:\/\/women-at.work\/shop\/produkt\/endlich-schulkind-etiketten-vorlage-zum-ausdrucken\/","title":{"rendered":"Endlich Schulkind Etiketten | Vorlage zum Ausdrucken"},"content":{"rendered":"<p>Endlich Schulkind &#8211; Tsch\u00fcss Kindergarten als Abschiedsgeschenk f\u00fcr Kita und Start der Einschulung in die 1. Klasse gestalten.<\/p>\n<p>In dem Paket enthalten ist eine Vorlage \/Etiketten zum Ausdrucken, um sie an Mini-S\u00fc\u00dfigkeitent\u00fcten zu kleben. Es gibt zwei Gr\u00f6\u00dfen.<\/p>\n<p>Sobald die Zahlung bei uns eingegangen ist, wird der Download-Link an dich per E-Mail verschickt. Bei Zahlung per PayPal, ist der Download sofort verf\u00fcgbar. <strong>Sollte die E-Mail nicht automatisch an Sie versendet werden, wenden Sie sich bitte an unseren Kundenservice per E-Mail oder Telefon. Bitte er\u00f6ffnen Sie keinen Fall bei PayPal. So k\u00f6nnen wir Ihnen schneller weiterhelfen!<\/strong><\/p>\n<p><em>Die Haribos werden nicht versendet und es besteht keine Kooperation. Sie dienen nur als Pr\u00e4sentationsvorschlag.<\/em><\/p>\n<p>Die Vorlage ist f\u00fcr den privaten Gebrauch und darf nicht f\u00fcr kommerzielle Zwecke genutzt werden.<\/p>\n","protected":false},"excerpt":{"rendered":"<p>Endlich Schulkind &#8211; Tsch\u00fcss Kindergarten als Abschiedsgeschenk f\u00fcr Kita und Start der Einschulung in die 1. Klasse gestalten.<\/p>\n","protected":false},"featured_media":33141,"comment_status":"open","ping_status":"closed","template":"","meta":[],"product_brand":[],"product_cat":[409,403,268],"product_tag":[462,463,464,465,466,269,270,449,450,886,891,890,467,315,889,887,452,453,454,468,469,888,455,456,892,893,470,471,460,461,297,348],"class_list":{"0":"post-33139","1":"product","2":"type-product","3":"status-publish","4":"has-post-thumbnail","6":"product_cat-kinder","7":"product_cat-schule","8":"product_cat-vorlagen","9":"product_tag-abschied","10":"product_tag-abschiedsgeschenk","11":"product_tag-abschiedsgeschenk-grundschule","12":"product_tag-abschiedsgeschenk-kita-selbstgemacht","13":"product_tag-dankeschoen-fuer-erzieher-basteln","14":"product_tag-diy","15":"product_tag-diy-geschenk","16":"product_tag-erzieher","17":"product_tag-erzieherin","18":"product_tag-geschenk-erzieherin","19":"product_tag-geschenk-lehrer","20":"product_tag-geschenk-lehrerin","21":"product_tag-geschenk-zum-schuljahresende-diy","22":"product_tag-geschenkidee","23":"product_tag-geschenkidee-fuer-erzieherin","24":"product_tag-geschenkidee-kindergarte","25":"product_tag-grundschule","26":"product_tag-kinder","27":"product_tag-kindergarten","28":"product_tag-kita","29":"product_tag-kleine-aufmerksamkeit-lehrer-ende-schuljahr","30":"product_tag-kleinigkeit-erzieherin-geschenk","31":"product_tag-last-minute-geschenk","32":"product_tag-lehrer","33":"product_tag-schule","34":"product_tag-schulferien","35":"product_tag-schuljahr","36":"product_tag-schuljahr-abschied-geschenkidee","37":"product_tag-smarties","38":"product_tag-smarties-geschenk","39":"product_tag-vorlage","40":"product_tag-vorlage-zum-ausdrucken","41":"product_shipping_class-virtuelle-produkte","43":"first","44":"instock","45":"downloadable","46":"virtual","47":"taxable","48":"purchasable","49":"product-type-simple"},"yoast_head":"<!-- This site is optimized with the Yoast SEO plugin v27.6 - https:\/\/yoast.com\/product\/yoast-seo-wordpress\/ -->\n<title>Endlich Schulkind Etiketten | Vorlage zum Ausdrucken<\/title>\n<meta name=\"description\" content=\"Endlich Schulkind Etiketten als Abschiedsgeschenk f\u00fcr Kita und Schuljahr. Drucke unsere Vorlage aus und verschenke die kleinen T\u00fcten.\" \/>\n<meta name=\"robots\" content=\"index, follow, max-snippet:-1, max-image-preview:large, max-video-preview:-1\" \/>\n<link rel=\"canonical\" href=\"https:\/\/women-at.work\/shop\/produkt\/endlich-schulkind-etiketten-vorlage-zum-ausdrucken\/\" \/>\n<meta property=\"og:locale\" content=\"de_DE\" \/>\n<meta property=\"og:type\" content=\"article\" \/>\n<meta property=\"og:title\" content=\"Endlich Schulkind Etiketten | Vorlage zum Ausdrucken\" \/>\n<meta property=\"og:description\" content=\"Endlich Schulkind Etiketten als Abschiedsgeschenk f\u00fcr Kita und Schuljahr. Drucke unsere Vorlage aus und verschenke die kleinen T\u00fcten.\" \/>\n<meta property=\"og:url\" content=\"https:\/\/women-at.work\/shop\/produkt\/endlich-schulkind-etiketten-vorlage-zum-ausdrucken\/\" \/>\n<meta property=\"og:site_name\" content=\"Women At Work Shop\" \/>\n<meta property=\"article:modified_time\" content=\"2026-05-15T18:47:41+00:00\" \/>\n<meta property=\"og:image\" content=\"https:\/\/women-at.work\/shop\/wp-content\/uploads\/2026\/05\/Endlich-Schulkind.jpg\" \/>\n\t<meta property=\"og:image:width\" content=\"933\" \/>\n\t<meta property=\"og:image:height\" content=\"1399\" \/>\n\t<meta property=\"og:image:type\" content=\"image\/jpeg\" \/>\n<meta name=\"twitter:card\" content=\"summary_large_image\" \/>\n<meta name=\"twitter:label1\" content=\"Gesch\u00e4tzte Lesezeit\" \/>\n\t<meta name=\"twitter:data1\" content=\"1\u00a0Minute\" \/>\n<script type=\"application\/ld+json\" class=\"yoast-schema-graph\">{\"@context\":\"https:\\\/\\\/schema.org\",\"@graph\":[{\"@type\":\"WebPage\",\"@id\":\"https:\\\/\\\/women-at.work\\\/shop\\\/produkt\\\/endlich-schulkind-etiketten-vorlage-zum-ausdrucken\\\/\",\"url\":\"https:\\\/\\\/women-at.work\\\/shop\\\/produkt\\\/endlich-schulkind-etiketten-vorlage-zum-ausdrucken\\\/\",\"name\":\"Endlich Schulkind Etiketten | Vorlage zum Ausdrucken\",\"isPartOf\":{\"@id\":\"https:\\\/\\\/women-at.work\\\/shop\\\/#website\"},\"primaryImageOfPage\":{\"@id\":\"https:\\\/\\\/women-at.work\\\/shop\\\/produkt\\\/endlich-schulkind-etiketten-vorlage-zum-ausdrucken\\\/#primaryimage\"},\"image\":{\"@id\":\"https:\\\/\\\/women-at.work\\\/shop\\\/produkt\\\/endlich-schulkind-etiketten-vorlage-zum-ausdrucken\\\/#primaryimage\"},\"thumbnailUrl\":\"https:\\\/\\\/women-at.work\\\/shop\\\/wp-content\\\/uploads\\\/2026\\\/05\\\/Endlich-Schulkind.jpg\",\"datePublished\":\"2026-03-10T15:23:38+00:00\",\"dateModified\":\"2026-05-15T18:47:41+00:00\",\"description\":\"Endlich Schulkind Etiketten als Abschiedsgeschenk f\u00fcr Kita und Schuljahr. Drucke unsere Vorlage aus und verschenke die kleinen T\u00fcten.\",\"breadcrumb\":{\"@id\":\"https:\\\/\\\/women-at.work\\\/shop\\\/produkt\\\/endlich-schulkind-etiketten-vorlage-zum-ausdrucken\\\/#breadcrumb\"},\"inLanguage\":\"de\",\"potentialAction\":[{\"@type\":\"ReadAction\",\"target\":[\"https:\\\/\\\/women-at.work\\\/shop\\\/produkt\\\/endlich-schulkind-etiketten-vorlage-zum-ausdrucken\\\/\"]}]},{\"@type\":\"ImageObject\",\"inLanguage\":\"de\",\"@id\":\"https:\\\/\\\/women-at.work\\\/shop\\\/produkt\\\/endlich-schulkind-etiketten-vorlage-zum-ausdrucken\\\/#primaryimage\",\"url\":\"https:\\\/\\\/women-at.work\\\/shop\\\/wp-content\\\/uploads\\\/2026\\\/05\\\/Endlich-Schulkind.jpg\",\"contentUrl\":\"https:\\\/\\\/women-at.work\\\/shop\\\/wp-content\\\/uploads\\\/2026\\\/05\\\/Endlich-Schulkind.jpg\",\"width\":933,\"height\":1399},{\"@type\":\"BreadcrumbList\",\"@id\":\"https:\\\/\\\/women-at.work\\\/shop\\\/produkt\\\/endlich-schulkind-etiketten-vorlage-zum-ausdrucken\\\/#breadcrumb\",\"itemListElement\":[{\"@type\":\"ListItem\",\"position\":1,\"name\":\"Startseite\",\"item\":\"https:\\\/\\\/women-at.work\\\/shop\\\/\"},{\"@type\":\"ListItem\",\"position\":2,\"name\":\"Shop\",\"item\":\"https:\\\/\\\/women-at.work\\\/shop\\\/shop\\\/\"},{\"@type\":\"ListItem\",\"position\":3,\"name\":\"Endlich Schulkind Etiketten | Vorlage zum Ausdrucken\"}]},{\"@type\":\"WebSite\",\"@id\":\"https:\\\/\\\/women-at.work\\\/shop\\\/#website\",\"url\":\"https:\\\/\\\/women-at.work\\\/shop\\\/\",\"name\":\"Women At Work Shop\",\"description\":\"Wundervolle Produkte f\u00fcr besondere Menschen\",\"publisher\":{\"@id\":\"https:\\\/\\\/women-at.work\\\/shop\\\/#organization\"},\"potentialAction\":[{\"@type\":\"SearchAction\",\"target\":{\"@type\":\"EntryPoint\",\"urlTemplate\":\"https:\\\/\\\/women-at.work\\\/shop\\\/?s={search_term_string}\"},\"query-input\":{\"@type\":\"PropertyValueSpecification\",\"valueRequired\":true,\"valueName\":\"search_term_string\"}}],\"inLanguage\":\"de\"},{\"@type\":\"Organization\",\"@id\":\"https:\\\/\\\/women-at.work\\\/shop\\\/#organization\",\"name\":\"Women At Work Shop\",\"url\":\"https:\\\/\\\/women-at.work\\\/shop\\\/\",\"logo\":{\"@type\":\"ImageObject\",\"inLanguage\":\"de\",\"@id\":\"https:\\\/\\\/women-at.work\\\/shop\\\/#\\\/schema\\\/logo\\\/image\\\/\",\"url\":\"https:\\\/\\\/women-at.work\\\/shop\\\/wp-content\\\/uploads\\\/2017\\\/05\\\/Shop_Logo.png\",\"contentUrl\":\"https:\\\/\\\/women-at.work\\\/shop\\\/wp-content\\\/uploads\\\/2017\\\/05\\\/Shop_Logo.png\",\"width\":305,\"height\":297,\"caption\":\"Women At Work Shop\"},\"image\":{\"@id\":\"https:\\\/\\\/women-at.work\\\/shop\\\/#\\\/schema\\\/logo\\\/image\\\/\"}}]}<\/script>\n<!-- \/ Yoast SEO plugin. -->","yoast_head_json":{"title":"Endlich Schulkind Etiketten | Vorlage zum Ausdrucken","description":"Endlich Schulkind Etiketten als Abschiedsgeschenk f\u00fcr Kita und Schuljahr. Drucke unsere Vorlage aus und verschenke die kleinen T\u00fcten.","robots":{"index":"index","follow":"follow","max-snippet":"max-snippet:-1","max-image-preview":"max-image-preview:large","max-video-preview":"max-video-preview:-1"},"canonical":"https:\/\/women-at.work\/shop\/produkt\/endlich-schulkind-etiketten-vorlage-zum-ausdrucken\/","og_locale":"de_DE","og_type":"article","og_title":"Endlich Schulkind Etiketten | Vorlage zum Ausdrucken","og_description":"Endlich Schulkind Etiketten als Abschiedsgeschenk f\u00fcr Kita und Schuljahr. Drucke unsere Vorlage aus und verschenke die kleinen T\u00fcten.","og_url":"https:\/\/women-at.work\/shop\/produkt\/endlich-schulkind-etiketten-vorlage-zum-ausdrucken\/","og_site_name":"Women At Work Shop","article_modified_time":"2026-05-15T18:47:41+00:00","og_image":[{"width":933,"height":1399,"url":"https:\/\/women-at.work\/shop\/wp-content\/uploads\/2026\/05\/Endlich-Schulkind.jpg","type":"image\/jpeg"}],"twitter_card":"summary_large_image","twitter_misc":{"Gesch\u00e4tzte Lesezeit":"1\u00a0Minute"},"schema":{"@context":"https:\/\/schema.org","@graph":[{"@type":"WebPage","@id":"https:\/\/women-at.work\/shop\/produkt\/endlich-schulkind-etiketten-vorlage-zum-ausdrucken\/","url":"https:\/\/women-at.work\/shop\/produkt\/endlich-schulkind-etiketten-vorlage-zum-ausdrucken\/","name":"Endlich Schulkind Etiketten | Vorlage zum Ausdrucken","isPartOf":{"@id":"https:\/\/women-at.work\/shop\/#website"},"primaryImageOfPage":{"@id":"https:\/\/women-at.work\/shop\/produkt\/endlich-schulkind-etiketten-vorlage-zum-ausdrucken\/#primaryimage"},"image":{"@id":"https:\/\/women-at.work\/shop\/produkt\/endlich-schulkind-etiketten-vorlage-zum-ausdrucken\/#primaryimage"},"thumbnailUrl":"https:\/\/women-at.work\/shop\/wp-content\/uploads\/2026\/05\/Endlich-Schulkind.jpg","datePublished":"2026-03-10T15:23:38+00:00","dateModified":"2026-05-15T18:47:41+00:00","description":"Endlich Schulkind Etiketten als Abschiedsgeschenk f\u00fcr Kita und Schuljahr. Drucke unsere Vorlage aus und verschenke die kleinen T\u00fcten.","breadcrumb":{"@id":"https:\/\/women-at.work\/shop\/produkt\/endlich-schulkind-etiketten-vorlage-zum-ausdrucken\/#breadcrumb"},"inLanguage":"de","potentialAction":[{"@type":"ReadAction","target":["https:\/\/women-at.work\/shop\/produkt\/endlich-schulkind-etiketten-vorlage-zum-ausdrucken\/"]}]},{"@type":"ImageObject","inLanguage":"de","@id":"https:\/\/women-at.work\/shop\/produkt\/endlich-schulkind-etiketten-vorlage-zum-ausdrucken\/#primaryimage","url":"https:\/\/women-at.work\/shop\/wp-content\/uploads\/2026\/05\/Endlich-Schulkind.jpg","contentUrl":"https:\/\/women-at.work\/shop\/wp-content\/uploads\/2026\/05\/Endlich-Schulkind.jpg","width":933,"height":1399},{"@type":"BreadcrumbList","@id":"https:\/\/women-at.work\/shop\/produkt\/endlich-schulkind-etiketten-vorlage-zum-ausdrucken\/#breadcrumb","itemListElement":[{"@type":"ListItem","position":1,"name":"Startseite","item":"https:\/\/women-at.work\/shop\/"},{"@type":"ListItem","position":2,"name":"Shop","item":"https:\/\/women-at.work\/shop\/shop\/"},{"@type":"ListItem","position":3,"name":"Endlich Schulkind Etiketten | Vorlage zum Ausdrucken"}]},{"@type":"WebSite","@id":"https:\/\/women-at.work\/shop\/#website","url":"https:\/\/women-at.work\/shop\/","name":"Women At Work Shop","description":"Wundervolle Produkte f\u00fcr besondere Menschen","publisher":{"@id":"https:\/\/women-at.work\/shop\/#organization"},"potentialAction":[{"@type":"SearchAction","target":{"@type":"EntryPoint","urlTemplate":"https:\/\/women-at.work\/shop\/?s={search_term_string}"},"query-input":{"@type":"PropertyValueSpecification","valueRequired":true,"valueName":"search_term_string"}}],"inLanguage":"de"},{"@type":"Organization","@id":"https:\/\/women-at.work\/shop\/#organization","name":"Women At Work Shop","url":"https:\/\/women-at.work\/shop\/","logo":{"@type":"ImageObject","inLanguage":"de","@id":"https:\/\/women-at.work\/shop\/#\/schema\/logo\/image\/","url":"https:\/\/women-at.work\/shop\/wp-content\/uploads\/2017\/05\/Shop_Logo.png","contentUrl":"https:\/\/women-at.work\/shop\/wp-content\/uploads\/2017\/05\/Shop_Logo.png","width":305,"height":297,"caption":"Women At Work Shop"},"image":{"@id":"https:\/\/women-at.work\/shop\/#\/schema\/logo\/image\/"}}]}},"_links":{"self":[{"href":"https:\/\/women-at.work\/shop\/wp-json\/wp\/v2\/product\/33139","targetHints":{"allow":["GET"]}}],"collection":[{"href":"https:\/\/women-at.work\/shop\/wp-json\/wp\/v2\/product"}],"about":[{"href":"https:\/\/women-at.work\/shop\/wp-json\/wp\/v2\/types\/product"}],"replies":[{"embeddable":true,"href":"https:\/\/women-at.work\/shop\/wp-json\/wp\/v2\/comments?post=33139"}],"wp:featuredmedia":[{"embeddable":true,"href":"https:\/\/women-at.work\/shop\/wp-json\/wp\/v2\/media\/33141"}],"wp:attachment":[{"href":"https:\/\/women-at.work\/shop\/wp-json\/wp\/v2\/media?parent=33139"}],"wp:term":[{"taxonomy":"product_brand","embeddable":true,"href":"https:\/\/women-at.work\/shop\/wp-json\/wp\/v2\/product_brand?post=33139"},{"taxonomy":"product_cat","embeddable":true,"href":"https:\/\/women-at.work\/shop\/wp-json\/wp\/v2\/product_cat?post=33139"},{"taxonomy":"product_tag","embeddable":true,"href":"https:\/\/women-at.work\/shop\/wp-json\/wp\/v2\/product_tag?post=33139"}],"curies":[{"name":"wp","href":"https:\/\/api.w.org\/{rel}","templated":true}]}}