{"id":32195,"date":"2026-04-02T16:23:09","date_gmt":"2026-04-02T14:23:09","guid":{"rendered":"https:\/\/women-at.work\/shop\/?post_type=product&#038;p=32195"},"modified":"2026-04-02T16:32:51","modified_gmt":"2026-04-02T14:32:51","slug":"schuettelkarte-konfirmation-vorlage-zum-ausdrucken","status":"publish","type":"product","link":"https:\/\/women-at.work\/shop\/produkt\/schuettelkarte-konfirmation-vorlage-zum-ausdrucken\/","title":{"rendered":"Sch\u00fcttelkarte Konfirmation: Vorlage zum Ausdrucken"},"content":{"rendered":"<p>Du suchst ein liebevolles und originelles Geschenk zur Konfirmation? Mit diesen Sch\u00fcttelkarten-Vorlagen f\u00fcr die Konfirmation kannst du Geld, Gutscheine oder kleine \u00dcberraschungen stilvoll verschenken. Die DIY-Motive zaubern eine pers\u00f6nliche und kreative Geschenkverpackung, die bei der Konfirmation garantiert f\u00fcr Freude sorgt. Konfirmationsgeschenk Last Minute Printable PDF \u2013 Wunscherf\u00fcller<\/p>\n<p>Die Vorlagen eignen sich perfekt, um Geldgeschenke h\u00fcbsch zu verpacken, Gutscheine liebevoll zu \u00fcberreichen oder spontan ein besonderes Konfirmationsgeschenk zu zaubern. Ideal f\u00fcr alle, die ein einzigartiges, selbstgemachtes Geschenk zur Konfirmation suchen.<\/p>\n<p>\u2728 Das bekommst du:<\/p>\n<ul>\n<li>Sofort downloadbare PDF-Vorlagen f\u00fcr Fisch, Boot und Taube<\/li>\n<li>Motive in perfekter Gr\u00f6\u00dfe zum Bef\u00fcllen mit Geldscheinen oder kleinen Gutscheinen (f\u00fcr Vorder- und R\u00fcckseite)<\/li>\n<li>Konfirmationsspr\u00fcche und Designs f\u00fcr kreative DIY-Sch\u00fcttelkarten<\/li>\n<li>Ideal zum Ausdrucken auf Transparentpapier oder normalem Papier<\/li>\n<\/ul>\n<p>\ud83c\udf1f Vorteile:<\/p>\n<ul>\n<li>Sofort-Download nach Zahlungseingang \u2013 direkt losbasteln<\/li>\n<li>Einzigartige und moderne Motive<\/li>\n<li>Pers\u00f6nliche, liebevolle Geschenkverpackung f\u00fcr die Konfirmation<\/li>\n<li>Schnell, unkompliziert &amp; absolut ungew\u00f6hnlich<\/li>\n<\/ul>\n<p>Sobald die Zahlung bei uns eingegangen ist, wird der Download-Link an dich per E-Mail verschickt. Bei Zahlung per PayPal, ist der Download sofort verf\u00fcgbar. Sollte dieser nicht sofort verf\u00fcgbar sein, meldet euch bitte bei unserem Kundenservice, bevor ihr einen Paypal Fall er\u00f6ffnet!<\/p>\n<p><em>Die Bilder dienen nur als Pr\u00e4sentationsvorschlag. Es erfolgt ein rein digitaler Versand!<br \/>\n<\/em><\/p>\n<p>Die Vorlage ist f\u00fcr den privaten Gebrauch und darf nicht f\u00fcr kommerzielle Zwecke genutzt werden.<\/p>\n","protected":false},"excerpt":{"rendered":"<p>Du suchst ein liebevolles und originelles Geschenk zur Konfirmation? Mit diesen Sch\u00fcttelkarten-Vorlagen f\u00fcr die Konfirmation kannst du Geld, Gutscheine oder kleine \u00dcberraschungen stilvoll verschenken.<\/p>\n","protected":false},"featured_media":32200,"comment_status":"open","ping_status":"closed","template":"","meta":[],"product_brand":[],"product_cat":[838,268],"product_tag":[269,623,270,112,451,397,396,633,840,632,627,395,628,398,839,690,691,621,348,391],"class_list":{"0":"post-32195","1":"product","2":"type-product","3":"status-publish","4":"has-post-thumbnail","6":"product_cat-konfirmation","7":"product_cat-vorlagen","8":"product_tag-diy","9":"product_tag-diy-geldgeschenk","10":"product_tag-diy-geschenk","11":"product_tag-geburtstag","12":"product_tag-geburtstagsgeschenk","13":"product_tag-geld-verpacken","14":"product_tag-geldgeschenk","15":"product_tag-geldgeschenk-verpackung","16":"product_tag-geldgeschenk-zur-konfirmation","17":"product_tag-geschenkidee-zum-ausdrucken","18":"product_tag-geschenkverpackung-geld","19":"product_tag-gutschein","20":"product_tag-gutschein-kreativ-verpacken","21":"product_tag-gutschein-verpacken","22":"product_tag-konfirmation","23":"product_tag-kreative-geschenkverpackung","24":"product_tag-schuettelkarte-basteln","25":"product_tag-schuettelkarte-vorlage","26":"product_tag-vorlage-zum-ausdrucken","27":"product_tag-vorlage-zum-herunterladen","28":"product_shipping_class-virtuelle-produkte","30":"first","31":"instock","32":"sale","33":"downloadable","34":"virtual","35":"taxable","36":"purchasable","37":"product-type-simple"},"yoast_head":"<!-- This site is optimized with the Yoast SEO plugin v27.3 - https:\/\/yoast.com\/product\/yoast-seo-wordpress\/ -->\n<title>Sch\u00fcttelkarte Konfirmation: Vorlage zum Ausdrucken<\/title>\n<meta name=\"description\" content=\"Sofort downloadbare Geburtstagsvorlagen f\u00fcr kreative Sch\u00fcttelkarten f\u00fcr Konfirmation. Perfekte Idee, um Geld und Gutscheine originell und kreativ verpacken.\" \/>\n<meta name=\"robots\" content=\"index, follow, max-snippet:-1, max-image-preview:large, max-video-preview:-1\" \/>\n<link rel=\"canonical\" href=\"https:\/\/women-at.work\/shop\/produkt\/schuettelkarte-konfirmation-vorlage-zum-ausdrucken\/\" \/>\n<meta property=\"og:locale\" content=\"de_DE\" \/>\n<meta property=\"og:type\" content=\"article\" \/>\n<meta property=\"og:title\" content=\"Sch\u00fcttelkarte Konfirmation: Vorlage zum Ausdrucken\" \/>\n<meta property=\"og:description\" content=\"Sofort downloadbare Geburtstagsvorlagen f\u00fcr kreative Sch\u00fcttelkarten f\u00fcr Konfirmation. Perfekte Idee, um Geld und Gutscheine originell und kreativ verpacken.\" \/>\n<meta property=\"og:url\" content=\"https:\/\/women-at.work\/shop\/produkt\/schuettelkarte-konfirmation-vorlage-zum-ausdrucken\/\" \/>\n<meta property=\"og:site_name\" content=\"Women At Work Shop\" \/>\n<meta property=\"article:modified_time\" content=\"2026-04-02T14:32:51+00:00\" \/>\n<meta property=\"og:image\" content=\"https:\/\/women-at.work\/shop\/wp-content\/uploads\/2026\/04\/Schuettelkarte-Konfirmation4.jpg\" \/>\n\t<meta property=\"og:image:width\" content=\"926\" \/>\n\t<meta property=\"og:image:height\" content=\"1348\" \/>\n\t<meta property=\"og:image:type\" content=\"image\/jpeg\" \/>\n<meta name=\"twitter:card\" content=\"summary_large_image\" \/>\n<meta name=\"twitter:label1\" content=\"Gesch\u00e4tzte Lesezeit\" \/>\n\t<meta name=\"twitter:data1\" content=\"2\u00a0Minuten\" \/>\n<script type=\"application\/ld+json\" class=\"yoast-schema-graph\">{\"@context\":\"https:\\\/\\\/schema.org\",\"@graph\":[{\"@type\":\"WebPage\",\"@id\":\"https:\\\/\\\/women-at.work\\\/shop\\\/produkt\\\/schuettelkarte-konfirmation-vorlage-zum-ausdrucken\\\/\",\"url\":\"https:\\\/\\\/women-at.work\\\/shop\\\/produkt\\\/schuettelkarte-konfirmation-vorlage-zum-ausdrucken\\\/\",\"name\":\"Sch\u00fcttelkarte Konfirmation: Vorlage zum Ausdrucken\",\"isPartOf\":{\"@id\":\"https:\\\/\\\/women-at.work\\\/shop\\\/#website\"},\"primaryImageOfPage\":{\"@id\":\"https:\\\/\\\/women-at.work\\\/shop\\\/produkt\\\/schuettelkarte-konfirmation-vorlage-zum-ausdrucken\\\/#primaryimage\"},\"image\":{\"@id\":\"https:\\\/\\\/women-at.work\\\/shop\\\/produkt\\\/schuettelkarte-konfirmation-vorlage-zum-ausdrucken\\\/#primaryimage\"},\"thumbnailUrl\":\"https:\\\/\\\/women-at.work\\\/shop\\\/wp-content\\\/uploads\\\/2026\\\/04\\\/Schuettelkarte-Konfirmation4.jpg\",\"datePublished\":\"2026-04-02T14:23:09+00:00\",\"dateModified\":\"2026-04-02T14:32:51+00:00\",\"description\":\"Sofort downloadbare Geburtstagsvorlagen f\u00fcr kreative Sch\u00fcttelkarten f\u00fcr Konfirmation. Perfekte Idee, um Geld und Gutscheine originell und kreativ verpacken.\",\"breadcrumb\":{\"@id\":\"https:\\\/\\\/women-at.work\\\/shop\\\/produkt\\\/schuettelkarte-konfirmation-vorlage-zum-ausdrucken\\\/#breadcrumb\"},\"inLanguage\":\"de\",\"potentialAction\":[{\"@type\":\"ReadAction\",\"target\":[\"https:\\\/\\\/women-at.work\\\/shop\\\/produkt\\\/schuettelkarte-konfirmation-vorlage-zum-ausdrucken\\\/\"]}]},{\"@type\":\"ImageObject\",\"inLanguage\":\"de\",\"@id\":\"https:\\\/\\\/women-at.work\\\/shop\\\/produkt\\\/schuettelkarte-konfirmation-vorlage-zum-ausdrucken\\\/#primaryimage\",\"url\":\"https:\\\/\\\/women-at.work\\\/shop\\\/wp-content\\\/uploads\\\/2026\\\/04\\\/Schuettelkarte-Konfirmation4.jpg\",\"contentUrl\":\"https:\\\/\\\/women-at.work\\\/shop\\\/wp-content\\\/uploads\\\/2026\\\/04\\\/Schuettelkarte-Konfirmation4.jpg\",\"width\":926,\"height\":1348,\"caption\":\"Sch\u00fcttelkarten Konfirmation\"},{\"@type\":\"BreadcrumbList\",\"@id\":\"https:\\\/\\\/women-at.work\\\/shop\\\/produkt\\\/schuettelkarte-konfirmation-vorlage-zum-ausdrucken\\\/#breadcrumb\",\"itemListElement\":[{\"@type\":\"ListItem\",\"position\":1,\"name\":\"Startseite\",\"item\":\"https:\\\/\\\/women-at.work\\\/shop\\\/\"},{\"@type\":\"ListItem\",\"position\":2,\"name\":\"Shop\",\"item\":\"https:\\\/\\\/women-at.work\\\/shop\\\/shop\\\/\"},{\"@type\":\"ListItem\",\"position\":3,\"name\":\"Sch\u00fcttelkarte Konfirmation: Vorlage zum Ausdrucken\"}]},{\"@type\":\"WebSite\",\"@id\":\"https:\\\/\\\/women-at.work\\\/shop\\\/#website\",\"url\":\"https:\\\/\\\/women-at.work\\\/shop\\\/\",\"name\":\"Women At Work Shop\",\"description\":\"Wundervolle Produkte f\u00fcr besondere Menschen\",\"publisher\":{\"@id\":\"https:\\\/\\\/women-at.work\\\/shop\\\/#organization\"},\"potentialAction\":[{\"@type\":\"SearchAction\",\"target\":{\"@type\":\"EntryPoint\",\"urlTemplate\":\"https:\\\/\\\/women-at.work\\\/shop\\\/?s={search_term_string}\"},\"query-input\":{\"@type\":\"PropertyValueSpecification\",\"valueRequired\":true,\"valueName\":\"search_term_string\"}}],\"inLanguage\":\"de\"},{\"@type\":\"Organization\",\"@id\":\"https:\\\/\\\/women-at.work\\\/shop\\\/#organization\",\"name\":\"Women At Work Shop\",\"url\":\"https:\\\/\\\/women-at.work\\\/shop\\\/\",\"logo\":{\"@type\":\"ImageObject\",\"inLanguage\":\"de\",\"@id\":\"https:\\\/\\\/women-at.work\\\/shop\\\/#\\\/schema\\\/logo\\\/image\\\/\",\"url\":\"https:\\\/\\\/women-at.work\\\/shop\\\/wp-content\\\/uploads\\\/2017\\\/05\\\/Shop_Logo.png\",\"contentUrl\":\"https:\\\/\\\/women-at.work\\\/shop\\\/wp-content\\\/uploads\\\/2017\\\/05\\\/Shop_Logo.png\",\"width\":305,\"height\":297,\"caption\":\"Women At Work Shop\"},\"image\":{\"@id\":\"https:\\\/\\\/women-at.work\\\/shop\\\/#\\\/schema\\\/logo\\\/image\\\/\"}}]}<\/script>\n<!-- \/ Yoast SEO plugin. -->","yoast_head_json":{"title":"Sch\u00fcttelkarte Konfirmation: Vorlage zum Ausdrucken","description":"Sofort downloadbare Geburtstagsvorlagen f\u00fcr kreative Sch\u00fcttelkarten f\u00fcr Konfirmation. Perfekte Idee, um Geld und Gutscheine originell und kreativ verpacken.","robots":{"index":"index","follow":"follow","max-snippet":"max-snippet:-1","max-image-preview":"max-image-preview:large","max-video-preview":"max-video-preview:-1"},"canonical":"https:\/\/women-at.work\/shop\/produkt\/schuettelkarte-konfirmation-vorlage-zum-ausdrucken\/","og_locale":"de_DE","og_type":"article","og_title":"Sch\u00fcttelkarte Konfirmation: Vorlage zum Ausdrucken","og_description":"Sofort downloadbare Geburtstagsvorlagen f\u00fcr kreative Sch\u00fcttelkarten f\u00fcr Konfirmation. Perfekte Idee, um Geld und Gutscheine originell und kreativ verpacken.","og_url":"https:\/\/women-at.work\/shop\/produkt\/schuettelkarte-konfirmation-vorlage-zum-ausdrucken\/","og_site_name":"Women At Work Shop","article_modified_time":"2026-04-02T14:32:51+00:00","og_image":[{"width":926,"height":1348,"url":"https:\/\/women-at.work\/shop\/wp-content\/uploads\/2026\/04\/Schuettelkarte-Konfirmation4.jpg","type":"image\/jpeg"}],"twitter_card":"summary_large_image","twitter_misc":{"Gesch\u00e4tzte Lesezeit":"2\u00a0Minuten"},"schema":{"@context":"https:\/\/schema.org","@graph":[{"@type":"WebPage","@id":"https:\/\/women-at.work\/shop\/produkt\/schuettelkarte-konfirmation-vorlage-zum-ausdrucken\/","url":"https:\/\/women-at.work\/shop\/produkt\/schuettelkarte-konfirmation-vorlage-zum-ausdrucken\/","name":"Sch\u00fcttelkarte Konfirmation: Vorlage zum Ausdrucken","isPartOf":{"@id":"https:\/\/women-at.work\/shop\/#website"},"primaryImageOfPage":{"@id":"https:\/\/women-at.work\/shop\/produkt\/schuettelkarte-konfirmation-vorlage-zum-ausdrucken\/#primaryimage"},"image":{"@id":"https:\/\/women-at.work\/shop\/produkt\/schuettelkarte-konfirmation-vorlage-zum-ausdrucken\/#primaryimage"},"thumbnailUrl":"https:\/\/women-at.work\/shop\/wp-content\/uploads\/2026\/04\/Schuettelkarte-Konfirmation4.jpg","datePublished":"2026-04-02T14:23:09+00:00","dateModified":"2026-04-02T14:32:51+00:00","description":"Sofort downloadbare Geburtstagsvorlagen f\u00fcr kreative Sch\u00fcttelkarten f\u00fcr Konfirmation. Perfekte Idee, um Geld und Gutscheine originell und kreativ verpacken.","breadcrumb":{"@id":"https:\/\/women-at.work\/shop\/produkt\/schuettelkarte-konfirmation-vorlage-zum-ausdrucken\/#breadcrumb"},"inLanguage":"de","potentialAction":[{"@type":"ReadAction","target":["https:\/\/women-at.work\/shop\/produkt\/schuettelkarte-konfirmation-vorlage-zum-ausdrucken\/"]}]},{"@type":"ImageObject","inLanguage":"de","@id":"https:\/\/women-at.work\/shop\/produkt\/schuettelkarte-konfirmation-vorlage-zum-ausdrucken\/#primaryimage","url":"https:\/\/women-at.work\/shop\/wp-content\/uploads\/2026\/04\/Schuettelkarte-Konfirmation4.jpg","contentUrl":"https:\/\/women-at.work\/shop\/wp-content\/uploads\/2026\/04\/Schuettelkarte-Konfirmation4.jpg","width":926,"height":1348,"caption":"Sch\u00fcttelkarten Konfirmation"},{"@type":"BreadcrumbList","@id":"https:\/\/women-at.work\/shop\/produkt\/schuettelkarte-konfirmation-vorlage-zum-ausdrucken\/#breadcrumb","itemListElement":[{"@type":"ListItem","position":1,"name":"Startseite","item":"https:\/\/women-at.work\/shop\/"},{"@type":"ListItem","position":2,"name":"Shop","item":"https:\/\/women-at.work\/shop\/shop\/"},{"@type":"ListItem","position":3,"name":"Sch\u00fcttelkarte Konfirmation: Vorlage zum Ausdrucken"}]},{"@type":"WebSite","@id":"https:\/\/women-at.work\/shop\/#website","url":"https:\/\/women-at.work\/shop\/","name":"Women At Work Shop","description":"Wundervolle Produkte f\u00fcr besondere Menschen","publisher":{"@id":"https:\/\/women-at.work\/shop\/#organization"},"potentialAction":[{"@type":"SearchAction","target":{"@type":"EntryPoint","urlTemplate":"https:\/\/women-at.work\/shop\/?s={search_term_string}"},"query-input":{"@type":"PropertyValueSpecification","valueRequired":true,"valueName":"search_term_string"}}],"inLanguage":"de"},{"@type":"Organization","@id":"https:\/\/women-at.work\/shop\/#organization","name":"Women At Work Shop","url":"https:\/\/women-at.work\/shop\/","logo":{"@type":"ImageObject","inLanguage":"de","@id":"https:\/\/women-at.work\/shop\/#\/schema\/logo\/image\/","url":"https:\/\/women-at.work\/shop\/wp-content\/uploads\/2017\/05\/Shop_Logo.png","contentUrl":"https:\/\/women-at.work\/shop\/wp-content\/uploads\/2017\/05\/Shop_Logo.png","width":305,"height":297,"caption":"Women At Work Shop"},"image":{"@id":"https:\/\/women-at.work\/shop\/#\/schema\/logo\/image\/"}}]}},"_links":{"self":[{"href":"https:\/\/women-at.work\/shop\/wp-json\/wp\/v2\/product\/32195","targetHints":{"allow":["GET"]}}],"collection":[{"href":"https:\/\/women-at.work\/shop\/wp-json\/wp\/v2\/product"}],"about":[{"href":"https:\/\/women-at.work\/shop\/wp-json\/wp\/v2\/types\/product"}],"replies":[{"embeddable":true,"href":"https:\/\/women-at.work\/shop\/wp-json\/wp\/v2\/comments?post=32195"}],"wp:featuredmedia":[{"embeddable":true,"href":"https:\/\/women-at.work\/shop\/wp-json\/wp\/v2\/media\/32200"}],"wp:attachment":[{"href":"https:\/\/women-at.work\/shop\/wp-json\/wp\/v2\/media?parent=32195"}],"wp:term":[{"taxonomy":"product_brand","embeddable":true,"href":"https:\/\/women-at.work\/shop\/wp-json\/wp\/v2\/product_brand?post=32195"},{"taxonomy":"product_cat","embeddable":true,"href":"https:\/\/women-at.work\/shop\/wp-json\/wp\/v2\/product_cat?post=32195"},{"taxonomy":"product_tag","embeddable":true,"href":"https:\/\/women-at.work\/shop\/wp-json\/wp\/v2\/product_tag?post=32195"}],"curies":[{"name":"wp","href":"https:\/\/api.w.org\/{rel}","templated":true}]}}