{"id":31940,"date":"2026-03-27T14:16:04","date_gmt":"2026-03-27T13:16:04","guid":{"rendered":"https:\/\/women-at.work\/shop\/?post_type=product&#038;p=31940"},"modified":"2026-03-27T14:19:47","modified_gmt":"2026-03-27T13:19:47","slug":"geldgeschenk-weil-du-dir-nix-gewuenscht-hast-vorlage-zum-ausdrucken","status":"publish","type":"product","link":"https:\/\/women-at.work\/shop\/produkt\/geldgeschenk-weil-du-dir-nix-gewuenscht-hast-vorlage-zum-ausdrucken\/","title":{"rendered":"Geldgeschenk Weil du dir nix gew\u00fcnscht hast: Vorlage zum Ausdrucken"},"content":{"rendered":"<p>Geldgeschenk zum Geburtstag | PDF zum Ausdrucken | Last-Minute Geschenk | Ideal f\u00fcr den 18. 20. 50. 60. 70. Geburtstag | Wunscherf\u00fcller f\u00fcr eine Person, die sich nichts w\u00fcnscht.<\/p>\n<p>Du suchst ein witziges Geschenk, das schnell verf\u00fcgbar und trotzdem pers\u00f6nlich ist? Mit diesem liebevoll gestalteten Geldgeschenk zum Ausdrucken \u00fcberraschst du das Geburtstagskind. Einfach downloaden, ausdrucken und Freude schenken! \ud83c\udf89<\/p>\n<p>\u2728 Das bekommst du:<\/p>\n<p>Sofort downloadbare PDF-Vorlage zum selber ausdrucken und basteln<\/p>\n<p>Motiv wird im A4 Format geliefert.<\/p>\n<p>\ud83d\udca1 Perfekt f\u00fcr:<\/p>\n<p>Geburtstagsgeschenke f\u00fcr Familie &amp; Freunde<\/p>\n<p>Geldgeschenke originell verpackt<\/p>\n<p>Gutscheine kreativ \u00fcberreichen<\/p>\n<p>DIY-Projekte, Bastelliebhaber &amp; Last-Minute-Geschenkideen<\/p>\n<p>\ud83c\udf1f Vorteile:<\/p>\n<p>Sofort-Download nach Zahlungseingang \u2013 direkt losbasteln<\/p>\n<p>Einzigartige und moderne Motive<\/p>\n<p>Pers\u00f6nliche, liebevolle Geschenkverpackung<\/p>\n<p>Schnell, unkompliziert &amp; absolut ungew\u00f6hnlich<\/p>\n<p>Sobald die Zahlung bei uns eingegangen ist, wird der Download-Link an dich per E-Mail verschickt. Bei Zahlung per PayPal, ist der Download sofort verf\u00fcgbar. Sollte dieser nicht sofort verf\u00fcgbar sein, meldet euch bitte bei unserem Kundenservice, bevor ihr einen Paypal Fall er\u00f6ffnet!<\/p>\n<p><em>Die Bilder dienen nur als Pr\u00e4sentationsvorschlag. Es erfolgt ein rein digitaler Versand!<br \/>\n<\/em><\/p>\n<p>Die Vorlage ist f\u00fcr den privaten Gebrauch und darf nicht f\u00fcr kommerzielle Zwecke genutzt werden.<\/p>\n","protected":false},"excerpt":{"rendered":"<p>Geldgeschenk zum Geburtstag | PDF zum Ausdrucken | Last-Minute Geschenk | Ideal f\u00fcr den 18. 20. 50. 60. 70. Geburtstag | Wunscherf\u00fcller f\u00fcr eine Person, die sich nichts w\u00fcnscht.<\/p>\n","protected":false},"featured_media":31942,"comment_status":"open","ping_status":"closed","template":"","meta":[],"product_brand":[],"product_cat":[402,774,482,268],"product_tag":[779,780,269,623,270,112,451,397,396,689,633,632,627,395,628,398,690,778,776,777,775,348,391],"class_list":{"0":"post-31940","1":"product","2":"type-product","3":"status-publish","4":"has-post-thumbnail","6":"product_cat-geburtstag","7":"product_cat-geldgeschenk","8":"product_cat-kleine-geschenke","9":"product_cat-vorlagen","10":"product_tag-die-schon-alles-haben","11":"product_tag-die-sich-nichts-wuenschen","12":"product_tag-diy","13":"product_tag-diy-geldgeschenk","14":"product_tag-diy-geschenk","15":"product_tag-geburtstag","16":"product_tag-geburtstagsgeschenk","17":"product_tag-geld-verpacken","18":"product_tag-geldgeschenk","19":"product_tag-geldgeschenk-geburtstag","20":"product_tag-geldgeschenk-verpackung","21":"product_tag-geschenkidee-zum-ausdrucken","22":"product_tag-geschenkverpackung-geld","23":"product_tag-gutschein","24":"product_tag-gutschein-kreativ-verpacken","25":"product_tag-gutschein-verpacken","26":"product_tag-kreative-geschenkverpackung","27":"product_tag-leute","28":"product_tag-nichts","29":"product_tag-nichts-gewuenscht","30":"product_tag-nix","31":"product_tag-vorlage-zum-ausdrucken","32":"product_tag-vorlage-zum-herunterladen","33":"product_shipping_class-virtuelle-produkte","35":"first","36":"instock","37":"downloadable","38":"virtual","39":"taxable","40":"purchasable","41":"product-type-simple"},"yoast_head":"<!-- This site is optimized with the Yoast SEO plugin v27.6 - https:\/\/yoast.com\/product\/yoast-seo-wordpress\/ -->\n<title>Geldgeschenk Weil du dir nix gew\u00fcnscht hast<\/title>\n<meta name=\"description\" content=\"Sofort downloadbare Geldgeschenk-Vorlagen f\u00fcr ein Geburtstagsgeschenk. Perfekte DIY-Idee, um Geld und Gutscheine originell und kreativ zu verpacken.\" \/>\n<meta name=\"robots\" content=\"index, follow, max-snippet:-1, max-image-preview:large, max-video-preview:-1\" \/>\n<link rel=\"canonical\" href=\"https:\/\/women-at.work\/shop\/produkt\/geldgeschenk-weil-du-dir-nix-gewuenscht-hast-vorlage-zum-ausdrucken\/\" \/>\n<meta property=\"og:locale\" content=\"de_DE\" \/>\n<meta property=\"og:type\" content=\"article\" \/>\n<meta property=\"og:title\" content=\"Geldgeschenk Weil du dir nix gew\u00fcnscht hast\" \/>\n<meta property=\"og:description\" content=\"Sofort downloadbare Geldgeschenk-Vorlagen f\u00fcr ein Geburtstagsgeschenk. Perfekte DIY-Idee, um Geld und Gutscheine originell und kreativ zu verpacken.\" \/>\n<meta property=\"og:url\" content=\"https:\/\/women-at.work\/shop\/produkt\/geldgeschenk-weil-du-dir-nix-gewuenscht-hast-vorlage-zum-ausdrucken\/\" \/>\n<meta property=\"og:site_name\" content=\"Women At Work Shop\" \/>\n<meta property=\"article:modified_time\" content=\"2026-03-27T13:19:47+00:00\" \/>\n<meta property=\"og:image\" content=\"https:\/\/women-at.work\/shop\/wp-content\/uploads\/2026\/03\/Nichts-Happy-Birthday.jpg\" \/>\n\t<meta property=\"og:image:width\" content=\"800\" \/>\n\t<meta property=\"og:image:height\" content=\"1200\" \/>\n\t<meta property=\"og:image:type\" content=\"image\/jpeg\" \/>\n<meta name=\"twitter:card\" content=\"summary_large_image\" \/>\n<meta name=\"twitter:label1\" content=\"Gesch\u00e4tzte Lesezeit\" \/>\n\t<meta name=\"twitter:data1\" content=\"2\u00a0Minuten\" \/>\n<script type=\"application\/ld+json\" class=\"yoast-schema-graph\">{\"@context\":\"https:\\\/\\\/schema.org\",\"@graph\":[{\"@type\":\"WebPage\",\"@id\":\"https:\\\/\\\/women-at.work\\\/shop\\\/produkt\\\/geldgeschenk-weil-du-dir-nix-gewuenscht-hast-vorlage-zum-ausdrucken\\\/\",\"url\":\"https:\\\/\\\/women-at.work\\\/shop\\\/produkt\\\/geldgeschenk-weil-du-dir-nix-gewuenscht-hast-vorlage-zum-ausdrucken\\\/\",\"name\":\"Geldgeschenk Weil du dir nix gew\u00fcnscht hast\",\"isPartOf\":{\"@id\":\"https:\\\/\\\/women-at.work\\\/shop\\\/#website\"},\"primaryImageOfPage\":{\"@id\":\"https:\\\/\\\/women-at.work\\\/shop\\\/produkt\\\/geldgeschenk-weil-du-dir-nix-gewuenscht-hast-vorlage-zum-ausdrucken\\\/#primaryimage\"},\"image\":{\"@id\":\"https:\\\/\\\/women-at.work\\\/shop\\\/produkt\\\/geldgeschenk-weil-du-dir-nix-gewuenscht-hast-vorlage-zum-ausdrucken\\\/#primaryimage\"},\"thumbnailUrl\":\"https:\\\/\\\/women-at.work\\\/shop\\\/wp-content\\\/uploads\\\/2026\\\/03\\\/Nichts-Happy-Birthday.jpg\",\"datePublished\":\"2026-03-27T13:16:04+00:00\",\"dateModified\":\"2026-03-27T13:19:47+00:00\",\"description\":\"Sofort downloadbare Geldgeschenk-Vorlagen f\u00fcr ein Geburtstagsgeschenk. Perfekte DIY-Idee, um Geld und Gutscheine originell und kreativ zu verpacken.\",\"breadcrumb\":{\"@id\":\"https:\\\/\\\/women-at.work\\\/shop\\\/produkt\\\/geldgeschenk-weil-du-dir-nix-gewuenscht-hast-vorlage-zum-ausdrucken\\\/#breadcrumb\"},\"inLanguage\":\"de\",\"potentialAction\":[{\"@type\":\"ReadAction\",\"target\":[\"https:\\\/\\\/women-at.work\\\/shop\\\/produkt\\\/geldgeschenk-weil-du-dir-nix-gewuenscht-hast-vorlage-zum-ausdrucken\\\/\"]}]},{\"@type\":\"ImageObject\",\"inLanguage\":\"de\",\"@id\":\"https:\\\/\\\/women-at.work\\\/shop\\\/produkt\\\/geldgeschenk-weil-du-dir-nix-gewuenscht-hast-vorlage-zum-ausdrucken\\\/#primaryimage\",\"url\":\"https:\\\/\\\/women-at.work\\\/shop\\\/wp-content\\\/uploads\\\/2026\\\/03\\\/Nichts-Happy-Birthday.jpg\",\"contentUrl\":\"https:\\\/\\\/women-at.work\\\/shop\\\/wp-content\\\/uploads\\\/2026\\\/03\\\/Nichts-Happy-Birthday.jpg\",\"width\":800,\"height\":1200},{\"@type\":\"BreadcrumbList\",\"@id\":\"https:\\\/\\\/women-at.work\\\/shop\\\/produkt\\\/geldgeschenk-weil-du-dir-nix-gewuenscht-hast-vorlage-zum-ausdrucken\\\/#breadcrumb\",\"itemListElement\":[{\"@type\":\"ListItem\",\"position\":1,\"name\":\"Startseite\",\"item\":\"https:\\\/\\\/women-at.work\\\/shop\\\/\"},{\"@type\":\"ListItem\",\"position\":2,\"name\":\"Shop\",\"item\":\"https:\\\/\\\/women-at.work\\\/shop\\\/shop\\\/\"},{\"@type\":\"ListItem\",\"position\":3,\"name\":\"Geldgeschenk Weil du dir nix gew\u00fcnscht hast: Vorlage zum Ausdrucken\"}]},{\"@type\":\"WebSite\",\"@id\":\"https:\\\/\\\/women-at.work\\\/shop\\\/#website\",\"url\":\"https:\\\/\\\/women-at.work\\\/shop\\\/\",\"name\":\"Women At Work Shop\",\"description\":\"Wundervolle Produkte f\u00fcr besondere Menschen\",\"publisher\":{\"@id\":\"https:\\\/\\\/women-at.work\\\/shop\\\/#organization\"},\"potentialAction\":[{\"@type\":\"SearchAction\",\"target\":{\"@type\":\"EntryPoint\",\"urlTemplate\":\"https:\\\/\\\/women-at.work\\\/shop\\\/?s={search_term_string}\"},\"query-input\":{\"@type\":\"PropertyValueSpecification\",\"valueRequired\":true,\"valueName\":\"search_term_string\"}}],\"inLanguage\":\"de\"},{\"@type\":\"Organization\",\"@id\":\"https:\\\/\\\/women-at.work\\\/shop\\\/#organization\",\"name\":\"Women At Work Shop\",\"url\":\"https:\\\/\\\/women-at.work\\\/shop\\\/\",\"logo\":{\"@type\":\"ImageObject\",\"inLanguage\":\"de\",\"@id\":\"https:\\\/\\\/women-at.work\\\/shop\\\/#\\\/schema\\\/logo\\\/image\\\/\",\"url\":\"https:\\\/\\\/women-at.work\\\/shop\\\/wp-content\\\/uploads\\\/2017\\\/05\\\/Shop_Logo.png\",\"contentUrl\":\"https:\\\/\\\/women-at.work\\\/shop\\\/wp-content\\\/uploads\\\/2017\\\/05\\\/Shop_Logo.png\",\"width\":305,\"height\":297,\"caption\":\"Women At Work Shop\"},\"image\":{\"@id\":\"https:\\\/\\\/women-at.work\\\/shop\\\/#\\\/schema\\\/logo\\\/image\\\/\"}}]}<\/script>\n<!-- \/ Yoast SEO plugin. -->","yoast_head_json":{"title":"Geldgeschenk Weil du dir nix gew\u00fcnscht hast","description":"Sofort downloadbare Geldgeschenk-Vorlagen f\u00fcr ein Geburtstagsgeschenk. Perfekte DIY-Idee, um Geld und Gutscheine originell und kreativ zu verpacken.","robots":{"index":"index","follow":"follow","max-snippet":"max-snippet:-1","max-image-preview":"max-image-preview:large","max-video-preview":"max-video-preview:-1"},"canonical":"https:\/\/women-at.work\/shop\/produkt\/geldgeschenk-weil-du-dir-nix-gewuenscht-hast-vorlage-zum-ausdrucken\/","og_locale":"de_DE","og_type":"article","og_title":"Geldgeschenk Weil du dir nix gew\u00fcnscht hast","og_description":"Sofort downloadbare Geldgeschenk-Vorlagen f\u00fcr ein Geburtstagsgeschenk. Perfekte DIY-Idee, um Geld und Gutscheine originell und kreativ zu verpacken.","og_url":"https:\/\/women-at.work\/shop\/produkt\/geldgeschenk-weil-du-dir-nix-gewuenscht-hast-vorlage-zum-ausdrucken\/","og_site_name":"Women At Work Shop","article_modified_time":"2026-03-27T13:19:47+00:00","og_image":[{"width":800,"height":1200,"url":"https:\/\/women-at.work\/shop\/wp-content\/uploads\/2026\/03\/Nichts-Happy-Birthday.jpg","type":"image\/jpeg"}],"twitter_card":"summary_large_image","twitter_misc":{"Gesch\u00e4tzte Lesezeit":"2\u00a0Minuten"},"schema":{"@context":"https:\/\/schema.org","@graph":[{"@type":"WebPage","@id":"https:\/\/women-at.work\/shop\/produkt\/geldgeschenk-weil-du-dir-nix-gewuenscht-hast-vorlage-zum-ausdrucken\/","url":"https:\/\/women-at.work\/shop\/produkt\/geldgeschenk-weil-du-dir-nix-gewuenscht-hast-vorlage-zum-ausdrucken\/","name":"Geldgeschenk Weil du dir nix gew\u00fcnscht hast","isPartOf":{"@id":"https:\/\/women-at.work\/shop\/#website"},"primaryImageOfPage":{"@id":"https:\/\/women-at.work\/shop\/produkt\/geldgeschenk-weil-du-dir-nix-gewuenscht-hast-vorlage-zum-ausdrucken\/#primaryimage"},"image":{"@id":"https:\/\/women-at.work\/shop\/produkt\/geldgeschenk-weil-du-dir-nix-gewuenscht-hast-vorlage-zum-ausdrucken\/#primaryimage"},"thumbnailUrl":"https:\/\/women-at.work\/shop\/wp-content\/uploads\/2026\/03\/Nichts-Happy-Birthday.jpg","datePublished":"2026-03-27T13:16:04+00:00","dateModified":"2026-03-27T13:19:47+00:00","description":"Sofort downloadbare Geldgeschenk-Vorlagen f\u00fcr ein Geburtstagsgeschenk. Perfekte DIY-Idee, um Geld und Gutscheine originell und kreativ zu verpacken.","breadcrumb":{"@id":"https:\/\/women-at.work\/shop\/produkt\/geldgeschenk-weil-du-dir-nix-gewuenscht-hast-vorlage-zum-ausdrucken\/#breadcrumb"},"inLanguage":"de","potentialAction":[{"@type":"ReadAction","target":["https:\/\/women-at.work\/shop\/produkt\/geldgeschenk-weil-du-dir-nix-gewuenscht-hast-vorlage-zum-ausdrucken\/"]}]},{"@type":"ImageObject","inLanguage":"de","@id":"https:\/\/women-at.work\/shop\/produkt\/geldgeschenk-weil-du-dir-nix-gewuenscht-hast-vorlage-zum-ausdrucken\/#primaryimage","url":"https:\/\/women-at.work\/shop\/wp-content\/uploads\/2026\/03\/Nichts-Happy-Birthday.jpg","contentUrl":"https:\/\/women-at.work\/shop\/wp-content\/uploads\/2026\/03\/Nichts-Happy-Birthday.jpg","width":800,"height":1200},{"@type":"BreadcrumbList","@id":"https:\/\/women-at.work\/shop\/produkt\/geldgeschenk-weil-du-dir-nix-gewuenscht-hast-vorlage-zum-ausdrucken\/#breadcrumb","itemListElement":[{"@type":"ListItem","position":1,"name":"Startseite","item":"https:\/\/women-at.work\/shop\/"},{"@type":"ListItem","position":2,"name":"Shop","item":"https:\/\/women-at.work\/shop\/shop\/"},{"@type":"ListItem","position":3,"name":"Geldgeschenk Weil du dir nix gew\u00fcnscht hast: Vorlage zum Ausdrucken"}]},{"@type":"WebSite","@id":"https:\/\/women-at.work\/shop\/#website","url":"https:\/\/women-at.work\/shop\/","name":"Women At Work Shop","description":"Wundervolle Produkte f\u00fcr besondere Menschen","publisher":{"@id":"https:\/\/women-at.work\/shop\/#organization"},"potentialAction":[{"@type":"SearchAction","target":{"@type":"EntryPoint","urlTemplate":"https:\/\/women-at.work\/shop\/?s={search_term_string}"},"query-input":{"@type":"PropertyValueSpecification","valueRequired":true,"valueName":"search_term_string"}}],"inLanguage":"de"},{"@type":"Organization","@id":"https:\/\/women-at.work\/shop\/#organization","name":"Women At Work Shop","url":"https:\/\/women-at.work\/shop\/","logo":{"@type":"ImageObject","inLanguage":"de","@id":"https:\/\/women-at.work\/shop\/#\/schema\/logo\/image\/","url":"https:\/\/women-at.work\/shop\/wp-content\/uploads\/2017\/05\/Shop_Logo.png","contentUrl":"https:\/\/women-at.work\/shop\/wp-content\/uploads\/2017\/05\/Shop_Logo.png","width":305,"height":297,"caption":"Women At Work Shop"},"image":{"@id":"https:\/\/women-at.work\/shop\/#\/schema\/logo\/image\/"}}]}},"_links":{"self":[{"href":"https:\/\/women-at.work\/shop\/wp-json\/wp\/v2\/product\/31940","targetHints":{"allow":["GET"]}}],"collection":[{"href":"https:\/\/women-at.work\/shop\/wp-json\/wp\/v2\/product"}],"about":[{"href":"https:\/\/women-at.work\/shop\/wp-json\/wp\/v2\/types\/product"}],"replies":[{"embeddable":true,"href":"https:\/\/women-at.work\/shop\/wp-json\/wp\/v2\/comments?post=31940"}],"wp:featuredmedia":[{"embeddable":true,"href":"https:\/\/women-at.work\/shop\/wp-json\/wp\/v2\/media\/31942"}],"wp:attachment":[{"href":"https:\/\/women-at.work\/shop\/wp-json\/wp\/v2\/media?parent=31940"}],"wp:term":[{"taxonomy":"product_brand","embeddable":true,"href":"https:\/\/women-at.work\/shop\/wp-json\/wp\/v2\/product_brand?post=31940"},{"taxonomy":"product_cat","embeddable":true,"href":"https:\/\/women-at.work\/shop\/wp-json\/wp\/v2\/product_cat?post=31940"},{"taxonomy":"product_tag","embeddable":true,"href":"https:\/\/women-at.work\/shop\/wp-json\/wp\/v2\/product_tag?post=31940"}],"curies":[{"name":"wp","href":"https:\/\/api.w.org\/{rel}","templated":true}]}}