{"id":31883,"date":"2026-03-26T14:04:58","date_gmt":"2026-03-26T13:04:58","guid":{"rendered":"https:\/\/women-at.work\/shop\/?post_type=product&#038;p=31883"},"modified":"2026-03-26T14:08:16","modified_gmt":"2026-03-26T13:08:16","slug":"von-herzen-viel-glueck-etiketten-zum-ausdrucken","status":"publish","type":"product","link":"https:\/\/women-at.work\/shop\/produkt\/von-herzen-viel-glueck-etiketten-zum-ausdrucken\/","title":{"rendered":"Von Herzen viel Gl\u00fcck | Etiketten zum Ausdrucken"},"content":{"rendered":"<p>Dieses liebevoll gestaltete Etikett ist ideal, um kleinen Aufmerksamkeiten eine Extraportion Gl\u00fcck f\u00fcr Pr\u00fcfungen, Opterationen oder einfach kleinen Mutmachern mitzugeben! Das Design zeigt ein Kleeblatt-Herz und den freundlichen Schriftzug \u201eVon Herzen viel Gl\u00fcck\u201c. Damit wird aus jeder Kleinigkeit ein motivierender Gl\u00fccksbringer f\u00fcr bevorstehende Pr\u00fcfungen, Tests oder wichtige Herausforderungen. Es wird im PDF-Format zur Verf\u00fcgung gestellt.<\/p>\n<p>In dem Paket enthalten ist eine Vorlage \/Etiketten zum Ausdrucken. Die Etiketten werden in zwei Gr\u00f6\u00dfen bereitgestellt.<\/p>\n<p>Ideal f\u00fcr:<br \/>\n\u2022 Pr\u00fcfungen, Klausuren &amp; Tests<br \/>\n\u2022 Motivationsgeschenke f\u00fcr Sch\u00fclerinnen, Studierende oder Auszubildende<br \/>\n\u2022 Kleine Gl\u00fccksbringer f\u00fcr Kolleginnen oder Freund*innen<br \/>\n\u2022 Aufmunternde Gesten in stressigen Lernphasen<br \/>\n\u2022 Mutmacher f\u00fcr bevorstehende Operationen oder \u00e4hnliche Dinge<\/p>\n<p>Sobald die Zahlung bei uns eingegangen ist, wird der Download-Link an dich per E-Mail verschickt. Bei Zahlung per PayPal, ist der Download sofort verf\u00fcgbar. <strong>Sollte die E-Mail nicht automatisch an Sie versendet werden, wenden Sie sich bitte an unseren Kundenservice per E-Mail oder Telefon. Bitte er\u00f6ffnen Sie keinen Fall bei PayPal. So k\u00f6nnen wir Ihnen schneller weiterhelfen!<\/strong><\/p>\n<p><em>Die S\u00fc\u00dfigkeiten und T\u00fcten werden nicht versendet und es besteht keine Kooperation. Sie dienen nur als Pr\u00e4sentationsvorschlag. Es ist ein rein digitaler Versand!<\/em><\/p>\n<p>Die Vorlage ist f\u00fcr den privaten Gebrauch und darf nicht f\u00fcr kommerzielle Zwecke genutzt werden.<\/p>\n","protected":false},"excerpt":{"rendered":"<p>Kleeblatt-Herzen als kleine Aufmerksamkeit f\u00fcr die n\u00e4chste Pr\u00fcfung<\/p>\n","protected":false},"featured_media":31885,"comment_status":"open","ping_status":"closed","template":"","meta":[],"product_brand":[],"product_cat":[403,268],"product_tag":[580,601,588,590,602,579,607,592,597,315,578,596,604,583,594,606,367,591,585,600,598,581,605,595,603,582,459,586,593,589,587,584,599,348],"class_list":{"0":"post-31883","1":"product","2":"type-product","3":"status-publish","4":"has-post-thumbnail","6":"product_cat-schule","7":"product_cat-vorlagen","8":"product_tag-aufkleber","9":"product_tag-aufmunterung","10":"product_tag-ausbildung","11":"product_tag-auszubildende","12":"product_tag-erfolg","13":"product_tag-etikett","14":"product_tag-etikett-glueck-fuer-klausur","15":"product_tag-freundinnen","16":"product_tag-froehlich","17":"product_tag-geschenkidee","18":"product_tag-gluecksbringer","19":"product_tag-gluecksschwein","20":"product_tag-gluecksschwein-aufkleber-fuer-pruefungen","21":"product_tag-klausur","22":"product_tag-kleeblatt","23":"product_tag-kleines-geschenk-fuer-pruefungstag","24":"product_tag-kleinigkeit","25":"product_tag-kolleginnen","26":"product_tag-lernhilfe","27":"product_tag-motivation","28":"product_tag-motivationsaufkleber","29":"product_tag-motivationsgeschenk","30":"product_tag-motivationsgeschenk-schueler-studium","31":"product_tag-niedlich","32":"product_tag-positivitaet","33":"product_tag-pruefungsgeschenk","34":"product_tag-schueler","35":"product_tag-schulgeschenk","36":"product_tag-schweinchen","37":"product_tag-studierende","38":"product_tag-studium","39":"product_tag-test","40":"product_tag-viel-glueck","41":"product_tag-vorlage-zum-ausdrucken","42":"product_shipping_class-virtuelle-produkte","44":"first","45":"instock","46":"downloadable","47":"virtual","48":"taxable","49":"purchasable","50":"product-type-simple"},"yoast_head":"<!-- This site is optimized with the Yoast SEO plugin v27.3 - https:\/\/yoast.com\/product\/yoast-seo-wordpress\/ -->\n<title>Von Herzen viel Gl\u00fcck | Etiketten zum Ausdrucken<\/title>\n<meta name=\"description\" content=\"Die n\u00e4chste Pr\u00fcfung oder als Mutmacher kommt und da kann man auch eine Portion Gl\u00fcck erhalten. Hole dir daher jetzt die Etiketten. Hier ausdrucken.\" \/>\n<meta name=\"robots\" content=\"index, follow, max-snippet:-1, max-image-preview:large, max-video-preview:-1\" \/>\n<link rel=\"canonical\" href=\"https:\/\/women-at.work\/shop\/produkt\/von-herzen-viel-glueck-etiketten-zum-ausdrucken\/\" \/>\n<meta property=\"og:locale\" content=\"de_DE\" \/>\n<meta property=\"og:type\" content=\"article\" \/>\n<meta property=\"og:title\" content=\"Von Herzen viel Gl\u00fcck | Etiketten zum Ausdrucken\" \/>\n<meta property=\"og:description\" content=\"Die n\u00e4chste Pr\u00fcfung oder als Mutmacher kommt und da kann man auch eine Portion Gl\u00fcck erhalten. Hole dir daher jetzt die Etiketten. Hier ausdrucken.\" \/>\n<meta property=\"og:url\" content=\"https:\/\/women-at.work\/shop\/produkt\/von-herzen-viel-glueck-etiketten-zum-ausdrucken\/\" \/>\n<meta property=\"og:site_name\" content=\"Women At Work Shop\" \/>\n<meta property=\"article:modified_time\" content=\"2026-03-26T13:08:16+00:00\" \/>\n<meta property=\"og:image\" content=\"https:\/\/women-at.work\/shop\/wp-content\/uploads\/2026\/03\/IMG_1189-Kopie.jpg\" \/>\n\t<meta property=\"og:image:width\" content=\"1227\" \/>\n\t<meta property=\"og:image:height\" content=\"1840\" \/>\n\t<meta property=\"og:image:type\" content=\"image\/jpeg\" \/>\n<meta name=\"twitter:card\" content=\"summary_large_image\" \/>\n<meta name=\"twitter:label1\" content=\"Gesch\u00e4tzte Lesezeit\" \/>\n\t<meta name=\"twitter:data1\" content=\"2\u00a0Minuten\" \/>\n<script type=\"application\/ld+json\" class=\"yoast-schema-graph\">{\"@context\":\"https:\\\/\\\/schema.org\",\"@graph\":[{\"@type\":\"WebPage\",\"@id\":\"https:\\\/\\\/women-at.work\\\/shop\\\/produkt\\\/von-herzen-viel-glueck-etiketten-zum-ausdrucken\\\/\",\"url\":\"https:\\\/\\\/women-at.work\\\/shop\\\/produkt\\\/von-herzen-viel-glueck-etiketten-zum-ausdrucken\\\/\",\"name\":\"Von Herzen viel Gl\u00fcck | Etiketten zum Ausdrucken\",\"isPartOf\":{\"@id\":\"https:\\\/\\\/women-at.work\\\/shop\\\/#website\"},\"primaryImageOfPage\":{\"@id\":\"https:\\\/\\\/women-at.work\\\/shop\\\/produkt\\\/von-herzen-viel-glueck-etiketten-zum-ausdrucken\\\/#primaryimage\"},\"image\":{\"@id\":\"https:\\\/\\\/women-at.work\\\/shop\\\/produkt\\\/von-herzen-viel-glueck-etiketten-zum-ausdrucken\\\/#primaryimage\"},\"thumbnailUrl\":\"https:\\\/\\\/women-at.work\\\/shop\\\/wp-content\\\/uploads\\\/2026\\\/03\\\/IMG_1189-Kopie.jpg\",\"datePublished\":\"2026-03-26T13:04:58+00:00\",\"dateModified\":\"2026-03-26T13:08:16+00:00\",\"description\":\"Die n\u00e4chste Pr\u00fcfung oder als Mutmacher kommt und da kann man auch eine Portion Gl\u00fcck erhalten. Hole dir daher jetzt die Etiketten. Hier ausdrucken.\",\"breadcrumb\":{\"@id\":\"https:\\\/\\\/women-at.work\\\/shop\\\/produkt\\\/von-herzen-viel-glueck-etiketten-zum-ausdrucken\\\/#breadcrumb\"},\"inLanguage\":\"de\",\"potentialAction\":[{\"@type\":\"ReadAction\",\"target\":[\"https:\\\/\\\/women-at.work\\\/shop\\\/produkt\\\/von-herzen-viel-glueck-etiketten-zum-ausdrucken\\\/\"]}]},{\"@type\":\"ImageObject\",\"inLanguage\":\"de\",\"@id\":\"https:\\\/\\\/women-at.work\\\/shop\\\/produkt\\\/von-herzen-viel-glueck-etiketten-zum-ausdrucken\\\/#primaryimage\",\"url\":\"https:\\\/\\\/women-at.work\\\/shop\\\/wp-content\\\/uploads\\\/2026\\\/03\\\/IMG_1189-Kopie.jpg\",\"contentUrl\":\"https:\\\/\\\/women-at.work\\\/shop\\\/wp-content\\\/uploads\\\/2026\\\/03\\\/IMG_1189-Kopie.jpg\",\"width\":1227,\"height\":1840},{\"@type\":\"BreadcrumbList\",\"@id\":\"https:\\\/\\\/women-at.work\\\/shop\\\/produkt\\\/von-herzen-viel-glueck-etiketten-zum-ausdrucken\\\/#breadcrumb\",\"itemListElement\":[{\"@type\":\"ListItem\",\"position\":1,\"name\":\"Startseite\",\"item\":\"https:\\\/\\\/women-at.work\\\/shop\\\/\"},{\"@type\":\"ListItem\",\"position\":2,\"name\":\"Shop\",\"item\":\"https:\\\/\\\/women-at.work\\\/shop\\\/shop\\\/\"},{\"@type\":\"ListItem\",\"position\":3,\"name\":\"Von Herzen viel Gl\u00fcck | Etiketten zum Ausdrucken\"}]},{\"@type\":\"WebSite\",\"@id\":\"https:\\\/\\\/women-at.work\\\/shop\\\/#website\",\"url\":\"https:\\\/\\\/women-at.work\\\/shop\\\/\",\"name\":\"Women At Work Shop\",\"description\":\"Wundervolle Produkte f\u00fcr besondere Menschen\",\"publisher\":{\"@id\":\"https:\\\/\\\/women-at.work\\\/shop\\\/#organization\"},\"potentialAction\":[{\"@type\":\"SearchAction\",\"target\":{\"@type\":\"EntryPoint\",\"urlTemplate\":\"https:\\\/\\\/women-at.work\\\/shop\\\/?s={search_term_string}\"},\"query-input\":{\"@type\":\"PropertyValueSpecification\",\"valueRequired\":true,\"valueName\":\"search_term_string\"}}],\"inLanguage\":\"de\"},{\"@type\":\"Organization\",\"@id\":\"https:\\\/\\\/women-at.work\\\/shop\\\/#organization\",\"name\":\"Women At Work Shop\",\"url\":\"https:\\\/\\\/women-at.work\\\/shop\\\/\",\"logo\":{\"@type\":\"ImageObject\",\"inLanguage\":\"de\",\"@id\":\"https:\\\/\\\/women-at.work\\\/shop\\\/#\\\/schema\\\/logo\\\/image\\\/\",\"url\":\"https:\\\/\\\/women-at.work\\\/shop\\\/wp-content\\\/uploads\\\/2017\\\/05\\\/Shop_Logo.png\",\"contentUrl\":\"https:\\\/\\\/women-at.work\\\/shop\\\/wp-content\\\/uploads\\\/2017\\\/05\\\/Shop_Logo.png\",\"width\":305,\"height\":297,\"caption\":\"Women At Work Shop\"},\"image\":{\"@id\":\"https:\\\/\\\/women-at.work\\\/shop\\\/#\\\/schema\\\/logo\\\/image\\\/\"}}]}<\/script>\n<!-- \/ Yoast SEO plugin. -->","yoast_head_json":{"title":"Von Herzen viel Gl\u00fcck | Etiketten zum Ausdrucken","description":"Die n\u00e4chste Pr\u00fcfung oder als Mutmacher kommt und da kann man auch eine Portion Gl\u00fcck erhalten. Hole dir daher jetzt die Etiketten. Hier ausdrucken.","robots":{"index":"index","follow":"follow","max-snippet":"max-snippet:-1","max-image-preview":"max-image-preview:large","max-video-preview":"max-video-preview:-1"},"canonical":"https:\/\/women-at.work\/shop\/produkt\/von-herzen-viel-glueck-etiketten-zum-ausdrucken\/","og_locale":"de_DE","og_type":"article","og_title":"Von Herzen viel Gl\u00fcck | Etiketten zum Ausdrucken","og_description":"Die n\u00e4chste Pr\u00fcfung oder als Mutmacher kommt und da kann man auch eine Portion Gl\u00fcck erhalten. Hole dir daher jetzt die Etiketten. Hier ausdrucken.","og_url":"https:\/\/women-at.work\/shop\/produkt\/von-herzen-viel-glueck-etiketten-zum-ausdrucken\/","og_site_name":"Women At Work Shop","article_modified_time":"2026-03-26T13:08:16+00:00","og_image":[{"width":1227,"height":1840,"url":"https:\/\/women-at.work\/shop\/wp-content\/uploads\/2026\/03\/IMG_1189-Kopie.jpg","type":"image\/jpeg"}],"twitter_card":"summary_large_image","twitter_misc":{"Gesch\u00e4tzte Lesezeit":"2\u00a0Minuten"},"schema":{"@context":"https:\/\/schema.org","@graph":[{"@type":"WebPage","@id":"https:\/\/women-at.work\/shop\/produkt\/von-herzen-viel-glueck-etiketten-zum-ausdrucken\/","url":"https:\/\/women-at.work\/shop\/produkt\/von-herzen-viel-glueck-etiketten-zum-ausdrucken\/","name":"Von Herzen viel Gl\u00fcck | Etiketten zum Ausdrucken","isPartOf":{"@id":"https:\/\/women-at.work\/shop\/#website"},"primaryImageOfPage":{"@id":"https:\/\/women-at.work\/shop\/produkt\/von-herzen-viel-glueck-etiketten-zum-ausdrucken\/#primaryimage"},"image":{"@id":"https:\/\/women-at.work\/shop\/produkt\/von-herzen-viel-glueck-etiketten-zum-ausdrucken\/#primaryimage"},"thumbnailUrl":"https:\/\/women-at.work\/shop\/wp-content\/uploads\/2026\/03\/IMG_1189-Kopie.jpg","datePublished":"2026-03-26T13:04:58+00:00","dateModified":"2026-03-26T13:08:16+00:00","description":"Die n\u00e4chste Pr\u00fcfung oder als Mutmacher kommt und da kann man auch eine Portion Gl\u00fcck erhalten. Hole dir daher jetzt die Etiketten. Hier ausdrucken.","breadcrumb":{"@id":"https:\/\/women-at.work\/shop\/produkt\/von-herzen-viel-glueck-etiketten-zum-ausdrucken\/#breadcrumb"},"inLanguage":"de","potentialAction":[{"@type":"ReadAction","target":["https:\/\/women-at.work\/shop\/produkt\/von-herzen-viel-glueck-etiketten-zum-ausdrucken\/"]}]},{"@type":"ImageObject","inLanguage":"de","@id":"https:\/\/women-at.work\/shop\/produkt\/von-herzen-viel-glueck-etiketten-zum-ausdrucken\/#primaryimage","url":"https:\/\/women-at.work\/shop\/wp-content\/uploads\/2026\/03\/IMG_1189-Kopie.jpg","contentUrl":"https:\/\/women-at.work\/shop\/wp-content\/uploads\/2026\/03\/IMG_1189-Kopie.jpg","width":1227,"height":1840},{"@type":"BreadcrumbList","@id":"https:\/\/women-at.work\/shop\/produkt\/von-herzen-viel-glueck-etiketten-zum-ausdrucken\/#breadcrumb","itemListElement":[{"@type":"ListItem","position":1,"name":"Startseite","item":"https:\/\/women-at.work\/shop\/"},{"@type":"ListItem","position":2,"name":"Shop","item":"https:\/\/women-at.work\/shop\/shop\/"},{"@type":"ListItem","position":3,"name":"Von Herzen viel Gl\u00fcck | Etiketten zum Ausdrucken"}]},{"@type":"WebSite","@id":"https:\/\/women-at.work\/shop\/#website","url":"https:\/\/women-at.work\/shop\/","name":"Women At Work Shop","description":"Wundervolle Produkte f\u00fcr besondere Menschen","publisher":{"@id":"https:\/\/women-at.work\/shop\/#organization"},"potentialAction":[{"@type":"SearchAction","target":{"@type":"EntryPoint","urlTemplate":"https:\/\/women-at.work\/shop\/?s={search_term_string}"},"query-input":{"@type":"PropertyValueSpecification","valueRequired":true,"valueName":"search_term_string"}}],"inLanguage":"de"},{"@type":"Organization","@id":"https:\/\/women-at.work\/shop\/#organization","name":"Women At Work Shop","url":"https:\/\/women-at.work\/shop\/","logo":{"@type":"ImageObject","inLanguage":"de","@id":"https:\/\/women-at.work\/shop\/#\/schema\/logo\/image\/","url":"https:\/\/women-at.work\/shop\/wp-content\/uploads\/2017\/05\/Shop_Logo.png","contentUrl":"https:\/\/women-at.work\/shop\/wp-content\/uploads\/2017\/05\/Shop_Logo.png","width":305,"height":297,"caption":"Women At Work Shop"},"image":{"@id":"https:\/\/women-at.work\/shop\/#\/schema\/logo\/image\/"}}]}},"_links":{"self":[{"href":"https:\/\/women-at.work\/shop\/wp-json\/wp\/v2\/product\/31883","targetHints":{"allow":["GET"]}}],"collection":[{"href":"https:\/\/women-at.work\/shop\/wp-json\/wp\/v2\/product"}],"about":[{"href":"https:\/\/women-at.work\/shop\/wp-json\/wp\/v2\/types\/product"}],"replies":[{"embeddable":true,"href":"https:\/\/women-at.work\/shop\/wp-json\/wp\/v2\/comments?post=31883"}],"wp:featuredmedia":[{"embeddable":true,"href":"https:\/\/women-at.work\/shop\/wp-json\/wp\/v2\/media\/31885"}],"wp:attachment":[{"href":"https:\/\/women-at.work\/shop\/wp-json\/wp\/v2\/media?parent=31883"}],"wp:term":[{"taxonomy":"product_brand","embeddable":true,"href":"https:\/\/women-at.work\/shop\/wp-json\/wp\/v2\/product_brand?post=31883"},{"taxonomy":"product_cat","embeddable":true,"href":"https:\/\/women-at.work\/shop\/wp-json\/wp\/v2\/product_cat?post=31883"},{"taxonomy":"product_tag","embeddable":true,"href":"https:\/\/women-at.work\/shop\/wp-json\/wp\/v2\/product_tag?post=31883"}],"curies":[{"name":"wp","href":"https:\/\/api.w.org\/{rel}","templated":true}]}}