{"id":31230,"date":"2026-03-01T18:46:25","date_gmt":"2026-03-01T17:46:25","guid":{"rendered":"https:\/\/women-at.work\/shop\/?post_type=product&#038;p=31230"},"modified":"2026-03-01T19:22:37","modified_gmt":"2026-03-01T18:22:37","slug":"eiersuche-in-der-tuete-etiketten-vorlage-zum-ausdrucken","status":"publish","type":"product","link":"https:\/\/women-at.work\/shop\/produkt\/eiersuche-in-der-tuete-etiketten-vorlage-zum-ausdrucken\/","title":{"rendered":"Eiersuche in der T\u00fcte Etiketten | Vorlage zum Ausdrucken"},"content":{"rendered":"<p>Mach die Ostereiersuche noch magischer mit unseren liebevoll gestalteten \u201eEiersuche in der T\u00fcte\u201c Etiketten zum Ausdrucken! Diese Printable Osteretiketten verwandeln jede kleine T\u00fcte im Handumdrehen in ein zauberhaftes Ostergeschenk f\u00fcr Kinder, Familie, Freund*innen oder die Kita.<\/p>\n<p data-start=\"601\" data-end=\"851\">Die Oster-Druckvorlage eignet sich perfekt, um kleine S\u00fc\u00dfigkeiten, Ostereier oder \u00dcberraschungen stilvoll zu verpacken. Einfach ausdrucken, ausschneiden und an eine T\u00fcte oder Geschenkverpackung befestigen \u2013 fertig ist die besondere Oster\u00fcberraschung!<\/p>\n<p data-start=\"853\" data-end=\"1025\">Das Design ist fr\u00f6hlich, kindgerecht und ideal f\u00fcr die Ostereiersuche, Osterk\u00f6rbchen oder kleine Mitgebsel zu Ostern. So wird jede Eiersuche zu einem liebevollen Highlight.<\/p>\n<p>In dem Paket enthalten ist eine Vorlage \/Etiketten zum Ausdrucken, um eine Verpackung f\u00fcr ein Osternest to Go zu basteln. Die Etiketten werden in zwei Gr\u00f6\u00dfen bereitgestellt.<\/p>\n<p><strong data-start=\"787\" data-end=\"801\">Ideal f\u00fcr:<\/strong><br data-start=\"801\" data-end=\"804\" \/>\u2022 Ostereiersuche f\u00fcr Kinder<br data-start=\"1258\" data-end=\"1261\" \/>\u2022 Ostergeschenke &amp; Osterk\u00f6rbchen<br data-start=\"1293\" data-end=\"1296\" \/>\u2022 Mitgebsel im Kindergarten &amp; in der Schule<br data-start=\"1339\" data-end=\"1342\" \/>\u2022 Kleine Aufmerksamkeiten zu Ostern<br data-start=\"1377\" data-end=\"1380\" \/>\u2022 DIY Ostern &amp; Last-Minute Ostergeschenke<\/p>\n<p>Sobald die Zahlung bei uns eingegangen ist, wird der Download-Link an dich per E-Mail verschickt. Bei Zahlung per PayPal, ist der Download sofort verf\u00fcgbar. <strong>Sollte die E-Mail nicht automatisch an Sie versendet werden, wenden Sie sich bitte an unseren Kundenservice per E-Mail oder Telefon. Bitte er\u00f6ffnen Sie keinen Fall bei PayPal. So k\u00f6nnen wir Ihnen schneller weiterhelfen!<\/strong><\/p>\n<p><em>Die S\u00fc\u00dfigkeiten und T\u00fcten werden nicht versendet und es besteht keine Kooperation. Sie dienen nur als Pr\u00e4sentationsvorschlag. Es ist ein rein digitaler Versand!<\/em><\/p>\n<p>Die Vorlage ist f\u00fcr den privaten Gebrauch und darf nicht f\u00fcr kommerzielle Zwecke genutzt werden.<\/p>\n","protected":false},"excerpt":{"rendered":"<p>Eiersuche in der T\u00fcte als Etiketten f\u00fcr ein kleines Ostergeschenk.<\/p>\n","protected":false},"featured_media":31233,"comment_status":"open","ping_status":"closed","template":"","meta":[],"product_brand":[],"product_cat":[406,268],"product_tag":[715,727,722,721,728,724,720,719,716,717,723,714,726,725,718,297,348],"class_list":{"0":"post-31230","1":"product","2":"type-product","3":"status-publish","4":"has-post-thumbnail","6":"product_cat-ostern","7":"product_cat-vorlagen","8":"product_tag-eiersuche-in-der-tuete","9":"product_tag-eiersuche-kinder","10":"product_tag-mitgebsel-ostern","11":"product_tag-oster-diy-kinder","12":"product_tag-oster-download-druckvorlage","13":"product_tag-oster-printables","14":"product_tag-osteranhaenger-druckbar","15":"product_tag-ostereiersuche-etiketten","16":"product_tag-osteretiketten-druckvorlage","17":"product_tag-ostergeschenk-kinder","18":"product_tag-osterkoerbchen-etiketten","19":"product_tag-ostern-etiketten","20":"product_tag-ostern-kinder-geschenk","21":"product_tag-ostertueten-etiketten","22":"product_tag-printable-ostern","23":"product_tag-vorlage","24":"product_tag-vorlage-zum-ausdrucken","25":"product_shipping_class-virtuelle-produkte","27":"first","28":"instock","29":"downloadable","30":"virtual","31":"taxable","32":"purchasable","33":"product-type-simple"},"yoast_head":"<!-- This site is optimized with the Yoast SEO plugin v27.5 - https:\/\/yoast.com\/product\/yoast-seo-wordpress\/ -->\n<title>Eiersuche in der T\u00fcte Etiketten | Vorlage zum Ausdrucken<\/title>\n<meta name=\"description\" content=\"Liebevoll gestaltete \u201eEiersuche in der T\u00fcte\u201c Etiketten zum Ausdrucken \u2013 perfekte Druckvorlage f\u00fcr Ostergeschenke, Ostereiersuche &amp; f\u00fcr Kinder.\" \/>\n<meta name=\"robots\" content=\"index, follow, max-snippet:-1, max-image-preview:large, max-video-preview:-1\" \/>\n<link rel=\"canonical\" href=\"https:\/\/women-at.work\/shop\/produkt\/eiersuche-in-der-tuete-etiketten-vorlage-zum-ausdrucken\/\" \/>\n<meta property=\"og:locale\" content=\"de_DE\" \/>\n<meta property=\"og:type\" content=\"article\" \/>\n<meta property=\"og:title\" content=\"Eiersuche in der T\u00fcte Etiketten | Vorlage zum Ausdrucken\" \/>\n<meta property=\"og:description\" content=\"Liebevoll gestaltete \u201eEiersuche in der T\u00fcte\u201c Etiketten zum Ausdrucken \u2013 perfekte Druckvorlage f\u00fcr Ostergeschenke, Ostereiersuche &amp; f\u00fcr Kinder.\" \/>\n<meta property=\"og:url\" content=\"https:\/\/women-at.work\/shop\/produkt\/eiersuche-in-der-tuete-etiketten-vorlage-zum-ausdrucken\/\" \/>\n<meta property=\"og:site_name\" content=\"Women At Work Shop\" \/>\n<meta property=\"article:modified_time\" content=\"2026-03-01T18:22:37+00:00\" \/>\n<meta property=\"og:image\" content=\"https:\/\/women-at.work\/shop\/wp-content\/uploads\/2026\/03\/Eiersuche.jpg\" \/>\n\t<meta property=\"og:image:width\" content=\"800\" \/>\n\t<meta property=\"og:image:height\" content=\"1200\" \/>\n\t<meta property=\"og:image:type\" content=\"image\/jpeg\" \/>\n<meta name=\"twitter:card\" content=\"summary_large_image\" \/>\n<meta name=\"twitter:label1\" content=\"Gesch\u00e4tzte Lesezeit\" \/>\n\t<meta name=\"twitter:data1\" content=\"2\u00a0Minuten\" \/>\n<script type=\"application\/ld+json\" class=\"yoast-schema-graph\">{\"@context\":\"https:\\\/\\\/schema.org\",\"@graph\":[{\"@type\":\"WebPage\",\"@id\":\"https:\\\/\\\/women-at.work\\\/shop\\\/produkt\\\/eiersuche-in-der-tuete-etiketten-vorlage-zum-ausdrucken\\\/\",\"url\":\"https:\\\/\\\/women-at.work\\\/shop\\\/produkt\\\/eiersuche-in-der-tuete-etiketten-vorlage-zum-ausdrucken\\\/\",\"name\":\"Eiersuche in der T\u00fcte Etiketten | Vorlage zum Ausdrucken\",\"isPartOf\":{\"@id\":\"https:\\\/\\\/women-at.work\\\/shop\\\/#website\"},\"primaryImageOfPage\":{\"@id\":\"https:\\\/\\\/women-at.work\\\/shop\\\/produkt\\\/eiersuche-in-der-tuete-etiketten-vorlage-zum-ausdrucken\\\/#primaryimage\"},\"image\":{\"@id\":\"https:\\\/\\\/women-at.work\\\/shop\\\/produkt\\\/eiersuche-in-der-tuete-etiketten-vorlage-zum-ausdrucken\\\/#primaryimage\"},\"thumbnailUrl\":\"https:\\\/\\\/women-at.work\\\/shop\\\/wp-content\\\/uploads\\\/2026\\\/03\\\/Eiersuche.jpg\",\"datePublished\":\"2026-03-01T17:46:25+00:00\",\"dateModified\":\"2026-03-01T18:22:37+00:00\",\"description\":\"Liebevoll gestaltete \u201eEiersuche in der T\u00fcte\u201c Etiketten zum Ausdrucken \u2013 perfekte Druckvorlage f\u00fcr Ostergeschenke, Ostereiersuche & f\u00fcr Kinder.\",\"breadcrumb\":{\"@id\":\"https:\\\/\\\/women-at.work\\\/shop\\\/produkt\\\/eiersuche-in-der-tuete-etiketten-vorlage-zum-ausdrucken\\\/#breadcrumb\"},\"inLanguage\":\"de\",\"potentialAction\":[{\"@type\":\"ReadAction\",\"target\":[\"https:\\\/\\\/women-at.work\\\/shop\\\/produkt\\\/eiersuche-in-der-tuete-etiketten-vorlage-zum-ausdrucken\\\/\"]}]},{\"@type\":\"ImageObject\",\"inLanguage\":\"de\",\"@id\":\"https:\\\/\\\/women-at.work\\\/shop\\\/produkt\\\/eiersuche-in-der-tuete-etiketten-vorlage-zum-ausdrucken\\\/#primaryimage\",\"url\":\"https:\\\/\\\/women-at.work\\\/shop\\\/wp-content\\\/uploads\\\/2026\\\/03\\\/Eiersuche.jpg\",\"contentUrl\":\"https:\\\/\\\/women-at.work\\\/shop\\\/wp-content\\\/uploads\\\/2026\\\/03\\\/Eiersuche.jpg\",\"width\":800,\"height\":1200},{\"@type\":\"BreadcrumbList\",\"@id\":\"https:\\\/\\\/women-at.work\\\/shop\\\/produkt\\\/eiersuche-in-der-tuete-etiketten-vorlage-zum-ausdrucken\\\/#breadcrumb\",\"itemListElement\":[{\"@type\":\"ListItem\",\"position\":1,\"name\":\"Startseite\",\"item\":\"https:\\\/\\\/women-at.work\\\/shop\\\/\"},{\"@type\":\"ListItem\",\"position\":2,\"name\":\"Shop\",\"item\":\"https:\\\/\\\/women-at.work\\\/shop\\\/shop\\\/\"},{\"@type\":\"ListItem\",\"position\":3,\"name\":\"Eiersuche in der T\u00fcte Etiketten | Vorlage zum Ausdrucken\"}]},{\"@type\":\"WebSite\",\"@id\":\"https:\\\/\\\/women-at.work\\\/shop\\\/#website\",\"url\":\"https:\\\/\\\/women-at.work\\\/shop\\\/\",\"name\":\"Women At Work Shop\",\"description\":\"Wundervolle Produkte f\u00fcr besondere Menschen\",\"publisher\":{\"@id\":\"https:\\\/\\\/women-at.work\\\/shop\\\/#organization\"},\"potentialAction\":[{\"@type\":\"SearchAction\",\"target\":{\"@type\":\"EntryPoint\",\"urlTemplate\":\"https:\\\/\\\/women-at.work\\\/shop\\\/?s={search_term_string}\"},\"query-input\":{\"@type\":\"PropertyValueSpecification\",\"valueRequired\":true,\"valueName\":\"search_term_string\"}}],\"inLanguage\":\"de\"},{\"@type\":\"Organization\",\"@id\":\"https:\\\/\\\/women-at.work\\\/shop\\\/#organization\",\"name\":\"Women At Work Shop\",\"url\":\"https:\\\/\\\/women-at.work\\\/shop\\\/\",\"logo\":{\"@type\":\"ImageObject\",\"inLanguage\":\"de\",\"@id\":\"https:\\\/\\\/women-at.work\\\/shop\\\/#\\\/schema\\\/logo\\\/image\\\/\",\"url\":\"https:\\\/\\\/women-at.work\\\/shop\\\/wp-content\\\/uploads\\\/2017\\\/05\\\/Shop_Logo.png\",\"contentUrl\":\"https:\\\/\\\/women-at.work\\\/shop\\\/wp-content\\\/uploads\\\/2017\\\/05\\\/Shop_Logo.png\",\"width\":305,\"height\":297,\"caption\":\"Women At Work Shop\"},\"image\":{\"@id\":\"https:\\\/\\\/women-at.work\\\/shop\\\/#\\\/schema\\\/logo\\\/image\\\/\"}}]}<\/script>\n<!-- \/ Yoast SEO plugin. -->","yoast_head_json":{"title":"Eiersuche in der T\u00fcte Etiketten | Vorlage zum Ausdrucken","description":"Liebevoll gestaltete \u201eEiersuche in der T\u00fcte\u201c Etiketten zum Ausdrucken \u2013 perfekte Druckvorlage f\u00fcr Ostergeschenke, Ostereiersuche & f\u00fcr Kinder.","robots":{"index":"index","follow":"follow","max-snippet":"max-snippet:-1","max-image-preview":"max-image-preview:large","max-video-preview":"max-video-preview:-1"},"canonical":"https:\/\/women-at.work\/shop\/produkt\/eiersuche-in-der-tuete-etiketten-vorlage-zum-ausdrucken\/","og_locale":"de_DE","og_type":"article","og_title":"Eiersuche in der T\u00fcte Etiketten | Vorlage zum Ausdrucken","og_description":"Liebevoll gestaltete \u201eEiersuche in der T\u00fcte\u201c Etiketten zum Ausdrucken \u2013 perfekte Druckvorlage f\u00fcr Ostergeschenke, Ostereiersuche & f\u00fcr Kinder.","og_url":"https:\/\/women-at.work\/shop\/produkt\/eiersuche-in-der-tuete-etiketten-vorlage-zum-ausdrucken\/","og_site_name":"Women At Work Shop","article_modified_time":"2026-03-01T18:22:37+00:00","og_image":[{"width":800,"height":1200,"url":"https:\/\/women-at.work\/shop\/wp-content\/uploads\/2026\/03\/Eiersuche.jpg","type":"image\/jpeg"}],"twitter_card":"summary_large_image","twitter_misc":{"Gesch\u00e4tzte Lesezeit":"2\u00a0Minuten"},"schema":{"@context":"https:\/\/schema.org","@graph":[{"@type":"WebPage","@id":"https:\/\/women-at.work\/shop\/produkt\/eiersuche-in-der-tuete-etiketten-vorlage-zum-ausdrucken\/","url":"https:\/\/women-at.work\/shop\/produkt\/eiersuche-in-der-tuete-etiketten-vorlage-zum-ausdrucken\/","name":"Eiersuche in der T\u00fcte Etiketten | Vorlage zum Ausdrucken","isPartOf":{"@id":"https:\/\/women-at.work\/shop\/#website"},"primaryImageOfPage":{"@id":"https:\/\/women-at.work\/shop\/produkt\/eiersuche-in-der-tuete-etiketten-vorlage-zum-ausdrucken\/#primaryimage"},"image":{"@id":"https:\/\/women-at.work\/shop\/produkt\/eiersuche-in-der-tuete-etiketten-vorlage-zum-ausdrucken\/#primaryimage"},"thumbnailUrl":"https:\/\/women-at.work\/shop\/wp-content\/uploads\/2026\/03\/Eiersuche.jpg","datePublished":"2026-03-01T17:46:25+00:00","dateModified":"2026-03-01T18:22:37+00:00","description":"Liebevoll gestaltete \u201eEiersuche in der T\u00fcte\u201c Etiketten zum Ausdrucken \u2013 perfekte Druckvorlage f\u00fcr Ostergeschenke, Ostereiersuche & f\u00fcr Kinder.","breadcrumb":{"@id":"https:\/\/women-at.work\/shop\/produkt\/eiersuche-in-der-tuete-etiketten-vorlage-zum-ausdrucken\/#breadcrumb"},"inLanguage":"de","potentialAction":[{"@type":"ReadAction","target":["https:\/\/women-at.work\/shop\/produkt\/eiersuche-in-der-tuete-etiketten-vorlage-zum-ausdrucken\/"]}]},{"@type":"ImageObject","inLanguage":"de","@id":"https:\/\/women-at.work\/shop\/produkt\/eiersuche-in-der-tuete-etiketten-vorlage-zum-ausdrucken\/#primaryimage","url":"https:\/\/women-at.work\/shop\/wp-content\/uploads\/2026\/03\/Eiersuche.jpg","contentUrl":"https:\/\/women-at.work\/shop\/wp-content\/uploads\/2026\/03\/Eiersuche.jpg","width":800,"height":1200},{"@type":"BreadcrumbList","@id":"https:\/\/women-at.work\/shop\/produkt\/eiersuche-in-der-tuete-etiketten-vorlage-zum-ausdrucken\/#breadcrumb","itemListElement":[{"@type":"ListItem","position":1,"name":"Startseite","item":"https:\/\/women-at.work\/shop\/"},{"@type":"ListItem","position":2,"name":"Shop","item":"https:\/\/women-at.work\/shop\/shop\/"},{"@type":"ListItem","position":3,"name":"Eiersuche in der T\u00fcte Etiketten | Vorlage zum Ausdrucken"}]},{"@type":"WebSite","@id":"https:\/\/women-at.work\/shop\/#website","url":"https:\/\/women-at.work\/shop\/","name":"Women At Work Shop","description":"Wundervolle Produkte f\u00fcr besondere Menschen","publisher":{"@id":"https:\/\/women-at.work\/shop\/#organization"},"potentialAction":[{"@type":"SearchAction","target":{"@type":"EntryPoint","urlTemplate":"https:\/\/women-at.work\/shop\/?s={search_term_string}"},"query-input":{"@type":"PropertyValueSpecification","valueRequired":true,"valueName":"search_term_string"}}],"inLanguage":"de"},{"@type":"Organization","@id":"https:\/\/women-at.work\/shop\/#organization","name":"Women At Work Shop","url":"https:\/\/women-at.work\/shop\/","logo":{"@type":"ImageObject","inLanguage":"de","@id":"https:\/\/women-at.work\/shop\/#\/schema\/logo\/image\/","url":"https:\/\/women-at.work\/shop\/wp-content\/uploads\/2017\/05\/Shop_Logo.png","contentUrl":"https:\/\/women-at.work\/shop\/wp-content\/uploads\/2017\/05\/Shop_Logo.png","width":305,"height":297,"caption":"Women At Work Shop"},"image":{"@id":"https:\/\/women-at.work\/shop\/#\/schema\/logo\/image\/"}}]}},"_links":{"self":[{"href":"https:\/\/women-at.work\/shop\/wp-json\/wp\/v2\/product\/31230","targetHints":{"allow":["GET"]}}],"collection":[{"href":"https:\/\/women-at.work\/shop\/wp-json\/wp\/v2\/product"}],"about":[{"href":"https:\/\/women-at.work\/shop\/wp-json\/wp\/v2\/types\/product"}],"replies":[{"embeddable":true,"href":"https:\/\/women-at.work\/shop\/wp-json\/wp\/v2\/comments?post=31230"}],"wp:featuredmedia":[{"embeddable":true,"href":"https:\/\/women-at.work\/shop\/wp-json\/wp\/v2\/media\/31233"}],"wp:attachment":[{"href":"https:\/\/women-at.work\/shop\/wp-json\/wp\/v2\/media?parent=31230"}],"wp:term":[{"taxonomy":"product_brand","embeddable":true,"href":"https:\/\/women-at.work\/shop\/wp-json\/wp\/v2\/product_brand?post=31230"},{"taxonomy":"product_cat","embeddable":true,"href":"https:\/\/women-at.work\/shop\/wp-json\/wp\/v2\/product_cat?post=31230"},{"taxonomy":"product_tag","embeddable":true,"href":"https:\/\/women-at.work\/shop\/wp-json\/wp\/v2\/product_tag?post=31230"}],"curies":[{"name":"wp","href":"https:\/\/api.w.org\/{rel}","templated":true}]}}