{"id":31024,"date":"2026-02-25T19:26:17","date_gmt":"2026-02-25T18:26:17","guid":{"rendered":"https:\/\/women-at.work\/shop\/?post_type=product&#038;p=31024"},"modified":"2026-02-26T09:57:10","modified_gmt":"2026-02-26T08:57:10","slug":"ostern-schuettelkarten-vorlage-zum-ausdrucken","status":"publish","type":"product","link":"https:\/\/women-at.work\/shop\/produkt\/ostern-schuettelkarten-vorlage-zum-ausdrucken\/","title":{"rendered":"Ostern Sch\u00fcttelkarten: Vorlage zum Ausdrucken"},"content":{"rendered":"<p data-start=\"341\" data-end=\"673\">Du suchst eine <strong data-start=\"356\" data-end=\"374\">besondere Idee<\/strong>, um <strong data-start=\"379\" data-end=\"403\">Geld oder Gutscheine<\/strong> zu Ostern zu verschenken? Dann sind diese <strong data-start=\"451\" data-end=\"494\">\u00f6sterlichen Sch\u00fcttelkarten-Vorlagen<\/strong> genau das Richtige! Mit diesen DIY-Motiven entstehteine wundersch\u00f6ne, originelle Geschenkverpackung, die garantiert f\u00fcr Begeisterung sorgt.<\/p>\n<p data-start=\"675\" data-end=\"1018\">Die Vorlagen sind perfekt geeignet f\u00fcr alle, die <strong data-start=\"724\" data-end=\"758\">Geldgeschenke h\u00fcbsch verpacken<\/strong>, <strong data-start=\"760\" data-end=\"794\">Gutscheine kreativ \u00fcberreichen<\/strong> oder eine <strong data-start=\"805\" data-end=\"833\">Last-Minute Geschenkidee<\/strong> suchen.<\/p>\n<p data-start=\"1020\" data-end=\"1042\"><strong data-start=\"1020\" data-end=\"1042\">\u2728 Das bekommst du:<\/strong><\/p>\n<ul data-start=\"1043\" data-end=\"1349\">\n<li data-start=\"1043\" data-end=\"1125\">\n<p data-start=\"1045\" data-end=\"1125\">Sofort downloadbare <strong data-start=\"1065\" data-end=\"1081\">PDF-Vorlagen<\/strong> f\u00fcr Osterhasen und Osterei<\/p>\n<\/li>\n<li data-start=\"1126\" data-end=\"1210\">\n<p data-start=\"1128\" data-end=\"1210\">Motive in perfekter Gr\u00f6\u00dfe zum Bef\u00fcllen mit Geldscheinen oder kleinen Gutscheinen (f\u00fcr Vorder- und R\u00fcckseite)<\/p>\n<\/li>\n<li data-start=\"1211\" data-end=\"1281\">\n<p data-start=\"1213\" data-end=\"1281\">Oster-Spr\u00fcche und Designs f\u00fcr kreative DIY-Sch\u00fcttelkarten<\/p>\n<\/li>\n<li data-start=\"1282\" data-end=\"1349\">\n<p data-start=\"1284\" data-end=\"1349\">Ideal zum Ausdrucken auf Transparentpapier oder normalem Papier<\/p>\n<\/li>\n<\/ul>\n<p data-start=\"1351\" data-end=\"1370\"><strong data-start=\"1351\" data-end=\"1370\">\ud83d\udca1 Perfekt f\u00fcr:<\/strong><\/p>\n<ul data-start=\"1371\" data-end=\"1550\">\n<li data-start=\"1371\" data-end=\"1416\">\n<p data-start=\"1373\" data-end=\"1416\">Ostergeschenke f\u00fcr Familie &amp; Freunde<\/p>\n<\/li>\n<li data-start=\"1417\" data-end=\"1453\">\n<p data-start=\"1419\" data-end=\"1453\">Geldgeschenke originell verpackt<\/p>\n<\/li>\n<li data-start=\"1454\" data-end=\"1488\">\n<p data-start=\"1456\" data-end=\"1488\">Gutscheine kreativ \u00fcberreichen<\/p>\n<\/li>\n<li data-start=\"1489\" data-end=\"1550\">\n<p data-start=\"1491\" data-end=\"1550\">DIY-Projekte, Bastelliebhaber &amp; Last-Minute-Geschenkideen<\/p>\n<\/li>\n<\/ul>\n<p data-start=\"1552\" data-end=\"1568\"><strong data-start=\"1552\" data-end=\"1568\">\ud83c\udf1f Vorteile:<\/strong><\/p>\n<ul data-start=\"1569\" data-end=\"1755\">\n<li data-start=\"1569\" data-end=\"1612\">\n<p data-start=\"1571\" data-end=\"1612\"><strong data-start=\"1571\" data-end=\"1590\">Sofort-Download<\/strong> nach Zahlungseingang \u2013 direkt losbasteln<\/p>\n<\/li>\n<li data-start=\"1613\" data-end=\"1658\">\n<p data-start=\"1615\" data-end=\"1658\">Einzigartige und moderne Ostermotive<\/p>\n<\/li>\n<li data-start=\"1659\" data-end=\"1705\">\n<p data-start=\"1661\" data-end=\"1705\">Pers\u00f6nliche, liebevolle Geschenkverpackung<\/p>\n<\/li>\n<li data-start=\"1706\" data-end=\"1755\">\n<p data-start=\"1708\" data-end=\"1755\">Schnell, unkompliziert &amp; absolut ungew\u00f6hnlich<\/p>\n<\/li>\n<\/ul>\n<p>Sobald die Zahlung bei uns eingegangen ist, wird der Download-Link an dich per E-Mail verschickt. Bei Zahlung per PayPal, ist der Download sofort verf\u00fcgbar. Sollte dieser nicht sofort verf\u00fcgbar sein, meldet euch bitte bei unserem Kundenservice, bevor ihr einen Paypal Fall er\u00f6ffnet!<\/p>\n<p><em>Die Bilder dienen nur als Pr\u00e4sentationsvorschlag. Es erfolgt ein rein digitaler Versand!<br \/>\n<\/em><\/p>\n<p>Die Vorlage ist f\u00fcr den privaten Gebrauch und darf nicht f\u00fcr kommerzielle Zwecke genutzt werden.<\/p>\n","protected":false},"excerpt":{"rendered":"<p>Du suchst eine <strong data-start=\"356\" data-end=\"374\">besondere Idee<\/strong>, um <strong data-start=\"379\" data-end=\"403\">Geld oder Gutscheine<\/strong> zu Ostern zu verschenken? Dann sind diese <strong data-start=\"451\" data-end=\"494\">Sch\u00fcttelkarten-Vorlagen<\/strong> genau das Richtige!<\/p>\n","protected":false},"featured_media":31028,"comment_status":"open","ping_status":"closed","template":"","meta":[],"product_brand":[],"product_cat":[406,268],"product_tag":[623,696,397,396,697,633,632,627,395,628,398,698,699,702,703,700,701,621,348,391],"class_list":{"0":"post-31024","1":"product","2":"type-product","3":"status-publish","4":"has-post-thumbnail","6":"product_cat-ostern","7":"product_cat-vorlagen","8":"product_tag-diy-geldgeschenk","9":"product_tag-download-vorlage-ostern","10":"product_tag-geld-verpacken","11":"product_tag-geldgeschenk","12":"product_tag-geldgeschenk-ostern","13":"product_tag-geldgeschenk-verpackung","14":"product_tag-geschenkidee-zum-ausdrucken","15":"product_tag-geschenkverpackung-geld","16":"product_tag-gutschein","17":"product_tag-gutschein-kreativ-verpacken","18":"product_tag-gutschein-verpacken","19":"product_tag-gutscheinverpackung-ostern","20":"product_tag-last-minute-geschenk-ostern","21":"product_tag-ostergeschenk-idee","22":"product_tag-osterkarte-diy","23":"product_tag-pdf-vorlage-ostern","24":"product_tag-schuettelkarte-ostern","25":"product_tag-schuettelkarte-vorlage","26":"product_tag-vorlage-zum-ausdrucken","27":"product_tag-vorlage-zum-herunterladen","28":"product_shipping_class-virtuelle-produkte","30":"first","31":"instock","32":"sale","33":"downloadable","34":"virtual","35":"taxable","36":"purchasable","37":"product-type-simple"},"yoast_head":"<!-- This site is optimized with the Yoast SEO plugin v27.4 - https:\/\/yoast.com\/product\/yoast-seo-wordpress\/ -->\n<title>Oster Sch\u00fcttelkarten f\u00fcr Geldgeschenke oder Gutscheine<\/title>\n<meta name=\"description\" content=\"Sofort downloadbare Ostervorlagen f\u00fcr kreative Sch\u00fcttelkarten. Perfekte DIY-Idee, um Geld und Gutscheine originell und \u00f6sterlich zu verpacken.\" \/>\n<meta name=\"robots\" content=\"index, follow, max-snippet:-1, max-image-preview:large, max-video-preview:-1\" \/>\n<link rel=\"canonical\" href=\"https:\/\/women-at.work\/shop\/produkt\/ostern-schuettelkarten-vorlage-zum-ausdrucken\/\" \/>\n<meta property=\"og:locale\" content=\"de_DE\" \/>\n<meta property=\"og:type\" content=\"article\" \/>\n<meta property=\"og:title\" content=\"Oster Sch\u00fcttelkarten f\u00fcr Geldgeschenke oder Gutscheine\" \/>\n<meta property=\"og:description\" content=\"Sofort downloadbare Ostervorlagen f\u00fcr kreative Sch\u00fcttelkarten. Perfekte DIY-Idee, um Geld und Gutscheine originell und \u00f6sterlich zu verpacken.\" \/>\n<meta property=\"og:url\" content=\"https:\/\/women-at.work\/shop\/produkt\/ostern-schuettelkarten-vorlage-zum-ausdrucken\/\" \/>\n<meta property=\"og:site_name\" content=\"Women At Work Shop\" \/>\n<meta property=\"article:modified_time\" content=\"2026-02-26T08:57:10+00:00\" \/>\n<meta property=\"og:image\" content=\"https:\/\/women-at.work\/shop\/wp-content\/uploads\/2026\/02\/Schuettelkarte-Ostern.jpg\" \/>\n\t<meta property=\"og:image:width\" content=\"800\" \/>\n\t<meta property=\"og:image:height\" content=\"1200\" \/>\n\t<meta property=\"og:image:type\" content=\"image\/jpeg\" \/>\n<meta name=\"twitter:card\" content=\"summary_large_image\" \/>\n<meta name=\"twitter:label1\" content=\"Gesch\u00e4tzte Lesezeit\" \/>\n\t<meta name=\"twitter:data1\" content=\"2\u00a0Minuten\" \/>\n<script type=\"application\/ld+json\" class=\"yoast-schema-graph\">{\"@context\":\"https:\\\/\\\/schema.org\",\"@graph\":[{\"@type\":\"WebPage\",\"@id\":\"https:\\\/\\\/women-at.work\\\/shop\\\/produkt\\\/ostern-schuettelkarten-vorlage-zum-ausdrucken\\\/\",\"url\":\"https:\\\/\\\/women-at.work\\\/shop\\\/produkt\\\/ostern-schuettelkarten-vorlage-zum-ausdrucken\\\/\",\"name\":\"Oster Sch\u00fcttelkarten f\u00fcr Geldgeschenke oder Gutscheine\",\"isPartOf\":{\"@id\":\"https:\\\/\\\/women-at.work\\\/shop\\\/#website\"},\"primaryImageOfPage\":{\"@id\":\"https:\\\/\\\/women-at.work\\\/shop\\\/produkt\\\/ostern-schuettelkarten-vorlage-zum-ausdrucken\\\/#primaryimage\"},\"image\":{\"@id\":\"https:\\\/\\\/women-at.work\\\/shop\\\/produkt\\\/ostern-schuettelkarten-vorlage-zum-ausdrucken\\\/#primaryimage\"},\"thumbnailUrl\":\"https:\\\/\\\/women-at.work\\\/shop\\\/wp-content\\\/uploads\\\/2026\\\/02\\\/Schuettelkarte-Ostern.jpg\",\"datePublished\":\"2026-02-25T18:26:17+00:00\",\"dateModified\":\"2026-02-26T08:57:10+00:00\",\"description\":\"Sofort downloadbare Ostervorlagen f\u00fcr kreative Sch\u00fcttelkarten. Perfekte DIY-Idee, um Geld und Gutscheine originell und \u00f6sterlich zu verpacken.\",\"breadcrumb\":{\"@id\":\"https:\\\/\\\/women-at.work\\\/shop\\\/produkt\\\/ostern-schuettelkarten-vorlage-zum-ausdrucken\\\/#breadcrumb\"},\"inLanguage\":\"de\",\"potentialAction\":[{\"@type\":\"ReadAction\",\"target\":[\"https:\\\/\\\/women-at.work\\\/shop\\\/produkt\\\/ostern-schuettelkarten-vorlage-zum-ausdrucken\\\/\"]}]},{\"@type\":\"ImageObject\",\"inLanguage\":\"de\",\"@id\":\"https:\\\/\\\/women-at.work\\\/shop\\\/produkt\\\/ostern-schuettelkarten-vorlage-zum-ausdrucken\\\/#primaryimage\",\"url\":\"https:\\\/\\\/women-at.work\\\/shop\\\/wp-content\\\/uploads\\\/2026\\\/02\\\/Schuettelkarte-Ostern.jpg\",\"contentUrl\":\"https:\\\/\\\/women-at.work\\\/shop\\\/wp-content\\\/uploads\\\/2026\\\/02\\\/Schuettelkarte-Ostern.jpg\",\"width\":800,\"height\":1200},{\"@type\":\"BreadcrumbList\",\"@id\":\"https:\\\/\\\/women-at.work\\\/shop\\\/produkt\\\/ostern-schuettelkarten-vorlage-zum-ausdrucken\\\/#breadcrumb\",\"itemListElement\":[{\"@type\":\"ListItem\",\"position\":1,\"name\":\"Startseite\",\"item\":\"https:\\\/\\\/women-at.work\\\/shop\\\/\"},{\"@type\":\"ListItem\",\"position\":2,\"name\":\"Shop\",\"item\":\"https:\\\/\\\/women-at.work\\\/shop\\\/shop\\\/\"},{\"@type\":\"ListItem\",\"position\":3,\"name\":\"Ostern Sch\u00fcttelkarten: Vorlage zum Ausdrucken\"}]},{\"@type\":\"WebSite\",\"@id\":\"https:\\\/\\\/women-at.work\\\/shop\\\/#website\",\"url\":\"https:\\\/\\\/women-at.work\\\/shop\\\/\",\"name\":\"Women At Work Shop\",\"description\":\"Wundervolle Produkte f\u00fcr besondere Menschen\",\"publisher\":{\"@id\":\"https:\\\/\\\/women-at.work\\\/shop\\\/#organization\"},\"potentialAction\":[{\"@type\":\"SearchAction\",\"target\":{\"@type\":\"EntryPoint\",\"urlTemplate\":\"https:\\\/\\\/women-at.work\\\/shop\\\/?s={search_term_string}\"},\"query-input\":{\"@type\":\"PropertyValueSpecification\",\"valueRequired\":true,\"valueName\":\"search_term_string\"}}],\"inLanguage\":\"de\"},{\"@type\":\"Organization\",\"@id\":\"https:\\\/\\\/women-at.work\\\/shop\\\/#organization\",\"name\":\"Women At Work Shop\",\"url\":\"https:\\\/\\\/women-at.work\\\/shop\\\/\",\"logo\":{\"@type\":\"ImageObject\",\"inLanguage\":\"de\",\"@id\":\"https:\\\/\\\/women-at.work\\\/shop\\\/#\\\/schema\\\/logo\\\/image\\\/\",\"url\":\"https:\\\/\\\/women-at.work\\\/shop\\\/wp-content\\\/uploads\\\/2017\\\/05\\\/Shop_Logo.png\",\"contentUrl\":\"https:\\\/\\\/women-at.work\\\/shop\\\/wp-content\\\/uploads\\\/2017\\\/05\\\/Shop_Logo.png\",\"width\":305,\"height\":297,\"caption\":\"Women At Work Shop\"},\"image\":{\"@id\":\"https:\\\/\\\/women-at.work\\\/shop\\\/#\\\/schema\\\/logo\\\/image\\\/\"}}]}<\/script>\n<!-- \/ Yoast SEO plugin. -->","yoast_head_json":{"title":"Oster Sch\u00fcttelkarten f\u00fcr Geldgeschenke oder Gutscheine","description":"Sofort downloadbare Ostervorlagen f\u00fcr kreative Sch\u00fcttelkarten. Perfekte DIY-Idee, um Geld und Gutscheine originell und \u00f6sterlich zu verpacken.","robots":{"index":"index","follow":"follow","max-snippet":"max-snippet:-1","max-image-preview":"max-image-preview:large","max-video-preview":"max-video-preview:-1"},"canonical":"https:\/\/women-at.work\/shop\/produkt\/ostern-schuettelkarten-vorlage-zum-ausdrucken\/","og_locale":"de_DE","og_type":"article","og_title":"Oster Sch\u00fcttelkarten f\u00fcr Geldgeschenke oder Gutscheine","og_description":"Sofort downloadbare Ostervorlagen f\u00fcr kreative Sch\u00fcttelkarten. Perfekte DIY-Idee, um Geld und Gutscheine originell und \u00f6sterlich zu verpacken.","og_url":"https:\/\/women-at.work\/shop\/produkt\/ostern-schuettelkarten-vorlage-zum-ausdrucken\/","og_site_name":"Women At Work Shop","article_modified_time":"2026-02-26T08:57:10+00:00","og_image":[{"width":800,"height":1200,"url":"https:\/\/women-at.work\/shop\/wp-content\/uploads\/2026\/02\/Schuettelkarte-Ostern.jpg","type":"image\/jpeg"}],"twitter_card":"summary_large_image","twitter_misc":{"Gesch\u00e4tzte Lesezeit":"2\u00a0Minuten"},"schema":{"@context":"https:\/\/schema.org","@graph":[{"@type":"WebPage","@id":"https:\/\/women-at.work\/shop\/produkt\/ostern-schuettelkarten-vorlage-zum-ausdrucken\/","url":"https:\/\/women-at.work\/shop\/produkt\/ostern-schuettelkarten-vorlage-zum-ausdrucken\/","name":"Oster Sch\u00fcttelkarten f\u00fcr Geldgeschenke oder Gutscheine","isPartOf":{"@id":"https:\/\/women-at.work\/shop\/#website"},"primaryImageOfPage":{"@id":"https:\/\/women-at.work\/shop\/produkt\/ostern-schuettelkarten-vorlage-zum-ausdrucken\/#primaryimage"},"image":{"@id":"https:\/\/women-at.work\/shop\/produkt\/ostern-schuettelkarten-vorlage-zum-ausdrucken\/#primaryimage"},"thumbnailUrl":"https:\/\/women-at.work\/shop\/wp-content\/uploads\/2026\/02\/Schuettelkarte-Ostern.jpg","datePublished":"2026-02-25T18:26:17+00:00","dateModified":"2026-02-26T08:57:10+00:00","description":"Sofort downloadbare Ostervorlagen f\u00fcr kreative Sch\u00fcttelkarten. Perfekte DIY-Idee, um Geld und Gutscheine originell und \u00f6sterlich zu verpacken.","breadcrumb":{"@id":"https:\/\/women-at.work\/shop\/produkt\/ostern-schuettelkarten-vorlage-zum-ausdrucken\/#breadcrumb"},"inLanguage":"de","potentialAction":[{"@type":"ReadAction","target":["https:\/\/women-at.work\/shop\/produkt\/ostern-schuettelkarten-vorlage-zum-ausdrucken\/"]}]},{"@type":"ImageObject","inLanguage":"de","@id":"https:\/\/women-at.work\/shop\/produkt\/ostern-schuettelkarten-vorlage-zum-ausdrucken\/#primaryimage","url":"https:\/\/women-at.work\/shop\/wp-content\/uploads\/2026\/02\/Schuettelkarte-Ostern.jpg","contentUrl":"https:\/\/women-at.work\/shop\/wp-content\/uploads\/2026\/02\/Schuettelkarte-Ostern.jpg","width":800,"height":1200},{"@type":"BreadcrumbList","@id":"https:\/\/women-at.work\/shop\/produkt\/ostern-schuettelkarten-vorlage-zum-ausdrucken\/#breadcrumb","itemListElement":[{"@type":"ListItem","position":1,"name":"Startseite","item":"https:\/\/women-at.work\/shop\/"},{"@type":"ListItem","position":2,"name":"Shop","item":"https:\/\/women-at.work\/shop\/shop\/"},{"@type":"ListItem","position":3,"name":"Ostern Sch\u00fcttelkarten: Vorlage zum Ausdrucken"}]},{"@type":"WebSite","@id":"https:\/\/women-at.work\/shop\/#website","url":"https:\/\/women-at.work\/shop\/","name":"Women At Work Shop","description":"Wundervolle Produkte f\u00fcr besondere Menschen","publisher":{"@id":"https:\/\/women-at.work\/shop\/#organization"},"potentialAction":[{"@type":"SearchAction","target":{"@type":"EntryPoint","urlTemplate":"https:\/\/women-at.work\/shop\/?s={search_term_string}"},"query-input":{"@type":"PropertyValueSpecification","valueRequired":true,"valueName":"search_term_string"}}],"inLanguage":"de"},{"@type":"Organization","@id":"https:\/\/women-at.work\/shop\/#organization","name":"Women At Work Shop","url":"https:\/\/women-at.work\/shop\/","logo":{"@type":"ImageObject","inLanguage":"de","@id":"https:\/\/women-at.work\/shop\/#\/schema\/logo\/image\/","url":"https:\/\/women-at.work\/shop\/wp-content\/uploads\/2017\/05\/Shop_Logo.png","contentUrl":"https:\/\/women-at.work\/shop\/wp-content\/uploads\/2017\/05\/Shop_Logo.png","width":305,"height":297,"caption":"Women At Work Shop"},"image":{"@id":"https:\/\/women-at.work\/shop\/#\/schema\/logo\/image\/"}}]}},"_links":{"self":[{"href":"https:\/\/women-at.work\/shop\/wp-json\/wp\/v2\/product\/31024","targetHints":{"allow":["GET"]}}],"collection":[{"href":"https:\/\/women-at.work\/shop\/wp-json\/wp\/v2\/product"}],"about":[{"href":"https:\/\/women-at.work\/shop\/wp-json\/wp\/v2\/types\/product"}],"replies":[{"embeddable":true,"href":"https:\/\/women-at.work\/shop\/wp-json\/wp\/v2\/comments?post=31024"}],"wp:featuredmedia":[{"embeddable":true,"href":"https:\/\/women-at.work\/shop\/wp-json\/wp\/v2\/media\/31028"}],"wp:attachment":[{"href":"https:\/\/women-at.work\/shop\/wp-json\/wp\/v2\/media?parent=31024"}],"wp:term":[{"taxonomy":"product_brand","embeddable":true,"href":"https:\/\/women-at.work\/shop\/wp-json\/wp\/v2\/product_brand?post=31024"},{"taxonomy":"product_cat","embeddable":true,"href":"https:\/\/women-at.work\/shop\/wp-json\/wp\/v2\/product_cat?post=31024"},{"taxonomy":"product_tag","embeddable":true,"href":"https:\/\/women-at.work\/shop\/wp-json\/wp\/v2\/product_tag?post=31024"}],"curies":[{"name":"wp","href":"https:\/\/api.w.org\/{rel}","templated":true}]}}