{"id":3050,"date":"2019-02-17T16:14:15","date_gmt":"2019-02-17T15:14:15","guid":{"rendered":"https:\/\/women-at.work\/shop\/?post_type=product&#038;p=3050"},"modified":"2025-09-08T20:17:36","modified_gmt":"2025-09-08T18:17:36","slug":"17-leckere-rezept-fuer-kreatives-party-essen-e-book","status":"publish","type":"product","link":"https:\/\/women-at.work\/shop\/produkt\/17-leckere-rezept-fuer-kreatives-party-essen-e-book\/","title":{"rendered":"&#8222;17 leckere Rezepte f\u00fcr kreatives Party Essen&#8220; &#8211; E-Book"},"content":{"rendered":"<p>Partys planen und veranstalten kann ganz sch\u00f6n anstrengend sein. Besonders, wenn man das Buffet selber plant und zubereitet. Die Frage ist: Wo fang ich da nur an und was kann ich kochen? Dieses E-Book liefert dir 17 kreative und super leichte Rezepte, die deine G\u00e4ste lieben werden!<\/p>\n<p>Egal ob Pizza Blume, Mini Burger , Lachs Gurken Spie\u00dfe oder Griechischer Tortellini Salat. Wenn du keine Lust hast, lange in der K\u00fcche zu stehen, aber trotzdem etwas besonderes ben\u00f6tigst, wird dir hier viel Inspiration geliefert. Die Rezepte sind einfach nachzumachen und kommen bei deinen G\u00e4sten sicher gut an!<\/p>\n<p>Kaufe dir jetzt das E-Book, um deine Partys zu etwas ganz besonderem zu machen! Du kannst <u>nach<\/u> Zahlungseingang direkt digital auf das E-Book und die 17 Rezepte zugreifen! Wir bitten um Verst\u00e4ndnis, dass wir bei Bezahlung per Direkt \u00dcberweisung erst deine Zahlung erhalten m\u00fcssen, bevor wir das E-Book freischalten. Solltest du das E-Book sofort ben\u00f6tigen, empfehlen wir die Zahlung per Paypal.<\/p>\n<p>Die Vorlage ist f\u00fcr den privaten Gebrauch und darf nicht f\u00fcr kommerzielle Zwecke genutzt werden.<\/p>\n","protected":false},"excerpt":{"rendered":"<p>Partys planen und veranstalten kann ganz sch\u00f6n anstrengend sein. Besonders, wenn man das Buffet selber plant und zubereitet. Die Frage ist: Wo fang ich da nur an und was kann ich kochen? Dieses E-Book liefert dir 17 kreative und super leichte Rezepte, die deine G\u00e4ste lieben werden!<\/p>\n<p>Du kannst <u>nach<\/u> Zahlungseingang direkt digital auf das E-Book und die 17 Rezepte zugreifen! Wir bitten um Verst\u00e4ndnis, dass wir bei Bezahlung per Direkt \u00dcberweisung erst deine Zahlung erhalten m\u00fcssen, bevor wir das E-Book freischalten. Solltest du das E-Book sofort ben\u00f6tigen, empfehlen wir die Zahlung per Paypal.<\/p>\n","protected":false},"featured_media":3051,"comment_status":"closed","ping_status":"closed","template":"","meta":[],"product_brand":[],"product_cat":[139],"product_tag":[119,124,123,125,126],"class_list":{"0":"post-3050","1":"product","2":"type-product","3":"status-publish","4":"has-post-thumbnail","6":"product_cat-e-books","7":"product_tag-e-book","8":"product_tag-party-rezept","9":"product_tag-party-snack","10":"product_tag-partyrezept","11":"product_tag-partysnack","13":"first","14":"instock","15":"sale","16":"downloadable","17":"virtual","18":"taxable","19":"purchasable","20":"product-type-simple"},"yoast_head":"<!-- This site is optimized with the Yoast SEO plugin v27.5 - https:\/\/yoast.com\/product\/yoast-seo-wordpress\/ -->\n<title>&quot;17 leckere Rezepte f\u00fcr kreatives Party Essen&quot; - E-Book - Women At Work Shop<\/title>\n<meta name=\"robots\" content=\"index, follow, max-snippet:-1, max-image-preview:large, max-video-preview:-1\" \/>\n<link rel=\"canonical\" href=\"https:\/\/women-at.work\/shop\/produkt\/17-leckere-rezept-fuer-kreatives-party-essen-e-book\/\" \/>\n<meta property=\"og:locale\" content=\"de_DE\" \/>\n<meta property=\"og:type\" content=\"article\" \/>\n<meta property=\"og:title\" content=\"&quot;17 leckere Rezepte f\u00fcr kreatives Party Essen&quot; - E-Book - Women At Work Shop\" \/>\n<meta property=\"og:description\" content=\"Partys planen und veranstalten kann ganz sch\u00f6n anstrengend sein. Besonders, wenn man das Buffet selber plant und zubereitet. Die Frage ist: Wo fang ich da nur an und was kann ich kochen? Dieses E-Book liefert dir 17 kreative und super leichte Rezepte, die deine G\u00e4ste lieben werden!  Du kannst nach Zahlungseingang direkt digital auf das E-Book und die 17 Rezepte zugreifen! Wir bitten um Verst\u00e4ndnis, dass wir bei Bezahlung per Direkt \u00dcberweisung erst deine Zahlung erhalten m\u00fcssen, bevor wir das E-Book freischalten. Solltest du das E-Book sofort ben\u00f6tigen, empfehlen wir die Zahlung per Paypal.\" \/>\n<meta property=\"og:url\" content=\"https:\/\/women-at.work\/shop\/produkt\/17-leckere-rezept-fuer-kreatives-party-essen-e-book\/\" \/>\n<meta property=\"og:site_name\" content=\"Women At Work Shop\" \/>\n<meta property=\"article:modified_time\" content=\"2025-09-08T18:17:36+00:00\" \/>\n<meta property=\"og:image\" content=\"https:\/\/women-at.work\/shop\/wp-content\/uploads\/2019\/02\/17-leckere-Rezept-f\u00fcr-kreatives-Party-Essen-E-Book.jpg\" \/>\n\t<meta property=\"og:image:width\" content=\"800\" \/>\n\t<meta property=\"og:image:height\" content=\"1059\" \/>\n\t<meta property=\"og:image:type\" content=\"image\/jpeg\" \/>\n<meta name=\"twitter:card\" content=\"summary_large_image\" \/>\n<meta name=\"twitter:label1\" content=\"Gesch\u00e4tzte Lesezeit\" \/>\n\t<meta name=\"twitter:data1\" content=\"2\u00a0Minuten\" \/>\n<script type=\"application\/ld+json\" class=\"yoast-schema-graph\">{\"@context\":\"https:\\\/\\\/schema.org\",\"@graph\":[{\"@type\":\"WebPage\",\"@id\":\"https:\\\/\\\/women-at.work\\\/shop\\\/produkt\\\/17-leckere-rezept-fuer-kreatives-party-essen-e-book\\\/\",\"url\":\"https:\\\/\\\/women-at.work\\\/shop\\\/produkt\\\/17-leckere-rezept-fuer-kreatives-party-essen-e-book\\\/\",\"name\":\"\\\"17 leckere Rezepte f\u00fcr kreatives Party Essen\\\" - E-Book - Women At Work Shop\",\"isPartOf\":{\"@id\":\"https:\\\/\\\/women-at.work\\\/shop\\\/#website\"},\"primaryImageOfPage\":{\"@id\":\"https:\\\/\\\/women-at.work\\\/shop\\\/produkt\\\/17-leckere-rezept-fuer-kreatives-party-essen-e-book\\\/#primaryimage\"},\"image\":{\"@id\":\"https:\\\/\\\/women-at.work\\\/shop\\\/produkt\\\/17-leckere-rezept-fuer-kreatives-party-essen-e-book\\\/#primaryimage\"},\"thumbnailUrl\":\"https:\\\/\\\/women-at.work\\\/shop\\\/wp-content\\\/uploads\\\/2019\\\/02\\\/17-leckere-Rezept-f\u00fcr-kreatives-Party-Essen-E-Book.jpg\",\"datePublished\":\"2019-02-17T15:14:15+00:00\",\"dateModified\":\"2025-09-08T18:17:36+00:00\",\"breadcrumb\":{\"@id\":\"https:\\\/\\\/women-at.work\\\/shop\\\/produkt\\\/17-leckere-rezept-fuer-kreatives-party-essen-e-book\\\/#breadcrumb\"},\"inLanguage\":\"de\",\"potentialAction\":[{\"@type\":\"ReadAction\",\"target\":[\"https:\\\/\\\/women-at.work\\\/shop\\\/produkt\\\/17-leckere-rezept-fuer-kreatives-party-essen-e-book\\\/\"]}]},{\"@type\":\"ImageObject\",\"inLanguage\":\"de\",\"@id\":\"https:\\\/\\\/women-at.work\\\/shop\\\/produkt\\\/17-leckere-rezept-fuer-kreatives-party-essen-e-book\\\/#primaryimage\",\"url\":\"https:\\\/\\\/women-at.work\\\/shop\\\/wp-content\\\/uploads\\\/2019\\\/02\\\/17-leckere-Rezept-f\u00fcr-kreatives-Party-Essen-E-Book.jpg\",\"contentUrl\":\"https:\\\/\\\/women-at.work\\\/shop\\\/wp-content\\\/uploads\\\/2019\\\/02\\\/17-leckere-Rezept-f\u00fcr-kreatives-Party-Essen-E-Book.jpg\",\"width\":800,\"height\":1059,\"caption\":\"\\\"17 leckere Rezept f\u00fcr kreatives Party Essen\\\" - E-Book\"},{\"@type\":\"BreadcrumbList\",\"@id\":\"https:\\\/\\\/women-at.work\\\/shop\\\/produkt\\\/17-leckere-rezept-fuer-kreatives-party-essen-e-book\\\/#breadcrumb\",\"itemListElement\":[{\"@type\":\"ListItem\",\"position\":1,\"name\":\"Startseite\",\"item\":\"https:\\\/\\\/women-at.work\\\/shop\\\/\"},{\"@type\":\"ListItem\",\"position\":2,\"name\":\"Shop\",\"item\":\"https:\\\/\\\/women-at.work\\\/shop\\\/shop\\\/\"},{\"@type\":\"ListItem\",\"position\":3,\"name\":\"&#8222;17 leckere Rezepte f\u00fcr kreatives Party Essen&#8220; &#8211; E-Book\"}]},{\"@type\":\"WebSite\",\"@id\":\"https:\\\/\\\/women-at.work\\\/shop\\\/#website\",\"url\":\"https:\\\/\\\/women-at.work\\\/shop\\\/\",\"name\":\"Women At Work Shop\",\"description\":\"Wundervolle Produkte f\u00fcr besondere Menschen\",\"publisher\":{\"@id\":\"https:\\\/\\\/women-at.work\\\/shop\\\/#organization\"},\"potentialAction\":[{\"@type\":\"SearchAction\",\"target\":{\"@type\":\"EntryPoint\",\"urlTemplate\":\"https:\\\/\\\/women-at.work\\\/shop\\\/?s={search_term_string}\"},\"query-input\":{\"@type\":\"PropertyValueSpecification\",\"valueRequired\":true,\"valueName\":\"search_term_string\"}}],\"inLanguage\":\"de\"},{\"@type\":\"Organization\",\"@id\":\"https:\\\/\\\/women-at.work\\\/shop\\\/#organization\",\"name\":\"Women At Work Shop\",\"url\":\"https:\\\/\\\/women-at.work\\\/shop\\\/\",\"logo\":{\"@type\":\"ImageObject\",\"inLanguage\":\"de\",\"@id\":\"https:\\\/\\\/women-at.work\\\/shop\\\/#\\\/schema\\\/logo\\\/image\\\/\",\"url\":\"https:\\\/\\\/women-at.work\\\/shop\\\/wp-content\\\/uploads\\\/2017\\\/05\\\/Shop_Logo.png\",\"contentUrl\":\"https:\\\/\\\/women-at.work\\\/shop\\\/wp-content\\\/uploads\\\/2017\\\/05\\\/Shop_Logo.png\",\"width\":305,\"height\":297,\"caption\":\"Women At Work Shop\"},\"image\":{\"@id\":\"https:\\\/\\\/women-at.work\\\/shop\\\/#\\\/schema\\\/logo\\\/image\\\/\"}}]}<\/script>\n<!-- \/ Yoast SEO plugin. -->","yoast_head_json":{"title":"\"17 leckere Rezepte f\u00fcr kreatives Party Essen\" - E-Book - Women At Work Shop","robots":{"index":"index","follow":"follow","max-snippet":"max-snippet:-1","max-image-preview":"max-image-preview:large","max-video-preview":"max-video-preview:-1"},"canonical":"https:\/\/women-at.work\/shop\/produkt\/17-leckere-rezept-fuer-kreatives-party-essen-e-book\/","og_locale":"de_DE","og_type":"article","og_title":"\"17 leckere Rezepte f\u00fcr kreatives Party Essen\" - E-Book - Women At Work Shop","og_description":"Partys planen und veranstalten kann ganz sch\u00f6n anstrengend sein. Besonders, wenn man das Buffet selber plant und zubereitet. Die Frage ist: Wo fang ich da nur an und was kann ich kochen? Dieses E-Book liefert dir 17 kreative und super leichte Rezepte, die deine G\u00e4ste lieben werden!  Du kannst nach Zahlungseingang direkt digital auf das E-Book und die 17 Rezepte zugreifen! Wir bitten um Verst\u00e4ndnis, dass wir bei Bezahlung per Direkt \u00dcberweisung erst deine Zahlung erhalten m\u00fcssen, bevor wir das E-Book freischalten. Solltest du das E-Book sofort ben\u00f6tigen, empfehlen wir die Zahlung per Paypal.","og_url":"https:\/\/women-at.work\/shop\/produkt\/17-leckere-rezept-fuer-kreatives-party-essen-e-book\/","og_site_name":"Women At Work Shop","article_modified_time":"2025-09-08T18:17:36+00:00","og_image":[{"width":800,"height":1059,"url":"https:\/\/women-at.work\/shop\/wp-content\/uploads\/2019\/02\/17-leckere-Rezept-f\u00fcr-kreatives-Party-Essen-E-Book.jpg","type":"image\/jpeg"}],"twitter_card":"summary_large_image","twitter_misc":{"Gesch\u00e4tzte Lesezeit":"2\u00a0Minuten"},"schema":{"@context":"https:\/\/schema.org","@graph":[{"@type":"WebPage","@id":"https:\/\/women-at.work\/shop\/produkt\/17-leckere-rezept-fuer-kreatives-party-essen-e-book\/","url":"https:\/\/women-at.work\/shop\/produkt\/17-leckere-rezept-fuer-kreatives-party-essen-e-book\/","name":"\"17 leckere Rezepte f\u00fcr kreatives Party Essen\" - E-Book - Women At Work Shop","isPartOf":{"@id":"https:\/\/women-at.work\/shop\/#website"},"primaryImageOfPage":{"@id":"https:\/\/women-at.work\/shop\/produkt\/17-leckere-rezept-fuer-kreatives-party-essen-e-book\/#primaryimage"},"image":{"@id":"https:\/\/women-at.work\/shop\/produkt\/17-leckere-rezept-fuer-kreatives-party-essen-e-book\/#primaryimage"},"thumbnailUrl":"https:\/\/women-at.work\/shop\/wp-content\/uploads\/2019\/02\/17-leckere-Rezept-f\u00fcr-kreatives-Party-Essen-E-Book.jpg","datePublished":"2019-02-17T15:14:15+00:00","dateModified":"2025-09-08T18:17:36+00:00","breadcrumb":{"@id":"https:\/\/women-at.work\/shop\/produkt\/17-leckere-rezept-fuer-kreatives-party-essen-e-book\/#breadcrumb"},"inLanguage":"de","potentialAction":[{"@type":"ReadAction","target":["https:\/\/women-at.work\/shop\/produkt\/17-leckere-rezept-fuer-kreatives-party-essen-e-book\/"]}]},{"@type":"ImageObject","inLanguage":"de","@id":"https:\/\/women-at.work\/shop\/produkt\/17-leckere-rezept-fuer-kreatives-party-essen-e-book\/#primaryimage","url":"https:\/\/women-at.work\/shop\/wp-content\/uploads\/2019\/02\/17-leckere-Rezept-f\u00fcr-kreatives-Party-Essen-E-Book.jpg","contentUrl":"https:\/\/women-at.work\/shop\/wp-content\/uploads\/2019\/02\/17-leckere-Rezept-f\u00fcr-kreatives-Party-Essen-E-Book.jpg","width":800,"height":1059,"caption":"\"17 leckere Rezept f\u00fcr kreatives Party Essen\" - E-Book"},{"@type":"BreadcrumbList","@id":"https:\/\/women-at.work\/shop\/produkt\/17-leckere-rezept-fuer-kreatives-party-essen-e-book\/#breadcrumb","itemListElement":[{"@type":"ListItem","position":1,"name":"Startseite","item":"https:\/\/women-at.work\/shop\/"},{"@type":"ListItem","position":2,"name":"Shop","item":"https:\/\/women-at.work\/shop\/shop\/"},{"@type":"ListItem","position":3,"name":"&#8222;17 leckere Rezepte f\u00fcr kreatives Party Essen&#8220; &#8211; E-Book"}]},{"@type":"WebSite","@id":"https:\/\/women-at.work\/shop\/#website","url":"https:\/\/women-at.work\/shop\/","name":"Women At Work Shop","description":"Wundervolle Produkte f\u00fcr besondere Menschen","publisher":{"@id":"https:\/\/women-at.work\/shop\/#organization"},"potentialAction":[{"@type":"SearchAction","target":{"@type":"EntryPoint","urlTemplate":"https:\/\/women-at.work\/shop\/?s={search_term_string}"},"query-input":{"@type":"PropertyValueSpecification","valueRequired":true,"valueName":"search_term_string"}}],"inLanguage":"de"},{"@type":"Organization","@id":"https:\/\/women-at.work\/shop\/#organization","name":"Women At Work Shop","url":"https:\/\/women-at.work\/shop\/","logo":{"@type":"ImageObject","inLanguage":"de","@id":"https:\/\/women-at.work\/shop\/#\/schema\/logo\/image\/","url":"https:\/\/women-at.work\/shop\/wp-content\/uploads\/2017\/05\/Shop_Logo.png","contentUrl":"https:\/\/women-at.work\/shop\/wp-content\/uploads\/2017\/05\/Shop_Logo.png","width":305,"height":297,"caption":"Women At Work Shop"},"image":{"@id":"https:\/\/women-at.work\/shop\/#\/schema\/logo\/image\/"}}]}},"_links":{"self":[{"href":"https:\/\/women-at.work\/shop\/wp-json\/wp\/v2\/product\/3050","targetHints":{"allow":["GET"]}}],"collection":[{"href":"https:\/\/women-at.work\/shop\/wp-json\/wp\/v2\/product"}],"about":[{"href":"https:\/\/women-at.work\/shop\/wp-json\/wp\/v2\/types\/product"}],"replies":[{"embeddable":true,"href":"https:\/\/women-at.work\/shop\/wp-json\/wp\/v2\/comments?post=3050"}],"wp:featuredmedia":[{"embeddable":true,"href":"https:\/\/women-at.work\/shop\/wp-json\/wp\/v2\/media\/3051"}],"wp:attachment":[{"href":"https:\/\/women-at.work\/shop\/wp-json\/wp\/v2\/media?parent=3050"}],"wp:term":[{"taxonomy":"product_brand","embeddable":true,"href":"https:\/\/women-at.work\/shop\/wp-json\/wp\/v2\/product_brand?post=3050"},{"taxonomy":"product_cat","embeddable":true,"href":"https:\/\/women-at.work\/shop\/wp-json\/wp\/v2\/product_cat?post=3050"},{"taxonomy":"product_tag","embeddable":true,"href":"https:\/\/women-at.work\/shop\/wp-json\/wp\/v2\/product_tag?post=3050"}],"curies":[{"name":"wp","href":"https:\/\/api.w.org\/{rel}","templated":true}]}}