{"id":30422,"date":"2026-01-18T09:07:48","date_gmt":"2026-01-18T08:07:48","guid":{"rendered":"https:\/\/women-at.work\/shop\/?post_type=product&#038;p=30422"},"modified":"2026-01-19T00:09:51","modified_gmt":"2026-01-18T23:09:51","slug":"kinderriegel-banderole-geburtstag-vorlage-zum-ausdrucken","status":"publish","type":"product","link":"https:\/\/women-at.work\/shop\/produkt\/kinderriegel-banderole-geburtstag-vorlage-zum-ausdrucken\/","title":{"rendered":"Kinderriegel Banderole &#8222;Geburtstag&#8220; &#8211; Vorlage zum Ausdrucken"},"content":{"rendered":"<p>Zum Gestalten von einer Kinderriegel Verpackung und Riegeln mit Spr\u00fcchen f\u00fcr Banderolen. Du kannst diese sch\u00f6nen Botschaften ausdrucken und dadurch ein schnelles Geschenk umsetzen. Zus\u00e4tzlich kannst du am Briefumschlag Geld oder einen Gutschein anbringen und verstecken. Perfekt f\u00fcr Geburtstage f\u00fcr die beste Freundin, Mama, Kollegin oder auch f\u00fcr einen Kindergeburtstag.<\/p>\n<p><a href=\"https:\/\/www.instagram.com\/p\/DNn08ABsiqn\/\">Video zum Zusammensetzen der Idee hier klicken.<\/a><\/p>\n<p>In dem Paket enthalten sind:<\/p>\n<p>\u2013 2 Banderolen f\u00fcr die Verpackung \u201eAlles Gute zum Geburtstag\u201c und eine Blanko-Vorlage zum Beschriften<\/p>\n<p>\u2013 18 Spr\u00fcche \/ 18 verschiedene Motive<\/p>\n<p>\u2013 3 Briefumschl\u00e4ge mit Titel \u201eGutschein\u201c, \u201eKauf dir was Sch\u00f6nes\u201c und einer Blanko-Vorlage<\/p>\n<p>18 Motive ohne Spr\u00fcche (zum selber beschriften)<\/p>\n<p>Sobald die Zahlung bei uns eingegangen ist, wird der Download-Link an dich per E-Mail verschickt. Bei Zahlung per PayPal, ist der Download sofort verf\u00fcgbar. Es wird nichts per Post verschickt! <strong>Sollte die E-Mail nicht automatisch an Sie versendet werden, wenden Sie sich bitte an unseren Kundenservice per E-Mail oder Telefon. Bitte er\u00f6ffnen Sie keinen Fall bei PayPal. So k\u00f6nnen wir Ihnen schneller weiterhelfen!<\/strong><\/p>\n<p><em>Unbezahlte Werbung f\u00fcr Kinderriegel. Es besteht keine Kooperation. Die Riegel werden nicht mitversendet und dienen nur als Pr\u00e4sentationsvorschlag. Es ist ein rein digitaler Versand!<\/em><\/p>\n<p>Die Vorlage ist f\u00fcr den privaten Gebrauch und darf nicht f\u00fcr kommerzielle Zwecke genutzt werden.<\/p>\n","protected":false},"excerpt":{"rendered":"<p>Zum Gestalten von einer Kinderriegel Verpackung und Riegeln mit Spr\u00fcchen f\u00fcr Banderolen. Du kannst diese sch\u00f6nen Botschaften ausdrucken und dadurch ein schnelles Geschenk umsetzen. Zus\u00e4tzlich kannst du am Briefumschlag Geld oder einen Gutschein anbringen und verstecken. Perfekt f\u00fcr Geburtstage f\u00fcr die beste Freundin, Mama, Kollegin oder auch f\u00fcr einen Kindergeburtstag.<\/p>\n","protected":false},"featured_media":30424,"comment_status":"open","ping_status":"closed","template":"","meta":[],"product_brand":[],"product_cat":[402,404,407,268],"product_tag":[332,112,451,396,398,509,511],"class_list":{"0":"post-30422","1":"product","2":"type-product","3":"status-publish","4":"has-post-thumbnail","6":"product_cat-geburtstag","7":"product_cat-liebe","8":"product_cat-muttertag","9":"product_cat-vorlagen","10":"product_tag-banderole","11":"product_tag-geburtstag","12":"product_tag-geburtstagsgeschenk","13":"product_tag-geldgeschenk","14":"product_tag-gutschein-verpacken","15":"product_tag-kinderriegel","16":"product_tag-kinderriegel-banderole","17":"product_shipping_class-virtuelle-produkte","19":"first","20":"instock","21":"sale","22":"downloadable","23":"virtual","24":"taxable","25":"purchasable","26":"product-type-simple"},"yoast_head":"<!-- This site is optimized with the Yoast SEO plugin v27.3 - https:\/\/yoast.com\/product\/yoast-seo-wordpress\/ -->\n<title>duplo Banderole \u201eGeburtstag\u201c \u2013 Vorlage zum Ausdrucken<\/title>\n<meta name=\"description\" content=\"Eine schnelle Duplo &quot;Du bist&quot;-Vorlage zum Ausdrucken f\u00fcr eine Gutschein- oder Geldgeschenkverpackung. Schnell gestaltet und verschenkt.\" \/>\n<meta name=\"robots\" content=\"index, follow, max-snippet:-1, max-image-preview:large, max-video-preview:-1\" \/>\n<link rel=\"canonical\" href=\"https:\/\/women-at.work\/shop\/produkt\/kinderriegel-banderole-geburtstag-vorlage-zum-ausdrucken\/\" \/>\n<meta property=\"og:locale\" content=\"de_DE\" \/>\n<meta property=\"og:type\" content=\"article\" \/>\n<meta property=\"og:title\" content=\"duplo Banderole \u201eGeburtstag\u201c \u2013 Vorlage zum Ausdrucken\" \/>\n<meta property=\"og:description\" content=\"Eine schnelle Duplo &quot;Du bist&quot;-Vorlage zum Ausdrucken f\u00fcr eine Gutschein- oder Geldgeschenkverpackung. Schnell gestaltet und verschenkt.\" \/>\n<meta property=\"og:url\" content=\"https:\/\/women-at.work\/shop\/produkt\/kinderriegel-banderole-geburtstag-vorlage-zum-ausdrucken\/\" \/>\n<meta property=\"og:site_name\" content=\"Women At Work Shop\" \/>\n<meta property=\"article:modified_time\" content=\"2026-01-18T23:09:51+00:00\" \/>\n<meta property=\"og:image\" content=\"https:\/\/women-at.work\/shop\/wp-content\/uploads\/2026\/01\/Kinderriegel-Geburtstag-2.jpg\" \/>\n\t<meta property=\"og:image:width\" content=\"800\" \/>\n\t<meta property=\"og:image:height\" content=\"1199\" \/>\n\t<meta property=\"og:image:type\" content=\"image\/jpeg\" \/>\n<meta name=\"twitter:card\" content=\"summary_large_image\" \/>\n<meta name=\"twitter:label1\" content=\"Gesch\u00e4tzte Lesezeit\" \/>\n\t<meta name=\"twitter:data1\" content=\"2\u00a0Minuten\" \/>\n<script type=\"application\/ld+json\" class=\"yoast-schema-graph\">{\"@context\":\"https:\\\/\\\/schema.org\",\"@graph\":[{\"@type\":\"WebPage\",\"@id\":\"https:\\\/\\\/women-at.work\\\/shop\\\/produkt\\\/kinderriegel-banderole-geburtstag-vorlage-zum-ausdrucken\\\/\",\"url\":\"https:\\\/\\\/women-at.work\\\/shop\\\/produkt\\\/kinderriegel-banderole-geburtstag-vorlage-zum-ausdrucken\\\/\",\"name\":\"duplo Banderole \u201eGeburtstag\u201c \u2013 Vorlage zum Ausdrucken\",\"isPartOf\":{\"@id\":\"https:\\\/\\\/women-at.work\\\/shop\\\/#website\"},\"primaryImageOfPage\":{\"@id\":\"https:\\\/\\\/women-at.work\\\/shop\\\/produkt\\\/kinderriegel-banderole-geburtstag-vorlage-zum-ausdrucken\\\/#primaryimage\"},\"image\":{\"@id\":\"https:\\\/\\\/women-at.work\\\/shop\\\/produkt\\\/kinderriegel-banderole-geburtstag-vorlage-zum-ausdrucken\\\/#primaryimage\"},\"thumbnailUrl\":\"https:\\\/\\\/women-at.work\\\/shop\\\/wp-content\\\/uploads\\\/2026\\\/01\\\/Kinderriegel-Geburtstag-2.jpg\",\"datePublished\":\"2026-01-18T08:07:48+00:00\",\"dateModified\":\"2026-01-18T23:09:51+00:00\",\"description\":\"Eine schnelle Duplo \\\"Du bist\\\"-Vorlage zum Ausdrucken f\u00fcr eine Gutschein- oder Geldgeschenkverpackung. Schnell gestaltet und verschenkt.\",\"breadcrumb\":{\"@id\":\"https:\\\/\\\/women-at.work\\\/shop\\\/produkt\\\/kinderriegel-banderole-geburtstag-vorlage-zum-ausdrucken\\\/#breadcrumb\"},\"inLanguage\":\"de\",\"potentialAction\":[{\"@type\":\"ReadAction\",\"target\":[\"https:\\\/\\\/women-at.work\\\/shop\\\/produkt\\\/kinderriegel-banderole-geburtstag-vorlage-zum-ausdrucken\\\/\"]}]},{\"@type\":\"ImageObject\",\"inLanguage\":\"de\",\"@id\":\"https:\\\/\\\/women-at.work\\\/shop\\\/produkt\\\/kinderriegel-banderole-geburtstag-vorlage-zum-ausdrucken\\\/#primaryimage\",\"url\":\"https:\\\/\\\/women-at.work\\\/shop\\\/wp-content\\\/uploads\\\/2026\\\/01\\\/Kinderriegel-Geburtstag-2.jpg\",\"contentUrl\":\"https:\\\/\\\/women-at.work\\\/shop\\\/wp-content\\\/uploads\\\/2026\\\/01\\\/Kinderriegel-Geburtstag-2.jpg\",\"width\":800,\"height\":1199},{\"@type\":\"BreadcrumbList\",\"@id\":\"https:\\\/\\\/women-at.work\\\/shop\\\/produkt\\\/kinderriegel-banderole-geburtstag-vorlage-zum-ausdrucken\\\/#breadcrumb\",\"itemListElement\":[{\"@type\":\"ListItem\",\"position\":1,\"name\":\"Startseite\",\"item\":\"https:\\\/\\\/women-at.work\\\/shop\\\/\"},{\"@type\":\"ListItem\",\"position\":2,\"name\":\"Shop\",\"item\":\"https:\\\/\\\/women-at.work\\\/shop\\\/shop\\\/\"},{\"@type\":\"ListItem\",\"position\":3,\"name\":\"Kinderriegel Banderole &#8222;Geburtstag&#8220; &#8211; Vorlage zum Ausdrucken\"}]},{\"@type\":\"WebSite\",\"@id\":\"https:\\\/\\\/women-at.work\\\/shop\\\/#website\",\"url\":\"https:\\\/\\\/women-at.work\\\/shop\\\/\",\"name\":\"Women At Work Shop\",\"description\":\"Wundervolle Produkte f\u00fcr besondere Menschen\",\"publisher\":{\"@id\":\"https:\\\/\\\/women-at.work\\\/shop\\\/#organization\"},\"potentialAction\":[{\"@type\":\"SearchAction\",\"target\":{\"@type\":\"EntryPoint\",\"urlTemplate\":\"https:\\\/\\\/women-at.work\\\/shop\\\/?s={search_term_string}\"},\"query-input\":{\"@type\":\"PropertyValueSpecification\",\"valueRequired\":true,\"valueName\":\"search_term_string\"}}],\"inLanguage\":\"de\"},{\"@type\":\"Organization\",\"@id\":\"https:\\\/\\\/women-at.work\\\/shop\\\/#organization\",\"name\":\"Women At Work Shop\",\"url\":\"https:\\\/\\\/women-at.work\\\/shop\\\/\",\"logo\":{\"@type\":\"ImageObject\",\"inLanguage\":\"de\",\"@id\":\"https:\\\/\\\/women-at.work\\\/shop\\\/#\\\/schema\\\/logo\\\/image\\\/\",\"url\":\"https:\\\/\\\/women-at.work\\\/shop\\\/wp-content\\\/uploads\\\/2017\\\/05\\\/Shop_Logo.png\",\"contentUrl\":\"https:\\\/\\\/women-at.work\\\/shop\\\/wp-content\\\/uploads\\\/2017\\\/05\\\/Shop_Logo.png\",\"width\":305,\"height\":297,\"caption\":\"Women At Work Shop\"},\"image\":{\"@id\":\"https:\\\/\\\/women-at.work\\\/shop\\\/#\\\/schema\\\/logo\\\/image\\\/\"}}]}<\/script>\n<!-- \/ Yoast SEO plugin. -->","yoast_head_json":{"title":"duplo Banderole \u201eGeburtstag\u201c \u2013 Vorlage zum Ausdrucken","description":"Eine schnelle Duplo \"Du bist\"-Vorlage zum Ausdrucken f\u00fcr eine Gutschein- oder Geldgeschenkverpackung. Schnell gestaltet und verschenkt.","robots":{"index":"index","follow":"follow","max-snippet":"max-snippet:-1","max-image-preview":"max-image-preview:large","max-video-preview":"max-video-preview:-1"},"canonical":"https:\/\/women-at.work\/shop\/produkt\/kinderriegel-banderole-geburtstag-vorlage-zum-ausdrucken\/","og_locale":"de_DE","og_type":"article","og_title":"duplo Banderole \u201eGeburtstag\u201c \u2013 Vorlage zum Ausdrucken","og_description":"Eine schnelle Duplo \"Du bist\"-Vorlage zum Ausdrucken f\u00fcr eine Gutschein- oder Geldgeschenkverpackung. Schnell gestaltet und verschenkt.","og_url":"https:\/\/women-at.work\/shop\/produkt\/kinderriegel-banderole-geburtstag-vorlage-zum-ausdrucken\/","og_site_name":"Women At Work Shop","article_modified_time":"2026-01-18T23:09:51+00:00","og_image":[{"width":800,"height":1199,"url":"https:\/\/women-at.work\/shop\/wp-content\/uploads\/2026\/01\/Kinderriegel-Geburtstag-2.jpg","type":"image\/jpeg"}],"twitter_card":"summary_large_image","twitter_misc":{"Gesch\u00e4tzte Lesezeit":"2\u00a0Minuten"},"schema":{"@context":"https:\/\/schema.org","@graph":[{"@type":"WebPage","@id":"https:\/\/women-at.work\/shop\/produkt\/kinderriegel-banderole-geburtstag-vorlage-zum-ausdrucken\/","url":"https:\/\/women-at.work\/shop\/produkt\/kinderriegel-banderole-geburtstag-vorlage-zum-ausdrucken\/","name":"duplo Banderole \u201eGeburtstag\u201c \u2013 Vorlage zum Ausdrucken","isPartOf":{"@id":"https:\/\/women-at.work\/shop\/#website"},"primaryImageOfPage":{"@id":"https:\/\/women-at.work\/shop\/produkt\/kinderriegel-banderole-geburtstag-vorlage-zum-ausdrucken\/#primaryimage"},"image":{"@id":"https:\/\/women-at.work\/shop\/produkt\/kinderriegel-banderole-geburtstag-vorlage-zum-ausdrucken\/#primaryimage"},"thumbnailUrl":"https:\/\/women-at.work\/shop\/wp-content\/uploads\/2026\/01\/Kinderriegel-Geburtstag-2.jpg","datePublished":"2026-01-18T08:07:48+00:00","dateModified":"2026-01-18T23:09:51+00:00","description":"Eine schnelle Duplo \"Du bist\"-Vorlage zum Ausdrucken f\u00fcr eine Gutschein- oder Geldgeschenkverpackung. Schnell gestaltet und verschenkt.","breadcrumb":{"@id":"https:\/\/women-at.work\/shop\/produkt\/kinderriegel-banderole-geburtstag-vorlage-zum-ausdrucken\/#breadcrumb"},"inLanguage":"de","potentialAction":[{"@type":"ReadAction","target":["https:\/\/women-at.work\/shop\/produkt\/kinderriegel-banderole-geburtstag-vorlage-zum-ausdrucken\/"]}]},{"@type":"ImageObject","inLanguage":"de","@id":"https:\/\/women-at.work\/shop\/produkt\/kinderriegel-banderole-geburtstag-vorlage-zum-ausdrucken\/#primaryimage","url":"https:\/\/women-at.work\/shop\/wp-content\/uploads\/2026\/01\/Kinderriegel-Geburtstag-2.jpg","contentUrl":"https:\/\/women-at.work\/shop\/wp-content\/uploads\/2026\/01\/Kinderriegel-Geburtstag-2.jpg","width":800,"height":1199},{"@type":"BreadcrumbList","@id":"https:\/\/women-at.work\/shop\/produkt\/kinderriegel-banderole-geburtstag-vorlage-zum-ausdrucken\/#breadcrumb","itemListElement":[{"@type":"ListItem","position":1,"name":"Startseite","item":"https:\/\/women-at.work\/shop\/"},{"@type":"ListItem","position":2,"name":"Shop","item":"https:\/\/women-at.work\/shop\/shop\/"},{"@type":"ListItem","position":3,"name":"Kinderriegel Banderole &#8222;Geburtstag&#8220; &#8211; Vorlage zum Ausdrucken"}]},{"@type":"WebSite","@id":"https:\/\/women-at.work\/shop\/#website","url":"https:\/\/women-at.work\/shop\/","name":"Women At Work Shop","description":"Wundervolle Produkte f\u00fcr besondere Menschen","publisher":{"@id":"https:\/\/women-at.work\/shop\/#organization"},"potentialAction":[{"@type":"SearchAction","target":{"@type":"EntryPoint","urlTemplate":"https:\/\/women-at.work\/shop\/?s={search_term_string}"},"query-input":{"@type":"PropertyValueSpecification","valueRequired":true,"valueName":"search_term_string"}}],"inLanguage":"de"},{"@type":"Organization","@id":"https:\/\/women-at.work\/shop\/#organization","name":"Women At Work Shop","url":"https:\/\/women-at.work\/shop\/","logo":{"@type":"ImageObject","inLanguage":"de","@id":"https:\/\/women-at.work\/shop\/#\/schema\/logo\/image\/","url":"https:\/\/women-at.work\/shop\/wp-content\/uploads\/2017\/05\/Shop_Logo.png","contentUrl":"https:\/\/women-at.work\/shop\/wp-content\/uploads\/2017\/05\/Shop_Logo.png","width":305,"height":297,"caption":"Women At Work Shop"},"image":{"@id":"https:\/\/women-at.work\/shop\/#\/schema\/logo\/image\/"}}]}},"_links":{"self":[{"href":"https:\/\/women-at.work\/shop\/wp-json\/wp\/v2\/product\/30422","targetHints":{"allow":["GET"]}}],"collection":[{"href":"https:\/\/women-at.work\/shop\/wp-json\/wp\/v2\/product"}],"about":[{"href":"https:\/\/women-at.work\/shop\/wp-json\/wp\/v2\/types\/product"}],"replies":[{"embeddable":true,"href":"https:\/\/women-at.work\/shop\/wp-json\/wp\/v2\/comments?post=30422"}],"wp:featuredmedia":[{"embeddable":true,"href":"https:\/\/women-at.work\/shop\/wp-json\/wp\/v2\/media\/30424"}],"wp:attachment":[{"href":"https:\/\/women-at.work\/shop\/wp-json\/wp\/v2\/media?parent=30422"}],"wp:term":[{"taxonomy":"product_brand","embeddable":true,"href":"https:\/\/women-at.work\/shop\/wp-json\/wp\/v2\/product_brand?post=30422"},{"taxonomy":"product_cat","embeddable":true,"href":"https:\/\/women-at.work\/shop\/wp-json\/wp\/v2\/product_cat?post=30422"},{"taxonomy":"product_tag","embeddable":true,"href":"https:\/\/women-at.work\/shop\/wp-json\/wp\/v2\/product_tag?post=30422"}],"curies":[{"name":"wp","href":"https:\/\/api.w.org\/{rel}","templated":true}]}}