{"id":2933,"date":"2018-12-03T11:53:45","date_gmt":"2018-12-03T10:53:45","guid":{"rendered":"https:\/\/women-at.work\/shop\/?post_type=product&#038;p=2933"},"modified":"2025-09-08T20:17:57","modified_gmt":"2025-09-08T18:17:57","slug":"17-geschenke-aus-der-kueche-suesse-rezepte-fuer-echte-naschkatzen-e-book","status":"publish","type":"product","link":"https:\/\/women-at.work\/shop\/produkt\/17-geschenke-aus-der-kueche-suesse-rezepte-fuer-echte-naschkatzen-e-book\/","title":{"rendered":"&#8222;17 Geschenke aus der K\u00fcche &#8211; S\u00fc\u00dfe Rezepte f\u00fcr echte Naschkatzen&#8220; &#8211; E-Book"},"content":{"rendered":"<p>Die sch\u00f6nste Zeit im Jahr ist angebrochen und treibt uns immer wieder in die K\u00fcche &#8211; egal ob Pl\u00e4tzchen backen oder Gl\u00fchwein trinken. Doch wisst ihr, dass ihr in der K\u00fcche auch wunderbar Geschenke zubereiten k\u00f6nnt? Geschenke aus der K\u00fcche sind gerade total im Trend. Denn sie sind kreativ, etwas besonderes und gar nicht so teuer! Tobt euch euch mit diesem E-Book aus, hinter dem 17 s\u00fc\u00dfe Rezepte f\u00fcr die Weihnachtszeit versteckt sind.<\/p>\n<p>Egal ob Spekulatius Aufstrich, Oreo Himbeer Pralinen, Wintermarmelade oder Schoko Crossise. Wenn du eine echte Naschkatze bist, wird dir hier viel Inspiration geliefert. Die Rezepte sind einfach nachzumachen und kommen bei den Beschenkten sicher gut an!<\/p>\n<p>Kaufe dir jetzt das E-Book, um lecker durch die Weihnachtszeit zu kommen. Du kannst nach Zahlungseingang direkt digital auf das E-Book und die 17 Rezepte zugreifen!<\/p>\n<p>Die Vorlage ist f\u00fcr den privaten Gebrauch und darf nicht f\u00fcr kommerzielle Zwecke genutzt werden.<\/p>\n","protected":false},"excerpt":{"rendered":"<p>Die sch\u00f6nste Zeit im Jahr ist angebrochen und treibt uns immer wieder in die K\u00fcche &#8211; egal ob Pl\u00e4tzchen backen oder Gl\u00fchwein trinken. Doch wisst ihr, dass ihr in der K\u00fcche auch wunderbar Geschenke zubereiten k\u00f6nnt? Geschenke aus der K\u00fcche sind gerade total im Trend. Denn sie sind kreativ, etwas besonderes und gar nicht so teuer! Tobt euch euch mit diesem E-Book aus, hinter dem 17 s\u00fc\u00dfe Rezepte f\u00fcr die Weihnachtszeit versteckt sind.<\/p>\n","protected":false},"featured_media":2934,"comment_status":"closed","ping_status":"closed","template":"","meta":[],"product_brand":[],"product_cat":[139],"product_tag":[119,121,120],"class_list":{"0":"post-2933","1":"product","2":"type-product","3":"status-publish","4":"has-post-thumbnail","6":"product_cat-e-books","7":"product_tag-e-book","8":"product_tag-foodgeschenk","9":"product_tag-geschenke-aus-der-kueche","11":"first","12":"instock","13":"sale","14":"downloadable","15":"virtual","16":"taxable","17":"purchasable","18":"product-type-simple"},"yoast_head":"<!-- This site is optimized with the Yoast SEO plugin v27.5 - https:\/\/yoast.com\/product\/yoast-seo-wordpress\/ -->\n<title>&quot;17 Geschenke aus der K\u00fcche - S\u00fc\u00dfe Rezepte f\u00fcr echte Naschkatzen&quot; - E-Book - Women At Work Shop<\/title>\n<meta name=\"robots\" content=\"index, follow, max-snippet:-1, max-image-preview:large, max-video-preview:-1\" \/>\n<link rel=\"canonical\" href=\"https:\/\/women-at.work\/shop\/produkt\/17-geschenke-aus-der-kueche-suesse-rezepte-fuer-echte-naschkatzen-e-book\/\" \/>\n<meta property=\"og:locale\" content=\"de_DE\" \/>\n<meta property=\"og:type\" content=\"article\" \/>\n<meta property=\"og:title\" content=\"&quot;17 Geschenke aus der K\u00fcche - S\u00fc\u00dfe Rezepte f\u00fcr echte Naschkatzen&quot; - E-Book - Women At Work Shop\" \/>\n<meta property=\"og:description\" content=\"Die sch\u00f6nste Zeit im Jahr ist angebrochen und treibt uns immer wieder in die K\u00fcche - egal ob Pl\u00e4tzchen backen oder Gl\u00fchwein trinken. Doch wisst ihr, dass ihr in der K\u00fcche auch wunderbar Geschenke zubereiten k\u00f6nnt? Geschenke aus der K\u00fcche sind gerade total im Trend. Denn sie sind kreativ, etwas besonderes und gar nicht so teuer! Tobt euch euch mit diesem E-Book aus, hinter dem 17 s\u00fc\u00dfe Rezepte f\u00fcr die Weihnachtszeit versteckt sind.\" \/>\n<meta property=\"og:url\" content=\"https:\/\/women-at.work\/shop\/produkt\/17-geschenke-aus-der-kueche-suesse-rezepte-fuer-echte-naschkatzen-e-book\/\" \/>\n<meta property=\"og:site_name\" content=\"Women At Work Shop\" \/>\n<meta property=\"article:modified_time\" content=\"2025-09-08T18:17:57+00:00\" \/>\n<meta property=\"og:image\" content=\"https:\/\/women-at.work\/shop\/wp-content\/uploads\/2018\/12\/Titel-Ebook-GeschenkeausderKueche.jpg\" \/>\n\t<meta property=\"og:image:width\" content=\"2056\" \/>\n\t<meta property=\"og:image:height\" content=\"2405\" \/>\n\t<meta property=\"og:image:type\" content=\"image\/jpeg\" \/>\n<meta name=\"twitter:card\" content=\"summary_large_image\" \/>\n<meta name=\"twitter:label1\" content=\"Gesch\u00e4tzte Lesezeit\" \/>\n\t<meta name=\"twitter:data1\" content=\"2\u00a0Minuten\" \/>\n<script type=\"application\/ld+json\" class=\"yoast-schema-graph\">{\"@context\":\"https:\\\/\\\/schema.org\",\"@graph\":[{\"@type\":\"WebPage\",\"@id\":\"https:\\\/\\\/women-at.work\\\/shop\\\/produkt\\\/17-geschenke-aus-der-kueche-suesse-rezepte-fuer-echte-naschkatzen-e-book\\\/\",\"url\":\"https:\\\/\\\/women-at.work\\\/shop\\\/produkt\\\/17-geschenke-aus-der-kueche-suesse-rezepte-fuer-echte-naschkatzen-e-book\\\/\",\"name\":\"\\\"17 Geschenke aus der K\u00fcche - S\u00fc\u00dfe Rezepte f\u00fcr echte Naschkatzen\\\" - E-Book - Women At Work Shop\",\"isPartOf\":{\"@id\":\"https:\\\/\\\/women-at.work\\\/shop\\\/#website\"},\"primaryImageOfPage\":{\"@id\":\"https:\\\/\\\/women-at.work\\\/shop\\\/produkt\\\/17-geschenke-aus-der-kueche-suesse-rezepte-fuer-echte-naschkatzen-e-book\\\/#primaryimage\"},\"image\":{\"@id\":\"https:\\\/\\\/women-at.work\\\/shop\\\/produkt\\\/17-geschenke-aus-der-kueche-suesse-rezepte-fuer-echte-naschkatzen-e-book\\\/#primaryimage\"},\"thumbnailUrl\":\"https:\\\/\\\/women-at.work\\\/shop\\\/wp-content\\\/uploads\\\/2018\\\/12\\\/Titel-Ebook-GeschenkeausderKueche.jpg\",\"datePublished\":\"2018-12-03T10:53:45+00:00\",\"dateModified\":\"2025-09-08T18:17:57+00:00\",\"breadcrumb\":{\"@id\":\"https:\\\/\\\/women-at.work\\\/shop\\\/produkt\\\/17-geschenke-aus-der-kueche-suesse-rezepte-fuer-echte-naschkatzen-e-book\\\/#breadcrumb\"},\"inLanguage\":\"de\",\"potentialAction\":[{\"@type\":\"ReadAction\",\"target\":[\"https:\\\/\\\/women-at.work\\\/shop\\\/produkt\\\/17-geschenke-aus-der-kueche-suesse-rezepte-fuer-echte-naschkatzen-e-book\\\/\"]}]},{\"@type\":\"ImageObject\",\"inLanguage\":\"de\",\"@id\":\"https:\\\/\\\/women-at.work\\\/shop\\\/produkt\\\/17-geschenke-aus-der-kueche-suesse-rezepte-fuer-echte-naschkatzen-e-book\\\/#primaryimage\",\"url\":\"https:\\\/\\\/women-at.work\\\/shop\\\/wp-content\\\/uploads\\\/2018\\\/12\\\/Titel-Ebook-GeschenkeausderKueche.jpg\",\"contentUrl\":\"https:\\\/\\\/women-at.work\\\/shop\\\/wp-content\\\/uploads\\\/2018\\\/12\\\/Titel-Ebook-GeschenkeausderKueche.jpg\",\"width\":2056,\"height\":2405},{\"@type\":\"BreadcrumbList\",\"@id\":\"https:\\\/\\\/women-at.work\\\/shop\\\/produkt\\\/17-geschenke-aus-der-kueche-suesse-rezepte-fuer-echte-naschkatzen-e-book\\\/#breadcrumb\",\"itemListElement\":[{\"@type\":\"ListItem\",\"position\":1,\"name\":\"Startseite\",\"item\":\"https:\\\/\\\/women-at.work\\\/shop\\\/\"},{\"@type\":\"ListItem\",\"position\":2,\"name\":\"Shop\",\"item\":\"https:\\\/\\\/women-at.work\\\/shop\\\/shop\\\/\"},{\"@type\":\"ListItem\",\"position\":3,\"name\":\"&#8222;17 Geschenke aus der K\u00fcche &#8211; S\u00fc\u00dfe Rezepte f\u00fcr echte Naschkatzen&#8220; &#8211; E-Book\"}]},{\"@type\":\"WebSite\",\"@id\":\"https:\\\/\\\/women-at.work\\\/shop\\\/#website\",\"url\":\"https:\\\/\\\/women-at.work\\\/shop\\\/\",\"name\":\"Women At Work Shop\",\"description\":\"Wundervolle Produkte f\u00fcr besondere Menschen\",\"publisher\":{\"@id\":\"https:\\\/\\\/women-at.work\\\/shop\\\/#organization\"},\"potentialAction\":[{\"@type\":\"SearchAction\",\"target\":{\"@type\":\"EntryPoint\",\"urlTemplate\":\"https:\\\/\\\/women-at.work\\\/shop\\\/?s={search_term_string}\"},\"query-input\":{\"@type\":\"PropertyValueSpecification\",\"valueRequired\":true,\"valueName\":\"search_term_string\"}}],\"inLanguage\":\"de\"},{\"@type\":\"Organization\",\"@id\":\"https:\\\/\\\/women-at.work\\\/shop\\\/#organization\",\"name\":\"Women At Work Shop\",\"url\":\"https:\\\/\\\/women-at.work\\\/shop\\\/\",\"logo\":{\"@type\":\"ImageObject\",\"inLanguage\":\"de\",\"@id\":\"https:\\\/\\\/women-at.work\\\/shop\\\/#\\\/schema\\\/logo\\\/image\\\/\",\"url\":\"https:\\\/\\\/women-at.work\\\/shop\\\/wp-content\\\/uploads\\\/2017\\\/05\\\/Shop_Logo.png\",\"contentUrl\":\"https:\\\/\\\/women-at.work\\\/shop\\\/wp-content\\\/uploads\\\/2017\\\/05\\\/Shop_Logo.png\",\"width\":305,\"height\":297,\"caption\":\"Women At Work Shop\"},\"image\":{\"@id\":\"https:\\\/\\\/women-at.work\\\/shop\\\/#\\\/schema\\\/logo\\\/image\\\/\"}}]}<\/script>\n<!-- \/ Yoast SEO plugin. -->","yoast_head_json":{"title":"\"17 Geschenke aus der K\u00fcche - S\u00fc\u00dfe Rezepte f\u00fcr echte Naschkatzen\" - E-Book - Women At Work Shop","robots":{"index":"index","follow":"follow","max-snippet":"max-snippet:-1","max-image-preview":"max-image-preview:large","max-video-preview":"max-video-preview:-1"},"canonical":"https:\/\/women-at.work\/shop\/produkt\/17-geschenke-aus-der-kueche-suesse-rezepte-fuer-echte-naschkatzen-e-book\/","og_locale":"de_DE","og_type":"article","og_title":"\"17 Geschenke aus der K\u00fcche - S\u00fc\u00dfe Rezepte f\u00fcr echte Naschkatzen\" - E-Book - Women At Work Shop","og_description":"Die sch\u00f6nste Zeit im Jahr ist angebrochen und treibt uns immer wieder in die K\u00fcche - egal ob Pl\u00e4tzchen backen oder Gl\u00fchwein trinken. Doch wisst ihr, dass ihr in der K\u00fcche auch wunderbar Geschenke zubereiten k\u00f6nnt? Geschenke aus der K\u00fcche sind gerade total im Trend. Denn sie sind kreativ, etwas besonderes und gar nicht so teuer! Tobt euch euch mit diesem E-Book aus, hinter dem 17 s\u00fc\u00dfe Rezepte f\u00fcr die Weihnachtszeit versteckt sind.","og_url":"https:\/\/women-at.work\/shop\/produkt\/17-geschenke-aus-der-kueche-suesse-rezepte-fuer-echte-naschkatzen-e-book\/","og_site_name":"Women At Work Shop","article_modified_time":"2025-09-08T18:17:57+00:00","og_image":[{"width":2056,"height":2405,"url":"https:\/\/women-at.work\/shop\/wp-content\/uploads\/2018\/12\/Titel-Ebook-GeschenkeausderKueche.jpg","type":"image\/jpeg"}],"twitter_card":"summary_large_image","twitter_misc":{"Gesch\u00e4tzte Lesezeit":"2\u00a0Minuten"},"schema":{"@context":"https:\/\/schema.org","@graph":[{"@type":"WebPage","@id":"https:\/\/women-at.work\/shop\/produkt\/17-geschenke-aus-der-kueche-suesse-rezepte-fuer-echte-naschkatzen-e-book\/","url":"https:\/\/women-at.work\/shop\/produkt\/17-geschenke-aus-der-kueche-suesse-rezepte-fuer-echte-naschkatzen-e-book\/","name":"\"17 Geschenke aus der K\u00fcche - S\u00fc\u00dfe Rezepte f\u00fcr echte Naschkatzen\" - E-Book - Women At Work Shop","isPartOf":{"@id":"https:\/\/women-at.work\/shop\/#website"},"primaryImageOfPage":{"@id":"https:\/\/women-at.work\/shop\/produkt\/17-geschenke-aus-der-kueche-suesse-rezepte-fuer-echte-naschkatzen-e-book\/#primaryimage"},"image":{"@id":"https:\/\/women-at.work\/shop\/produkt\/17-geschenke-aus-der-kueche-suesse-rezepte-fuer-echte-naschkatzen-e-book\/#primaryimage"},"thumbnailUrl":"https:\/\/women-at.work\/shop\/wp-content\/uploads\/2018\/12\/Titel-Ebook-GeschenkeausderKueche.jpg","datePublished":"2018-12-03T10:53:45+00:00","dateModified":"2025-09-08T18:17:57+00:00","breadcrumb":{"@id":"https:\/\/women-at.work\/shop\/produkt\/17-geschenke-aus-der-kueche-suesse-rezepte-fuer-echte-naschkatzen-e-book\/#breadcrumb"},"inLanguage":"de","potentialAction":[{"@type":"ReadAction","target":["https:\/\/women-at.work\/shop\/produkt\/17-geschenke-aus-der-kueche-suesse-rezepte-fuer-echte-naschkatzen-e-book\/"]}]},{"@type":"ImageObject","inLanguage":"de","@id":"https:\/\/women-at.work\/shop\/produkt\/17-geschenke-aus-der-kueche-suesse-rezepte-fuer-echte-naschkatzen-e-book\/#primaryimage","url":"https:\/\/women-at.work\/shop\/wp-content\/uploads\/2018\/12\/Titel-Ebook-GeschenkeausderKueche.jpg","contentUrl":"https:\/\/women-at.work\/shop\/wp-content\/uploads\/2018\/12\/Titel-Ebook-GeschenkeausderKueche.jpg","width":2056,"height":2405},{"@type":"BreadcrumbList","@id":"https:\/\/women-at.work\/shop\/produkt\/17-geschenke-aus-der-kueche-suesse-rezepte-fuer-echte-naschkatzen-e-book\/#breadcrumb","itemListElement":[{"@type":"ListItem","position":1,"name":"Startseite","item":"https:\/\/women-at.work\/shop\/"},{"@type":"ListItem","position":2,"name":"Shop","item":"https:\/\/women-at.work\/shop\/shop\/"},{"@type":"ListItem","position":3,"name":"&#8222;17 Geschenke aus der K\u00fcche &#8211; S\u00fc\u00dfe Rezepte f\u00fcr echte Naschkatzen&#8220; &#8211; E-Book"}]},{"@type":"WebSite","@id":"https:\/\/women-at.work\/shop\/#website","url":"https:\/\/women-at.work\/shop\/","name":"Women At Work Shop","description":"Wundervolle Produkte f\u00fcr besondere Menschen","publisher":{"@id":"https:\/\/women-at.work\/shop\/#organization"},"potentialAction":[{"@type":"SearchAction","target":{"@type":"EntryPoint","urlTemplate":"https:\/\/women-at.work\/shop\/?s={search_term_string}"},"query-input":{"@type":"PropertyValueSpecification","valueRequired":true,"valueName":"search_term_string"}}],"inLanguage":"de"},{"@type":"Organization","@id":"https:\/\/women-at.work\/shop\/#organization","name":"Women At Work Shop","url":"https:\/\/women-at.work\/shop\/","logo":{"@type":"ImageObject","inLanguage":"de","@id":"https:\/\/women-at.work\/shop\/#\/schema\/logo\/image\/","url":"https:\/\/women-at.work\/shop\/wp-content\/uploads\/2017\/05\/Shop_Logo.png","contentUrl":"https:\/\/women-at.work\/shop\/wp-content\/uploads\/2017\/05\/Shop_Logo.png","width":305,"height":297,"caption":"Women At Work Shop"},"image":{"@id":"https:\/\/women-at.work\/shop\/#\/schema\/logo\/image\/"}}]}},"_links":{"self":[{"href":"https:\/\/women-at.work\/shop\/wp-json\/wp\/v2\/product\/2933","targetHints":{"allow":["GET"]}}],"collection":[{"href":"https:\/\/women-at.work\/shop\/wp-json\/wp\/v2\/product"}],"about":[{"href":"https:\/\/women-at.work\/shop\/wp-json\/wp\/v2\/types\/product"}],"replies":[{"embeddable":true,"href":"https:\/\/women-at.work\/shop\/wp-json\/wp\/v2\/comments?post=2933"}],"wp:featuredmedia":[{"embeddable":true,"href":"https:\/\/women-at.work\/shop\/wp-json\/wp\/v2\/media\/2934"}],"wp:attachment":[{"href":"https:\/\/women-at.work\/shop\/wp-json\/wp\/v2\/media?parent=2933"}],"wp:term":[{"taxonomy":"product_brand","embeddable":true,"href":"https:\/\/women-at.work\/shop\/wp-json\/wp\/v2\/product_brand?post=2933"},{"taxonomy":"product_cat","embeddable":true,"href":"https:\/\/women-at.work\/shop\/wp-json\/wp\/v2\/product_cat?post=2933"},{"taxonomy":"product_tag","embeddable":true,"href":"https:\/\/women-at.work\/shop\/wp-json\/wp\/v2\/product_tag?post=2933"}],"curies":[{"name":"wp","href":"https:\/\/api.w.org\/{rel}","templated":true}]}}