{"id":28899,"date":"2025-11-21T13:59:26","date_gmt":"2025-11-21T12:59:26","guid":{"rendered":"https:\/\/women-at.work\/shop\/?post_type=product&#038;p=28899"},"modified":"2025-12-23T22:20:50","modified_gmt":"2025-12-23T21:20:50","slug":"ritter-sport-mini-schokolade-vorlage-fuer-silvester-zum-ausdrucken","status":"publish","type":"product","link":"https:\/\/women-at.work\/shop\/produkt\/ritter-sport-mini-schokolade-vorlage-fuer-silvester-zum-ausdrucken\/","title":{"rendered":"Ritter Sport Mini Schokolade- Vorlage f\u00fcr Silvester zum Ausdrucken"},"content":{"rendered":"<p data-start=\"433\" data-end=\"673\">Verwandle einfache Ritter-Sport Mini-Schokoladen in selbstgemachte Silvestergeschenke! Mit dieser Schokoladen Banderolen Vorlage bastelst du schnell kleine, kreative Mitbringsel.<\/p>\n<p data-start=\"675\" data-end=\"697\"><strong data-start=\"675\" data-end=\"695\">Im Paket enthalten<\/strong><\/p>\n<ul data-start=\"698\" data-end=\"937\">\n<li data-start=\"698\" data-end=\"752\">\n<p data-start=\"700\" data-end=\"752\">8 liebevoll gestaltete Motive f\u00fcr Banderolen (Vorlage im PDF-Format)<\/p>\n<\/li>\n<li data-start=\"698\" data-end=\"752\">\n<p data-start=\"700\" data-end=\"752\">Mit Spruch f\u00fcr die R\u00fcckseite<\/p>\n<\/li>\n<\/ul>\n<p data-start=\"939\" data-end=\"981\"><strong data-start=\"939\" data-end=\"979\">Warum du diese Vorlage lieben wirst:<\/strong><\/p>\n<ul data-start=\"982\" data-end=\"1348\">\n<li data-start=\"982\" data-end=\"1079\">\n<p data-start=\"984\" data-end=\"1079\"><strong data-start=\"984\" data-end=\"1006\">Schnell &amp; einfach:<\/strong> Keine komplizierten Zeichnungen n\u00f6tig \u2013 einfach ausdrucken und basteln<\/p>\n<\/li>\n<li data-start=\"1155\" data-end=\"1238\">\n<p data-start=\"1157\" data-end=\"1238\"><strong data-start=\"1157\" data-end=\"1172\">Vielseitig:<\/strong> Ideal als Silvester-Mitbringsel f\u00fcr Freunde, Familie, Nachbarn oder die Party-Gastgeber<\/p>\n<\/li>\n<\/ul>\n<p>Sobald die Zahlung bei uns eingegangen ist, wird der Download-Link an dich per E-Mail verschickt. Bei Zahlung per PayPal, ist der Download sofort verf\u00fcgbar. Die Vorlage wird nicht per Post versendet! Es erfolgt ein rein digitaler Versand.<\/p>\n<p><em>Unbezahlte Werbung f\u00fcr duplo. Es besteht keine Kooperation mit duplo. Die Riegel werden nicht mitversendet und dienen nur als Pr\u00e4sentationsvorschlag. Vorlage kann vom Vorschaubild leicht abweichen.<\/em><\/p>\n<p>Die Vorlage ist f\u00fcr den privaten Gebrauch und darf nicht f\u00fcr kommerzielle Zwecke genutzt werden.<\/p>\n","protected":false},"excerpt":{"rendered":"<p>Verwandle einfache Ritter-Sport Mini-Schokoladen in selbstgemachte Silvestergeschenke! Mit dieser Schokoladen Banderolen Vorlage bastelst du schnell kleine, kreative Mitbringsel.<\/p>\n","protected":false},"featured_media":28900,"comment_status":"open","ping_status":"closed","template":"","meta":[],"product_brand":[],"product_cat":[400,268],"product_tag":[663,672,671,656,655,669,670,668,679,678,677,661,659,654,676,658,680,558,514,515,681,666,660,662,643,612,675,657,653,674,667,673],"class_list":{"0":"post-28899","1":"product","2":"type-product","3":"status-publish","4":"has-post-thumbnail","6":"product_cat-silvester","7":"product_cat-vorlagen","8":"product_tag-druckvorlage-silvester","9":"product_tag-glueck-verschenken-neujahr","10":"product_tag-gluecksbringer-basteln","11":"product_tag-gluecksbringer-neujahr","12":"product_tag-gluecksbringer-silvester","13":"product_tag-gluecksschwein-silvester","14":"product_tag-kleeblatt-gluecksbringer","15":"product_tag-kleine-aufmerksamkeit-silvester","16":"product_tag-kleines-geschenk-silvester","17":"product_tag-last-minute-silvester-geschenk","18":"product_tag-mitbringsel-jahreswechsel","19":"product_tag-neujahr-basteln-mit-kindern","20":"product_tag-neujahr-diy","21":"product_tag-neujahr-mitbringsel","22":"product_tag-neujahr-mitbringsel-familie","23":"product_tag-neujahrs-geschenk-idee","24":"product_tag-persoenliches-mitbringsel-silvester","25":"product_tag-printable-silvester","26":"product_tag-ritter-sport","27":"product_tag-ritter-sport-mini","28":"product_tag-schnelles-mitbringsel-neujahr","29":"product_tag-schokolade-silvester-mitbringsel","30":"product_tag-silvester-bastelidee","31":"product_tag-silvester-bastelvorlage","32":"product_tag-silvester-diy","33":"product_tag-silvester-gastgeschenk","34":"product_tag-silvester-geschenk-fuer-gaeste","35":"product_tag-silvester-geschenk-klein","36":"product_tag-silvester-mitbringsel","37":"product_tag-silvester-mitbringsel-kinder","38":"product_tag-suessigkeiten-silvester-geschenk","39":"product_tag-viel-glueck-neues-jahr","40":"product_shipping_class-virtuelle-produkte","42":"first","43":"instock","44":"downloadable","45":"virtual","46":"taxable","47":"purchasable","48":"product-type-simple"},"yoast_head":"<!-- This site is optimized with the Yoast SEO plugin v27.5 - https:\/\/yoast.com\/product\/yoast-seo-wordpress\/ -->\n<title>Ritter Sport Mini Schokolade- Vorlage f\u00fcr Silvester zum Ausdrucken<\/title>\n<meta name=\"description\" content=\"Ritter Sport Banderole Silvester \u2013 DIY-Vorlage f\u00fcr s\u00fc\u00dfe Mitbringsel und Silvester-Geschenke. Einfach ausdrucken, basteln und personalisieren!\" \/>\n<meta name=\"robots\" content=\"index, follow, max-snippet:-1, max-image-preview:large, max-video-preview:-1\" \/>\n<link rel=\"canonical\" href=\"https:\/\/women-at.work\/shop\/produkt\/ritter-sport-mini-schokolade-vorlage-fuer-silvester-zum-ausdrucken\/\" \/>\n<meta property=\"og:locale\" content=\"de_DE\" \/>\n<meta property=\"og:type\" content=\"article\" \/>\n<meta property=\"og:title\" content=\"Ritter Sport Mini Schokolade- Vorlage f\u00fcr Silvester zum Ausdrucken\" \/>\n<meta property=\"og:description\" content=\"Ritter Sport Banderole Silvester \u2013 DIY-Vorlage f\u00fcr s\u00fc\u00dfe Mitbringsel und Silvester-Geschenke. Einfach ausdrucken, basteln und personalisieren!\" \/>\n<meta property=\"og:url\" content=\"https:\/\/women-at.work\/shop\/produkt\/ritter-sport-mini-schokolade-vorlage-fuer-silvester-zum-ausdrucken\/\" \/>\n<meta property=\"og:site_name\" content=\"Women At Work Shop\" \/>\n<meta property=\"article:modified_time\" content=\"2025-12-23T21:20:50+00:00\" \/>\n<meta property=\"og:image\" content=\"https:\/\/women-at.work\/shop\/wp-content\/uploads\/2025\/12\/Ritter-Sport-Adventskalender.jpg\" \/>\n\t<meta property=\"og:image:width\" content=\"1000\" \/>\n\t<meta property=\"og:image:height\" content=\"1500\" \/>\n\t<meta property=\"og:image:type\" content=\"image\/jpeg\" \/>\n<meta name=\"twitter:card\" content=\"summary_large_image\" \/>\n<meta name=\"twitter:label1\" content=\"Gesch\u00e4tzte Lesezeit\" \/>\n\t<meta name=\"twitter:data1\" content=\"1\u00a0Minute\" \/>\n<script type=\"application\/ld+json\" class=\"yoast-schema-graph\">{\"@context\":\"https:\\\/\\\/schema.org\",\"@graph\":[{\"@type\":\"WebPage\",\"@id\":\"https:\\\/\\\/women-at.work\\\/shop\\\/produkt\\\/ritter-sport-mini-schokolade-vorlage-fuer-silvester-zum-ausdrucken\\\/\",\"url\":\"https:\\\/\\\/women-at.work\\\/shop\\\/produkt\\\/ritter-sport-mini-schokolade-vorlage-fuer-silvester-zum-ausdrucken\\\/\",\"name\":\"Ritter Sport Mini Schokolade- Vorlage f\u00fcr Silvester zum Ausdrucken\",\"isPartOf\":{\"@id\":\"https:\\\/\\\/women-at.work\\\/shop\\\/#website\"},\"primaryImageOfPage\":{\"@id\":\"https:\\\/\\\/women-at.work\\\/shop\\\/produkt\\\/ritter-sport-mini-schokolade-vorlage-fuer-silvester-zum-ausdrucken\\\/#primaryimage\"},\"image\":{\"@id\":\"https:\\\/\\\/women-at.work\\\/shop\\\/produkt\\\/ritter-sport-mini-schokolade-vorlage-fuer-silvester-zum-ausdrucken\\\/#primaryimage\"},\"thumbnailUrl\":\"https:\\\/\\\/women-at.work\\\/shop\\\/wp-content\\\/uploads\\\/2025\\\/12\\\/Ritter-Sport-Adventskalender.jpg\",\"datePublished\":\"2025-11-21T12:59:26+00:00\",\"dateModified\":\"2025-12-23T21:20:50+00:00\",\"description\":\"Ritter Sport Banderole Silvester \u2013 DIY-Vorlage f\u00fcr s\u00fc\u00dfe Mitbringsel und Silvester-Geschenke. Einfach ausdrucken, basteln und personalisieren!\",\"breadcrumb\":{\"@id\":\"https:\\\/\\\/women-at.work\\\/shop\\\/produkt\\\/ritter-sport-mini-schokolade-vorlage-fuer-silvester-zum-ausdrucken\\\/#breadcrumb\"},\"inLanguage\":\"de\",\"potentialAction\":[{\"@type\":\"ReadAction\",\"target\":[\"https:\\\/\\\/women-at.work\\\/shop\\\/produkt\\\/ritter-sport-mini-schokolade-vorlage-fuer-silvester-zum-ausdrucken\\\/\"]}]},{\"@type\":\"ImageObject\",\"inLanguage\":\"de\",\"@id\":\"https:\\\/\\\/women-at.work\\\/shop\\\/produkt\\\/ritter-sport-mini-schokolade-vorlage-fuer-silvester-zum-ausdrucken\\\/#primaryimage\",\"url\":\"https:\\\/\\\/women-at.work\\\/shop\\\/wp-content\\\/uploads\\\/2025\\\/12\\\/Ritter-Sport-Adventskalender.jpg\",\"contentUrl\":\"https:\\\/\\\/women-at.work\\\/shop\\\/wp-content\\\/uploads\\\/2025\\\/12\\\/Ritter-Sport-Adventskalender.jpg\",\"width\":1000,\"height\":1500},{\"@type\":\"BreadcrumbList\",\"@id\":\"https:\\\/\\\/women-at.work\\\/shop\\\/produkt\\\/ritter-sport-mini-schokolade-vorlage-fuer-silvester-zum-ausdrucken\\\/#breadcrumb\",\"itemListElement\":[{\"@type\":\"ListItem\",\"position\":1,\"name\":\"Startseite\",\"item\":\"https:\\\/\\\/women-at.work\\\/shop\\\/\"},{\"@type\":\"ListItem\",\"position\":2,\"name\":\"Shop\",\"item\":\"https:\\\/\\\/women-at.work\\\/shop\\\/shop\\\/\"},{\"@type\":\"ListItem\",\"position\":3,\"name\":\"Ritter Sport Mini Schokolade- Vorlage f\u00fcr Silvester zum Ausdrucken\"}]},{\"@type\":\"WebSite\",\"@id\":\"https:\\\/\\\/women-at.work\\\/shop\\\/#website\",\"url\":\"https:\\\/\\\/women-at.work\\\/shop\\\/\",\"name\":\"Women At Work Shop\",\"description\":\"Wundervolle Produkte f\u00fcr besondere Menschen\",\"publisher\":{\"@id\":\"https:\\\/\\\/women-at.work\\\/shop\\\/#organization\"},\"potentialAction\":[{\"@type\":\"SearchAction\",\"target\":{\"@type\":\"EntryPoint\",\"urlTemplate\":\"https:\\\/\\\/women-at.work\\\/shop\\\/?s={search_term_string}\"},\"query-input\":{\"@type\":\"PropertyValueSpecification\",\"valueRequired\":true,\"valueName\":\"search_term_string\"}}],\"inLanguage\":\"de\"},{\"@type\":\"Organization\",\"@id\":\"https:\\\/\\\/women-at.work\\\/shop\\\/#organization\",\"name\":\"Women At Work Shop\",\"url\":\"https:\\\/\\\/women-at.work\\\/shop\\\/\",\"logo\":{\"@type\":\"ImageObject\",\"inLanguage\":\"de\",\"@id\":\"https:\\\/\\\/women-at.work\\\/shop\\\/#\\\/schema\\\/logo\\\/image\\\/\",\"url\":\"https:\\\/\\\/women-at.work\\\/shop\\\/wp-content\\\/uploads\\\/2017\\\/05\\\/Shop_Logo.png\",\"contentUrl\":\"https:\\\/\\\/women-at.work\\\/shop\\\/wp-content\\\/uploads\\\/2017\\\/05\\\/Shop_Logo.png\",\"width\":305,\"height\":297,\"caption\":\"Women At Work Shop\"},\"image\":{\"@id\":\"https:\\\/\\\/women-at.work\\\/shop\\\/#\\\/schema\\\/logo\\\/image\\\/\"}}]}<\/script>\n<!-- \/ Yoast SEO plugin. -->","yoast_head_json":{"title":"Ritter Sport Mini Schokolade- Vorlage f\u00fcr Silvester zum Ausdrucken","description":"Ritter Sport Banderole Silvester \u2013 DIY-Vorlage f\u00fcr s\u00fc\u00dfe Mitbringsel und Silvester-Geschenke. Einfach ausdrucken, basteln und personalisieren!","robots":{"index":"index","follow":"follow","max-snippet":"max-snippet:-1","max-image-preview":"max-image-preview:large","max-video-preview":"max-video-preview:-1"},"canonical":"https:\/\/women-at.work\/shop\/produkt\/ritter-sport-mini-schokolade-vorlage-fuer-silvester-zum-ausdrucken\/","og_locale":"de_DE","og_type":"article","og_title":"Ritter Sport Mini Schokolade- Vorlage f\u00fcr Silvester zum Ausdrucken","og_description":"Ritter Sport Banderole Silvester \u2013 DIY-Vorlage f\u00fcr s\u00fc\u00dfe Mitbringsel und Silvester-Geschenke. Einfach ausdrucken, basteln und personalisieren!","og_url":"https:\/\/women-at.work\/shop\/produkt\/ritter-sport-mini-schokolade-vorlage-fuer-silvester-zum-ausdrucken\/","og_site_name":"Women At Work Shop","article_modified_time":"2025-12-23T21:20:50+00:00","og_image":[{"width":1000,"height":1500,"url":"https:\/\/women-at.work\/shop\/wp-content\/uploads\/2025\/12\/Ritter-Sport-Adventskalender.jpg","type":"image\/jpeg"}],"twitter_card":"summary_large_image","twitter_misc":{"Gesch\u00e4tzte Lesezeit":"1\u00a0Minute"},"schema":{"@context":"https:\/\/schema.org","@graph":[{"@type":"WebPage","@id":"https:\/\/women-at.work\/shop\/produkt\/ritter-sport-mini-schokolade-vorlage-fuer-silvester-zum-ausdrucken\/","url":"https:\/\/women-at.work\/shop\/produkt\/ritter-sport-mini-schokolade-vorlage-fuer-silvester-zum-ausdrucken\/","name":"Ritter Sport Mini Schokolade- Vorlage f\u00fcr Silvester zum Ausdrucken","isPartOf":{"@id":"https:\/\/women-at.work\/shop\/#website"},"primaryImageOfPage":{"@id":"https:\/\/women-at.work\/shop\/produkt\/ritter-sport-mini-schokolade-vorlage-fuer-silvester-zum-ausdrucken\/#primaryimage"},"image":{"@id":"https:\/\/women-at.work\/shop\/produkt\/ritter-sport-mini-schokolade-vorlage-fuer-silvester-zum-ausdrucken\/#primaryimage"},"thumbnailUrl":"https:\/\/women-at.work\/shop\/wp-content\/uploads\/2025\/12\/Ritter-Sport-Adventskalender.jpg","datePublished":"2025-11-21T12:59:26+00:00","dateModified":"2025-12-23T21:20:50+00:00","description":"Ritter Sport Banderole Silvester \u2013 DIY-Vorlage f\u00fcr s\u00fc\u00dfe Mitbringsel und Silvester-Geschenke. Einfach ausdrucken, basteln und personalisieren!","breadcrumb":{"@id":"https:\/\/women-at.work\/shop\/produkt\/ritter-sport-mini-schokolade-vorlage-fuer-silvester-zum-ausdrucken\/#breadcrumb"},"inLanguage":"de","potentialAction":[{"@type":"ReadAction","target":["https:\/\/women-at.work\/shop\/produkt\/ritter-sport-mini-schokolade-vorlage-fuer-silvester-zum-ausdrucken\/"]}]},{"@type":"ImageObject","inLanguage":"de","@id":"https:\/\/women-at.work\/shop\/produkt\/ritter-sport-mini-schokolade-vorlage-fuer-silvester-zum-ausdrucken\/#primaryimage","url":"https:\/\/women-at.work\/shop\/wp-content\/uploads\/2025\/12\/Ritter-Sport-Adventskalender.jpg","contentUrl":"https:\/\/women-at.work\/shop\/wp-content\/uploads\/2025\/12\/Ritter-Sport-Adventskalender.jpg","width":1000,"height":1500},{"@type":"BreadcrumbList","@id":"https:\/\/women-at.work\/shop\/produkt\/ritter-sport-mini-schokolade-vorlage-fuer-silvester-zum-ausdrucken\/#breadcrumb","itemListElement":[{"@type":"ListItem","position":1,"name":"Startseite","item":"https:\/\/women-at.work\/shop\/"},{"@type":"ListItem","position":2,"name":"Shop","item":"https:\/\/women-at.work\/shop\/shop\/"},{"@type":"ListItem","position":3,"name":"Ritter Sport Mini Schokolade- Vorlage f\u00fcr Silvester zum Ausdrucken"}]},{"@type":"WebSite","@id":"https:\/\/women-at.work\/shop\/#website","url":"https:\/\/women-at.work\/shop\/","name":"Women At Work Shop","description":"Wundervolle Produkte f\u00fcr besondere Menschen","publisher":{"@id":"https:\/\/women-at.work\/shop\/#organization"},"potentialAction":[{"@type":"SearchAction","target":{"@type":"EntryPoint","urlTemplate":"https:\/\/women-at.work\/shop\/?s={search_term_string}"},"query-input":{"@type":"PropertyValueSpecification","valueRequired":true,"valueName":"search_term_string"}}],"inLanguage":"de"},{"@type":"Organization","@id":"https:\/\/women-at.work\/shop\/#organization","name":"Women At Work Shop","url":"https:\/\/women-at.work\/shop\/","logo":{"@type":"ImageObject","inLanguage":"de","@id":"https:\/\/women-at.work\/shop\/#\/schema\/logo\/image\/","url":"https:\/\/women-at.work\/shop\/wp-content\/uploads\/2017\/05\/Shop_Logo.png","contentUrl":"https:\/\/women-at.work\/shop\/wp-content\/uploads\/2017\/05\/Shop_Logo.png","width":305,"height":297,"caption":"Women At Work Shop"},"image":{"@id":"https:\/\/women-at.work\/shop\/#\/schema\/logo\/image\/"}}]}},"_links":{"self":[{"href":"https:\/\/women-at.work\/shop\/wp-json\/wp\/v2\/product\/28899","targetHints":{"allow":["GET"]}}],"collection":[{"href":"https:\/\/women-at.work\/shop\/wp-json\/wp\/v2\/product"}],"about":[{"href":"https:\/\/women-at.work\/shop\/wp-json\/wp\/v2\/types\/product"}],"replies":[{"embeddable":true,"href":"https:\/\/women-at.work\/shop\/wp-json\/wp\/v2\/comments?post=28899"}],"wp:featuredmedia":[{"embeddable":true,"href":"https:\/\/women-at.work\/shop\/wp-json\/wp\/v2\/media\/28900"}],"wp:attachment":[{"href":"https:\/\/women-at.work\/shop\/wp-json\/wp\/v2\/media?parent=28899"}],"wp:term":[{"taxonomy":"product_brand","embeddable":true,"href":"https:\/\/women-at.work\/shop\/wp-json\/wp\/v2\/product_brand?post=28899"},{"taxonomy":"product_cat","embeddable":true,"href":"https:\/\/women-at.work\/shop\/wp-json\/wp\/v2\/product_cat?post=28899"},{"taxonomy":"product_tag","embeddable":true,"href":"https:\/\/women-at.work\/shop\/wp-json\/wp\/v2\/product_tag?post=28899"}],"curies":[{"name":"wp","href":"https:\/\/api.w.org\/{rel}","templated":true}]}}