{"id":28304,"date":"2025-12-13T18:57:07","date_gmt":"2025-12-13T17:57:07","guid":{"rendered":"https:\/\/women-at.work\/shop\/?post_type=product&#038;p=28304"},"modified":"2026-01-05T22:04:52","modified_gmt":"2026-01-05T21:04:52","slug":"weihnachtsstrumpf-fuer-geld-und-gutscheine-vorlage-zum-ausdrucken","status":"publish","type":"product","link":"https:\/\/women-at.work\/shop\/produkt\/weihnachtsstrumpf-fuer-geld-und-gutscheine-vorlage-zum-ausdrucken\/","title":{"rendered":"Weihnachtsstrumpf f\u00fcr Geld und Gutscheine &#8211; Vorlage zum Ausdrucken"},"content":{"rendered":"<p data-start=\"242\" data-end=\"520\">Diese Weihnachtskarte im Aquarellstil ist perfekt, um <strong data-start=\"321\" data-end=\"374\">Geldscheine, Gutscheine oder kleine Kleinigkeiten<\/strong> wie Tee oder S\u00fc\u00dfigkeiten stilvoll zu verschenken. Einfach ausdrucken, ausschneiden, bef\u00fcllen: fertig ist ein pers\u00f6nliches Geschenk mit Herz<\/p>\n<p data-start=\"522\" data-end=\"618\">Ideal f\u00fcr alle, die ein <strong data-start=\"546\" data-end=\"580\">Last-Minute-Weihnachtsgeschenk<\/strong> suchen, das trotzdem besonders wirkt.<\/p>\n<p>In dem Paket enthalten ist:<\/p>\n<p>Eine Vorderseite (Weihnachtstrumpf) mit den Banner M\u00f6glichkeiten: &#8222;liebe weihnachtsgr\u00fc\u00dfe&#8220;, &#8222;liebe nikolausgr\u00fc\u00dfe&#8220; und einem leeren Banner zum selber beschriften<\/p>\n<p>Eine R\u00fcckseite (Kranz) mit den Bannern &#8222;kauf dir etwas sch\u00f6nes&#8220; und &#8222;eine kleinigkeit f\u00fcr dich&#8220; und einem leeren Banner zum selber beschriften<\/p>\n<p>Einmal Vorder- und R\u00fcckseite ohne Banner, Banner und Elemente im Strumpf nochmal einzeln, zum selber ausschneiden und aufkleben f\u00fcr einen 3D-Effekt<\/p>\n<p>Perfekt geeinget als:<br \/>\nGeldgeschenk zu Weihnachten<br data-start=\"931\" data-end=\"934\" \/>\u2022 Gutscheinverpackung<br data-start=\"955\" data-end=\"958\" \/>\u2022 Kleinigkeit f\u00fcr Familie, Freunde, Kolleg:innen, Erzieher:innen<br data-start=\"1022\" data-end=\"1025\" \/>\u2022 Wichtelgeschenk oder Last-Minute-Idee<\/p>\n<p>Sobald die Zahlung bei uns eingegangen ist, wird der Download-Link an dich per E-Mail verschickt. Bei Zahlung per PayPal, ist der Download sofort verf\u00fcgbar. Es wird nichts per Post verschickt! <strong>Sollte die E-Mail nicht automatisch an Sie versendet werden, wenden Sie sich bitte an unseren Kundenservice per E-Mail oder Telefon. Bitte er\u00f6ffnen Sie keinen Fall bei PayPal. So k\u00f6nnen wir Ihnen schneller weiterhelfen!<\/strong><\/p>\n<p><em>Der Inhalt wird nicht mitversendet und dienen nur als Pr\u00e4sentationsvorschlag. Es ist ein rein digitaler Versand!<\/em><\/p>\n<p>Die Vorlage ist f\u00fcr den privaten Gebrauch und darf nicht f\u00fcr kommerzielle Zwecke genutzt werden.<\/p>\n","protected":false},"excerpt":{"rendered":"<p>Diese Weihnachtskarte im Aquarellstil ist perfekt, um <strong data-start=\"321\" data-end=\"374\">Geldscheine, Gutscheine oder kleine Kleinigkeiten<\/strong> wie Tee oder S\u00fc\u00dfigkeiten stilvoll zu verschenken.<\/p>\n","protected":false},"featured_media":28305,"comment_status":"open","ping_status":"closed","template":"","meta":[],"product_brand":[],"product_cat":[268,401],"product_tag":[504,639,619,315,627,638,367,455,327,625,505,348,391,299,641,640,642,637],"class_list":{"0":"post-28304","1":"product","2":"type-product","3":"status-publish","4":"has-post-thumbnail","6":"product_cat-vorlagen","7":"product_cat-weihnachten","8":"product_tag-bastelvorlage-geschenkidee","9":"product_tag-geldgeschenk-diy","10":"product_tag-geldgeschenk-weihnachten","11":"product_tag-geschenkidee","12":"product_tag-geschenkverpackung-geld","13":"product_tag-gutschein-verpackung","14":"product_tag-kleinigkeit","15":"product_tag-last-minute-geschenk","16":"product_tag-mitbringsel","17":"product_tag-printable-weihnachten","18":"product_tag-schokolade","19":"product_tag-vorlage-zum-ausdrucken","20":"product_tag-vorlage-zum-herunterladen","21":"product_tag-weihnachten","22":"product_tag-weihnachten-basteln","23":"product_tag-weihnachtsgeschenk-druckvorlage","24":"product_tag-weihnachtskarte-druckbar","25":"product_tag-weihnachtskarte-geld","26":"product_shipping_class-virtuelle-produkte","28":"first","29":"instock","30":"downloadable","31":"virtual","32":"taxable","33":"purchasable","34":"product-type-simple"},"yoast_head":"<!-- This site is optimized with the Yoast SEO plugin v27.4 - https:\/\/yoast.com\/product\/yoast-seo-wordpress\/ -->\n<title>Weihnachtsstrumpf f\u00fcr Geld - Vorlage zum Ausdrucken<\/title>\n<meta name=\"description\" content=\"Eine schnelle Geschenkidee als Weihnachtstasse als kleines Mitbringsel oder Kleinigkeit f\u00fcr ein Weihnachtsgeschenk. Hier kaufen und herunterladen.\" \/>\n<meta name=\"robots\" content=\"index, follow, max-snippet:-1, max-image-preview:large, max-video-preview:-1\" \/>\n<link rel=\"canonical\" href=\"https:\/\/women-at.work\/shop\/produkt\/weihnachtsstrumpf-fuer-geld-und-gutscheine-vorlage-zum-ausdrucken\/\" \/>\n<meta property=\"og:locale\" content=\"de_DE\" \/>\n<meta property=\"og:type\" content=\"article\" \/>\n<meta property=\"og:title\" content=\"Weihnachtsstrumpf f\u00fcr Geld - Vorlage zum Ausdrucken\" \/>\n<meta property=\"og:description\" content=\"Eine schnelle Geschenkidee als Weihnachtstasse als kleines Mitbringsel oder Kleinigkeit f\u00fcr ein Weihnachtsgeschenk. Hier kaufen und herunterladen.\" \/>\n<meta property=\"og:url\" content=\"https:\/\/women-at.work\/shop\/produkt\/weihnachtsstrumpf-fuer-geld-und-gutscheine-vorlage-zum-ausdrucken\/\" \/>\n<meta property=\"og:site_name\" content=\"Women At Work Shop\" \/>\n<meta property=\"article:modified_time\" content=\"2026-01-05T21:04:52+00:00\" \/>\n<meta property=\"og:image\" content=\"https:\/\/women-at.work\/shop\/wp-content\/uploads\/2025\/12\/Weihnachtsstrumpf-fuer-Geld-und-Gutscheine-Vorlage-zum-Ausdrucken.jpg\" \/>\n\t<meta property=\"og:image:width\" content=\"800\" \/>\n\t<meta property=\"og:image:height\" content=\"1200\" \/>\n\t<meta property=\"og:image:type\" content=\"image\/jpeg\" \/>\n<meta name=\"twitter:card\" content=\"summary_large_image\" \/>\n<meta name=\"twitter:label1\" content=\"Gesch\u00e4tzte Lesezeit\" \/>\n\t<meta name=\"twitter:data1\" content=\"2\u00a0Minuten\" \/>\n<script type=\"application\/ld+json\" class=\"yoast-schema-graph\">{\"@context\":\"https:\\\/\\\/schema.org\",\"@graph\":[{\"@type\":\"WebPage\",\"@id\":\"https:\\\/\\\/women-at.work\\\/shop\\\/produkt\\\/weihnachtsstrumpf-fuer-geld-und-gutscheine-vorlage-zum-ausdrucken\\\/\",\"url\":\"https:\\\/\\\/women-at.work\\\/shop\\\/produkt\\\/weihnachtsstrumpf-fuer-geld-und-gutscheine-vorlage-zum-ausdrucken\\\/\",\"name\":\"Weihnachtsstrumpf f\u00fcr Geld - Vorlage zum Ausdrucken\",\"isPartOf\":{\"@id\":\"https:\\\/\\\/women-at.work\\\/shop\\\/#website\"},\"primaryImageOfPage\":{\"@id\":\"https:\\\/\\\/women-at.work\\\/shop\\\/produkt\\\/weihnachtsstrumpf-fuer-geld-und-gutscheine-vorlage-zum-ausdrucken\\\/#primaryimage\"},\"image\":{\"@id\":\"https:\\\/\\\/women-at.work\\\/shop\\\/produkt\\\/weihnachtsstrumpf-fuer-geld-und-gutscheine-vorlage-zum-ausdrucken\\\/#primaryimage\"},\"thumbnailUrl\":\"https:\\\/\\\/women-at.work\\\/shop\\\/wp-content\\\/uploads\\\/2025\\\/12\\\/Weihnachtsstrumpf-fuer-Geld-und-Gutscheine-Vorlage-zum-Ausdrucken.jpg\",\"datePublished\":\"2025-12-13T17:57:07+00:00\",\"dateModified\":\"2026-01-05T21:04:52+00:00\",\"description\":\"Eine schnelle Geschenkidee als Weihnachtstasse als kleines Mitbringsel oder Kleinigkeit f\u00fcr ein Weihnachtsgeschenk. Hier kaufen und herunterladen.\",\"breadcrumb\":{\"@id\":\"https:\\\/\\\/women-at.work\\\/shop\\\/produkt\\\/weihnachtsstrumpf-fuer-geld-und-gutscheine-vorlage-zum-ausdrucken\\\/#breadcrumb\"},\"inLanguage\":\"de\",\"potentialAction\":[{\"@type\":\"ReadAction\",\"target\":[\"https:\\\/\\\/women-at.work\\\/shop\\\/produkt\\\/weihnachtsstrumpf-fuer-geld-und-gutscheine-vorlage-zum-ausdrucken\\\/\"]}]},{\"@type\":\"ImageObject\",\"inLanguage\":\"de\",\"@id\":\"https:\\\/\\\/women-at.work\\\/shop\\\/produkt\\\/weihnachtsstrumpf-fuer-geld-und-gutscheine-vorlage-zum-ausdrucken\\\/#primaryimage\",\"url\":\"https:\\\/\\\/women-at.work\\\/shop\\\/wp-content\\\/uploads\\\/2025\\\/12\\\/Weihnachtsstrumpf-fuer-Geld-und-Gutscheine-Vorlage-zum-Ausdrucken.jpg\",\"contentUrl\":\"https:\\\/\\\/women-at.work\\\/shop\\\/wp-content\\\/uploads\\\/2025\\\/12\\\/Weihnachtsstrumpf-fuer-Geld-und-Gutscheine-Vorlage-zum-Ausdrucken.jpg\",\"width\":800,\"height\":1200,\"caption\":\"Weihnachtsstrumpf f\u00fcr Geld und Gutscheine - Vorlage zum Ausdrucken\"},{\"@type\":\"BreadcrumbList\",\"@id\":\"https:\\\/\\\/women-at.work\\\/shop\\\/produkt\\\/weihnachtsstrumpf-fuer-geld-und-gutscheine-vorlage-zum-ausdrucken\\\/#breadcrumb\",\"itemListElement\":[{\"@type\":\"ListItem\",\"position\":1,\"name\":\"Startseite\",\"item\":\"https:\\\/\\\/women-at.work\\\/shop\\\/\"},{\"@type\":\"ListItem\",\"position\":2,\"name\":\"Shop\",\"item\":\"https:\\\/\\\/women-at.work\\\/shop\\\/shop\\\/\"},{\"@type\":\"ListItem\",\"position\":3,\"name\":\"Weihnachtsstrumpf f\u00fcr Geld und Gutscheine &#8211; Vorlage zum Ausdrucken\"}]},{\"@type\":\"WebSite\",\"@id\":\"https:\\\/\\\/women-at.work\\\/shop\\\/#website\",\"url\":\"https:\\\/\\\/women-at.work\\\/shop\\\/\",\"name\":\"Women At Work Shop\",\"description\":\"Wundervolle Produkte f\u00fcr besondere Menschen\",\"publisher\":{\"@id\":\"https:\\\/\\\/women-at.work\\\/shop\\\/#organization\"},\"potentialAction\":[{\"@type\":\"SearchAction\",\"target\":{\"@type\":\"EntryPoint\",\"urlTemplate\":\"https:\\\/\\\/women-at.work\\\/shop\\\/?s={search_term_string}\"},\"query-input\":{\"@type\":\"PropertyValueSpecification\",\"valueRequired\":true,\"valueName\":\"search_term_string\"}}],\"inLanguage\":\"de\"},{\"@type\":\"Organization\",\"@id\":\"https:\\\/\\\/women-at.work\\\/shop\\\/#organization\",\"name\":\"Women At Work Shop\",\"url\":\"https:\\\/\\\/women-at.work\\\/shop\\\/\",\"logo\":{\"@type\":\"ImageObject\",\"inLanguage\":\"de\",\"@id\":\"https:\\\/\\\/women-at.work\\\/shop\\\/#\\\/schema\\\/logo\\\/image\\\/\",\"url\":\"https:\\\/\\\/women-at.work\\\/shop\\\/wp-content\\\/uploads\\\/2017\\\/05\\\/Shop_Logo.png\",\"contentUrl\":\"https:\\\/\\\/women-at.work\\\/shop\\\/wp-content\\\/uploads\\\/2017\\\/05\\\/Shop_Logo.png\",\"width\":305,\"height\":297,\"caption\":\"Women At Work Shop\"},\"image\":{\"@id\":\"https:\\\/\\\/women-at.work\\\/shop\\\/#\\\/schema\\\/logo\\\/image\\\/\"}}]}<\/script>\n<!-- \/ Yoast SEO plugin. -->","yoast_head_json":{"title":"Weihnachtsstrumpf f\u00fcr Geld - Vorlage zum Ausdrucken","description":"Eine schnelle Geschenkidee als Weihnachtstasse als kleines Mitbringsel oder Kleinigkeit f\u00fcr ein Weihnachtsgeschenk. Hier kaufen und herunterladen.","robots":{"index":"index","follow":"follow","max-snippet":"max-snippet:-1","max-image-preview":"max-image-preview:large","max-video-preview":"max-video-preview:-1"},"canonical":"https:\/\/women-at.work\/shop\/produkt\/weihnachtsstrumpf-fuer-geld-und-gutscheine-vorlage-zum-ausdrucken\/","og_locale":"de_DE","og_type":"article","og_title":"Weihnachtsstrumpf f\u00fcr Geld - Vorlage zum Ausdrucken","og_description":"Eine schnelle Geschenkidee als Weihnachtstasse als kleines Mitbringsel oder Kleinigkeit f\u00fcr ein Weihnachtsgeschenk. Hier kaufen und herunterladen.","og_url":"https:\/\/women-at.work\/shop\/produkt\/weihnachtsstrumpf-fuer-geld-und-gutscheine-vorlage-zum-ausdrucken\/","og_site_name":"Women At Work Shop","article_modified_time":"2026-01-05T21:04:52+00:00","og_image":[{"width":800,"height":1200,"url":"https:\/\/women-at.work\/shop\/wp-content\/uploads\/2025\/12\/Weihnachtsstrumpf-fuer-Geld-und-Gutscheine-Vorlage-zum-Ausdrucken.jpg","type":"image\/jpeg"}],"twitter_card":"summary_large_image","twitter_misc":{"Gesch\u00e4tzte Lesezeit":"2\u00a0Minuten"},"schema":{"@context":"https:\/\/schema.org","@graph":[{"@type":"WebPage","@id":"https:\/\/women-at.work\/shop\/produkt\/weihnachtsstrumpf-fuer-geld-und-gutscheine-vorlage-zum-ausdrucken\/","url":"https:\/\/women-at.work\/shop\/produkt\/weihnachtsstrumpf-fuer-geld-und-gutscheine-vorlage-zum-ausdrucken\/","name":"Weihnachtsstrumpf f\u00fcr Geld - Vorlage zum Ausdrucken","isPartOf":{"@id":"https:\/\/women-at.work\/shop\/#website"},"primaryImageOfPage":{"@id":"https:\/\/women-at.work\/shop\/produkt\/weihnachtsstrumpf-fuer-geld-und-gutscheine-vorlage-zum-ausdrucken\/#primaryimage"},"image":{"@id":"https:\/\/women-at.work\/shop\/produkt\/weihnachtsstrumpf-fuer-geld-und-gutscheine-vorlage-zum-ausdrucken\/#primaryimage"},"thumbnailUrl":"https:\/\/women-at.work\/shop\/wp-content\/uploads\/2025\/12\/Weihnachtsstrumpf-fuer-Geld-und-Gutscheine-Vorlage-zum-Ausdrucken.jpg","datePublished":"2025-12-13T17:57:07+00:00","dateModified":"2026-01-05T21:04:52+00:00","description":"Eine schnelle Geschenkidee als Weihnachtstasse als kleines Mitbringsel oder Kleinigkeit f\u00fcr ein Weihnachtsgeschenk. Hier kaufen und herunterladen.","breadcrumb":{"@id":"https:\/\/women-at.work\/shop\/produkt\/weihnachtsstrumpf-fuer-geld-und-gutscheine-vorlage-zum-ausdrucken\/#breadcrumb"},"inLanguage":"de","potentialAction":[{"@type":"ReadAction","target":["https:\/\/women-at.work\/shop\/produkt\/weihnachtsstrumpf-fuer-geld-und-gutscheine-vorlage-zum-ausdrucken\/"]}]},{"@type":"ImageObject","inLanguage":"de","@id":"https:\/\/women-at.work\/shop\/produkt\/weihnachtsstrumpf-fuer-geld-und-gutscheine-vorlage-zum-ausdrucken\/#primaryimage","url":"https:\/\/women-at.work\/shop\/wp-content\/uploads\/2025\/12\/Weihnachtsstrumpf-fuer-Geld-und-Gutscheine-Vorlage-zum-Ausdrucken.jpg","contentUrl":"https:\/\/women-at.work\/shop\/wp-content\/uploads\/2025\/12\/Weihnachtsstrumpf-fuer-Geld-und-Gutscheine-Vorlage-zum-Ausdrucken.jpg","width":800,"height":1200,"caption":"Weihnachtsstrumpf f\u00fcr Geld und Gutscheine - Vorlage zum Ausdrucken"},{"@type":"BreadcrumbList","@id":"https:\/\/women-at.work\/shop\/produkt\/weihnachtsstrumpf-fuer-geld-und-gutscheine-vorlage-zum-ausdrucken\/#breadcrumb","itemListElement":[{"@type":"ListItem","position":1,"name":"Startseite","item":"https:\/\/women-at.work\/shop\/"},{"@type":"ListItem","position":2,"name":"Shop","item":"https:\/\/women-at.work\/shop\/shop\/"},{"@type":"ListItem","position":3,"name":"Weihnachtsstrumpf f\u00fcr Geld und Gutscheine &#8211; Vorlage zum Ausdrucken"}]},{"@type":"WebSite","@id":"https:\/\/women-at.work\/shop\/#website","url":"https:\/\/women-at.work\/shop\/","name":"Women At Work Shop","description":"Wundervolle Produkte f\u00fcr besondere Menschen","publisher":{"@id":"https:\/\/women-at.work\/shop\/#organization"},"potentialAction":[{"@type":"SearchAction","target":{"@type":"EntryPoint","urlTemplate":"https:\/\/women-at.work\/shop\/?s={search_term_string}"},"query-input":{"@type":"PropertyValueSpecification","valueRequired":true,"valueName":"search_term_string"}}],"inLanguage":"de"},{"@type":"Organization","@id":"https:\/\/women-at.work\/shop\/#organization","name":"Women At Work Shop","url":"https:\/\/women-at.work\/shop\/","logo":{"@type":"ImageObject","inLanguage":"de","@id":"https:\/\/women-at.work\/shop\/#\/schema\/logo\/image\/","url":"https:\/\/women-at.work\/shop\/wp-content\/uploads\/2017\/05\/Shop_Logo.png","contentUrl":"https:\/\/women-at.work\/shop\/wp-content\/uploads\/2017\/05\/Shop_Logo.png","width":305,"height":297,"caption":"Women At Work Shop"},"image":{"@id":"https:\/\/women-at.work\/shop\/#\/schema\/logo\/image\/"}}]}},"_links":{"self":[{"href":"https:\/\/women-at.work\/shop\/wp-json\/wp\/v2\/product\/28304","targetHints":{"allow":["GET"]}}],"collection":[{"href":"https:\/\/women-at.work\/shop\/wp-json\/wp\/v2\/product"}],"about":[{"href":"https:\/\/women-at.work\/shop\/wp-json\/wp\/v2\/types\/product"}],"replies":[{"embeddable":true,"href":"https:\/\/women-at.work\/shop\/wp-json\/wp\/v2\/comments?post=28304"}],"wp:featuredmedia":[{"embeddable":true,"href":"https:\/\/women-at.work\/shop\/wp-json\/wp\/v2\/media\/28305"}],"wp:attachment":[{"href":"https:\/\/women-at.work\/shop\/wp-json\/wp\/v2\/media?parent=28304"}],"wp:term":[{"taxonomy":"product_brand","embeddable":true,"href":"https:\/\/women-at.work\/shop\/wp-json\/wp\/v2\/product_brand?post=28304"},{"taxonomy":"product_cat","embeddable":true,"href":"https:\/\/women-at.work\/shop\/wp-json\/wp\/v2\/product_cat?post=28304"},{"taxonomy":"product_tag","embeddable":true,"href":"https:\/\/women-at.work\/shop\/wp-json\/wp\/v2\/product_tag?post=28304"}],"curies":[{"name":"wp","href":"https:\/\/api.w.org\/{rel}","templated":true}]}}