{"id":27698,"date":"2025-11-03T21:18:30","date_gmt":"2025-11-03T20:18:30","guid":{"rendered":"https:\/\/women-at.work\/shop\/?post_type=product&#038;p=27698"},"modified":"2025-12-08T15:22:34","modified_gmt":"2025-12-08T14:22:34","slug":"kinderriegel-banderole-vorlage-mit-weihnachtsfiguren-zum-ausdrucken","status":"publish","type":"product","link":"https:\/\/women-at.work\/shop\/produkt\/kinderriegel-banderole-vorlage-mit-weihnachtsfiguren-zum-ausdrucken\/","title":{"rendered":"Kinderriegel Banderole &#8211; Vorlage mit Weihnachtsfiguren zum Ausdrucken"},"content":{"rendered":"<p data-start=\"433\" data-end=\"673\">Verwandle einfache Kinderriegel-Riegel in zauberhafte, selbstgemachte Weihnachtsgeschenke! Mit dieser Kinderschokolade Banderolen Vorlage bastelst du schnell kleine, kreative Mitbringsel.<\/p>\n<p data-start=\"675\" data-end=\"697\"><strong data-start=\"675\" data-end=\"695\">Im Paket enthalten<\/strong><\/p>\n<ul data-start=\"698\" data-end=\"937\">\n<li data-start=\"698\" data-end=\"752\">\n<p data-start=\"700\" data-end=\"752\">6 liebevoll gestaltete und farbige Figuren sowie Zuckerstangen Banderolen f\u00fcr Kinderriegel oder Duplo-Riegel (Vorlage im PDF-Format)<\/p>\n<\/li>\n<li data-start=\"753\" data-end=\"824\">\n<p data-start=\"755\" data-end=\"824\">Zwei Teile pro Figur: Vorderseite ohne Arme und R\u00fcckseite mit Armen<\/p>\n<\/li>\n<li data-start=\"825\" data-end=\"888\">\n<p data-start=\"827\" data-end=\"888\">Schritt-f\u00fcr-Schritt-Anleitung f\u00fcr perfekte Banderolen<\/p>\n<\/li>\n<li data-start=\"889\" data-end=\"937\">\n<p data-start=\"891\" data-end=\"937\">Platz f\u00fcr pers\u00f6nliche Botschaften oder Namen (bei den Blanko-Banderolen)<\/p>\n<\/li>\n<\/ul>\n<p data-start=\"939\" data-end=\"981\"><strong data-start=\"939\" data-end=\"979\">Warum du diese Vorlage lieben wirst:<\/strong><\/p>\n<ul data-start=\"982\" data-end=\"1348\">\n<li data-start=\"982\" data-end=\"1079\">\n<p data-start=\"984\" data-end=\"1079\"><strong data-start=\"984\" data-end=\"1006\">Schnell &amp; einfach:<\/strong> Keine komplizierten Zeichnungen n\u00f6tig \u2013 einfach ausdrucken und basteln<\/p>\n<\/li>\n<li data-start=\"1080\" data-end=\"1154\">\n<p data-start=\"1082\" data-end=\"1154\"><strong data-start=\"1082\" data-end=\"1103\">Kinderfreundlich:<\/strong> Kinder k\u00f6nnen beim Ausmalen und Gestalten helfen<\/p>\n<\/li>\n<li data-start=\"1155\" data-end=\"1238\">\n<p data-start=\"1157\" data-end=\"1238\"><strong data-start=\"1157\" data-end=\"1172\">Vielseitig:<\/strong> Perfekt f\u00fcr Kita, Schule, Familie, Freunde oder Adventskalender<\/p>\n<\/li>\n<li data-start=\"1239\" data-end=\"1348\">\n<p data-start=\"1241\" data-end=\"1348\"><strong data-start=\"1241\" data-end=\"1267\">Individuell &amp; kreativ:<\/strong> Jede Figur kann personalisiert werden \u2013 Farben, Botschaften oder kleine Extras<\/p>\n<\/li>\n<\/ul>\n<p>Sobald die Zahlung bei uns eingegangen ist, wird der Download-Link an dich per E-Mail verschickt. Bei Zahlung per PayPal, ist der Download sofort verf\u00fcgbar. Die Vorlage wird nicht per Post versendet! Es erfolgt ein rein digitaler Versand.<\/p>\n<p><em>Unbezahlte Werbung f\u00fcr duplo. Es besteht keine Kooperation mit duplo. Die Riegel werden nicht mitversendet und dienen nur als Pr\u00e4sentationsvorschlag. Vorlage kann vom Vorschaubild leicht abweichen.<\/em><\/p>\n<p>Die Vorlage ist f\u00fcr den privaten Gebrauch und darf nicht f\u00fcr kommerzielle Zwecke genutzt werden.<\/p>\n","protected":false},"excerpt":{"rendered":"<p>Verwandle einfache Kinderriegel-Riegel in zauberhafte, selbstgemachte Weihnachtsgeschenke! Mit dieser Banderolen Vorlage bastelst du schnell kleine, kreative Mitbringsel.<\/p>\n","protected":false},"featured_media":27700,"comment_status":"open","ping_status":"closed","template":"","meta":[],"product_brand":[],"product_cat":[268,401],"product_tag":[546,549,541,537,260,547,261,267,249,247,253,264,252,254,540,255,251,258,262,539,550,544,543,265,548,263,545,542],"class_list":{"0":"post-27698","1":"product","2":"type-product","3":"status-publish","4":"has-post-thumbnail","6":"product_cat-vorlagen","7":"product_cat-weihnachten","8":"product_tag-adventsgeschenk-diy","9":"product_tag-diy-banderole","10":"product_tag-diy-weihnachtsgeschenk-kinder","11":"product_tag-duplo-banderole-weihnachten","12":"product_tag-duplo-botschaften-vorlagen","13":"product_tag-duplo-diy-weihnachten","14":"product_tag-duplo-du-bist","15":"product_tag-duplo-du-bist-sprueche","16":"product_tag-duplo-du-bist-vorlage","17":"product_tag-duplo-du-bist-vorlage-zum-ausdrucken","18":"product_tag-duplo-geschenk","19":"product_tag-duplo-geschenk-du-bist","20":"product_tag-duplo-geschenk-du-bist-vorlage","21":"product_tag-duplo-geschenkidee","22":"product_tag-duplo-mitbringsel","23":"product_tag-duplo-schokolade-vorlagen-zum-ausdrucken","24":"product_tag-duplo-sprueche","25":"product_tag-duplo-sprueche-vorlage","26":"product_tag-duplo-vorlagen-zum-ausdrucken","27":"product_tag-duplo-weihnachten","28":"product_tag-geschenkidee-kinder-weihnachten","29":"product_tag-kleine-geschenke-basteln","30":"product_tag-mitbringsel-weihnachten","31":"product_tag-sprueche-duplo-botschaften","32":"product_tag-suesses-mitbringsel-basteln","33":"product_tag-vorlage-duplo-du-bist","34":"product_tag-weihnachtsbasteln-mit-kindern","35":"product_tag-weihnachtsgeschenk-basteln","36":"product_shipping_class-virtuelle-produkte","38":"first","39":"instock","40":"sale","41":"downloadable","42":"virtual","43":"taxable","44":"purchasable","45":"product-type-simple"},"yoast_head":"<!-- This site is optimized with the Yoast SEO plugin v27.3 - https:\/\/yoast.com\/product\/yoast-seo-wordpress\/ -->\n<title>Kinderriegel Banderole - Vorlage mit Weihnachtsfiguren<\/title>\n<meta name=\"description\" content=\"Kinderriegel Banderole Weihnachten \u2013 DIY-Vorlage f\u00fcr s\u00fc\u00dfe Mitbringsel und Kinder-Weihnachtsgeschenke. Einfach ausdrucken, basteln und personalisieren!\" \/>\n<meta name=\"robots\" content=\"index, follow, max-snippet:-1, max-image-preview:large, max-video-preview:-1\" \/>\n<link rel=\"canonical\" href=\"https:\/\/women-at.work\/shop\/produkt\/kinderriegel-banderole-vorlage-mit-weihnachtsfiguren-zum-ausdrucken\/\" \/>\n<meta property=\"og:locale\" content=\"de_DE\" \/>\n<meta property=\"og:type\" content=\"article\" \/>\n<meta property=\"og:title\" content=\"Kinderriegel Banderole - Vorlage mit Weihnachtsfiguren\" \/>\n<meta property=\"og:description\" content=\"Kinderriegel Banderole Weihnachten \u2013 DIY-Vorlage f\u00fcr s\u00fc\u00dfe Mitbringsel und Kinder-Weihnachtsgeschenke. Einfach ausdrucken, basteln und personalisieren!\" \/>\n<meta property=\"og:url\" content=\"https:\/\/women-at.work\/shop\/produkt\/kinderriegel-banderole-vorlage-mit-weihnachtsfiguren-zum-ausdrucken\/\" \/>\n<meta property=\"og:site_name\" content=\"Women At Work Shop\" \/>\n<meta property=\"article:modified_time\" content=\"2025-12-08T14:22:34+00:00\" \/>\n<meta property=\"og:image\" content=\"https:\/\/women-at.work\/shop\/wp-content\/uploads\/2025\/12\/Kinderriegel-banderole-vorlage-mit-weihnachtsfiguren-zum-ausdrucken-2.jpg\" \/>\n\t<meta property=\"og:image:width\" content=\"800\" \/>\n\t<meta property=\"og:image:height\" content=\"1200\" \/>\n\t<meta property=\"og:image:type\" content=\"image\/jpeg\" \/>\n<meta name=\"twitter:card\" content=\"summary_large_image\" \/>\n<meta name=\"twitter:label1\" content=\"Gesch\u00e4tzte Lesezeit\" \/>\n\t<meta name=\"twitter:data1\" content=\"2\u00a0Minuten\" \/>\n<script type=\"application\/ld+json\" class=\"yoast-schema-graph\">{\"@context\":\"https:\\\/\\\/schema.org\",\"@graph\":[{\"@type\":\"WebPage\",\"@id\":\"https:\\\/\\\/women-at.work\\\/shop\\\/produkt\\\/kinderriegel-banderole-vorlage-mit-weihnachtsfiguren-zum-ausdrucken\\\/\",\"url\":\"https:\\\/\\\/women-at.work\\\/shop\\\/produkt\\\/kinderriegel-banderole-vorlage-mit-weihnachtsfiguren-zum-ausdrucken\\\/\",\"name\":\"Kinderriegel Banderole - Vorlage mit Weihnachtsfiguren\",\"isPartOf\":{\"@id\":\"https:\\\/\\\/women-at.work\\\/shop\\\/#website\"},\"primaryImageOfPage\":{\"@id\":\"https:\\\/\\\/women-at.work\\\/shop\\\/produkt\\\/kinderriegel-banderole-vorlage-mit-weihnachtsfiguren-zum-ausdrucken\\\/#primaryimage\"},\"image\":{\"@id\":\"https:\\\/\\\/women-at.work\\\/shop\\\/produkt\\\/kinderriegel-banderole-vorlage-mit-weihnachtsfiguren-zum-ausdrucken\\\/#primaryimage\"},\"thumbnailUrl\":\"https:\\\/\\\/women-at.work\\\/shop\\\/wp-content\\\/uploads\\\/2025\\\/12\\\/Kinderriegel-banderole-vorlage-mit-weihnachtsfiguren-zum-ausdrucken-2.jpg\",\"datePublished\":\"2025-11-03T20:18:30+00:00\",\"dateModified\":\"2025-12-08T14:22:34+00:00\",\"description\":\"Kinderriegel Banderole Weihnachten \u2013 DIY-Vorlage f\u00fcr s\u00fc\u00dfe Mitbringsel und Kinder-Weihnachtsgeschenke. Einfach ausdrucken, basteln und personalisieren!\",\"breadcrumb\":{\"@id\":\"https:\\\/\\\/women-at.work\\\/shop\\\/produkt\\\/kinderriegel-banderole-vorlage-mit-weihnachtsfiguren-zum-ausdrucken\\\/#breadcrumb\"},\"inLanguage\":\"de\",\"potentialAction\":[{\"@type\":\"ReadAction\",\"target\":[\"https:\\\/\\\/women-at.work\\\/shop\\\/produkt\\\/kinderriegel-banderole-vorlage-mit-weihnachtsfiguren-zum-ausdrucken\\\/\"]}]},{\"@type\":\"ImageObject\",\"inLanguage\":\"de\",\"@id\":\"https:\\\/\\\/women-at.work\\\/shop\\\/produkt\\\/kinderriegel-banderole-vorlage-mit-weihnachtsfiguren-zum-ausdrucken\\\/#primaryimage\",\"url\":\"https:\\\/\\\/women-at.work\\\/shop\\\/wp-content\\\/uploads\\\/2025\\\/12\\\/Kinderriegel-banderole-vorlage-mit-weihnachtsfiguren-zum-ausdrucken-2.jpg\",\"contentUrl\":\"https:\\\/\\\/women-at.work\\\/shop\\\/wp-content\\\/uploads\\\/2025\\\/12\\\/Kinderriegel-banderole-vorlage-mit-weihnachtsfiguren-zum-ausdrucken-2.jpg\",\"width\":800,\"height\":1200},{\"@type\":\"BreadcrumbList\",\"@id\":\"https:\\\/\\\/women-at.work\\\/shop\\\/produkt\\\/kinderriegel-banderole-vorlage-mit-weihnachtsfiguren-zum-ausdrucken\\\/#breadcrumb\",\"itemListElement\":[{\"@type\":\"ListItem\",\"position\":1,\"name\":\"Startseite\",\"item\":\"https:\\\/\\\/women-at.work\\\/shop\\\/\"},{\"@type\":\"ListItem\",\"position\":2,\"name\":\"Shop\",\"item\":\"https:\\\/\\\/women-at.work\\\/shop\\\/shop\\\/\"},{\"@type\":\"ListItem\",\"position\":3,\"name\":\"Kinderriegel Banderole &#8211; Vorlage mit Weihnachtsfiguren zum Ausdrucken\"}]},{\"@type\":\"WebSite\",\"@id\":\"https:\\\/\\\/women-at.work\\\/shop\\\/#website\",\"url\":\"https:\\\/\\\/women-at.work\\\/shop\\\/\",\"name\":\"Women At Work Shop\",\"description\":\"Wundervolle Produkte f\u00fcr besondere Menschen\",\"publisher\":{\"@id\":\"https:\\\/\\\/women-at.work\\\/shop\\\/#organization\"},\"potentialAction\":[{\"@type\":\"SearchAction\",\"target\":{\"@type\":\"EntryPoint\",\"urlTemplate\":\"https:\\\/\\\/women-at.work\\\/shop\\\/?s={search_term_string}\"},\"query-input\":{\"@type\":\"PropertyValueSpecification\",\"valueRequired\":true,\"valueName\":\"search_term_string\"}}],\"inLanguage\":\"de\"},{\"@type\":\"Organization\",\"@id\":\"https:\\\/\\\/women-at.work\\\/shop\\\/#organization\",\"name\":\"Women At Work Shop\",\"url\":\"https:\\\/\\\/women-at.work\\\/shop\\\/\",\"logo\":{\"@type\":\"ImageObject\",\"inLanguage\":\"de\",\"@id\":\"https:\\\/\\\/women-at.work\\\/shop\\\/#\\\/schema\\\/logo\\\/image\\\/\",\"url\":\"https:\\\/\\\/women-at.work\\\/shop\\\/wp-content\\\/uploads\\\/2017\\\/05\\\/Shop_Logo.png\",\"contentUrl\":\"https:\\\/\\\/women-at.work\\\/shop\\\/wp-content\\\/uploads\\\/2017\\\/05\\\/Shop_Logo.png\",\"width\":305,\"height\":297,\"caption\":\"Women At Work Shop\"},\"image\":{\"@id\":\"https:\\\/\\\/women-at.work\\\/shop\\\/#\\\/schema\\\/logo\\\/image\\\/\"}}]}<\/script>\n<!-- \/ Yoast SEO plugin. -->","yoast_head_json":{"title":"Kinderriegel Banderole - Vorlage mit Weihnachtsfiguren","description":"Kinderriegel Banderole Weihnachten \u2013 DIY-Vorlage f\u00fcr s\u00fc\u00dfe Mitbringsel und Kinder-Weihnachtsgeschenke. Einfach ausdrucken, basteln und personalisieren!","robots":{"index":"index","follow":"follow","max-snippet":"max-snippet:-1","max-image-preview":"max-image-preview:large","max-video-preview":"max-video-preview:-1"},"canonical":"https:\/\/women-at.work\/shop\/produkt\/kinderriegel-banderole-vorlage-mit-weihnachtsfiguren-zum-ausdrucken\/","og_locale":"de_DE","og_type":"article","og_title":"Kinderriegel Banderole - Vorlage mit Weihnachtsfiguren","og_description":"Kinderriegel Banderole Weihnachten \u2013 DIY-Vorlage f\u00fcr s\u00fc\u00dfe Mitbringsel und Kinder-Weihnachtsgeschenke. Einfach ausdrucken, basteln und personalisieren!","og_url":"https:\/\/women-at.work\/shop\/produkt\/kinderriegel-banderole-vorlage-mit-weihnachtsfiguren-zum-ausdrucken\/","og_site_name":"Women At Work Shop","article_modified_time":"2025-12-08T14:22:34+00:00","og_image":[{"width":800,"height":1200,"url":"https:\/\/women-at.work\/shop\/wp-content\/uploads\/2025\/12\/Kinderriegel-banderole-vorlage-mit-weihnachtsfiguren-zum-ausdrucken-2.jpg","type":"image\/jpeg"}],"twitter_card":"summary_large_image","twitter_misc":{"Gesch\u00e4tzte Lesezeit":"2\u00a0Minuten"},"schema":{"@context":"https:\/\/schema.org","@graph":[{"@type":"WebPage","@id":"https:\/\/women-at.work\/shop\/produkt\/kinderriegel-banderole-vorlage-mit-weihnachtsfiguren-zum-ausdrucken\/","url":"https:\/\/women-at.work\/shop\/produkt\/kinderriegel-banderole-vorlage-mit-weihnachtsfiguren-zum-ausdrucken\/","name":"Kinderriegel Banderole - Vorlage mit Weihnachtsfiguren","isPartOf":{"@id":"https:\/\/women-at.work\/shop\/#website"},"primaryImageOfPage":{"@id":"https:\/\/women-at.work\/shop\/produkt\/kinderriegel-banderole-vorlage-mit-weihnachtsfiguren-zum-ausdrucken\/#primaryimage"},"image":{"@id":"https:\/\/women-at.work\/shop\/produkt\/kinderriegel-banderole-vorlage-mit-weihnachtsfiguren-zum-ausdrucken\/#primaryimage"},"thumbnailUrl":"https:\/\/women-at.work\/shop\/wp-content\/uploads\/2025\/12\/Kinderriegel-banderole-vorlage-mit-weihnachtsfiguren-zum-ausdrucken-2.jpg","datePublished":"2025-11-03T20:18:30+00:00","dateModified":"2025-12-08T14:22:34+00:00","description":"Kinderriegel Banderole Weihnachten \u2013 DIY-Vorlage f\u00fcr s\u00fc\u00dfe Mitbringsel und Kinder-Weihnachtsgeschenke. Einfach ausdrucken, basteln und personalisieren!","breadcrumb":{"@id":"https:\/\/women-at.work\/shop\/produkt\/kinderriegel-banderole-vorlage-mit-weihnachtsfiguren-zum-ausdrucken\/#breadcrumb"},"inLanguage":"de","potentialAction":[{"@type":"ReadAction","target":["https:\/\/women-at.work\/shop\/produkt\/kinderriegel-banderole-vorlage-mit-weihnachtsfiguren-zum-ausdrucken\/"]}]},{"@type":"ImageObject","inLanguage":"de","@id":"https:\/\/women-at.work\/shop\/produkt\/kinderriegel-banderole-vorlage-mit-weihnachtsfiguren-zum-ausdrucken\/#primaryimage","url":"https:\/\/women-at.work\/shop\/wp-content\/uploads\/2025\/12\/Kinderriegel-banderole-vorlage-mit-weihnachtsfiguren-zum-ausdrucken-2.jpg","contentUrl":"https:\/\/women-at.work\/shop\/wp-content\/uploads\/2025\/12\/Kinderriegel-banderole-vorlage-mit-weihnachtsfiguren-zum-ausdrucken-2.jpg","width":800,"height":1200},{"@type":"BreadcrumbList","@id":"https:\/\/women-at.work\/shop\/produkt\/kinderriegel-banderole-vorlage-mit-weihnachtsfiguren-zum-ausdrucken\/#breadcrumb","itemListElement":[{"@type":"ListItem","position":1,"name":"Startseite","item":"https:\/\/women-at.work\/shop\/"},{"@type":"ListItem","position":2,"name":"Shop","item":"https:\/\/women-at.work\/shop\/shop\/"},{"@type":"ListItem","position":3,"name":"Kinderriegel Banderole &#8211; Vorlage mit Weihnachtsfiguren zum Ausdrucken"}]},{"@type":"WebSite","@id":"https:\/\/women-at.work\/shop\/#website","url":"https:\/\/women-at.work\/shop\/","name":"Women At Work Shop","description":"Wundervolle Produkte f\u00fcr besondere Menschen","publisher":{"@id":"https:\/\/women-at.work\/shop\/#organization"},"potentialAction":[{"@type":"SearchAction","target":{"@type":"EntryPoint","urlTemplate":"https:\/\/women-at.work\/shop\/?s={search_term_string}"},"query-input":{"@type":"PropertyValueSpecification","valueRequired":true,"valueName":"search_term_string"}}],"inLanguage":"de"},{"@type":"Organization","@id":"https:\/\/women-at.work\/shop\/#organization","name":"Women At Work Shop","url":"https:\/\/women-at.work\/shop\/","logo":{"@type":"ImageObject","inLanguage":"de","@id":"https:\/\/women-at.work\/shop\/#\/schema\/logo\/image\/","url":"https:\/\/women-at.work\/shop\/wp-content\/uploads\/2017\/05\/Shop_Logo.png","contentUrl":"https:\/\/women-at.work\/shop\/wp-content\/uploads\/2017\/05\/Shop_Logo.png","width":305,"height":297,"caption":"Women At Work Shop"},"image":{"@id":"https:\/\/women-at.work\/shop\/#\/schema\/logo\/image\/"}}]}},"_links":{"self":[{"href":"https:\/\/women-at.work\/shop\/wp-json\/wp\/v2\/product\/27698","targetHints":{"allow":["GET"]}}],"collection":[{"href":"https:\/\/women-at.work\/shop\/wp-json\/wp\/v2\/product"}],"about":[{"href":"https:\/\/women-at.work\/shop\/wp-json\/wp\/v2\/types\/product"}],"replies":[{"embeddable":true,"href":"https:\/\/women-at.work\/shop\/wp-json\/wp\/v2\/comments?post=27698"}],"wp:featuredmedia":[{"embeddable":true,"href":"https:\/\/women-at.work\/shop\/wp-json\/wp\/v2\/media\/27700"}],"wp:attachment":[{"href":"https:\/\/women-at.work\/shop\/wp-json\/wp\/v2\/media?parent=27698"}],"wp:term":[{"taxonomy":"product_brand","embeddable":true,"href":"https:\/\/women-at.work\/shop\/wp-json\/wp\/v2\/product_brand?post=27698"},{"taxonomy":"product_cat","embeddable":true,"href":"https:\/\/women-at.work\/shop\/wp-json\/wp\/v2\/product_cat?post=27698"},{"taxonomy":"product_tag","embeddable":true,"href":"https:\/\/women-at.work\/shop\/wp-json\/wp\/v2\/product_tag?post=27698"}],"curies":[{"name":"wp","href":"https:\/\/api.w.org\/{rel}","templated":true}]}}