{"id":27396,"date":"2025-11-29T20:58:55","date_gmt":"2025-11-29T19:58:55","guid":{"rendered":"https:\/\/women-at.work\/shop\/?post_type=product&#038;p=27396"},"modified":"2025-11-29T21:05:04","modified_gmt":"2025-11-29T20:05:04","slug":"weihnachts-mitbringsel-fuer-schokolade-vorlage-zum-ausdrucken","status":"publish","type":"product","link":"https:\/\/women-at.work\/shop\/produkt\/weihnachts-mitbringsel-fuer-schokolade-vorlage-zum-ausdrucken\/","title":{"rendered":"Weihnachts-Mitbringsel f\u00fcr Schokolade &#8211; Vorlage zum Ausdrucken"},"content":{"rendered":"<p>Diese mit viel Liebe gestalteten Weihnachts-Mitbringsel zum Ausdrucken eignen sich wunderbar, um Freund:innen, Familie oder Kolleg:innen in der Adventszeit eine kleine Freude zu bereiten. Auch als Geschenk zum Nikolaus passen sie hervorragend. Die Vorlagen k\u00f6nnen ganz einfach zu Hause ausgedruckt und mit kleinen S\u00fc\u00dfigkeiten bef\u00fcllt werden \u2013 eine kreative und pers\u00f6nliche Geschenkidee f\u00fcr die festliche Jahreszeit.<\/p>\n<p>Enthalten sind 4 verschiedene Spr\u00fcche mit jeweils 4 verschiedenen Motiven.<\/p>\n<p>Sobald die Zahlung bei uns eingegangen ist, wird der Download-Link an dich per E-Mail verschickt. Bei Zahlung per PayPal, ist der Download sofort verf\u00fcgbar. Die Vorlage wird nicht per Post versendet! Es erfolgt ein rein digitaler Versand.<\/p>\n<p><em>Unbezahlte Werbung f\u00fcr duplo, dm oder Lindt. Es besteht keine Kooperation. Die Riegel werden nicht mitversendet und dienen nur als Pr\u00e4sentationsvorschlag.<\/em><\/p>\n<p>Die Vorlage ist f\u00fcr den privaten Gebrauch und darf nicht f\u00fcr kommerzielle Zwecke genutzt werden.<\/p>\n","protected":false},"excerpt":{"rendered":"<p>Verwandle einfache Weihnachtsschokolade in zauberhafte, selbstgemachte Weihnachtsgeschenke! Mit dieser Vorlage bastelst du schnell kleine, kreative Mitbringsel.<\/p>\n","protected":false},"featured_media":27398,"comment_status":"open","ping_status":"closed","template":"","meta":[],"product_brand":[],"product_cat":[268,401],"product_tag":[546,541,550,544,543,548,545,542],"class_list":{"0":"post-27396","1":"product","2":"type-product","3":"status-publish","4":"has-post-thumbnail","6":"product_cat-vorlagen","7":"product_cat-weihnachten","8":"product_tag-adventsgeschenk-diy","9":"product_tag-diy-weihnachtsgeschenk-kinder","10":"product_tag-geschenkidee-kinder-weihnachten","11":"product_tag-kleine-geschenke-basteln","12":"product_tag-mitbringsel-weihnachten","13":"product_tag-suesses-mitbringsel-basteln","14":"product_tag-weihnachtsbasteln-mit-kindern","15":"product_tag-weihnachtsgeschenk-basteln","16":"product_shipping_class-virtuelle-produkte","18":"first","19":"instock","20":"downloadable","21":"virtual","22":"taxable","23":"purchasable","24":"product-type-simple"},"yoast_head":"<!-- This site is optimized with the Yoast SEO plugin v27.5 - https:\/\/yoast.com\/product\/yoast-seo-wordpress\/ -->\n<title>Mitbringsel Weihnachtsfiguren - Vorlage f\u00fcr Weihnachten<\/title>\n<meta name=\"description\" content=\"Duplo Banderole Weihnachten \u2013 DIY-Vorlage f\u00fcr s\u00fc\u00dfe Mitbringsel und Kinder-Weihnachtsgeschenke. Einfach ausdrucken, basteln und personalisieren!\" \/>\n<meta name=\"robots\" content=\"index, follow, max-snippet:-1, max-image-preview:large, max-video-preview:-1\" \/>\n<link rel=\"canonical\" href=\"https:\/\/women-at.work\/shop\/produkt\/weihnachts-mitbringsel-fuer-schokolade-vorlage-zum-ausdrucken\/\" \/>\n<meta property=\"og:locale\" content=\"de_DE\" \/>\n<meta property=\"og:type\" content=\"article\" \/>\n<meta property=\"og:title\" content=\"Mitbringsel Weihnachtsfiguren - Vorlage f\u00fcr Weihnachten\" \/>\n<meta property=\"og:description\" content=\"Duplo Banderole Weihnachten \u2013 DIY-Vorlage f\u00fcr s\u00fc\u00dfe Mitbringsel und Kinder-Weihnachtsgeschenke. Einfach ausdrucken, basteln und personalisieren!\" \/>\n<meta property=\"og:url\" content=\"https:\/\/women-at.work\/shop\/produkt\/weihnachts-mitbringsel-fuer-schokolade-vorlage-zum-ausdrucken\/\" \/>\n<meta property=\"og:site_name\" content=\"Women At Work Shop\" \/>\n<meta property=\"article:modified_time\" content=\"2025-11-29T20:05:04+00:00\" \/>\n<meta property=\"og:image\" content=\"https:\/\/women-at.work\/shop\/wp-content\/uploads\/2025\/11\/Mitbringsel-Weihnachten.jpg\" \/>\n\t<meta property=\"og:image:width\" content=\"1000\" \/>\n\t<meta property=\"og:image:height\" content=\"1500\" \/>\n\t<meta property=\"og:image:type\" content=\"image\/jpeg\" \/>\n<meta name=\"twitter:card\" content=\"summary_large_image\" \/>\n<meta name=\"twitter:label1\" content=\"Gesch\u00e4tzte Lesezeit\" \/>\n\t<meta name=\"twitter:data1\" content=\"1\u00a0Minute\" \/>\n<script type=\"application\/ld+json\" class=\"yoast-schema-graph\">{\"@context\":\"https:\\\/\\\/schema.org\",\"@graph\":[{\"@type\":\"WebPage\",\"@id\":\"https:\\\/\\\/women-at.work\\\/shop\\\/produkt\\\/weihnachts-mitbringsel-fuer-schokolade-vorlage-zum-ausdrucken\\\/\",\"url\":\"https:\\\/\\\/women-at.work\\\/shop\\\/produkt\\\/weihnachts-mitbringsel-fuer-schokolade-vorlage-zum-ausdrucken\\\/\",\"name\":\"Mitbringsel Weihnachtsfiguren - Vorlage f\u00fcr Weihnachten\",\"isPartOf\":{\"@id\":\"https:\\\/\\\/women-at.work\\\/shop\\\/#website\"},\"primaryImageOfPage\":{\"@id\":\"https:\\\/\\\/women-at.work\\\/shop\\\/produkt\\\/weihnachts-mitbringsel-fuer-schokolade-vorlage-zum-ausdrucken\\\/#primaryimage\"},\"image\":{\"@id\":\"https:\\\/\\\/women-at.work\\\/shop\\\/produkt\\\/weihnachts-mitbringsel-fuer-schokolade-vorlage-zum-ausdrucken\\\/#primaryimage\"},\"thumbnailUrl\":\"https:\\\/\\\/women-at.work\\\/shop\\\/wp-content\\\/uploads\\\/2025\\\/11\\\/Mitbringsel-Weihnachten.jpg\",\"datePublished\":\"2025-11-29T19:58:55+00:00\",\"dateModified\":\"2025-11-29T20:05:04+00:00\",\"description\":\"Duplo Banderole Weihnachten \u2013 DIY-Vorlage f\u00fcr s\u00fc\u00dfe Mitbringsel und Kinder-Weihnachtsgeschenke. Einfach ausdrucken, basteln und personalisieren!\",\"breadcrumb\":{\"@id\":\"https:\\\/\\\/women-at.work\\\/shop\\\/produkt\\\/weihnachts-mitbringsel-fuer-schokolade-vorlage-zum-ausdrucken\\\/#breadcrumb\"},\"inLanguage\":\"de\",\"potentialAction\":[{\"@type\":\"ReadAction\",\"target\":[\"https:\\\/\\\/women-at.work\\\/shop\\\/produkt\\\/weihnachts-mitbringsel-fuer-schokolade-vorlage-zum-ausdrucken\\\/\"]}]},{\"@type\":\"ImageObject\",\"inLanguage\":\"de\",\"@id\":\"https:\\\/\\\/women-at.work\\\/shop\\\/produkt\\\/weihnachts-mitbringsel-fuer-schokolade-vorlage-zum-ausdrucken\\\/#primaryimage\",\"url\":\"https:\\\/\\\/women-at.work\\\/shop\\\/wp-content\\\/uploads\\\/2025\\\/11\\\/Mitbringsel-Weihnachten.jpg\",\"contentUrl\":\"https:\\\/\\\/women-at.work\\\/shop\\\/wp-content\\\/uploads\\\/2025\\\/11\\\/Mitbringsel-Weihnachten.jpg\",\"width\":1000,\"height\":1500},{\"@type\":\"BreadcrumbList\",\"@id\":\"https:\\\/\\\/women-at.work\\\/shop\\\/produkt\\\/weihnachts-mitbringsel-fuer-schokolade-vorlage-zum-ausdrucken\\\/#breadcrumb\",\"itemListElement\":[{\"@type\":\"ListItem\",\"position\":1,\"name\":\"Startseite\",\"item\":\"https:\\\/\\\/women-at.work\\\/shop\\\/\"},{\"@type\":\"ListItem\",\"position\":2,\"name\":\"Shop\",\"item\":\"https:\\\/\\\/women-at.work\\\/shop\\\/shop\\\/\"},{\"@type\":\"ListItem\",\"position\":3,\"name\":\"Weihnachts-Mitbringsel f\u00fcr Schokolade &#8211; Vorlage zum Ausdrucken\"}]},{\"@type\":\"WebSite\",\"@id\":\"https:\\\/\\\/women-at.work\\\/shop\\\/#website\",\"url\":\"https:\\\/\\\/women-at.work\\\/shop\\\/\",\"name\":\"Women At Work Shop\",\"description\":\"Wundervolle Produkte f\u00fcr besondere Menschen\",\"publisher\":{\"@id\":\"https:\\\/\\\/women-at.work\\\/shop\\\/#organization\"},\"potentialAction\":[{\"@type\":\"SearchAction\",\"target\":{\"@type\":\"EntryPoint\",\"urlTemplate\":\"https:\\\/\\\/women-at.work\\\/shop\\\/?s={search_term_string}\"},\"query-input\":{\"@type\":\"PropertyValueSpecification\",\"valueRequired\":true,\"valueName\":\"search_term_string\"}}],\"inLanguage\":\"de\"},{\"@type\":\"Organization\",\"@id\":\"https:\\\/\\\/women-at.work\\\/shop\\\/#organization\",\"name\":\"Women At Work Shop\",\"url\":\"https:\\\/\\\/women-at.work\\\/shop\\\/\",\"logo\":{\"@type\":\"ImageObject\",\"inLanguage\":\"de\",\"@id\":\"https:\\\/\\\/women-at.work\\\/shop\\\/#\\\/schema\\\/logo\\\/image\\\/\",\"url\":\"https:\\\/\\\/women-at.work\\\/shop\\\/wp-content\\\/uploads\\\/2017\\\/05\\\/Shop_Logo.png\",\"contentUrl\":\"https:\\\/\\\/women-at.work\\\/shop\\\/wp-content\\\/uploads\\\/2017\\\/05\\\/Shop_Logo.png\",\"width\":305,\"height\":297,\"caption\":\"Women At Work Shop\"},\"image\":{\"@id\":\"https:\\\/\\\/women-at.work\\\/shop\\\/#\\\/schema\\\/logo\\\/image\\\/\"}}]}<\/script>\n<!-- \/ Yoast SEO plugin. -->","yoast_head_json":{"title":"Mitbringsel Weihnachtsfiguren - Vorlage f\u00fcr Weihnachten","description":"Duplo Banderole Weihnachten \u2013 DIY-Vorlage f\u00fcr s\u00fc\u00dfe Mitbringsel und Kinder-Weihnachtsgeschenke. Einfach ausdrucken, basteln und personalisieren!","robots":{"index":"index","follow":"follow","max-snippet":"max-snippet:-1","max-image-preview":"max-image-preview:large","max-video-preview":"max-video-preview:-1"},"canonical":"https:\/\/women-at.work\/shop\/produkt\/weihnachts-mitbringsel-fuer-schokolade-vorlage-zum-ausdrucken\/","og_locale":"de_DE","og_type":"article","og_title":"Mitbringsel Weihnachtsfiguren - Vorlage f\u00fcr Weihnachten","og_description":"Duplo Banderole Weihnachten \u2013 DIY-Vorlage f\u00fcr s\u00fc\u00dfe Mitbringsel und Kinder-Weihnachtsgeschenke. Einfach ausdrucken, basteln und personalisieren!","og_url":"https:\/\/women-at.work\/shop\/produkt\/weihnachts-mitbringsel-fuer-schokolade-vorlage-zum-ausdrucken\/","og_site_name":"Women At Work Shop","article_modified_time":"2025-11-29T20:05:04+00:00","og_image":[{"width":1000,"height":1500,"url":"https:\/\/women-at.work\/shop\/wp-content\/uploads\/2025\/11\/Mitbringsel-Weihnachten.jpg","type":"image\/jpeg"}],"twitter_card":"summary_large_image","twitter_misc":{"Gesch\u00e4tzte Lesezeit":"1\u00a0Minute"},"schema":{"@context":"https:\/\/schema.org","@graph":[{"@type":"WebPage","@id":"https:\/\/women-at.work\/shop\/produkt\/weihnachts-mitbringsel-fuer-schokolade-vorlage-zum-ausdrucken\/","url":"https:\/\/women-at.work\/shop\/produkt\/weihnachts-mitbringsel-fuer-schokolade-vorlage-zum-ausdrucken\/","name":"Mitbringsel Weihnachtsfiguren - Vorlage f\u00fcr Weihnachten","isPartOf":{"@id":"https:\/\/women-at.work\/shop\/#website"},"primaryImageOfPage":{"@id":"https:\/\/women-at.work\/shop\/produkt\/weihnachts-mitbringsel-fuer-schokolade-vorlage-zum-ausdrucken\/#primaryimage"},"image":{"@id":"https:\/\/women-at.work\/shop\/produkt\/weihnachts-mitbringsel-fuer-schokolade-vorlage-zum-ausdrucken\/#primaryimage"},"thumbnailUrl":"https:\/\/women-at.work\/shop\/wp-content\/uploads\/2025\/11\/Mitbringsel-Weihnachten.jpg","datePublished":"2025-11-29T19:58:55+00:00","dateModified":"2025-11-29T20:05:04+00:00","description":"Duplo Banderole Weihnachten \u2013 DIY-Vorlage f\u00fcr s\u00fc\u00dfe Mitbringsel und Kinder-Weihnachtsgeschenke. Einfach ausdrucken, basteln und personalisieren!","breadcrumb":{"@id":"https:\/\/women-at.work\/shop\/produkt\/weihnachts-mitbringsel-fuer-schokolade-vorlage-zum-ausdrucken\/#breadcrumb"},"inLanguage":"de","potentialAction":[{"@type":"ReadAction","target":["https:\/\/women-at.work\/shop\/produkt\/weihnachts-mitbringsel-fuer-schokolade-vorlage-zum-ausdrucken\/"]}]},{"@type":"ImageObject","inLanguage":"de","@id":"https:\/\/women-at.work\/shop\/produkt\/weihnachts-mitbringsel-fuer-schokolade-vorlage-zum-ausdrucken\/#primaryimage","url":"https:\/\/women-at.work\/shop\/wp-content\/uploads\/2025\/11\/Mitbringsel-Weihnachten.jpg","contentUrl":"https:\/\/women-at.work\/shop\/wp-content\/uploads\/2025\/11\/Mitbringsel-Weihnachten.jpg","width":1000,"height":1500},{"@type":"BreadcrumbList","@id":"https:\/\/women-at.work\/shop\/produkt\/weihnachts-mitbringsel-fuer-schokolade-vorlage-zum-ausdrucken\/#breadcrumb","itemListElement":[{"@type":"ListItem","position":1,"name":"Startseite","item":"https:\/\/women-at.work\/shop\/"},{"@type":"ListItem","position":2,"name":"Shop","item":"https:\/\/women-at.work\/shop\/shop\/"},{"@type":"ListItem","position":3,"name":"Weihnachts-Mitbringsel f\u00fcr Schokolade &#8211; Vorlage zum Ausdrucken"}]},{"@type":"WebSite","@id":"https:\/\/women-at.work\/shop\/#website","url":"https:\/\/women-at.work\/shop\/","name":"Women At Work Shop","description":"Wundervolle Produkte f\u00fcr besondere Menschen","publisher":{"@id":"https:\/\/women-at.work\/shop\/#organization"},"potentialAction":[{"@type":"SearchAction","target":{"@type":"EntryPoint","urlTemplate":"https:\/\/women-at.work\/shop\/?s={search_term_string}"},"query-input":{"@type":"PropertyValueSpecification","valueRequired":true,"valueName":"search_term_string"}}],"inLanguage":"de"},{"@type":"Organization","@id":"https:\/\/women-at.work\/shop\/#organization","name":"Women At Work Shop","url":"https:\/\/women-at.work\/shop\/","logo":{"@type":"ImageObject","inLanguage":"de","@id":"https:\/\/women-at.work\/shop\/#\/schema\/logo\/image\/","url":"https:\/\/women-at.work\/shop\/wp-content\/uploads\/2017\/05\/Shop_Logo.png","contentUrl":"https:\/\/women-at.work\/shop\/wp-content\/uploads\/2017\/05\/Shop_Logo.png","width":305,"height":297,"caption":"Women At Work Shop"},"image":{"@id":"https:\/\/women-at.work\/shop\/#\/schema\/logo\/image\/"}}]}},"_links":{"self":[{"href":"https:\/\/women-at.work\/shop\/wp-json\/wp\/v2\/product\/27396","targetHints":{"allow":["GET"]}}],"collection":[{"href":"https:\/\/women-at.work\/shop\/wp-json\/wp\/v2\/product"}],"about":[{"href":"https:\/\/women-at.work\/shop\/wp-json\/wp\/v2\/types\/product"}],"replies":[{"embeddable":true,"href":"https:\/\/women-at.work\/shop\/wp-json\/wp\/v2\/comments?post=27396"}],"wp:featuredmedia":[{"embeddable":true,"href":"https:\/\/women-at.work\/shop\/wp-json\/wp\/v2\/media\/27398"}],"wp:attachment":[{"href":"https:\/\/women-at.work\/shop\/wp-json\/wp\/v2\/media?parent=27396"}],"wp:term":[{"taxonomy":"product_brand","embeddable":true,"href":"https:\/\/women-at.work\/shop\/wp-json\/wp\/v2\/product_brand?post=27396"},{"taxonomy":"product_cat","embeddable":true,"href":"https:\/\/women-at.work\/shop\/wp-json\/wp\/v2\/product_cat?post=27396"},{"taxonomy":"product_tag","embeddable":true,"href":"https:\/\/women-at.work\/shop\/wp-json\/wp\/v2\/product_tag?post=27396"}],"curies":[{"name":"wp","href":"https:\/\/api.w.org\/{rel}","templated":true}]}}