{"id":26190,"date":"2025-11-18T10:54:43","date_gmt":"2025-11-18T09:54:43","guid":{"rendered":"https:\/\/women-at.work\/shop\/?post_type=product&#038;p=26190"},"modified":"2025-11-20T10:09:20","modified_gmt":"2025-11-20T09:09:20","slug":"ritter-sport-adventskalender-mit-lustigen-spruechen-ueber-weihnachten-vorlage-zum-ausdrucken","status":"publish","type":"product","link":"https:\/\/women-at.work\/shop\/produkt\/ritter-sport-adventskalender-mit-lustigen-spruechen-ueber-weihnachten-vorlage-zum-ausdrucken\/","title":{"rendered":"Ritter Sport Adventskalender mit lustigen Spr\u00fcchen \u00fcber Weihnachten &#8211; Vorlage zum Ausdrucken"},"content":{"rendered":"<p>Zum Gestalten von einer Ritter Sport Mini Verpackung und mit Witzen \u00fcber Weihnachten f\u00fcr Banderolen, passend als Mini Adventskalender. Du kannst diese witzigen Botschaften ausdrucken und dadurch einen schnellen Weihnachtskalender umsetzen.<\/p>\n<p>In dem Paket enthalten sind 24 Motive mit 24 Spr\u00fcche \u00fcber Weihnachten sowie zwei Vorlagen f\u00fcr eine Schachtel, in die je 12 Ritter Sport Tafeln passen.<\/p>\n<p>Sobald die Zahlung bei uns eingegangen ist, wird der Download-Link an dich per E-Mail verschickt. Bei Zahlung per PayPal, ist der Download sofort verf\u00fcgbar. Es wird nichts per Post verschickt! <strong>Sollte die E-Mail nicht automatisch an Sie versendet werden, wenden Sie sich bitte an unseren Kundenservice per E-Mail oder Telefon. Bitte er\u00f6ffnen Sie keinen Fall bei PayPal. So k\u00f6nnen wir Ihnen schneller weiterhelfen!<\/strong><\/p>\n<p><em>Unbezahlte Werbung f\u00fcr duplo. Es besteht keine Kooperation mit Ritter Sport. Die Schokoladen werden nicht mitversendet und dienen nur als Pr\u00e4sentationsvorschlag. Es ist ein rein digitaler Versand!<\/em><\/p>\n<p>Die Vorlage ist f\u00fcr den privaten Gebrauch und darf nicht f\u00fcr kommerzielle Zwecke genutzt werden.<\/p>\n","protected":false},"excerpt":{"rendered":"<p>Zum Gestalten von einer Ritter Sport Mini Verpackung und mit Witzen \u00fcber Weihnachten f\u00fcr Banderolen, passend als Mini Adventskalender.<\/p>\n","protected":false},"featured_media":26194,"comment_status":"open","ping_status":"closed","template":"","meta":[],"product_brand":[],"product_cat":[268,401],"product_tag":[116,332,396,507,514,515,299,273],"class_list":{"0":"post-26190","1":"product","2":"type-product","3":"status-publish","4":"has-post-thumbnail","6":"product_cat-vorlagen","7":"product_cat-weihnachten","8":"product_tag-adventskalender","9":"product_tag-banderole","10":"product_tag-geldgeschenk","11":"product_tag-mini-adventskalender","12":"product_tag-ritter-sport","13":"product_tag-ritter-sport-mini","14":"product_tag-weihnachten","15":"product_tag-weihnachtsgeschenk","16":"product_shipping_class-virtuelle-produkte","18":"first","19":"instock","20":"sale","21":"downloadable","22":"virtual","23":"taxable","24":"purchasable","25":"product-type-simple"},"yoast_head":"<!-- This site is optimized with the Yoast SEO plugin v27.4 - https:\/\/yoast.com\/product\/yoast-seo-wordpress\/ -->\n<title>Ritter Sport Mini Adventskalender<\/title>\n<meta name=\"description\" content=\"Eine schnelle Ritter Sport Vorlage zum Ausdrucken f\u00fcr Banderole f\u00fcr einen Adventskalender. Last-Minute Geschenk hier bestellen.\" \/>\n<meta name=\"robots\" content=\"index, follow, max-snippet:-1, max-image-preview:large, max-video-preview:-1\" \/>\n<link rel=\"canonical\" href=\"https:\/\/women-at.work\/shop\/produkt\/ritter-sport-adventskalender-mit-lustigen-spruechen-ueber-weihnachten-vorlage-zum-ausdrucken\/\" \/>\n<meta property=\"og:locale\" content=\"de_DE\" \/>\n<meta property=\"og:type\" content=\"article\" \/>\n<meta property=\"og:title\" content=\"Ritter Sport Mini Adventskalender\" \/>\n<meta property=\"og:description\" content=\"Eine schnelle Ritter Sport Vorlage zum Ausdrucken f\u00fcr Banderole f\u00fcr einen Adventskalender. Last-Minute Geschenk hier bestellen.\" \/>\n<meta property=\"og:url\" content=\"https:\/\/women-at.work\/shop\/produkt\/ritter-sport-adventskalender-mit-lustigen-spruechen-ueber-weihnachten-vorlage-zum-ausdrucken\/\" \/>\n<meta property=\"og:site_name\" content=\"Women At Work Shop\" \/>\n<meta property=\"article:modified_time\" content=\"2025-11-20T09:09:20+00:00\" \/>\n<meta property=\"og:image\" content=\"https:\/\/women-at.work\/shop\/wp-content\/uploads\/2025\/11\/ritter-sport-adventskalender-mit-lustigen-spruechen-ueber-weihnachten-vorlage-zum-ausdrucken03.jpg\" \/>\n\t<meta property=\"og:image:width\" content=\"800\" \/>\n\t<meta property=\"og:image:height\" content=\"1067\" \/>\n\t<meta property=\"og:image:type\" content=\"image\/jpeg\" \/>\n<meta name=\"twitter:card\" content=\"summary_large_image\" \/>\n<meta name=\"twitter:label1\" content=\"Gesch\u00e4tzte Lesezeit\" \/>\n\t<meta name=\"twitter:data1\" content=\"2\u00a0Minuten\" \/>\n<script type=\"application\/ld+json\" class=\"yoast-schema-graph\">{\"@context\":\"https:\\\/\\\/schema.org\",\"@graph\":[{\"@type\":\"WebPage\",\"@id\":\"https:\\\/\\\/women-at.work\\\/shop\\\/produkt\\\/ritter-sport-adventskalender-mit-lustigen-spruechen-ueber-weihnachten-vorlage-zum-ausdrucken\\\/\",\"url\":\"https:\\\/\\\/women-at.work\\\/shop\\\/produkt\\\/ritter-sport-adventskalender-mit-lustigen-spruechen-ueber-weihnachten-vorlage-zum-ausdrucken\\\/\",\"name\":\"Ritter Sport Mini Adventskalender\",\"isPartOf\":{\"@id\":\"https:\\\/\\\/women-at.work\\\/shop\\\/#website\"},\"primaryImageOfPage\":{\"@id\":\"https:\\\/\\\/women-at.work\\\/shop\\\/produkt\\\/ritter-sport-adventskalender-mit-lustigen-spruechen-ueber-weihnachten-vorlage-zum-ausdrucken\\\/#primaryimage\"},\"image\":{\"@id\":\"https:\\\/\\\/women-at.work\\\/shop\\\/produkt\\\/ritter-sport-adventskalender-mit-lustigen-spruechen-ueber-weihnachten-vorlage-zum-ausdrucken\\\/#primaryimage\"},\"thumbnailUrl\":\"https:\\\/\\\/women-at.work\\\/shop\\\/wp-content\\\/uploads\\\/2025\\\/11\\\/ritter-sport-adventskalender-mit-lustigen-spruechen-ueber-weihnachten-vorlage-zum-ausdrucken03.jpg\",\"datePublished\":\"2025-11-18T09:54:43+00:00\",\"dateModified\":\"2025-11-20T09:09:20+00:00\",\"description\":\"Eine schnelle Ritter Sport Vorlage zum Ausdrucken f\u00fcr Banderole f\u00fcr einen Adventskalender. Last-Minute Geschenk hier bestellen.\",\"breadcrumb\":{\"@id\":\"https:\\\/\\\/women-at.work\\\/shop\\\/produkt\\\/ritter-sport-adventskalender-mit-lustigen-spruechen-ueber-weihnachten-vorlage-zum-ausdrucken\\\/#breadcrumb\"},\"inLanguage\":\"de\",\"potentialAction\":[{\"@type\":\"ReadAction\",\"target\":[\"https:\\\/\\\/women-at.work\\\/shop\\\/produkt\\\/ritter-sport-adventskalender-mit-lustigen-spruechen-ueber-weihnachten-vorlage-zum-ausdrucken\\\/\"]}]},{\"@type\":\"ImageObject\",\"inLanguage\":\"de\",\"@id\":\"https:\\\/\\\/women-at.work\\\/shop\\\/produkt\\\/ritter-sport-adventskalender-mit-lustigen-spruechen-ueber-weihnachten-vorlage-zum-ausdrucken\\\/#primaryimage\",\"url\":\"https:\\\/\\\/women-at.work\\\/shop\\\/wp-content\\\/uploads\\\/2025\\\/11\\\/ritter-sport-adventskalender-mit-lustigen-spruechen-ueber-weihnachten-vorlage-zum-ausdrucken03.jpg\",\"contentUrl\":\"https:\\\/\\\/women-at.work\\\/shop\\\/wp-content\\\/uploads\\\/2025\\\/11\\\/ritter-sport-adventskalender-mit-lustigen-spruechen-ueber-weihnachten-vorlage-zum-ausdrucken03.jpg\",\"width\":800,\"height\":1067},{\"@type\":\"BreadcrumbList\",\"@id\":\"https:\\\/\\\/women-at.work\\\/shop\\\/produkt\\\/ritter-sport-adventskalender-mit-lustigen-spruechen-ueber-weihnachten-vorlage-zum-ausdrucken\\\/#breadcrumb\",\"itemListElement\":[{\"@type\":\"ListItem\",\"position\":1,\"name\":\"Startseite\",\"item\":\"https:\\\/\\\/women-at.work\\\/shop\\\/\"},{\"@type\":\"ListItem\",\"position\":2,\"name\":\"Shop\",\"item\":\"https:\\\/\\\/women-at.work\\\/shop\\\/shop\\\/\"},{\"@type\":\"ListItem\",\"position\":3,\"name\":\"Ritter Sport Adventskalender mit lustigen Spr\u00fcchen \u00fcber Weihnachten &#8211; Vorlage zum Ausdrucken\"}]},{\"@type\":\"WebSite\",\"@id\":\"https:\\\/\\\/women-at.work\\\/shop\\\/#website\",\"url\":\"https:\\\/\\\/women-at.work\\\/shop\\\/\",\"name\":\"Women At Work Shop\",\"description\":\"Wundervolle Produkte f\u00fcr besondere Menschen\",\"publisher\":{\"@id\":\"https:\\\/\\\/women-at.work\\\/shop\\\/#organization\"},\"potentialAction\":[{\"@type\":\"SearchAction\",\"target\":{\"@type\":\"EntryPoint\",\"urlTemplate\":\"https:\\\/\\\/women-at.work\\\/shop\\\/?s={search_term_string}\"},\"query-input\":{\"@type\":\"PropertyValueSpecification\",\"valueRequired\":true,\"valueName\":\"search_term_string\"}}],\"inLanguage\":\"de\"},{\"@type\":\"Organization\",\"@id\":\"https:\\\/\\\/women-at.work\\\/shop\\\/#organization\",\"name\":\"Women At Work Shop\",\"url\":\"https:\\\/\\\/women-at.work\\\/shop\\\/\",\"logo\":{\"@type\":\"ImageObject\",\"inLanguage\":\"de\",\"@id\":\"https:\\\/\\\/women-at.work\\\/shop\\\/#\\\/schema\\\/logo\\\/image\\\/\",\"url\":\"https:\\\/\\\/women-at.work\\\/shop\\\/wp-content\\\/uploads\\\/2017\\\/05\\\/Shop_Logo.png\",\"contentUrl\":\"https:\\\/\\\/women-at.work\\\/shop\\\/wp-content\\\/uploads\\\/2017\\\/05\\\/Shop_Logo.png\",\"width\":305,\"height\":297,\"caption\":\"Women At Work Shop\"},\"image\":{\"@id\":\"https:\\\/\\\/women-at.work\\\/shop\\\/#\\\/schema\\\/logo\\\/image\\\/\"}}]}<\/script>\n<!-- \/ Yoast SEO plugin. -->","yoast_head_json":{"title":"Ritter Sport Mini Adventskalender","description":"Eine schnelle Ritter Sport Vorlage zum Ausdrucken f\u00fcr Banderole f\u00fcr einen Adventskalender. Last-Minute Geschenk hier bestellen.","robots":{"index":"index","follow":"follow","max-snippet":"max-snippet:-1","max-image-preview":"max-image-preview:large","max-video-preview":"max-video-preview:-1"},"canonical":"https:\/\/women-at.work\/shop\/produkt\/ritter-sport-adventskalender-mit-lustigen-spruechen-ueber-weihnachten-vorlage-zum-ausdrucken\/","og_locale":"de_DE","og_type":"article","og_title":"Ritter Sport Mini Adventskalender","og_description":"Eine schnelle Ritter Sport Vorlage zum Ausdrucken f\u00fcr Banderole f\u00fcr einen Adventskalender. Last-Minute Geschenk hier bestellen.","og_url":"https:\/\/women-at.work\/shop\/produkt\/ritter-sport-adventskalender-mit-lustigen-spruechen-ueber-weihnachten-vorlage-zum-ausdrucken\/","og_site_name":"Women At Work Shop","article_modified_time":"2025-11-20T09:09:20+00:00","og_image":[{"width":800,"height":1067,"url":"https:\/\/women-at.work\/shop\/wp-content\/uploads\/2025\/11\/ritter-sport-adventskalender-mit-lustigen-spruechen-ueber-weihnachten-vorlage-zum-ausdrucken03.jpg","type":"image\/jpeg"}],"twitter_card":"summary_large_image","twitter_misc":{"Gesch\u00e4tzte Lesezeit":"2\u00a0Minuten"},"schema":{"@context":"https:\/\/schema.org","@graph":[{"@type":"WebPage","@id":"https:\/\/women-at.work\/shop\/produkt\/ritter-sport-adventskalender-mit-lustigen-spruechen-ueber-weihnachten-vorlage-zum-ausdrucken\/","url":"https:\/\/women-at.work\/shop\/produkt\/ritter-sport-adventskalender-mit-lustigen-spruechen-ueber-weihnachten-vorlage-zum-ausdrucken\/","name":"Ritter Sport Mini Adventskalender","isPartOf":{"@id":"https:\/\/women-at.work\/shop\/#website"},"primaryImageOfPage":{"@id":"https:\/\/women-at.work\/shop\/produkt\/ritter-sport-adventskalender-mit-lustigen-spruechen-ueber-weihnachten-vorlage-zum-ausdrucken\/#primaryimage"},"image":{"@id":"https:\/\/women-at.work\/shop\/produkt\/ritter-sport-adventskalender-mit-lustigen-spruechen-ueber-weihnachten-vorlage-zum-ausdrucken\/#primaryimage"},"thumbnailUrl":"https:\/\/women-at.work\/shop\/wp-content\/uploads\/2025\/11\/ritter-sport-adventskalender-mit-lustigen-spruechen-ueber-weihnachten-vorlage-zum-ausdrucken03.jpg","datePublished":"2025-11-18T09:54:43+00:00","dateModified":"2025-11-20T09:09:20+00:00","description":"Eine schnelle Ritter Sport Vorlage zum Ausdrucken f\u00fcr Banderole f\u00fcr einen Adventskalender. Last-Minute Geschenk hier bestellen.","breadcrumb":{"@id":"https:\/\/women-at.work\/shop\/produkt\/ritter-sport-adventskalender-mit-lustigen-spruechen-ueber-weihnachten-vorlage-zum-ausdrucken\/#breadcrumb"},"inLanguage":"de","potentialAction":[{"@type":"ReadAction","target":["https:\/\/women-at.work\/shop\/produkt\/ritter-sport-adventskalender-mit-lustigen-spruechen-ueber-weihnachten-vorlage-zum-ausdrucken\/"]}]},{"@type":"ImageObject","inLanguage":"de","@id":"https:\/\/women-at.work\/shop\/produkt\/ritter-sport-adventskalender-mit-lustigen-spruechen-ueber-weihnachten-vorlage-zum-ausdrucken\/#primaryimage","url":"https:\/\/women-at.work\/shop\/wp-content\/uploads\/2025\/11\/ritter-sport-adventskalender-mit-lustigen-spruechen-ueber-weihnachten-vorlage-zum-ausdrucken03.jpg","contentUrl":"https:\/\/women-at.work\/shop\/wp-content\/uploads\/2025\/11\/ritter-sport-adventskalender-mit-lustigen-spruechen-ueber-weihnachten-vorlage-zum-ausdrucken03.jpg","width":800,"height":1067},{"@type":"BreadcrumbList","@id":"https:\/\/women-at.work\/shop\/produkt\/ritter-sport-adventskalender-mit-lustigen-spruechen-ueber-weihnachten-vorlage-zum-ausdrucken\/#breadcrumb","itemListElement":[{"@type":"ListItem","position":1,"name":"Startseite","item":"https:\/\/women-at.work\/shop\/"},{"@type":"ListItem","position":2,"name":"Shop","item":"https:\/\/women-at.work\/shop\/shop\/"},{"@type":"ListItem","position":3,"name":"Ritter Sport Adventskalender mit lustigen Spr\u00fcchen \u00fcber Weihnachten &#8211; Vorlage zum Ausdrucken"}]},{"@type":"WebSite","@id":"https:\/\/women-at.work\/shop\/#website","url":"https:\/\/women-at.work\/shop\/","name":"Women At Work Shop","description":"Wundervolle Produkte f\u00fcr besondere Menschen","publisher":{"@id":"https:\/\/women-at.work\/shop\/#organization"},"potentialAction":[{"@type":"SearchAction","target":{"@type":"EntryPoint","urlTemplate":"https:\/\/women-at.work\/shop\/?s={search_term_string}"},"query-input":{"@type":"PropertyValueSpecification","valueRequired":true,"valueName":"search_term_string"}}],"inLanguage":"de"},{"@type":"Organization","@id":"https:\/\/women-at.work\/shop\/#organization","name":"Women At Work Shop","url":"https:\/\/women-at.work\/shop\/","logo":{"@type":"ImageObject","inLanguage":"de","@id":"https:\/\/women-at.work\/shop\/#\/schema\/logo\/image\/","url":"https:\/\/women-at.work\/shop\/wp-content\/uploads\/2017\/05\/Shop_Logo.png","contentUrl":"https:\/\/women-at.work\/shop\/wp-content\/uploads\/2017\/05\/Shop_Logo.png","width":305,"height":297,"caption":"Women At Work Shop"},"image":{"@id":"https:\/\/women-at.work\/shop\/#\/schema\/logo\/image\/"}}]}},"_links":{"self":[{"href":"https:\/\/women-at.work\/shop\/wp-json\/wp\/v2\/product\/26190","targetHints":{"allow":["GET"]}}],"collection":[{"href":"https:\/\/women-at.work\/shop\/wp-json\/wp\/v2\/product"}],"about":[{"href":"https:\/\/women-at.work\/shop\/wp-json\/wp\/v2\/types\/product"}],"replies":[{"embeddable":true,"href":"https:\/\/women-at.work\/shop\/wp-json\/wp\/v2\/comments?post=26190"}],"wp:featuredmedia":[{"embeddable":true,"href":"https:\/\/women-at.work\/shop\/wp-json\/wp\/v2\/media\/26194"}],"wp:attachment":[{"href":"https:\/\/women-at.work\/shop\/wp-json\/wp\/v2\/media?parent=26190"}],"wp:term":[{"taxonomy":"product_brand","embeddable":true,"href":"https:\/\/women-at.work\/shop\/wp-json\/wp\/v2\/product_brand?post=26190"},{"taxonomy":"product_cat","embeddable":true,"href":"https:\/\/women-at.work\/shop\/wp-json\/wp\/v2\/product_cat?post=26190"},{"taxonomy":"product_tag","embeddable":true,"href":"https:\/\/women-at.work\/shop\/wp-json\/wp\/v2\/product_tag?post=26190"}],"curies":[{"name":"wp","href":"https:\/\/api.w.org\/{rel}","templated":true}]}}