{"id":24256,"date":"2025-10-27T12:06:09","date_gmt":"2025-10-27T11:06:09","guid":{"rendered":"https:\/\/women-at.work\/shop\/?post_type=product&#038;p=24256"},"modified":"2025-10-28T12:04:09","modified_gmt":"2025-10-28T11:04:09","slug":"tee-adventskalender-mit-lustige-fakten-ueber-weihnachten-vorlage-zum-ausdrucken","status":"publish","type":"product","link":"https:\/\/women-at.work\/shop\/produkt\/tee-adventskalender-mit-lustige-fakten-ueber-weihnachten-vorlage-zum-ausdrucken\/","title":{"rendered":"Tee Adventskalender mit lustigen Fakten \u00fcber Weihnachten &#8211; Vorlage zum Ausdrucken"},"content":{"rendered":"<p>Zum Gestalten von einem Tee Adventskalender und mit lustigen unn\u00fctzen Wissen \/ Fakten auf den Banderolen mit passender Teebox. Du kannst diese witzigen Banderolen ausdrucken und dadurch einen schnellen Weihnachtskalender umsetzen.<\/p>\n<p>In dem Paket enthalten sind 24 Motive mit 24 unn\u00fctzen Fakten rund um die Weihnachtszeit sowie zwei Teeboxen zum Zusammenbauen.<\/p>\n<p>Sobald die Zahlung bei uns eingegangen ist, wird der Download-Link an dich per E-Mail verschickt. Bei Zahlung per PayPal, ist der Download sofort verf\u00fcgbar. Es wird nichts per Post verschickt! <strong>Sollte die E-Mail nicht automatisch an Sie versendet werden, wenden Sie sich bitte an unseren Kundenservice per E-Mail oder Telefon. Bitte er\u00f6ffnen Sie keinen Fall bei PayPal. So k\u00f6nnen wir Ihnen schneller weiterhelfen!<\/strong><\/p>\n<p><em>Unbezahlte Werbung f\u00fcr duplo. Es besteht keine Kooperation mit Ritter Sport. Die Schokoladen werden nicht mitversendet und dienen nur als Pr\u00e4sentationsvorschlag. Es ist ein rein digitaler Versand!<\/em><\/p>\n<p>Die Vorlage ist f\u00fcr den privaten Gebrauch und darf nicht f\u00fcr kommerzielle Zwecke genutzt werden.<\/p>\n","protected":false},"excerpt":{"rendered":"<p>Zum Gestalten von einem Tee Adventskalender und mit lustigen unn\u00fctzen Wissen \/ Fakten auf den Banderolen mit passender Teebox.<\/p>\n","protected":false},"featured_media":24381,"comment_status":"open","ping_status":"closed","template":"","meta":[],"product_brand":[],"product_cat":[268,401],"product_tag":[116,332,507,529,531,530,299,273],"class_list":{"0":"post-24256","1":"product","2":"type-product","3":"status-publish","4":"has-post-thumbnail","6":"product_cat-vorlagen","7":"product_cat-weihnachten","8":"product_tag-adventskalender","9":"product_tag-banderole","10":"product_tag-mini-adventskalender","11":"product_tag-tee","12":"product_tag-tee-adventskalender","13":"product_tag-teebeutel","14":"product_tag-weihnachten","15":"product_tag-weihnachtsgeschenk","16":"product_shipping_class-virtuelle-produkte","18":"first","19":"instock","20":"sale","21":"downloadable","22":"virtual","23":"taxable","24":"purchasable","25":"product-type-simple"},"yoast_head":"<!-- This site is optimized with the Yoast SEO plugin v27.3 - https:\/\/yoast.com\/product\/yoast-seo-wordpress\/ -->\n<title>Tee Adventskalender mit lustige Fakten \u00fcber Weihnachten<\/title>\n<meta name=\"description\" content=\"Eine schnelle Vorlage zum Ausdrucken f\u00fcr Banderolen f\u00fcr einen Tee-Adventskalender mit unn\u00fctzen Wissen. Last-Minute Geschenk hier bestellen.\" \/>\n<meta name=\"robots\" content=\"index, follow, max-snippet:-1, max-image-preview:large, max-video-preview:-1\" \/>\n<link rel=\"canonical\" href=\"https:\/\/women-at.work\/shop\/produkt\/tee-adventskalender-mit-lustige-fakten-ueber-weihnachten-vorlage-zum-ausdrucken\/\" \/>\n<meta property=\"og:locale\" content=\"de_DE\" \/>\n<meta property=\"og:type\" content=\"article\" \/>\n<meta property=\"og:title\" content=\"Tee Adventskalender mit lustige Fakten \u00fcber Weihnachten\" \/>\n<meta property=\"og:description\" content=\"Eine schnelle Vorlage zum Ausdrucken f\u00fcr Banderolen f\u00fcr einen Tee-Adventskalender mit unn\u00fctzen Wissen. Last-Minute Geschenk hier bestellen.\" \/>\n<meta property=\"og:url\" content=\"https:\/\/women-at.work\/shop\/produkt\/tee-adventskalender-mit-lustige-fakten-ueber-weihnachten-vorlage-zum-ausdrucken\/\" \/>\n<meta property=\"og:site_name\" content=\"Women At Work Shop\" \/>\n<meta property=\"article:modified_time\" content=\"2025-10-28T11:04:09+00:00\" \/>\n<meta property=\"og:image\" content=\"https:\/\/women-at.work\/shop\/wp-content\/uploads\/2025\/10\/Tee-Adventskalender.jpg\" \/>\n\t<meta property=\"og:image:width\" content=\"800\" \/>\n\t<meta property=\"og:image:height\" content=\"1200\" \/>\n\t<meta property=\"og:image:type\" content=\"image\/jpeg\" \/>\n<meta name=\"twitter:card\" content=\"summary_large_image\" \/>\n<meta name=\"twitter:label1\" content=\"Gesch\u00e4tzte Lesezeit\" \/>\n\t<meta name=\"twitter:data1\" content=\"2\u00a0Minuten\" \/>\n<script type=\"application\/ld+json\" class=\"yoast-schema-graph\">{\"@context\":\"https:\\\/\\\/schema.org\",\"@graph\":[{\"@type\":\"WebPage\",\"@id\":\"https:\\\/\\\/women-at.work\\\/shop\\\/produkt\\\/tee-adventskalender-mit-lustige-fakten-ueber-weihnachten-vorlage-zum-ausdrucken\\\/\",\"url\":\"https:\\\/\\\/women-at.work\\\/shop\\\/produkt\\\/tee-adventskalender-mit-lustige-fakten-ueber-weihnachten-vorlage-zum-ausdrucken\\\/\",\"name\":\"Tee Adventskalender mit lustige Fakten \u00fcber Weihnachten\",\"isPartOf\":{\"@id\":\"https:\\\/\\\/women-at.work\\\/shop\\\/#website\"},\"primaryImageOfPage\":{\"@id\":\"https:\\\/\\\/women-at.work\\\/shop\\\/produkt\\\/tee-adventskalender-mit-lustige-fakten-ueber-weihnachten-vorlage-zum-ausdrucken\\\/#primaryimage\"},\"image\":{\"@id\":\"https:\\\/\\\/women-at.work\\\/shop\\\/produkt\\\/tee-adventskalender-mit-lustige-fakten-ueber-weihnachten-vorlage-zum-ausdrucken\\\/#primaryimage\"},\"thumbnailUrl\":\"https:\\\/\\\/women-at.work\\\/shop\\\/wp-content\\\/uploads\\\/2025\\\/10\\\/Tee-Adventskalender.jpg\",\"datePublished\":\"2025-10-27T11:06:09+00:00\",\"dateModified\":\"2025-10-28T11:04:09+00:00\",\"description\":\"Eine schnelle Vorlage zum Ausdrucken f\u00fcr Banderolen f\u00fcr einen Tee-Adventskalender mit unn\u00fctzen Wissen. Last-Minute Geschenk hier bestellen.\",\"breadcrumb\":{\"@id\":\"https:\\\/\\\/women-at.work\\\/shop\\\/produkt\\\/tee-adventskalender-mit-lustige-fakten-ueber-weihnachten-vorlage-zum-ausdrucken\\\/#breadcrumb\"},\"inLanguage\":\"de\",\"potentialAction\":[{\"@type\":\"ReadAction\",\"target\":[\"https:\\\/\\\/women-at.work\\\/shop\\\/produkt\\\/tee-adventskalender-mit-lustige-fakten-ueber-weihnachten-vorlage-zum-ausdrucken\\\/\"]}]},{\"@type\":\"ImageObject\",\"inLanguage\":\"de\",\"@id\":\"https:\\\/\\\/women-at.work\\\/shop\\\/produkt\\\/tee-adventskalender-mit-lustige-fakten-ueber-weihnachten-vorlage-zum-ausdrucken\\\/#primaryimage\",\"url\":\"https:\\\/\\\/women-at.work\\\/shop\\\/wp-content\\\/uploads\\\/2025\\\/10\\\/Tee-Adventskalender.jpg\",\"contentUrl\":\"https:\\\/\\\/women-at.work\\\/shop\\\/wp-content\\\/uploads\\\/2025\\\/10\\\/Tee-Adventskalender.jpg\",\"width\":800,\"height\":1200,\"caption\":\"Tee Adventskalender\"},{\"@type\":\"BreadcrumbList\",\"@id\":\"https:\\\/\\\/women-at.work\\\/shop\\\/produkt\\\/tee-adventskalender-mit-lustige-fakten-ueber-weihnachten-vorlage-zum-ausdrucken\\\/#breadcrumb\",\"itemListElement\":[{\"@type\":\"ListItem\",\"position\":1,\"name\":\"Startseite\",\"item\":\"https:\\\/\\\/women-at.work\\\/shop\\\/\"},{\"@type\":\"ListItem\",\"position\":2,\"name\":\"Shop\",\"item\":\"https:\\\/\\\/women-at.work\\\/shop\\\/shop\\\/\"},{\"@type\":\"ListItem\",\"position\":3,\"name\":\"Tee Adventskalender mit lustigen Fakten \u00fcber Weihnachten &#8211; Vorlage zum Ausdrucken\"}]},{\"@type\":\"WebSite\",\"@id\":\"https:\\\/\\\/women-at.work\\\/shop\\\/#website\",\"url\":\"https:\\\/\\\/women-at.work\\\/shop\\\/\",\"name\":\"Women At Work Shop\",\"description\":\"Wundervolle Produkte f\u00fcr besondere Menschen\",\"publisher\":{\"@id\":\"https:\\\/\\\/women-at.work\\\/shop\\\/#organization\"},\"potentialAction\":[{\"@type\":\"SearchAction\",\"target\":{\"@type\":\"EntryPoint\",\"urlTemplate\":\"https:\\\/\\\/women-at.work\\\/shop\\\/?s={search_term_string}\"},\"query-input\":{\"@type\":\"PropertyValueSpecification\",\"valueRequired\":true,\"valueName\":\"search_term_string\"}}],\"inLanguage\":\"de\"},{\"@type\":\"Organization\",\"@id\":\"https:\\\/\\\/women-at.work\\\/shop\\\/#organization\",\"name\":\"Women At Work Shop\",\"url\":\"https:\\\/\\\/women-at.work\\\/shop\\\/\",\"logo\":{\"@type\":\"ImageObject\",\"inLanguage\":\"de\",\"@id\":\"https:\\\/\\\/women-at.work\\\/shop\\\/#\\\/schema\\\/logo\\\/image\\\/\",\"url\":\"https:\\\/\\\/women-at.work\\\/shop\\\/wp-content\\\/uploads\\\/2017\\\/05\\\/Shop_Logo.png\",\"contentUrl\":\"https:\\\/\\\/women-at.work\\\/shop\\\/wp-content\\\/uploads\\\/2017\\\/05\\\/Shop_Logo.png\",\"width\":305,\"height\":297,\"caption\":\"Women At Work Shop\"},\"image\":{\"@id\":\"https:\\\/\\\/women-at.work\\\/shop\\\/#\\\/schema\\\/logo\\\/image\\\/\"}}]}<\/script>\n<!-- \/ Yoast SEO plugin. -->","yoast_head_json":{"title":"Tee Adventskalender mit lustige Fakten \u00fcber Weihnachten","description":"Eine schnelle Vorlage zum Ausdrucken f\u00fcr Banderolen f\u00fcr einen Tee-Adventskalender mit unn\u00fctzen Wissen. Last-Minute Geschenk hier bestellen.","robots":{"index":"index","follow":"follow","max-snippet":"max-snippet:-1","max-image-preview":"max-image-preview:large","max-video-preview":"max-video-preview:-1"},"canonical":"https:\/\/women-at.work\/shop\/produkt\/tee-adventskalender-mit-lustige-fakten-ueber-weihnachten-vorlage-zum-ausdrucken\/","og_locale":"de_DE","og_type":"article","og_title":"Tee Adventskalender mit lustige Fakten \u00fcber Weihnachten","og_description":"Eine schnelle Vorlage zum Ausdrucken f\u00fcr Banderolen f\u00fcr einen Tee-Adventskalender mit unn\u00fctzen Wissen. Last-Minute Geschenk hier bestellen.","og_url":"https:\/\/women-at.work\/shop\/produkt\/tee-adventskalender-mit-lustige-fakten-ueber-weihnachten-vorlage-zum-ausdrucken\/","og_site_name":"Women At Work Shop","article_modified_time":"2025-10-28T11:04:09+00:00","og_image":[{"width":800,"height":1200,"url":"https:\/\/women-at.work\/shop\/wp-content\/uploads\/2025\/10\/Tee-Adventskalender.jpg","type":"image\/jpeg"}],"twitter_card":"summary_large_image","twitter_misc":{"Gesch\u00e4tzte Lesezeit":"2\u00a0Minuten"},"schema":{"@context":"https:\/\/schema.org","@graph":[{"@type":"WebPage","@id":"https:\/\/women-at.work\/shop\/produkt\/tee-adventskalender-mit-lustige-fakten-ueber-weihnachten-vorlage-zum-ausdrucken\/","url":"https:\/\/women-at.work\/shop\/produkt\/tee-adventskalender-mit-lustige-fakten-ueber-weihnachten-vorlage-zum-ausdrucken\/","name":"Tee Adventskalender mit lustige Fakten \u00fcber Weihnachten","isPartOf":{"@id":"https:\/\/women-at.work\/shop\/#website"},"primaryImageOfPage":{"@id":"https:\/\/women-at.work\/shop\/produkt\/tee-adventskalender-mit-lustige-fakten-ueber-weihnachten-vorlage-zum-ausdrucken\/#primaryimage"},"image":{"@id":"https:\/\/women-at.work\/shop\/produkt\/tee-adventskalender-mit-lustige-fakten-ueber-weihnachten-vorlage-zum-ausdrucken\/#primaryimage"},"thumbnailUrl":"https:\/\/women-at.work\/shop\/wp-content\/uploads\/2025\/10\/Tee-Adventskalender.jpg","datePublished":"2025-10-27T11:06:09+00:00","dateModified":"2025-10-28T11:04:09+00:00","description":"Eine schnelle Vorlage zum Ausdrucken f\u00fcr Banderolen f\u00fcr einen Tee-Adventskalender mit unn\u00fctzen Wissen. Last-Minute Geschenk hier bestellen.","breadcrumb":{"@id":"https:\/\/women-at.work\/shop\/produkt\/tee-adventskalender-mit-lustige-fakten-ueber-weihnachten-vorlage-zum-ausdrucken\/#breadcrumb"},"inLanguage":"de","potentialAction":[{"@type":"ReadAction","target":["https:\/\/women-at.work\/shop\/produkt\/tee-adventskalender-mit-lustige-fakten-ueber-weihnachten-vorlage-zum-ausdrucken\/"]}]},{"@type":"ImageObject","inLanguage":"de","@id":"https:\/\/women-at.work\/shop\/produkt\/tee-adventskalender-mit-lustige-fakten-ueber-weihnachten-vorlage-zum-ausdrucken\/#primaryimage","url":"https:\/\/women-at.work\/shop\/wp-content\/uploads\/2025\/10\/Tee-Adventskalender.jpg","contentUrl":"https:\/\/women-at.work\/shop\/wp-content\/uploads\/2025\/10\/Tee-Adventskalender.jpg","width":800,"height":1200,"caption":"Tee Adventskalender"},{"@type":"BreadcrumbList","@id":"https:\/\/women-at.work\/shop\/produkt\/tee-adventskalender-mit-lustige-fakten-ueber-weihnachten-vorlage-zum-ausdrucken\/#breadcrumb","itemListElement":[{"@type":"ListItem","position":1,"name":"Startseite","item":"https:\/\/women-at.work\/shop\/"},{"@type":"ListItem","position":2,"name":"Shop","item":"https:\/\/women-at.work\/shop\/shop\/"},{"@type":"ListItem","position":3,"name":"Tee Adventskalender mit lustigen Fakten \u00fcber Weihnachten &#8211; Vorlage zum Ausdrucken"}]},{"@type":"WebSite","@id":"https:\/\/women-at.work\/shop\/#website","url":"https:\/\/women-at.work\/shop\/","name":"Women At Work Shop","description":"Wundervolle Produkte f\u00fcr besondere Menschen","publisher":{"@id":"https:\/\/women-at.work\/shop\/#organization"},"potentialAction":[{"@type":"SearchAction","target":{"@type":"EntryPoint","urlTemplate":"https:\/\/women-at.work\/shop\/?s={search_term_string}"},"query-input":{"@type":"PropertyValueSpecification","valueRequired":true,"valueName":"search_term_string"}}],"inLanguage":"de"},{"@type":"Organization","@id":"https:\/\/women-at.work\/shop\/#organization","name":"Women At Work Shop","url":"https:\/\/women-at.work\/shop\/","logo":{"@type":"ImageObject","inLanguage":"de","@id":"https:\/\/women-at.work\/shop\/#\/schema\/logo\/image\/","url":"https:\/\/women-at.work\/shop\/wp-content\/uploads\/2017\/05\/Shop_Logo.png","contentUrl":"https:\/\/women-at.work\/shop\/wp-content\/uploads\/2017\/05\/Shop_Logo.png","width":305,"height":297,"caption":"Women At Work Shop"},"image":{"@id":"https:\/\/women-at.work\/shop\/#\/schema\/logo\/image\/"}}]}},"_links":{"self":[{"href":"https:\/\/women-at.work\/shop\/wp-json\/wp\/v2\/product\/24256","targetHints":{"allow":["GET"]}}],"collection":[{"href":"https:\/\/women-at.work\/shop\/wp-json\/wp\/v2\/product"}],"about":[{"href":"https:\/\/women-at.work\/shop\/wp-json\/wp\/v2\/types\/product"}],"replies":[{"embeddable":true,"href":"https:\/\/women-at.work\/shop\/wp-json\/wp\/v2\/comments?post=24256"}],"wp:featuredmedia":[{"embeddable":true,"href":"https:\/\/women-at.work\/shop\/wp-json\/wp\/v2\/media\/24381"}],"wp:attachment":[{"href":"https:\/\/women-at.work\/shop\/wp-json\/wp\/v2\/media?parent=24256"}],"wp:term":[{"taxonomy":"product_brand","embeddable":true,"href":"https:\/\/women-at.work\/shop\/wp-json\/wp\/v2\/product_brand?post=24256"},{"taxonomy":"product_cat","embeddable":true,"href":"https:\/\/women-at.work\/shop\/wp-json\/wp\/v2\/product_cat?post=24256"},{"taxonomy":"product_tag","embeddable":true,"href":"https:\/\/women-at.work\/shop\/wp-json\/wp\/v2\/product_tag?post=24256"}],"curies":[{"name":"wp","href":"https:\/\/api.w.org\/{rel}","templated":true}]}}