{"id":23906,"date":"2025-10-24T11:29:11","date_gmt":"2025-10-24T09:29:11","guid":{"rendered":"https:\/\/women-at.work\/shop\/?post_type=product&#038;p=23906"},"modified":"2025-10-24T11:52:42","modified_gmt":"2025-10-24T09:52:42","slug":"schneemann-suppe","status":"publish","type":"product","link":"https:\/\/women-at.work\/shop\/produkt\/schneemann-suppe\/","title":{"rendered":"Schneemann-Suppe &#8211; Vorlage zum Ausdrucken"},"content":{"rendered":"<p>Zum Gestalten eines Weihnachtsgeschenks mit Marshmallows und Kakao f\u00fcr eine &#8222;Schneemann-Suppe&#8220;.<\/p>\n<p>In dem Paket enthalten ist eine Vorlage \/Etiketten zum Ausdrucken, um eine Verpackung f\u00fcr eine Schneemann-Suppe zu basteln in zwei Gr\u00f6\u00dfen.<\/p>\n<p>Sobald die Zahlung bei uns eingegangen ist, wird der Download-Link an dich per E-Mail verschickt. Bei Zahlung per PayPal, ist der Download sofort verf\u00fcgbar. Sollte dieser nicht sofort verf\u00fcgbar sein, meldet euch bitte bei unserem Kundenservice, bevor ihr einen Paypal Fall er\u00f6ffnet!<\/p>\n<p><em>Die Bilder dienen nur als Pr\u00e4sentationsvorschlag. Es erfolgt ein rein digitaler Versand!<br \/>\n<\/em><\/p>\n<p>Die Vorlage ist f\u00fcr den privaten Gebrauch und darf nicht f\u00fcr kommerzielle Zwecke genutzt werden.<\/p>\n","protected":false},"excerpt":{"rendered":"<p>Zum Gestalten eines Weihnachtsgeschenks mit Marshmallows und Kakao f\u00fcr eine &#8222;Schneemann-Suppe&#8220;.<\/p>\n","protected":false},"featured_media":23908,"comment_status":"open","ping_status":"closed","template":"","meta":[],"product_brand":[],"product_cat":[268,401],"product_tag":[269,270,315,526,468,367,525,327,524,348,366,299,273],"class_list":{"0":"post-23906","1":"product","2":"type-product","3":"status-publish","4":"has-post-thumbnail","6":"product_cat-vorlagen","7":"product_cat-weihnachten","8":"product_tag-diy","9":"product_tag-diy-geschenk","10":"product_tag-geschenkidee","11":"product_tag-kakao","12":"product_tag-kita","13":"product_tag-kleinigkeit","14":"product_tag-marshmallows","15":"product_tag-mitbringsel","16":"product_tag-schneemann-suppe","17":"product_tag-vorlage-zum-ausdrucken","18":"product_tag-vorlage-zum-download","19":"product_tag-weihnachten","20":"product_tag-weihnachtsgeschenk","22":"first","23":"instock","24":"downloadable","25":"virtual","26":"taxable","27":"purchasable","28":"product-type-simple"},"yoast_head":"<!-- This site is optimized with the Yoast SEO plugin v27.3 - https:\/\/yoast.com\/product\/yoast-seo-wordpress\/ -->\n<title>Schneemann-Suppe - Vorlage zum Ausdrucken - Women At Work Shop<\/title>\n<meta name=\"description\" content=\"Rentiernasen f\u00fcr Weihnachten als Vorlage zum Ausdrucken f\u00fcr ein s\u00fc\u00dfes Weihnachtsgeschenk oder Mitbringsel. Hier klicken zum Download.\" \/>\n<meta name=\"robots\" content=\"index, follow, max-snippet:-1, max-image-preview:large, max-video-preview:-1\" \/>\n<link rel=\"canonical\" href=\"https:\/\/women-at.work\/shop\/produkt\/schneemann-suppe\/\" \/>\n<meta property=\"og:locale\" content=\"de_DE\" \/>\n<meta property=\"og:type\" content=\"article\" \/>\n<meta property=\"og:title\" content=\"Schneemann-Suppe - Vorlage zum Ausdrucken - Women At Work Shop\" \/>\n<meta property=\"og:description\" content=\"Rentiernasen f\u00fcr Weihnachten als Vorlage zum Ausdrucken f\u00fcr ein s\u00fc\u00dfes Weihnachtsgeschenk oder Mitbringsel. Hier klicken zum Download.\" \/>\n<meta property=\"og:url\" content=\"https:\/\/women-at.work\/shop\/produkt\/schneemann-suppe\/\" \/>\n<meta property=\"og:site_name\" content=\"Women At Work Shop\" \/>\n<meta property=\"article:modified_time\" content=\"2025-10-24T09:52:42+00:00\" \/>\n<meta property=\"og:image\" content=\"https:\/\/women-at.work\/shop\/wp-content\/uploads\/2025\/10\/Schneemann-Suppe-Vorlage-zum-Ausdrucken.jpg\" \/>\n\t<meta property=\"og:image:width\" content=\"800\" \/>\n\t<meta property=\"og:image:height\" content=\"1200\" \/>\n\t<meta property=\"og:image:type\" content=\"image\/jpeg\" \/>\n<meta name=\"twitter:card\" content=\"summary_large_image\" \/>\n<meta name=\"twitter:label1\" content=\"Gesch\u00e4tzte Lesezeit\" \/>\n\t<meta name=\"twitter:data1\" content=\"1\u00a0Minute\" \/>\n<script type=\"application\/ld+json\" class=\"yoast-schema-graph\">{\"@context\":\"https:\\\/\\\/schema.org\",\"@graph\":[{\"@type\":\"WebPage\",\"@id\":\"https:\\\/\\\/women-at.work\\\/shop\\\/produkt\\\/schneemann-suppe\\\/\",\"url\":\"https:\\\/\\\/women-at.work\\\/shop\\\/produkt\\\/schneemann-suppe\\\/\",\"name\":\"Schneemann-Suppe - Vorlage zum Ausdrucken - Women At Work Shop\",\"isPartOf\":{\"@id\":\"https:\\\/\\\/women-at.work\\\/shop\\\/#website\"},\"primaryImageOfPage\":{\"@id\":\"https:\\\/\\\/women-at.work\\\/shop\\\/produkt\\\/schneemann-suppe\\\/#primaryimage\"},\"image\":{\"@id\":\"https:\\\/\\\/women-at.work\\\/shop\\\/produkt\\\/schneemann-suppe\\\/#primaryimage\"},\"thumbnailUrl\":\"https:\\\/\\\/women-at.work\\\/shop\\\/wp-content\\\/uploads\\\/2025\\\/10\\\/Schneemann-Suppe-Vorlage-zum-Ausdrucken.jpg\",\"datePublished\":\"2025-10-24T09:29:11+00:00\",\"dateModified\":\"2025-10-24T09:52:42+00:00\",\"description\":\"Rentiernasen f\u00fcr Weihnachten als Vorlage zum Ausdrucken f\u00fcr ein s\u00fc\u00dfes Weihnachtsgeschenk oder Mitbringsel. Hier klicken zum Download.\",\"breadcrumb\":{\"@id\":\"https:\\\/\\\/women-at.work\\\/shop\\\/produkt\\\/schneemann-suppe\\\/#breadcrumb\"},\"inLanguage\":\"de\",\"potentialAction\":[{\"@type\":\"ReadAction\",\"target\":[\"https:\\\/\\\/women-at.work\\\/shop\\\/produkt\\\/schneemann-suppe\\\/\"]}]},{\"@type\":\"ImageObject\",\"inLanguage\":\"de\",\"@id\":\"https:\\\/\\\/women-at.work\\\/shop\\\/produkt\\\/schneemann-suppe\\\/#primaryimage\",\"url\":\"https:\\\/\\\/women-at.work\\\/shop\\\/wp-content\\\/uploads\\\/2025\\\/10\\\/Schneemann-Suppe-Vorlage-zum-Ausdrucken.jpg\",\"contentUrl\":\"https:\\\/\\\/women-at.work\\\/shop\\\/wp-content\\\/uploads\\\/2025\\\/10\\\/Schneemann-Suppe-Vorlage-zum-Ausdrucken.jpg\",\"width\":800,\"height\":1200,\"caption\":\"Schneemann-Suppe - Vorlage zum Ausdrucken\"},{\"@type\":\"BreadcrumbList\",\"@id\":\"https:\\\/\\\/women-at.work\\\/shop\\\/produkt\\\/schneemann-suppe\\\/#breadcrumb\",\"itemListElement\":[{\"@type\":\"ListItem\",\"position\":1,\"name\":\"Startseite\",\"item\":\"https:\\\/\\\/women-at.work\\\/shop\\\/\"},{\"@type\":\"ListItem\",\"position\":2,\"name\":\"Shop\",\"item\":\"https:\\\/\\\/women-at.work\\\/shop\\\/shop\\\/\"},{\"@type\":\"ListItem\",\"position\":3,\"name\":\"Schneemann-Suppe &#8211; Vorlage zum Ausdrucken\"}]},{\"@type\":\"WebSite\",\"@id\":\"https:\\\/\\\/women-at.work\\\/shop\\\/#website\",\"url\":\"https:\\\/\\\/women-at.work\\\/shop\\\/\",\"name\":\"Women At Work Shop\",\"description\":\"Wundervolle Produkte f\u00fcr besondere Menschen\",\"publisher\":{\"@id\":\"https:\\\/\\\/women-at.work\\\/shop\\\/#organization\"},\"potentialAction\":[{\"@type\":\"SearchAction\",\"target\":{\"@type\":\"EntryPoint\",\"urlTemplate\":\"https:\\\/\\\/women-at.work\\\/shop\\\/?s={search_term_string}\"},\"query-input\":{\"@type\":\"PropertyValueSpecification\",\"valueRequired\":true,\"valueName\":\"search_term_string\"}}],\"inLanguage\":\"de\"},{\"@type\":\"Organization\",\"@id\":\"https:\\\/\\\/women-at.work\\\/shop\\\/#organization\",\"name\":\"Women At Work Shop\",\"url\":\"https:\\\/\\\/women-at.work\\\/shop\\\/\",\"logo\":{\"@type\":\"ImageObject\",\"inLanguage\":\"de\",\"@id\":\"https:\\\/\\\/women-at.work\\\/shop\\\/#\\\/schema\\\/logo\\\/image\\\/\",\"url\":\"https:\\\/\\\/women-at.work\\\/shop\\\/wp-content\\\/uploads\\\/2017\\\/05\\\/Shop_Logo.png\",\"contentUrl\":\"https:\\\/\\\/women-at.work\\\/shop\\\/wp-content\\\/uploads\\\/2017\\\/05\\\/Shop_Logo.png\",\"width\":305,\"height\":297,\"caption\":\"Women At Work Shop\"},\"image\":{\"@id\":\"https:\\\/\\\/women-at.work\\\/shop\\\/#\\\/schema\\\/logo\\\/image\\\/\"}}]}<\/script>\n<!-- \/ Yoast SEO plugin. -->","yoast_head_json":{"title":"Schneemann-Suppe - Vorlage zum Ausdrucken - Women At Work Shop","description":"Rentiernasen f\u00fcr Weihnachten als Vorlage zum Ausdrucken f\u00fcr ein s\u00fc\u00dfes Weihnachtsgeschenk oder Mitbringsel. Hier klicken zum Download.","robots":{"index":"index","follow":"follow","max-snippet":"max-snippet:-1","max-image-preview":"max-image-preview:large","max-video-preview":"max-video-preview:-1"},"canonical":"https:\/\/women-at.work\/shop\/produkt\/schneemann-suppe\/","og_locale":"de_DE","og_type":"article","og_title":"Schneemann-Suppe - Vorlage zum Ausdrucken - Women At Work Shop","og_description":"Rentiernasen f\u00fcr Weihnachten als Vorlage zum Ausdrucken f\u00fcr ein s\u00fc\u00dfes Weihnachtsgeschenk oder Mitbringsel. Hier klicken zum Download.","og_url":"https:\/\/women-at.work\/shop\/produkt\/schneemann-suppe\/","og_site_name":"Women At Work Shop","article_modified_time":"2025-10-24T09:52:42+00:00","og_image":[{"width":800,"height":1200,"url":"https:\/\/women-at.work\/shop\/wp-content\/uploads\/2025\/10\/Schneemann-Suppe-Vorlage-zum-Ausdrucken.jpg","type":"image\/jpeg"}],"twitter_card":"summary_large_image","twitter_misc":{"Gesch\u00e4tzte Lesezeit":"1\u00a0Minute"},"schema":{"@context":"https:\/\/schema.org","@graph":[{"@type":"WebPage","@id":"https:\/\/women-at.work\/shop\/produkt\/schneemann-suppe\/","url":"https:\/\/women-at.work\/shop\/produkt\/schneemann-suppe\/","name":"Schneemann-Suppe - Vorlage zum Ausdrucken - Women At Work Shop","isPartOf":{"@id":"https:\/\/women-at.work\/shop\/#website"},"primaryImageOfPage":{"@id":"https:\/\/women-at.work\/shop\/produkt\/schneemann-suppe\/#primaryimage"},"image":{"@id":"https:\/\/women-at.work\/shop\/produkt\/schneemann-suppe\/#primaryimage"},"thumbnailUrl":"https:\/\/women-at.work\/shop\/wp-content\/uploads\/2025\/10\/Schneemann-Suppe-Vorlage-zum-Ausdrucken.jpg","datePublished":"2025-10-24T09:29:11+00:00","dateModified":"2025-10-24T09:52:42+00:00","description":"Rentiernasen f\u00fcr Weihnachten als Vorlage zum Ausdrucken f\u00fcr ein s\u00fc\u00dfes Weihnachtsgeschenk oder Mitbringsel. Hier klicken zum Download.","breadcrumb":{"@id":"https:\/\/women-at.work\/shop\/produkt\/schneemann-suppe\/#breadcrumb"},"inLanguage":"de","potentialAction":[{"@type":"ReadAction","target":["https:\/\/women-at.work\/shop\/produkt\/schneemann-suppe\/"]}]},{"@type":"ImageObject","inLanguage":"de","@id":"https:\/\/women-at.work\/shop\/produkt\/schneemann-suppe\/#primaryimage","url":"https:\/\/women-at.work\/shop\/wp-content\/uploads\/2025\/10\/Schneemann-Suppe-Vorlage-zum-Ausdrucken.jpg","contentUrl":"https:\/\/women-at.work\/shop\/wp-content\/uploads\/2025\/10\/Schneemann-Suppe-Vorlage-zum-Ausdrucken.jpg","width":800,"height":1200,"caption":"Schneemann-Suppe - Vorlage zum Ausdrucken"},{"@type":"BreadcrumbList","@id":"https:\/\/women-at.work\/shop\/produkt\/schneemann-suppe\/#breadcrumb","itemListElement":[{"@type":"ListItem","position":1,"name":"Startseite","item":"https:\/\/women-at.work\/shop\/"},{"@type":"ListItem","position":2,"name":"Shop","item":"https:\/\/women-at.work\/shop\/shop\/"},{"@type":"ListItem","position":3,"name":"Schneemann-Suppe &#8211; Vorlage zum Ausdrucken"}]},{"@type":"WebSite","@id":"https:\/\/women-at.work\/shop\/#website","url":"https:\/\/women-at.work\/shop\/","name":"Women At Work Shop","description":"Wundervolle Produkte f\u00fcr besondere Menschen","publisher":{"@id":"https:\/\/women-at.work\/shop\/#organization"},"potentialAction":[{"@type":"SearchAction","target":{"@type":"EntryPoint","urlTemplate":"https:\/\/women-at.work\/shop\/?s={search_term_string}"},"query-input":{"@type":"PropertyValueSpecification","valueRequired":true,"valueName":"search_term_string"}}],"inLanguage":"de"},{"@type":"Organization","@id":"https:\/\/women-at.work\/shop\/#organization","name":"Women At Work Shop","url":"https:\/\/women-at.work\/shop\/","logo":{"@type":"ImageObject","inLanguage":"de","@id":"https:\/\/women-at.work\/shop\/#\/schema\/logo\/image\/","url":"https:\/\/women-at.work\/shop\/wp-content\/uploads\/2017\/05\/Shop_Logo.png","contentUrl":"https:\/\/women-at.work\/shop\/wp-content\/uploads\/2017\/05\/Shop_Logo.png","width":305,"height":297,"caption":"Women At Work Shop"},"image":{"@id":"https:\/\/women-at.work\/shop\/#\/schema\/logo\/image\/"}}]}},"_links":{"self":[{"href":"https:\/\/women-at.work\/shop\/wp-json\/wp\/v2\/product\/23906","targetHints":{"allow":["GET"]}}],"collection":[{"href":"https:\/\/women-at.work\/shop\/wp-json\/wp\/v2\/product"}],"about":[{"href":"https:\/\/women-at.work\/shop\/wp-json\/wp\/v2\/types\/product"}],"replies":[{"embeddable":true,"href":"https:\/\/women-at.work\/shop\/wp-json\/wp\/v2\/comments?post=23906"}],"wp:featuredmedia":[{"embeddable":true,"href":"https:\/\/women-at.work\/shop\/wp-json\/wp\/v2\/media\/23908"}],"wp:attachment":[{"href":"https:\/\/women-at.work\/shop\/wp-json\/wp\/v2\/media?parent=23906"}],"wp:term":[{"taxonomy":"product_brand","embeddable":true,"href":"https:\/\/women-at.work\/shop\/wp-json\/wp\/v2\/product_brand?post=23906"},{"taxonomy":"product_cat","embeddable":true,"href":"https:\/\/women-at.work\/shop\/wp-json\/wp\/v2\/product_cat?post=23906"},{"taxonomy":"product_tag","embeddable":true,"href":"https:\/\/women-at.work\/shop\/wp-json\/wp\/v2\/product_tag?post=23906"}],"curies":[{"name":"wp","href":"https:\/\/api.w.org\/{rel}","templated":true}]}}