{"id":23085,"date":"2025-10-01T09:23:32","date_gmt":"2025-10-01T07:23:32","guid":{"rendered":"https:\/\/women-at.work\/shop\/?post_type=product&#038;p=23085"},"modified":"2025-10-18T09:26:25","modified_gmt":"2025-10-18T07:26:25","slug":"blanko-duplo-mini-adventskalender-vorlage-zum-ausdrucken","status":"publish","type":"product","link":"https:\/\/women-at.work\/shop\/produkt\/blanko-duplo-mini-adventskalender-vorlage-zum-ausdrucken\/","title":{"rendered":"BLANKO duplo Mini Adventskalender &#8211; Vorlage zum Ausdrucken"},"content":{"rendered":"<p>Zum Gestalten von einer Duplo Verpackung und Riegeln mit Spr\u00fcchen f\u00fcr Banderolen, passend als Mini Adventskalender. Du kannst diese sch\u00f6nen Botschaften ausdrucken und dadurch einen schnellen Weihnachtskalender umsetzen. BLANKO Version ohne Schrift!<\/p>\n<p><a href=\"https:\/\/www.instagram.com\/p\/DPy7IdviHY9\/\">Video zum Zusammensetzen der Idee hier klicken.<\/a><\/p>\n<p>In dem Paket enthalten sind:<\/p>\n<p>\u2013 1 Banderole f\u00fcr die Verpackung ohne Text (zum selber beschriften)<\/p>\n<p>\u2013 1 Hintergrund (Weihnachtsbaum)<\/p>\n<p>\u2013 24 Motive ohne Spr\u00fcche (zum selber beschriften)<\/p>\n<p>Sobald die Zahlung bei uns eingegangen ist, wird der Download-Link an dich per E-Mail verschickt. Bei Zahlung per PayPal, ist der Download sofort verf\u00fcgbar. Es wird nichts per Post verschickt! <strong>Sollte die E-Mail nicht automatisch an Sie versendet werden, wenden Sie sich bitte an unseren Kundenservice per E-Mail oder Telefon. Bitte er\u00f6ffnen Sie keinen Fall bei PayPal. So k\u00f6nnen wir Ihnen schneller weiterhelfen!<\/strong><\/p>\n<p><em>Unbezahlte Werbung f\u00fcr duplo. Es besteht keine Kooperation mit duplo. Die Riegel werden nicht mitversendet und dienen nur als Pr\u00e4sentationsvorschlag. Es ist ein rein digitaler Versand!<\/em><\/p>\n<p>Die Vorlage ist f\u00fcr den privaten Gebrauch und darf nicht f\u00fcr kommerzielle Zwecke genutzt werden.<\/p>\n","protected":false},"excerpt":{"rendered":"<p>Zum Gestalten von einer Duplo Verpackung und Riegeln mit Spr\u00fcchen f\u00fcr Banderolen, passend als Mini Adventskalender. Du kannst diese sch\u00f6nen Botschaften ausdrucken und dadurch einen schnellen Weihnachtskalender umsetzen. BLANKO Version ohne Schrift!<\/p>\n","protected":false},"featured_media":23089,"comment_status":"open","ping_status":"closed","template":"","meta":[],"product_brand":[],"product_cat":[268,401],"product_tag":[116,332,331,256,260,261,267,249,247,253,264,252,254,255,251,258,262,503,367,507,265,263,273],"class_list":{"0":"post-23085","1":"product","2":"type-product","3":"status-publish","4":"has-post-thumbnail","6":"product_cat-vorlagen","7":"product_cat-weihnachten","8":"product_tag-adventskalender","9":"product_tag-banderole","10":"product_tag-duplo-banderole-vorlage","11":"product_tag-duplo-botschaften","12":"product_tag-duplo-botschaften-vorlagen","13":"product_tag-duplo-du-bist","14":"product_tag-duplo-du-bist-sprueche","15":"product_tag-duplo-du-bist-vorlage","16":"product_tag-duplo-du-bist-vorlage-zum-ausdrucken","17":"product_tag-duplo-geschenk","18":"product_tag-duplo-geschenk-du-bist","19":"product_tag-duplo-geschenk-du-bist-vorlage","20":"product_tag-duplo-geschenkidee","21":"product_tag-duplo-schokolade-vorlagen-zum-ausdrucken","22":"product_tag-duplo-sprueche","23":"product_tag-duplo-sprueche-vorlage","24":"product_tag-duplo-vorlagen-zum-ausdrucken","25":"product_tag-kleine-aufmerksamkeit","26":"product_tag-kleinigkeit","27":"product_tag-mini-adventskalender","28":"product_tag-sprueche-duplo-botschaften","29":"product_tag-vorlage-duplo-du-bist","30":"product_tag-weihnachtsgeschenk","31":"product_shipping_class-virtuelle-produkte","33":"first","34":"instock","35":"sale","36":"downloadable","37":"virtual","38":"taxable","39":"purchasable","40":"product-type-simple"},"yoast_head":"<!-- This site is optimized with the Yoast SEO plugin v27.5 - https:\/\/yoast.com\/product\/yoast-seo-wordpress\/ -->\n<title>duplo Mini Adventskalender - Vorlage zum Ausdrucken<\/title>\n<meta name=\"description\" content=\"Eine schnelle Duplo &quot;Du bist&quot;-Vorlage als Weihnachtsgeschenk zum Ausdrucken f\u00fcr eine Gutschein- oder Geldgeschenkverpackung\" \/>\n<meta name=\"robots\" content=\"index, follow, max-snippet:-1, max-image-preview:large, max-video-preview:-1\" \/>\n<link rel=\"canonical\" href=\"https:\/\/women-at.work\/shop\/produkt\/blanko-duplo-mini-adventskalender-vorlage-zum-ausdrucken\/\" \/>\n<meta property=\"og:locale\" content=\"de_DE\" \/>\n<meta property=\"og:type\" content=\"article\" \/>\n<meta property=\"og:title\" content=\"duplo Mini Adventskalender - Vorlage zum Ausdrucken\" \/>\n<meta property=\"og:description\" content=\"Eine schnelle Duplo &quot;Du bist&quot;-Vorlage als Weihnachtsgeschenk zum Ausdrucken f\u00fcr eine Gutschein- oder Geldgeschenkverpackung\" \/>\n<meta property=\"og:url\" content=\"https:\/\/women-at.work\/shop\/produkt\/blanko-duplo-mini-adventskalender-vorlage-zum-ausdrucken\/\" \/>\n<meta property=\"og:site_name\" content=\"Women At Work Shop\" \/>\n<meta property=\"article:modified_time\" content=\"2025-10-18T07:26:25+00:00\" \/>\n<meta property=\"og:image\" content=\"https:\/\/women-at.work\/shop\/wp-content\/uploads\/2025\/10\/Adventskalender-BLANK-2.jpg\" \/>\n\t<meta property=\"og:image:width\" content=\"800\" \/>\n\t<meta property=\"og:image:height\" content=\"1209\" \/>\n\t<meta property=\"og:image:type\" content=\"image\/jpeg\" \/>\n<meta name=\"twitter:card\" content=\"summary_large_image\" \/>\n<meta name=\"twitter:label1\" content=\"Gesch\u00e4tzte Lesezeit\" \/>\n\t<meta name=\"twitter:data1\" content=\"2\u00a0Minuten\" \/>\n<script type=\"application\/ld+json\" class=\"yoast-schema-graph\">{\"@context\":\"https:\\\/\\\/schema.org\",\"@graph\":[{\"@type\":\"WebPage\",\"@id\":\"https:\\\/\\\/women-at.work\\\/shop\\\/produkt\\\/blanko-duplo-mini-adventskalender-vorlage-zum-ausdrucken\\\/\",\"url\":\"https:\\\/\\\/women-at.work\\\/shop\\\/produkt\\\/blanko-duplo-mini-adventskalender-vorlage-zum-ausdrucken\\\/\",\"name\":\"duplo Mini Adventskalender - Vorlage zum Ausdrucken\",\"isPartOf\":{\"@id\":\"https:\\\/\\\/women-at.work\\\/shop\\\/#website\"},\"primaryImageOfPage\":{\"@id\":\"https:\\\/\\\/women-at.work\\\/shop\\\/produkt\\\/blanko-duplo-mini-adventskalender-vorlage-zum-ausdrucken\\\/#primaryimage\"},\"image\":{\"@id\":\"https:\\\/\\\/women-at.work\\\/shop\\\/produkt\\\/blanko-duplo-mini-adventskalender-vorlage-zum-ausdrucken\\\/#primaryimage\"},\"thumbnailUrl\":\"https:\\\/\\\/women-at.work\\\/shop\\\/wp-content\\\/uploads\\\/2025\\\/10\\\/Adventskalender-BLANK-2.jpg\",\"datePublished\":\"2025-10-01T07:23:32+00:00\",\"dateModified\":\"2025-10-18T07:26:25+00:00\",\"description\":\"Eine schnelle Duplo \\\"Du bist\\\"-Vorlage als Weihnachtsgeschenk zum Ausdrucken f\u00fcr eine Gutschein- oder Geldgeschenkverpackung\",\"breadcrumb\":{\"@id\":\"https:\\\/\\\/women-at.work\\\/shop\\\/produkt\\\/blanko-duplo-mini-adventskalender-vorlage-zum-ausdrucken\\\/#breadcrumb\"},\"inLanguage\":\"de\",\"potentialAction\":[{\"@type\":\"ReadAction\",\"target\":[\"https:\\\/\\\/women-at.work\\\/shop\\\/produkt\\\/blanko-duplo-mini-adventskalender-vorlage-zum-ausdrucken\\\/\"]}]},{\"@type\":\"ImageObject\",\"inLanguage\":\"de\",\"@id\":\"https:\\\/\\\/women-at.work\\\/shop\\\/produkt\\\/blanko-duplo-mini-adventskalender-vorlage-zum-ausdrucken\\\/#primaryimage\",\"url\":\"https:\\\/\\\/women-at.work\\\/shop\\\/wp-content\\\/uploads\\\/2025\\\/10\\\/Adventskalender-BLANK-2.jpg\",\"contentUrl\":\"https:\\\/\\\/women-at.work\\\/shop\\\/wp-content\\\/uploads\\\/2025\\\/10\\\/Adventskalender-BLANK-2.jpg\",\"width\":800,\"height\":1209},{\"@type\":\"BreadcrumbList\",\"@id\":\"https:\\\/\\\/women-at.work\\\/shop\\\/produkt\\\/blanko-duplo-mini-adventskalender-vorlage-zum-ausdrucken\\\/#breadcrumb\",\"itemListElement\":[{\"@type\":\"ListItem\",\"position\":1,\"name\":\"Startseite\",\"item\":\"https:\\\/\\\/women-at.work\\\/shop\\\/\"},{\"@type\":\"ListItem\",\"position\":2,\"name\":\"Shop\",\"item\":\"https:\\\/\\\/women-at.work\\\/shop\\\/shop\\\/\"},{\"@type\":\"ListItem\",\"position\":3,\"name\":\"BLANKO duplo Mini Adventskalender &#8211; Vorlage zum Ausdrucken\"}]},{\"@type\":\"WebSite\",\"@id\":\"https:\\\/\\\/women-at.work\\\/shop\\\/#website\",\"url\":\"https:\\\/\\\/women-at.work\\\/shop\\\/\",\"name\":\"Women At Work Shop\",\"description\":\"Wundervolle Produkte f\u00fcr besondere Menschen\",\"publisher\":{\"@id\":\"https:\\\/\\\/women-at.work\\\/shop\\\/#organization\"},\"potentialAction\":[{\"@type\":\"SearchAction\",\"target\":{\"@type\":\"EntryPoint\",\"urlTemplate\":\"https:\\\/\\\/women-at.work\\\/shop\\\/?s={search_term_string}\"},\"query-input\":{\"@type\":\"PropertyValueSpecification\",\"valueRequired\":true,\"valueName\":\"search_term_string\"}}],\"inLanguage\":\"de\"},{\"@type\":\"Organization\",\"@id\":\"https:\\\/\\\/women-at.work\\\/shop\\\/#organization\",\"name\":\"Women At Work Shop\",\"url\":\"https:\\\/\\\/women-at.work\\\/shop\\\/\",\"logo\":{\"@type\":\"ImageObject\",\"inLanguage\":\"de\",\"@id\":\"https:\\\/\\\/women-at.work\\\/shop\\\/#\\\/schema\\\/logo\\\/image\\\/\",\"url\":\"https:\\\/\\\/women-at.work\\\/shop\\\/wp-content\\\/uploads\\\/2017\\\/05\\\/Shop_Logo.png\",\"contentUrl\":\"https:\\\/\\\/women-at.work\\\/shop\\\/wp-content\\\/uploads\\\/2017\\\/05\\\/Shop_Logo.png\",\"width\":305,\"height\":297,\"caption\":\"Women At Work Shop\"},\"image\":{\"@id\":\"https:\\\/\\\/women-at.work\\\/shop\\\/#\\\/schema\\\/logo\\\/image\\\/\"}}]}<\/script>\n<!-- \/ Yoast SEO plugin. -->","yoast_head_json":{"title":"duplo Mini Adventskalender - Vorlage zum Ausdrucken","description":"Eine schnelle Duplo \"Du bist\"-Vorlage als Weihnachtsgeschenk zum Ausdrucken f\u00fcr eine Gutschein- oder Geldgeschenkverpackung","robots":{"index":"index","follow":"follow","max-snippet":"max-snippet:-1","max-image-preview":"max-image-preview:large","max-video-preview":"max-video-preview:-1"},"canonical":"https:\/\/women-at.work\/shop\/produkt\/blanko-duplo-mini-adventskalender-vorlage-zum-ausdrucken\/","og_locale":"de_DE","og_type":"article","og_title":"duplo Mini Adventskalender - Vorlage zum Ausdrucken","og_description":"Eine schnelle Duplo \"Du bist\"-Vorlage als Weihnachtsgeschenk zum Ausdrucken f\u00fcr eine Gutschein- oder Geldgeschenkverpackung","og_url":"https:\/\/women-at.work\/shop\/produkt\/blanko-duplo-mini-adventskalender-vorlage-zum-ausdrucken\/","og_site_name":"Women At Work Shop","article_modified_time":"2025-10-18T07:26:25+00:00","og_image":[{"width":800,"height":1209,"url":"https:\/\/women-at.work\/shop\/wp-content\/uploads\/2025\/10\/Adventskalender-BLANK-2.jpg","type":"image\/jpeg"}],"twitter_card":"summary_large_image","twitter_misc":{"Gesch\u00e4tzte Lesezeit":"2\u00a0Minuten"},"schema":{"@context":"https:\/\/schema.org","@graph":[{"@type":"WebPage","@id":"https:\/\/women-at.work\/shop\/produkt\/blanko-duplo-mini-adventskalender-vorlage-zum-ausdrucken\/","url":"https:\/\/women-at.work\/shop\/produkt\/blanko-duplo-mini-adventskalender-vorlage-zum-ausdrucken\/","name":"duplo Mini Adventskalender - Vorlage zum Ausdrucken","isPartOf":{"@id":"https:\/\/women-at.work\/shop\/#website"},"primaryImageOfPage":{"@id":"https:\/\/women-at.work\/shop\/produkt\/blanko-duplo-mini-adventskalender-vorlage-zum-ausdrucken\/#primaryimage"},"image":{"@id":"https:\/\/women-at.work\/shop\/produkt\/blanko-duplo-mini-adventskalender-vorlage-zum-ausdrucken\/#primaryimage"},"thumbnailUrl":"https:\/\/women-at.work\/shop\/wp-content\/uploads\/2025\/10\/Adventskalender-BLANK-2.jpg","datePublished":"2025-10-01T07:23:32+00:00","dateModified":"2025-10-18T07:26:25+00:00","description":"Eine schnelle Duplo \"Du bist\"-Vorlage als Weihnachtsgeschenk zum Ausdrucken f\u00fcr eine Gutschein- oder Geldgeschenkverpackung","breadcrumb":{"@id":"https:\/\/women-at.work\/shop\/produkt\/blanko-duplo-mini-adventskalender-vorlage-zum-ausdrucken\/#breadcrumb"},"inLanguage":"de","potentialAction":[{"@type":"ReadAction","target":["https:\/\/women-at.work\/shop\/produkt\/blanko-duplo-mini-adventskalender-vorlage-zum-ausdrucken\/"]}]},{"@type":"ImageObject","inLanguage":"de","@id":"https:\/\/women-at.work\/shop\/produkt\/blanko-duplo-mini-adventskalender-vorlage-zum-ausdrucken\/#primaryimage","url":"https:\/\/women-at.work\/shop\/wp-content\/uploads\/2025\/10\/Adventskalender-BLANK-2.jpg","contentUrl":"https:\/\/women-at.work\/shop\/wp-content\/uploads\/2025\/10\/Adventskalender-BLANK-2.jpg","width":800,"height":1209},{"@type":"BreadcrumbList","@id":"https:\/\/women-at.work\/shop\/produkt\/blanko-duplo-mini-adventskalender-vorlage-zum-ausdrucken\/#breadcrumb","itemListElement":[{"@type":"ListItem","position":1,"name":"Startseite","item":"https:\/\/women-at.work\/shop\/"},{"@type":"ListItem","position":2,"name":"Shop","item":"https:\/\/women-at.work\/shop\/shop\/"},{"@type":"ListItem","position":3,"name":"BLANKO duplo Mini Adventskalender &#8211; Vorlage zum Ausdrucken"}]},{"@type":"WebSite","@id":"https:\/\/women-at.work\/shop\/#website","url":"https:\/\/women-at.work\/shop\/","name":"Women At Work Shop","description":"Wundervolle Produkte f\u00fcr besondere Menschen","publisher":{"@id":"https:\/\/women-at.work\/shop\/#organization"},"potentialAction":[{"@type":"SearchAction","target":{"@type":"EntryPoint","urlTemplate":"https:\/\/women-at.work\/shop\/?s={search_term_string}"},"query-input":{"@type":"PropertyValueSpecification","valueRequired":true,"valueName":"search_term_string"}}],"inLanguage":"de"},{"@type":"Organization","@id":"https:\/\/women-at.work\/shop\/#organization","name":"Women At Work Shop","url":"https:\/\/women-at.work\/shop\/","logo":{"@type":"ImageObject","inLanguage":"de","@id":"https:\/\/women-at.work\/shop\/#\/schema\/logo\/image\/","url":"https:\/\/women-at.work\/shop\/wp-content\/uploads\/2017\/05\/Shop_Logo.png","contentUrl":"https:\/\/women-at.work\/shop\/wp-content\/uploads\/2017\/05\/Shop_Logo.png","width":305,"height":297,"caption":"Women At Work Shop"},"image":{"@id":"https:\/\/women-at.work\/shop\/#\/schema\/logo\/image\/"}}]}},"_links":{"self":[{"href":"https:\/\/women-at.work\/shop\/wp-json\/wp\/v2\/product\/23085","targetHints":{"allow":["GET"]}}],"collection":[{"href":"https:\/\/women-at.work\/shop\/wp-json\/wp\/v2\/product"}],"about":[{"href":"https:\/\/women-at.work\/shop\/wp-json\/wp\/v2\/types\/product"}],"replies":[{"embeddable":true,"href":"https:\/\/women-at.work\/shop\/wp-json\/wp\/v2\/comments?post=23085"}],"wp:featuredmedia":[{"embeddable":true,"href":"https:\/\/women-at.work\/shop\/wp-json\/wp\/v2\/media\/23089"}],"wp:attachment":[{"href":"https:\/\/women-at.work\/shop\/wp-json\/wp\/v2\/media?parent=23085"}],"wp:term":[{"taxonomy":"product_brand","embeddable":true,"href":"https:\/\/women-at.work\/shop\/wp-json\/wp\/v2\/product_brand?post=23085"},{"taxonomy":"product_cat","embeddable":true,"href":"https:\/\/women-at.work\/shop\/wp-json\/wp\/v2\/product_cat?post=23085"},{"taxonomy":"product_tag","embeddable":true,"href":"https:\/\/women-at.work\/shop\/wp-json\/wp\/v2\/product_tag?post=23085"}],"curies":[{"name":"wp","href":"https:\/\/api.w.org\/{rel}","templated":true}]}}