{"id":2279,"date":"2018-04-30T19:36:34","date_gmt":"2018-04-30T17:36:34","guid":{"rendered":"https:\/\/women-at.work\/shop\/?post_type=product&#038;p=2279"},"modified":"2024-12-12T11:14:52","modified_gmt":"2024-12-12T10:14:52","slug":"bilderrahmen-spardose-hochzeit","status":"publish","type":"product","link":"https:\/\/women-at.work\/shop\/produkt\/bilderrahmen-spardose-hochzeit\/","title":{"rendered":"Bilderrahmen-Spardose als Hochzeitsgeschenk"},"content":{"rendered":"<p><strong>Ein echtes Hingucker-Geschenk f\u00fcr Hochzeiten!<\/strong><\/p>\n<p>Ein liebes Paar heiratet demn\u00e4chst und du brauchst das perfekte Geschenk? Hilf ihnen, auf etwas sch\u00f6nes in ihrem neuen, aufregenden Leben in der Ehe zu sparen. Motiviere sie mit dieser Bilderrahmen-Spardose oder sammle bei den G\u00e4sten auf der Hochzeitsfeier. Es macht doppelt Spa\u00df mit dieser h\u00fcbschen Bilderrahmen-Spardose!<\/p>\n<p><strong>Alles Wichtige auf einem Blick:<\/strong><\/p>\n<p>&#8211; Der Rahmen wird in wei\u00df geliefert werden.<\/p>\n<p>&#8211; Es wird das Hintergrundmotiv &#8222;say yes to new adventures&#8220;, sowie das von Hand bemalte Passepartout mitgeliefert<\/p>\n<p>&#8211; Es befindet sich ein Schlitz im Rahmen, in dem die M\u00fcnzen und Scheine eingeworfen werden k\u00f6nnen.<\/p>\n<p>&#8211; Der Rahmen kann aufgestellt oder angehangen werden.<\/p>\n<p>&#8211; Es handelt sich hierbei um eine Plexiglasscheibe.<\/p>\n<p>&#8211; Alle Spardosen werden individuell hergestellt.<\/p>\n<p><strong>Lieferumfang:<\/strong><br \/>\nRahmen 25x25x5 cm (L\/B\/T)<br \/>\nein Hintergrundmotiv (&#8222;say yes to new adventures)<br \/>\nvon Hand verziertes Passepartout<\/p>\n<p><em>Der Versand erfolgt ohne M\u00fcnzen und Geldscheine.<\/em><\/p>\n","protected":false},"excerpt":{"rendered":"<p>Ein echtes Hingucker-Geschenk f\u00fcr Hochzeiten!<\/p>\n<p>Ein liebes Paar heiratet demn\u00e4chst und du brauchst das perfekte Geschenk? Hilf ihnen, auf etwas sch\u00f6nes in ihrem neuen, aufregenden Leben in der Ehe zu sparen. Motiviere sie mit dieser Bilderrahmen-Spardose oder sammle bei den G\u00e4sten auf der Hochzeitsfeier. Es macht doppelt Spa\u00df mit dieser h\u00fcbschen Bilderrahmen-Spardose!<\/p>\n","protected":false},"featured_media":2281,"comment_status":"closed","ping_status":"closed","template":"","meta":[],"product_brand":[],"product_cat":[88],"product_tag":[90,89,92,91],"class_list":{"0":"post-2279","1":"product","2":"type-product","3":"status-publish","4":"has-post-thumbnail","6":"product_cat-spardose","7":"product_tag-bilderrahmen","8":"product_tag-geschenk","9":"product_tag-hochzeit","10":"product_tag-spardose","12":"first","13":"outofstock","14":"taxable","15":"shipping-taxable","16":"purchasable","17":"product-type-simple"},"yoast_head":"<!-- This site is optimized with the Yoast SEO plugin v27.5 - https:\/\/yoast.com\/product\/yoast-seo-wordpress\/ -->\n<title>Bilderrahmen-Spardose als Hochzeitsgeschenk - Women At Work Shop<\/title>\n<meta name=\"robots\" content=\"index, follow, max-snippet:-1, max-image-preview:large, max-video-preview:-1\" \/>\n<link rel=\"canonical\" href=\"https:\/\/women-at.work\/shop\/produkt\/bilderrahmen-spardose-hochzeit\/\" \/>\n<meta property=\"og:locale\" content=\"de_DE\" \/>\n<meta property=\"og:type\" content=\"article\" \/>\n<meta property=\"og:title\" content=\"Bilderrahmen-Spardose als Hochzeitsgeschenk - Women At Work Shop\" \/>\n<meta property=\"og:description\" content=\"Ein echtes Hingucker-Geschenk f\u00fcr Hochzeiten!  Ein liebes Paar heiratet demn\u00e4chst und du brauchst das perfekte Geschenk? Hilf ihnen, auf etwas sch\u00f6nes in ihrem neuen, aufregenden Leben in der Ehe zu sparen. Motiviere sie mit dieser Bilderrahmen-Spardose oder sammle bei den G\u00e4sten auf der Hochzeitsfeier. Es macht doppelt Spa\u00df mit dieser h\u00fcbschen Bilderrahmen-Spardose!\" \/>\n<meta property=\"og:url\" content=\"https:\/\/women-at.work\/shop\/produkt\/bilderrahmen-spardose-hochzeit\/\" \/>\n<meta property=\"og:site_name\" content=\"Women At Work Shop\" \/>\n<meta property=\"article:modified_time\" content=\"2024-12-12T10:14:52+00:00\" \/>\n<meta property=\"og:image\" content=\"https:\/\/women-at.work\/shop\/wp-content\/uploads\/2018\/04\/Bilderrahmen-Spardose-als-Hochzeitsgeschenk.jpg\" \/>\n\t<meta property=\"og:image:width\" content=\"1000\" \/>\n\t<meta property=\"og:image:height\" content=\"1126\" \/>\n\t<meta property=\"og:image:type\" content=\"image\/jpeg\" \/>\n<meta name=\"twitter:card\" content=\"summary_large_image\" \/>\n<meta name=\"twitter:label1\" content=\"Gesch\u00e4tzte Lesezeit\" \/>\n\t<meta name=\"twitter:data1\" content=\"1\u00a0Minute\" \/>\n<script type=\"application\/ld+json\" class=\"yoast-schema-graph\">{\"@context\":\"https:\\\/\\\/schema.org\",\"@graph\":[{\"@type\":\"WebPage\",\"@id\":\"https:\\\/\\\/women-at.work\\\/shop\\\/produkt\\\/bilderrahmen-spardose-hochzeit\\\/\",\"url\":\"https:\\\/\\\/women-at.work\\\/shop\\\/produkt\\\/bilderrahmen-spardose-hochzeit\\\/\",\"name\":\"Bilderrahmen-Spardose als Hochzeitsgeschenk - Women At Work Shop\",\"isPartOf\":{\"@id\":\"https:\\\/\\\/women-at.work\\\/shop\\\/#website\"},\"primaryImageOfPage\":{\"@id\":\"https:\\\/\\\/women-at.work\\\/shop\\\/produkt\\\/bilderrahmen-spardose-hochzeit\\\/#primaryimage\"},\"image\":{\"@id\":\"https:\\\/\\\/women-at.work\\\/shop\\\/produkt\\\/bilderrahmen-spardose-hochzeit\\\/#primaryimage\"},\"thumbnailUrl\":\"https:\\\/\\\/women-at.work\\\/shop\\\/wp-content\\\/uploads\\\/2018\\\/04\\\/Bilderrahmen-Spardose-als-Hochzeitsgeschenk.jpg\",\"datePublished\":\"2018-04-30T17:36:34+00:00\",\"dateModified\":\"2024-12-12T10:14:52+00:00\",\"breadcrumb\":{\"@id\":\"https:\\\/\\\/women-at.work\\\/shop\\\/produkt\\\/bilderrahmen-spardose-hochzeit\\\/#breadcrumb\"},\"inLanguage\":\"de\",\"potentialAction\":[{\"@type\":\"ReadAction\",\"target\":[\"https:\\\/\\\/women-at.work\\\/shop\\\/produkt\\\/bilderrahmen-spardose-hochzeit\\\/\"]}]},{\"@type\":\"ImageObject\",\"inLanguage\":\"de\",\"@id\":\"https:\\\/\\\/women-at.work\\\/shop\\\/produkt\\\/bilderrahmen-spardose-hochzeit\\\/#primaryimage\",\"url\":\"https:\\\/\\\/women-at.work\\\/shop\\\/wp-content\\\/uploads\\\/2018\\\/04\\\/Bilderrahmen-Spardose-als-Hochzeitsgeschenk.jpg\",\"contentUrl\":\"https:\\\/\\\/women-at.work\\\/shop\\\/wp-content\\\/uploads\\\/2018\\\/04\\\/Bilderrahmen-Spardose-als-Hochzeitsgeschenk.jpg\",\"width\":1000,\"height\":1126,\"caption\":\"Bilderrahmen-Spardose als Hochzeitsgeschenk\"},{\"@type\":\"BreadcrumbList\",\"@id\":\"https:\\\/\\\/women-at.work\\\/shop\\\/produkt\\\/bilderrahmen-spardose-hochzeit\\\/#breadcrumb\",\"itemListElement\":[{\"@type\":\"ListItem\",\"position\":1,\"name\":\"Startseite\",\"item\":\"https:\\\/\\\/women-at.work\\\/shop\\\/\"},{\"@type\":\"ListItem\",\"position\":2,\"name\":\"Shop\",\"item\":\"https:\\\/\\\/women-at.work\\\/shop\\\/shop\\\/\"},{\"@type\":\"ListItem\",\"position\":3,\"name\":\"Bilderrahmen-Spardose als Hochzeitsgeschenk\"}]},{\"@type\":\"WebSite\",\"@id\":\"https:\\\/\\\/women-at.work\\\/shop\\\/#website\",\"url\":\"https:\\\/\\\/women-at.work\\\/shop\\\/\",\"name\":\"Women At Work Shop\",\"description\":\"Wundervolle Produkte f\u00fcr besondere Menschen\",\"publisher\":{\"@id\":\"https:\\\/\\\/women-at.work\\\/shop\\\/#organization\"},\"potentialAction\":[{\"@type\":\"SearchAction\",\"target\":{\"@type\":\"EntryPoint\",\"urlTemplate\":\"https:\\\/\\\/women-at.work\\\/shop\\\/?s={search_term_string}\"},\"query-input\":{\"@type\":\"PropertyValueSpecification\",\"valueRequired\":true,\"valueName\":\"search_term_string\"}}],\"inLanguage\":\"de\"},{\"@type\":\"Organization\",\"@id\":\"https:\\\/\\\/women-at.work\\\/shop\\\/#organization\",\"name\":\"Women At Work Shop\",\"url\":\"https:\\\/\\\/women-at.work\\\/shop\\\/\",\"logo\":{\"@type\":\"ImageObject\",\"inLanguage\":\"de\",\"@id\":\"https:\\\/\\\/women-at.work\\\/shop\\\/#\\\/schema\\\/logo\\\/image\\\/\",\"url\":\"https:\\\/\\\/women-at.work\\\/shop\\\/wp-content\\\/uploads\\\/2017\\\/05\\\/Shop_Logo.png\",\"contentUrl\":\"https:\\\/\\\/women-at.work\\\/shop\\\/wp-content\\\/uploads\\\/2017\\\/05\\\/Shop_Logo.png\",\"width\":305,\"height\":297,\"caption\":\"Women At Work Shop\"},\"image\":{\"@id\":\"https:\\\/\\\/women-at.work\\\/shop\\\/#\\\/schema\\\/logo\\\/image\\\/\"}}]}<\/script>\n<!-- \/ Yoast SEO plugin. -->","yoast_head_json":{"title":"Bilderrahmen-Spardose als Hochzeitsgeschenk - Women At Work Shop","robots":{"index":"index","follow":"follow","max-snippet":"max-snippet:-1","max-image-preview":"max-image-preview:large","max-video-preview":"max-video-preview:-1"},"canonical":"https:\/\/women-at.work\/shop\/produkt\/bilderrahmen-spardose-hochzeit\/","og_locale":"de_DE","og_type":"article","og_title":"Bilderrahmen-Spardose als Hochzeitsgeschenk - Women At Work Shop","og_description":"Ein echtes Hingucker-Geschenk f\u00fcr Hochzeiten!  Ein liebes Paar heiratet demn\u00e4chst und du brauchst das perfekte Geschenk? Hilf ihnen, auf etwas sch\u00f6nes in ihrem neuen, aufregenden Leben in der Ehe zu sparen. Motiviere sie mit dieser Bilderrahmen-Spardose oder sammle bei den G\u00e4sten auf der Hochzeitsfeier. Es macht doppelt Spa\u00df mit dieser h\u00fcbschen Bilderrahmen-Spardose!","og_url":"https:\/\/women-at.work\/shop\/produkt\/bilderrahmen-spardose-hochzeit\/","og_site_name":"Women At Work Shop","article_modified_time":"2024-12-12T10:14:52+00:00","og_image":[{"width":1000,"height":1126,"url":"https:\/\/women-at.work\/shop\/wp-content\/uploads\/2018\/04\/Bilderrahmen-Spardose-als-Hochzeitsgeschenk.jpg","type":"image\/jpeg"}],"twitter_card":"summary_large_image","twitter_misc":{"Gesch\u00e4tzte Lesezeit":"1\u00a0Minute"},"schema":{"@context":"https:\/\/schema.org","@graph":[{"@type":"WebPage","@id":"https:\/\/women-at.work\/shop\/produkt\/bilderrahmen-spardose-hochzeit\/","url":"https:\/\/women-at.work\/shop\/produkt\/bilderrahmen-spardose-hochzeit\/","name":"Bilderrahmen-Spardose als Hochzeitsgeschenk - Women At Work Shop","isPartOf":{"@id":"https:\/\/women-at.work\/shop\/#website"},"primaryImageOfPage":{"@id":"https:\/\/women-at.work\/shop\/produkt\/bilderrahmen-spardose-hochzeit\/#primaryimage"},"image":{"@id":"https:\/\/women-at.work\/shop\/produkt\/bilderrahmen-spardose-hochzeit\/#primaryimage"},"thumbnailUrl":"https:\/\/women-at.work\/shop\/wp-content\/uploads\/2018\/04\/Bilderrahmen-Spardose-als-Hochzeitsgeschenk.jpg","datePublished":"2018-04-30T17:36:34+00:00","dateModified":"2024-12-12T10:14:52+00:00","breadcrumb":{"@id":"https:\/\/women-at.work\/shop\/produkt\/bilderrahmen-spardose-hochzeit\/#breadcrumb"},"inLanguage":"de","potentialAction":[{"@type":"ReadAction","target":["https:\/\/women-at.work\/shop\/produkt\/bilderrahmen-spardose-hochzeit\/"]}]},{"@type":"ImageObject","inLanguage":"de","@id":"https:\/\/women-at.work\/shop\/produkt\/bilderrahmen-spardose-hochzeit\/#primaryimage","url":"https:\/\/women-at.work\/shop\/wp-content\/uploads\/2018\/04\/Bilderrahmen-Spardose-als-Hochzeitsgeschenk.jpg","contentUrl":"https:\/\/women-at.work\/shop\/wp-content\/uploads\/2018\/04\/Bilderrahmen-Spardose-als-Hochzeitsgeschenk.jpg","width":1000,"height":1126,"caption":"Bilderrahmen-Spardose als Hochzeitsgeschenk"},{"@type":"BreadcrumbList","@id":"https:\/\/women-at.work\/shop\/produkt\/bilderrahmen-spardose-hochzeit\/#breadcrumb","itemListElement":[{"@type":"ListItem","position":1,"name":"Startseite","item":"https:\/\/women-at.work\/shop\/"},{"@type":"ListItem","position":2,"name":"Shop","item":"https:\/\/women-at.work\/shop\/shop\/"},{"@type":"ListItem","position":3,"name":"Bilderrahmen-Spardose als Hochzeitsgeschenk"}]},{"@type":"WebSite","@id":"https:\/\/women-at.work\/shop\/#website","url":"https:\/\/women-at.work\/shop\/","name":"Women At Work Shop","description":"Wundervolle Produkte f\u00fcr besondere Menschen","publisher":{"@id":"https:\/\/women-at.work\/shop\/#organization"},"potentialAction":[{"@type":"SearchAction","target":{"@type":"EntryPoint","urlTemplate":"https:\/\/women-at.work\/shop\/?s={search_term_string}"},"query-input":{"@type":"PropertyValueSpecification","valueRequired":true,"valueName":"search_term_string"}}],"inLanguage":"de"},{"@type":"Organization","@id":"https:\/\/women-at.work\/shop\/#organization","name":"Women At Work Shop","url":"https:\/\/women-at.work\/shop\/","logo":{"@type":"ImageObject","inLanguage":"de","@id":"https:\/\/women-at.work\/shop\/#\/schema\/logo\/image\/","url":"https:\/\/women-at.work\/shop\/wp-content\/uploads\/2017\/05\/Shop_Logo.png","contentUrl":"https:\/\/women-at.work\/shop\/wp-content\/uploads\/2017\/05\/Shop_Logo.png","width":305,"height":297,"caption":"Women At Work Shop"},"image":{"@id":"https:\/\/women-at.work\/shop\/#\/schema\/logo\/image\/"}}]}},"_links":{"self":[{"href":"https:\/\/women-at.work\/shop\/wp-json\/wp\/v2\/product\/2279","targetHints":{"allow":["GET"]}}],"collection":[{"href":"https:\/\/women-at.work\/shop\/wp-json\/wp\/v2\/product"}],"about":[{"href":"https:\/\/women-at.work\/shop\/wp-json\/wp\/v2\/types\/product"}],"replies":[{"embeddable":true,"href":"https:\/\/women-at.work\/shop\/wp-json\/wp\/v2\/comments?post=2279"}],"wp:featuredmedia":[{"embeddable":true,"href":"https:\/\/women-at.work\/shop\/wp-json\/wp\/v2\/media\/2281"}],"wp:attachment":[{"href":"https:\/\/women-at.work\/shop\/wp-json\/wp\/v2\/media?parent=2279"}],"wp:term":[{"taxonomy":"product_brand","embeddable":true,"href":"https:\/\/women-at.work\/shop\/wp-json\/wp\/v2\/product_brand?post=2279"},{"taxonomy":"product_cat","embeddable":true,"href":"https:\/\/women-at.work\/shop\/wp-json\/wp\/v2\/product_cat?post=2279"},{"taxonomy":"product_tag","embeddable":true,"href":"https:\/\/women-at.work\/shop\/wp-json\/wp\/v2\/product_tag?post=2279"}],"curies":[{"name":"wp","href":"https:\/\/api.w.org\/{rel}","templated":true}]}}