{"id":20048,"date":"2025-10-24T18:12:56","date_gmt":"2025-10-24T16:12:56","guid":{"rendered":"https:\/\/women-at.work\/shop\/?post_type=product&#038;p=20048"},"modified":"2026-01-05T22:03:59","modified_gmt":"2026-01-05T21:03:59","slug":"kinderriegel-banderole-winderlandschaft","status":"publish","type":"product","link":"https:\/\/women-at.work\/shop\/produkt\/kinderriegel-banderole-winderlandschaft\/","title":{"rendered":"Kinderriegel Banderole &#8222;Winderlandschaft&#8220;- Vorlage zum Ausdrucken"},"content":{"rendered":"<p>Zum Gestalten von einer Kinderriegel Verpackung und Riegeln mit Spr\u00fcchen f\u00fcr Banderolen, passend als Weihnachtsgeschenk oder kleine Aufmerksamkeit. Du kannst diese sch\u00f6nen Botschaften ausdrucken und dadurch ein schnelles Geschenk umsetzen. Zus\u00e4tzlich kannst du am Hintergrund (die Winterkulisse) Geld oder einen Gutschein anbringen und verstecken.<\/p>\n<p><a href=\"https:\/\/www.instagram.com\/p\/DNn08ABsiqn\/\">Video zum Zusammensetzen der Idee hier klicken.<\/a><\/p>\n<p>In dem Paket enthalten sind:<\/p>\n<p>4 Banderolen f\u00fcr die Verpackung \u201emerry christmas\u201c, \u201eFr\u00f6hliche Weihnachten\u201c, \u201eein Gru\u00df vom Nikolaus\u201c und \u201eein kleiner Weihnachtsgru\u00df\u201c<\/p>\n<p>18 Kinderriegel Spr\u00fcche \/ 18 verschiedene Motive<\/p>\n<p>3 Hintergr\u00fcnde (Winterkulisse) mit Titel \u201eGutschein\u201c, \u201eKauf dir was Sch\u00f6nes\u201c und einer Blanko-Vorlage<\/p>\n<p>18 Motive ohne Spr\u00fcche (zum selber beschriften)<\/p>\n<p>Sobald die Zahlung bei uns eingegangen ist, wird der Download-Link an dich per E-Mail verschickt. Bei Zahlung per PayPal, ist der Download sofort verf\u00fcgbar. Es wird nichts per Post verschickt! <strong>Sollte die E-Mail nicht automatisch an Sie versendet werden, wenden Sie sich bitte an unseren Kundenservice per E-Mail oder Telefon. Bitte er\u00f6ffnen Sie keinen Fall bei PayPal. So k\u00f6nnen wir Ihnen schneller weiterhelfen!<\/strong><\/p>\n<p><em>Unbezahlte Werbung f\u00fcr duplo. Es besteht keine Kooperation mit duplo. Die Riegel werden nicht mitversendet und dienen nur als Pr\u00e4sentationsvorschlag. Es ist ein rein digitaler Versand!<\/em><\/p>\n<p>Die Vorlage ist f\u00fcr den privaten Gebrauch und darf nicht f\u00fcr kommerzielle Zwecke genutzt werden.<\/p>\n","protected":false},"excerpt":{"rendered":"<p>Zum Gestalten von einer Kinderriegel Verpackung und Riegeln mit Spr\u00fcchen f\u00fcr Banderolen, passend als Weihnachtsgeschenk oder kleine Aufmerksamkeit.<\/p>\n","protected":false},"featured_media":20049,"comment_status":"open","ping_status":"closed","template":"","meta":[],"product_brand":[],"product_cat":[268,401],"product_tag":[332,396,398,509,511,513,299,273],"class_list":{"0":"post-20048","1":"product","2":"type-product","3":"status-publish","4":"has-post-thumbnail","6":"product_cat-vorlagen","7":"product_cat-weihnachten","8":"product_tag-banderole","9":"product_tag-geldgeschenk","10":"product_tag-gutschein-verpacken","11":"product_tag-kinderriegel","12":"product_tag-kinderriegel-banderole","13":"product_tag-kinderschokolade","14":"product_tag-weihnachten","15":"product_tag-weihnachtsgeschenk","16":"product_shipping_class-virtuelle-produkte","18":"first","19":"instock","20":"sale","21":"downloadable","22":"virtual","23":"taxable","24":"purchasable","25":"product-type-simple"},"yoast_head":"<!-- This site is optimized with the Yoast SEO plugin v27.4 - https:\/\/yoast.com\/product\/yoast-seo-wordpress\/ -->\n<title>Kinderriegel Banderole &quot;Winderlandschaft&quot;<\/title>\n<meta name=\"description\" content=\"Eine schnelle Kinderriegel-Vorlage zum Ausdrucken f\u00fcr Banderole f\u00fcr den Geburtstag, Kleines Dankesch\u00f6n, Mitbringsel. Last-Minute Geschenk hier bestellen.\" \/>\n<meta name=\"robots\" content=\"index, follow, max-snippet:-1, max-image-preview:large, max-video-preview:-1\" \/>\n<link rel=\"canonical\" href=\"https:\/\/women-at.work\/shop\/produkt\/kinderriegel-banderole-winderlandschaft\/\" \/>\n<meta property=\"og:locale\" content=\"de_DE\" \/>\n<meta property=\"og:type\" content=\"article\" \/>\n<meta property=\"og:title\" content=\"Kinderriegel Banderole &quot;Winderlandschaft&quot;\" \/>\n<meta property=\"og:description\" content=\"Eine schnelle Kinderriegel-Vorlage zum Ausdrucken f\u00fcr Banderole f\u00fcr den Geburtstag, Kleines Dankesch\u00f6n, Mitbringsel. Last-Minute Geschenk hier bestellen.\" \/>\n<meta property=\"og:url\" content=\"https:\/\/women-at.work\/shop\/produkt\/kinderriegel-banderole-winderlandschaft\/\" \/>\n<meta property=\"og:site_name\" content=\"Women At Work Shop\" \/>\n<meta property=\"article:modified_time\" content=\"2026-01-05T21:03:59+00:00\" \/>\n<meta property=\"og:image\" content=\"https:\/\/women-at.work\/shop\/wp-content\/uploads\/2025\/10\/kinderriegel-banderole-winderlandschaft.jpg\" \/>\n\t<meta property=\"og:image:width\" content=\"800\" \/>\n\t<meta property=\"og:image:height\" content=\"1200\" \/>\n\t<meta property=\"og:image:type\" content=\"image\/jpeg\" \/>\n<meta name=\"twitter:card\" content=\"summary_large_image\" \/>\n<meta name=\"twitter:label1\" content=\"Gesch\u00e4tzte Lesezeit\" \/>\n\t<meta name=\"twitter:data1\" content=\"2\u00a0Minuten\" \/>\n<script type=\"application\/ld+json\" class=\"yoast-schema-graph\">{\"@context\":\"https:\\\/\\\/schema.org\",\"@graph\":[{\"@type\":\"WebPage\",\"@id\":\"https:\\\/\\\/women-at.work\\\/shop\\\/produkt\\\/kinderriegel-banderole-winderlandschaft\\\/\",\"url\":\"https:\\\/\\\/women-at.work\\\/shop\\\/produkt\\\/kinderriegel-banderole-winderlandschaft\\\/\",\"name\":\"Kinderriegel Banderole \\\"Winderlandschaft\\\"\",\"isPartOf\":{\"@id\":\"https:\\\/\\\/women-at.work\\\/shop\\\/#website\"},\"primaryImageOfPage\":{\"@id\":\"https:\\\/\\\/women-at.work\\\/shop\\\/produkt\\\/kinderriegel-banderole-winderlandschaft\\\/#primaryimage\"},\"image\":{\"@id\":\"https:\\\/\\\/women-at.work\\\/shop\\\/produkt\\\/kinderriegel-banderole-winderlandschaft\\\/#primaryimage\"},\"thumbnailUrl\":\"https:\\\/\\\/women-at.work\\\/shop\\\/wp-content\\\/uploads\\\/2025\\\/10\\\/kinderriegel-banderole-winderlandschaft.jpg\",\"datePublished\":\"2025-10-24T16:12:56+00:00\",\"dateModified\":\"2026-01-05T21:03:59+00:00\",\"description\":\"Eine schnelle Kinderriegel-Vorlage zum Ausdrucken f\u00fcr Banderole f\u00fcr den Geburtstag, Kleines Dankesch\u00f6n, Mitbringsel. Last-Minute Geschenk hier bestellen.\",\"breadcrumb\":{\"@id\":\"https:\\\/\\\/women-at.work\\\/shop\\\/produkt\\\/kinderriegel-banderole-winderlandschaft\\\/#breadcrumb\"},\"inLanguage\":\"de\",\"potentialAction\":[{\"@type\":\"ReadAction\",\"target\":[\"https:\\\/\\\/women-at.work\\\/shop\\\/produkt\\\/kinderriegel-banderole-winderlandschaft\\\/\"]}]},{\"@type\":\"ImageObject\",\"inLanguage\":\"de\",\"@id\":\"https:\\\/\\\/women-at.work\\\/shop\\\/produkt\\\/kinderriegel-banderole-winderlandschaft\\\/#primaryimage\",\"url\":\"https:\\\/\\\/women-at.work\\\/shop\\\/wp-content\\\/uploads\\\/2025\\\/10\\\/kinderriegel-banderole-winderlandschaft.jpg\",\"contentUrl\":\"https:\\\/\\\/women-at.work\\\/shop\\\/wp-content\\\/uploads\\\/2025\\\/10\\\/kinderriegel-banderole-winderlandschaft.jpg\",\"width\":800,\"height\":1200},{\"@type\":\"BreadcrumbList\",\"@id\":\"https:\\\/\\\/women-at.work\\\/shop\\\/produkt\\\/kinderriegel-banderole-winderlandschaft\\\/#breadcrumb\",\"itemListElement\":[{\"@type\":\"ListItem\",\"position\":1,\"name\":\"Startseite\",\"item\":\"https:\\\/\\\/women-at.work\\\/shop\\\/\"},{\"@type\":\"ListItem\",\"position\":2,\"name\":\"Shop\",\"item\":\"https:\\\/\\\/women-at.work\\\/shop\\\/shop\\\/\"},{\"@type\":\"ListItem\",\"position\":3,\"name\":\"Kinderriegel Banderole &#8222;Winderlandschaft&#8220;- Vorlage zum Ausdrucken\"}]},{\"@type\":\"WebSite\",\"@id\":\"https:\\\/\\\/women-at.work\\\/shop\\\/#website\",\"url\":\"https:\\\/\\\/women-at.work\\\/shop\\\/\",\"name\":\"Women At Work Shop\",\"description\":\"Wundervolle Produkte f\u00fcr besondere Menschen\",\"publisher\":{\"@id\":\"https:\\\/\\\/women-at.work\\\/shop\\\/#organization\"},\"potentialAction\":[{\"@type\":\"SearchAction\",\"target\":{\"@type\":\"EntryPoint\",\"urlTemplate\":\"https:\\\/\\\/women-at.work\\\/shop\\\/?s={search_term_string}\"},\"query-input\":{\"@type\":\"PropertyValueSpecification\",\"valueRequired\":true,\"valueName\":\"search_term_string\"}}],\"inLanguage\":\"de\"},{\"@type\":\"Organization\",\"@id\":\"https:\\\/\\\/women-at.work\\\/shop\\\/#organization\",\"name\":\"Women At Work Shop\",\"url\":\"https:\\\/\\\/women-at.work\\\/shop\\\/\",\"logo\":{\"@type\":\"ImageObject\",\"inLanguage\":\"de\",\"@id\":\"https:\\\/\\\/women-at.work\\\/shop\\\/#\\\/schema\\\/logo\\\/image\\\/\",\"url\":\"https:\\\/\\\/women-at.work\\\/shop\\\/wp-content\\\/uploads\\\/2017\\\/05\\\/Shop_Logo.png\",\"contentUrl\":\"https:\\\/\\\/women-at.work\\\/shop\\\/wp-content\\\/uploads\\\/2017\\\/05\\\/Shop_Logo.png\",\"width\":305,\"height\":297,\"caption\":\"Women At Work Shop\"},\"image\":{\"@id\":\"https:\\\/\\\/women-at.work\\\/shop\\\/#\\\/schema\\\/logo\\\/image\\\/\"}}]}<\/script>\n<!-- \/ Yoast SEO plugin. -->","yoast_head_json":{"title":"Kinderriegel Banderole \"Winderlandschaft\"","description":"Eine schnelle Kinderriegel-Vorlage zum Ausdrucken f\u00fcr Banderole f\u00fcr den Geburtstag, Kleines Dankesch\u00f6n, Mitbringsel. Last-Minute Geschenk hier bestellen.","robots":{"index":"index","follow":"follow","max-snippet":"max-snippet:-1","max-image-preview":"max-image-preview:large","max-video-preview":"max-video-preview:-1"},"canonical":"https:\/\/women-at.work\/shop\/produkt\/kinderriegel-banderole-winderlandschaft\/","og_locale":"de_DE","og_type":"article","og_title":"Kinderriegel Banderole \"Winderlandschaft\"","og_description":"Eine schnelle Kinderriegel-Vorlage zum Ausdrucken f\u00fcr Banderole f\u00fcr den Geburtstag, Kleines Dankesch\u00f6n, Mitbringsel. Last-Minute Geschenk hier bestellen.","og_url":"https:\/\/women-at.work\/shop\/produkt\/kinderriegel-banderole-winderlandschaft\/","og_site_name":"Women At Work Shop","article_modified_time":"2026-01-05T21:03:59+00:00","og_image":[{"width":800,"height":1200,"url":"https:\/\/women-at.work\/shop\/wp-content\/uploads\/2025\/10\/kinderriegel-banderole-winderlandschaft.jpg","type":"image\/jpeg"}],"twitter_card":"summary_large_image","twitter_misc":{"Gesch\u00e4tzte Lesezeit":"2\u00a0Minuten"},"schema":{"@context":"https:\/\/schema.org","@graph":[{"@type":"WebPage","@id":"https:\/\/women-at.work\/shop\/produkt\/kinderriegel-banderole-winderlandschaft\/","url":"https:\/\/women-at.work\/shop\/produkt\/kinderriegel-banderole-winderlandschaft\/","name":"Kinderriegel Banderole \"Winderlandschaft\"","isPartOf":{"@id":"https:\/\/women-at.work\/shop\/#website"},"primaryImageOfPage":{"@id":"https:\/\/women-at.work\/shop\/produkt\/kinderriegel-banderole-winderlandschaft\/#primaryimage"},"image":{"@id":"https:\/\/women-at.work\/shop\/produkt\/kinderriegel-banderole-winderlandschaft\/#primaryimage"},"thumbnailUrl":"https:\/\/women-at.work\/shop\/wp-content\/uploads\/2025\/10\/kinderriegel-banderole-winderlandschaft.jpg","datePublished":"2025-10-24T16:12:56+00:00","dateModified":"2026-01-05T21:03:59+00:00","description":"Eine schnelle Kinderriegel-Vorlage zum Ausdrucken f\u00fcr Banderole f\u00fcr den Geburtstag, Kleines Dankesch\u00f6n, Mitbringsel. Last-Minute Geschenk hier bestellen.","breadcrumb":{"@id":"https:\/\/women-at.work\/shop\/produkt\/kinderriegel-banderole-winderlandschaft\/#breadcrumb"},"inLanguage":"de","potentialAction":[{"@type":"ReadAction","target":["https:\/\/women-at.work\/shop\/produkt\/kinderriegel-banderole-winderlandschaft\/"]}]},{"@type":"ImageObject","inLanguage":"de","@id":"https:\/\/women-at.work\/shop\/produkt\/kinderriegel-banderole-winderlandschaft\/#primaryimage","url":"https:\/\/women-at.work\/shop\/wp-content\/uploads\/2025\/10\/kinderriegel-banderole-winderlandschaft.jpg","contentUrl":"https:\/\/women-at.work\/shop\/wp-content\/uploads\/2025\/10\/kinderriegel-banderole-winderlandschaft.jpg","width":800,"height":1200},{"@type":"BreadcrumbList","@id":"https:\/\/women-at.work\/shop\/produkt\/kinderriegel-banderole-winderlandschaft\/#breadcrumb","itemListElement":[{"@type":"ListItem","position":1,"name":"Startseite","item":"https:\/\/women-at.work\/shop\/"},{"@type":"ListItem","position":2,"name":"Shop","item":"https:\/\/women-at.work\/shop\/shop\/"},{"@type":"ListItem","position":3,"name":"Kinderriegel Banderole &#8222;Winderlandschaft&#8220;- Vorlage zum Ausdrucken"}]},{"@type":"WebSite","@id":"https:\/\/women-at.work\/shop\/#website","url":"https:\/\/women-at.work\/shop\/","name":"Women At Work Shop","description":"Wundervolle Produkte f\u00fcr besondere Menschen","publisher":{"@id":"https:\/\/women-at.work\/shop\/#organization"},"potentialAction":[{"@type":"SearchAction","target":{"@type":"EntryPoint","urlTemplate":"https:\/\/women-at.work\/shop\/?s={search_term_string}"},"query-input":{"@type":"PropertyValueSpecification","valueRequired":true,"valueName":"search_term_string"}}],"inLanguage":"de"},{"@type":"Organization","@id":"https:\/\/women-at.work\/shop\/#organization","name":"Women At Work Shop","url":"https:\/\/women-at.work\/shop\/","logo":{"@type":"ImageObject","inLanguage":"de","@id":"https:\/\/women-at.work\/shop\/#\/schema\/logo\/image\/","url":"https:\/\/women-at.work\/shop\/wp-content\/uploads\/2017\/05\/Shop_Logo.png","contentUrl":"https:\/\/women-at.work\/shop\/wp-content\/uploads\/2017\/05\/Shop_Logo.png","width":305,"height":297,"caption":"Women At Work Shop"},"image":{"@id":"https:\/\/women-at.work\/shop\/#\/schema\/logo\/image\/"}}]}},"_links":{"self":[{"href":"https:\/\/women-at.work\/shop\/wp-json\/wp\/v2\/product\/20048","targetHints":{"allow":["GET"]}}],"collection":[{"href":"https:\/\/women-at.work\/shop\/wp-json\/wp\/v2\/product"}],"about":[{"href":"https:\/\/women-at.work\/shop\/wp-json\/wp\/v2\/types\/product"}],"replies":[{"embeddable":true,"href":"https:\/\/women-at.work\/shop\/wp-json\/wp\/v2\/comments?post=20048"}],"wp:featuredmedia":[{"embeddable":true,"href":"https:\/\/women-at.work\/shop\/wp-json\/wp\/v2\/media\/20049"}],"wp:attachment":[{"href":"https:\/\/women-at.work\/shop\/wp-json\/wp\/v2\/media?parent=20048"}],"wp:term":[{"taxonomy":"product_brand","embeddable":true,"href":"https:\/\/women-at.work\/shop\/wp-json\/wp\/v2\/product_brand?post=20048"},{"taxonomy":"product_cat","embeddable":true,"href":"https:\/\/women-at.work\/shop\/wp-json\/wp\/v2\/product_cat?post=20048"},{"taxonomy":"product_tag","embeddable":true,"href":"https:\/\/women-at.work\/shop\/wp-json\/wp\/v2\/product_tag?post=20048"}],"curies":[{"name":"wp","href":"https:\/\/api.w.org\/{rel}","templated":true}]}}