{"id":17283,"date":"2025-09-07T20:04:38","date_gmt":"2025-09-07T18:04:38","guid":{"rendered":"https:\/\/women-at.work\/shop\/?post_type=product&#038;p=17283"},"modified":"2025-09-08T08:45:23","modified_gmt":"2025-09-08T06:45:23","slug":"stay-cozy-digitales-poster-zum-selbstausdrucken-a4","status":"publish","type":"product","link":"https:\/\/women-at.work\/shop\/produkt\/stay-cozy-digitales-poster-zum-selbstausdrucken-a4\/","title":{"rendered":"Stay Cozy \u2013 Digitales Poster zum Selbstausdrucken (A4)"},"content":{"rendered":"<p data-start=\"126\" data-end=\"339\">Hol dir gem\u00fctliche Vibes f\u00fcr dein Zuhause! Mit unserem liebevoll gestalteten <strong data-start=\"205\" data-end=\"233\">\u201eStay Cozy\u201c Poster-Motiv<\/strong> bringst du W\u00e4rme und Wohlf\u00fchlatmosph\u00e4re in jeden Raum, ob im Wohnzimmer, Schlafzimmer oder Homeoffice.<\/p>\n<p data-start=\"341\" data-end=\"584\"><strong data-start=\"344\" data-end=\"366\">Wichtiger Hinweis: <\/strong>Es handelt sich um eine <strong data-start=\"393\" data-end=\"434\">digitale Datei (PDF im A4-Format)<\/strong>, die du bequem zu Hause oder im Copyshop deiner Wahl ausdrucken kannst. <strong data-start=\"507\" data-end=\"534\">Kein physischer Versand.<\/strong><\/p>\n<p data-start=\"586\" data-end=\"602\">\u2728 <strong data-start=\"588\" data-end=\"600\">Details:<\/strong><\/p>\n<ul data-start=\"603\" data-end=\"732\">\n<li data-start=\"603\" data-end=\"625\">\n<p data-start=\"605\" data-end=\"625\">Motiv: \u201eStay Cozy\u201c<\/p>\n<\/li>\n<li data-start=\"626\" data-end=\"655\">\n<p data-start=\"628\" data-end=\"655\">Format: A4 (21 x 29,7 cm)<\/p>\n<\/li>\n<li data-start=\"656\" data-end=\"698\">\n<p data-start=\"658\" data-end=\"698\">Datei: hochaufl\u00f6sender Druck (300 dpi)<\/p>\n<\/li>\n<\/ul>\n<p data-start=\"734\" data-end=\"807\">\ud83d\udda8\ufe0f <strong data-start=\"738\" data-end=\"767\">Empfehlung f\u00fcr den Druck:<\/strong><br data-start=\"767\" data-end=\"770\" \/>F\u00fcr beste Ergebnisse empfehlen wir:<\/p>\n<ul data-start=\"808\" data-end=\"1044\">\n<li data-start=\"808\" data-end=\"873\">\n<p data-start=\"810\" data-end=\"873\"><strong data-start=\"810\" data-end=\"839\">Papierst\u00e4rke 160\u2013250 g\/m\u00b2<\/strong>, je nach gew\u00fcnschter Stabilit\u00e4t<\/p>\n<\/li>\n<li data-start=\"874\" data-end=\"939\">\n<p data-start=\"876\" data-end=\"939\">mattes oder leicht strukturiertes Papier f\u00fcr einen edlen Look<\/p>\n<\/li>\n<li data-start=\"940\" data-end=\"1044\">\n<p data-start=\"942\" data-end=\"1044\">besonders sch\u00f6n wirkt das Poster, wenn es <strong data-start=\"984\" data-end=\"1025\">eingefasst in einem schlichten Rahmen<\/strong> pr\u00e4sentiert wird<\/p>\n<\/li>\n<\/ul>\n<p data-start=\"1046\" data-end=\"1175\">So kannst du dir schnell deine eigene Wohlf\u00fchl-Deko schaffen. Ganz nach deinem Geschmack und deinem Zuhause angepasst.<\/p>\n<p>Sobald die Zahlung bei uns eingegangen ist, wird der Download-Link an dich per E-Mail verschickt. Bei Zahlung per PayPal, ist der Download sofort verf\u00fcgbar. Es wird nichts per Post verschickt! <strong>Sollte die E-Mail nicht automatisch an Sie versendet werden, wenden Sie sich bitte an unseren Kundenservice per E-Mail oder Telefon. Bitte er\u00f6ffnen Sie keinen Fall bei PayPal. So k\u00f6nnen wir Ihnen schneller weiterhelfen!<\/strong><\/p>\n<p><em>Das Foto dient nur\u00a0 als Pr\u00e4sentationsvorschlag.<\/em><\/p>\n<p>Die Vorlage ist f\u00fcr den privaten Gebrauch und darf nicht f\u00fcr kommerzielle Zwecke genutzt oder weiter verbreitet werden.<\/p>\n","protected":false},"excerpt":{"rendered":"<p>Digitales Poster <em data-start=\"148\" data-end=\"159\">Stay Cozy<\/em> im A4-Format \u2013 sofort zum Download und Selbstausdrucken. Perfekt zum Einrahmen f\u00fcr dein gem\u00fctliches Zuhause.<\/p>\n","protected":false},"featured_media":17307,"comment_status":"open","ping_status":"closed","template":"","meta":[],"product_brand":[],"product_cat":[501,502],"product_tag":[],"class_list":{"0":"post-17283","1":"product","2":"type-product","3":"status-publish","4":"has-post-thumbnail","6":"product_cat-digitale-poster","7":"product_cat-herbst","9":"first","10":"instock","11":"downloadable","12":"virtual","13":"taxable","14":"purchasable","15":"product-type-simple"},"yoast_head":"<!-- This site is optimized with the Yoast SEO plugin v27.4 - https:\/\/yoast.com\/product\/yoast-seo-wordpress\/ -->\n<title>Stay Cozy \u2013 Digitales Poster zum Selbstausdrucken (A4) - Women At Work Shop<\/title>\n<meta name=\"robots\" content=\"index, follow, max-snippet:-1, max-image-preview:large, max-video-preview:-1\" \/>\n<link rel=\"canonical\" href=\"https:\/\/women-at.work\/shop\/produkt\/stay-cozy-digitales-poster-zum-selbstausdrucken-a4\/\" \/>\n<meta property=\"og:locale\" content=\"de_DE\" \/>\n<meta property=\"og:type\" content=\"article\" \/>\n<meta property=\"og:title\" content=\"Stay Cozy \u2013 Digitales Poster zum Selbstausdrucken (A4) - Women At Work Shop\" \/>\n<meta property=\"og:description\" content=\"Digitales Poster Stay Cozy im A4-Format \u2013 sofort zum Download und Selbstausdrucken. Perfekt zum Einrahmen f\u00fcr dein gem\u00fctliches Zuhause.\" \/>\n<meta property=\"og:url\" content=\"https:\/\/women-at.work\/shop\/produkt\/stay-cozy-digitales-poster-zum-selbstausdrucken-a4\/\" \/>\n<meta property=\"og:site_name\" content=\"Women At Work Shop\" \/>\n<meta property=\"article:modified_time\" content=\"2025-09-08T06:45:23+00:00\" \/>\n<meta property=\"og:image\" content=\"https:\/\/women-at.work\/shop\/wp-content\/uploads\/2025\/09\/Stay-Cozy-1.jpg\" \/>\n\t<meta property=\"og:image:width\" content=\"800\" \/>\n\t<meta property=\"og:image:height\" content=\"800\" \/>\n\t<meta property=\"og:image:type\" content=\"image\/jpeg\" \/>\n<meta name=\"twitter:card\" content=\"summary_large_image\" \/>\n<meta name=\"twitter:label1\" content=\"Gesch\u00e4tzte Lesezeit\" \/>\n\t<meta name=\"twitter:data1\" content=\"2\u00a0Minuten\" \/>\n<script type=\"application\/ld+json\" class=\"yoast-schema-graph\">{\"@context\":\"https:\\\/\\\/schema.org\",\"@graph\":[{\"@type\":\"WebPage\",\"@id\":\"https:\\\/\\\/women-at.work\\\/shop\\\/produkt\\\/stay-cozy-digitales-poster-zum-selbstausdrucken-a4\\\/\",\"url\":\"https:\\\/\\\/women-at.work\\\/shop\\\/produkt\\\/stay-cozy-digitales-poster-zum-selbstausdrucken-a4\\\/\",\"name\":\"Stay Cozy \u2013 Digitales Poster zum Selbstausdrucken (A4) - Women At Work Shop\",\"isPartOf\":{\"@id\":\"https:\\\/\\\/women-at.work\\\/shop\\\/#website\"},\"primaryImageOfPage\":{\"@id\":\"https:\\\/\\\/women-at.work\\\/shop\\\/produkt\\\/stay-cozy-digitales-poster-zum-selbstausdrucken-a4\\\/#primaryimage\"},\"image\":{\"@id\":\"https:\\\/\\\/women-at.work\\\/shop\\\/produkt\\\/stay-cozy-digitales-poster-zum-selbstausdrucken-a4\\\/#primaryimage\"},\"thumbnailUrl\":\"https:\\\/\\\/women-at.work\\\/shop\\\/wp-content\\\/uploads\\\/2025\\\/09\\\/Stay-Cozy-1.jpg\",\"datePublished\":\"2025-09-07T18:04:38+00:00\",\"dateModified\":\"2025-09-08T06:45:23+00:00\",\"breadcrumb\":{\"@id\":\"https:\\\/\\\/women-at.work\\\/shop\\\/produkt\\\/stay-cozy-digitales-poster-zum-selbstausdrucken-a4\\\/#breadcrumb\"},\"inLanguage\":\"de\",\"potentialAction\":[{\"@type\":\"ReadAction\",\"target\":[\"https:\\\/\\\/women-at.work\\\/shop\\\/produkt\\\/stay-cozy-digitales-poster-zum-selbstausdrucken-a4\\\/\"]}]},{\"@type\":\"ImageObject\",\"inLanguage\":\"de\",\"@id\":\"https:\\\/\\\/women-at.work\\\/shop\\\/produkt\\\/stay-cozy-digitales-poster-zum-selbstausdrucken-a4\\\/#primaryimage\",\"url\":\"https:\\\/\\\/women-at.work\\\/shop\\\/wp-content\\\/uploads\\\/2025\\\/09\\\/Stay-Cozy-1.jpg\",\"contentUrl\":\"https:\\\/\\\/women-at.work\\\/shop\\\/wp-content\\\/uploads\\\/2025\\\/09\\\/Stay-Cozy-1.jpg\",\"width\":800,\"height\":800,\"caption\":\"Stay-Cozy\"},{\"@type\":\"BreadcrumbList\",\"@id\":\"https:\\\/\\\/women-at.work\\\/shop\\\/produkt\\\/stay-cozy-digitales-poster-zum-selbstausdrucken-a4\\\/#breadcrumb\",\"itemListElement\":[{\"@type\":\"ListItem\",\"position\":1,\"name\":\"Startseite\",\"item\":\"https:\\\/\\\/women-at.work\\\/shop\\\/\"},{\"@type\":\"ListItem\",\"position\":2,\"name\":\"Shop\",\"item\":\"https:\\\/\\\/women-at.work\\\/shop\\\/shop\\\/\"},{\"@type\":\"ListItem\",\"position\":3,\"name\":\"Stay Cozy \u2013 Digitales Poster zum Selbstausdrucken (A4)\"}]},{\"@type\":\"WebSite\",\"@id\":\"https:\\\/\\\/women-at.work\\\/shop\\\/#website\",\"url\":\"https:\\\/\\\/women-at.work\\\/shop\\\/\",\"name\":\"Women At Work Shop\",\"description\":\"Wundervolle Produkte f\u00fcr besondere Menschen\",\"publisher\":{\"@id\":\"https:\\\/\\\/women-at.work\\\/shop\\\/#organization\"},\"potentialAction\":[{\"@type\":\"SearchAction\",\"target\":{\"@type\":\"EntryPoint\",\"urlTemplate\":\"https:\\\/\\\/women-at.work\\\/shop\\\/?s={search_term_string}\"},\"query-input\":{\"@type\":\"PropertyValueSpecification\",\"valueRequired\":true,\"valueName\":\"search_term_string\"}}],\"inLanguage\":\"de\"},{\"@type\":\"Organization\",\"@id\":\"https:\\\/\\\/women-at.work\\\/shop\\\/#organization\",\"name\":\"Women At Work Shop\",\"url\":\"https:\\\/\\\/women-at.work\\\/shop\\\/\",\"logo\":{\"@type\":\"ImageObject\",\"inLanguage\":\"de\",\"@id\":\"https:\\\/\\\/women-at.work\\\/shop\\\/#\\\/schema\\\/logo\\\/image\\\/\",\"url\":\"https:\\\/\\\/women-at.work\\\/shop\\\/wp-content\\\/uploads\\\/2017\\\/05\\\/Shop_Logo.png\",\"contentUrl\":\"https:\\\/\\\/women-at.work\\\/shop\\\/wp-content\\\/uploads\\\/2017\\\/05\\\/Shop_Logo.png\",\"width\":305,\"height\":297,\"caption\":\"Women At Work Shop\"},\"image\":{\"@id\":\"https:\\\/\\\/women-at.work\\\/shop\\\/#\\\/schema\\\/logo\\\/image\\\/\"}}]}<\/script>\n<!-- \/ Yoast SEO plugin. -->","yoast_head_json":{"title":"Stay Cozy \u2013 Digitales Poster zum Selbstausdrucken (A4) - Women At Work Shop","robots":{"index":"index","follow":"follow","max-snippet":"max-snippet:-1","max-image-preview":"max-image-preview:large","max-video-preview":"max-video-preview:-1"},"canonical":"https:\/\/women-at.work\/shop\/produkt\/stay-cozy-digitales-poster-zum-selbstausdrucken-a4\/","og_locale":"de_DE","og_type":"article","og_title":"Stay Cozy \u2013 Digitales Poster zum Selbstausdrucken (A4) - Women At Work Shop","og_description":"Digitales Poster Stay Cozy im A4-Format \u2013 sofort zum Download und Selbstausdrucken. Perfekt zum Einrahmen f\u00fcr dein gem\u00fctliches Zuhause.","og_url":"https:\/\/women-at.work\/shop\/produkt\/stay-cozy-digitales-poster-zum-selbstausdrucken-a4\/","og_site_name":"Women At Work Shop","article_modified_time":"2025-09-08T06:45:23+00:00","og_image":[{"width":800,"height":800,"url":"https:\/\/women-at.work\/shop\/wp-content\/uploads\/2025\/09\/Stay-Cozy-1.jpg","type":"image\/jpeg"}],"twitter_card":"summary_large_image","twitter_misc":{"Gesch\u00e4tzte Lesezeit":"2\u00a0Minuten"},"schema":{"@context":"https:\/\/schema.org","@graph":[{"@type":"WebPage","@id":"https:\/\/women-at.work\/shop\/produkt\/stay-cozy-digitales-poster-zum-selbstausdrucken-a4\/","url":"https:\/\/women-at.work\/shop\/produkt\/stay-cozy-digitales-poster-zum-selbstausdrucken-a4\/","name":"Stay Cozy \u2013 Digitales Poster zum Selbstausdrucken (A4) - Women At Work Shop","isPartOf":{"@id":"https:\/\/women-at.work\/shop\/#website"},"primaryImageOfPage":{"@id":"https:\/\/women-at.work\/shop\/produkt\/stay-cozy-digitales-poster-zum-selbstausdrucken-a4\/#primaryimage"},"image":{"@id":"https:\/\/women-at.work\/shop\/produkt\/stay-cozy-digitales-poster-zum-selbstausdrucken-a4\/#primaryimage"},"thumbnailUrl":"https:\/\/women-at.work\/shop\/wp-content\/uploads\/2025\/09\/Stay-Cozy-1.jpg","datePublished":"2025-09-07T18:04:38+00:00","dateModified":"2025-09-08T06:45:23+00:00","breadcrumb":{"@id":"https:\/\/women-at.work\/shop\/produkt\/stay-cozy-digitales-poster-zum-selbstausdrucken-a4\/#breadcrumb"},"inLanguage":"de","potentialAction":[{"@type":"ReadAction","target":["https:\/\/women-at.work\/shop\/produkt\/stay-cozy-digitales-poster-zum-selbstausdrucken-a4\/"]}]},{"@type":"ImageObject","inLanguage":"de","@id":"https:\/\/women-at.work\/shop\/produkt\/stay-cozy-digitales-poster-zum-selbstausdrucken-a4\/#primaryimage","url":"https:\/\/women-at.work\/shop\/wp-content\/uploads\/2025\/09\/Stay-Cozy-1.jpg","contentUrl":"https:\/\/women-at.work\/shop\/wp-content\/uploads\/2025\/09\/Stay-Cozy-1.jpg","width":800,"height":800,"caption":"Stay-Cozy"},{"@type":"BreadcrumbList","@id":"https:\/\/women-at.work\/shop\/produkt\/stay-cozy-digitales-poster-zum-selbstausdrucken-a4\/#breadcrumb","itemListElement":[{"@type":"ListItem","position":1,"name":"Startseite","item":"https:\/\/women-at.work\/shop\/"},{"@type":"ListItem","position":2,"name":"Shop","item":"https:\/\/women-at.work\/shop\/shop\/"},{"@type":"ListItem","position":3,"name":"Stay Cozy \u2013 Digitales Poster zum Selbstausdrucken (A4)"}]},{"@type":"WebSite","@id":"https:\/\/women-at.work\/shop\/#website","url":"https:\/\/women-at.work\/shop\/","name":"Women At Work Shop","description":"Wundervolle Produkte f\u00fcr besondere Menschen","publisher":{"@id":"https:\/\/women-at.work\/shop\/#organization"},"potentialAction":[{"@type":"SearchAction","target":{"@type":"EntryPoint","urlTemplate":"https:\/\/women-at.work\/shop\/?s={search_term_string}"},"query-input":{"@type":"PropertyValueSpecification","valueRequired":true,"valueName":"search_term_string"}}],"inLanguage":"de"},{"@type":"Organization","@id":"https:\/\/women-at.work\/shop\/#organization","name":"Women At Work Shop","url":"https:\/\/women-at.work\/shop\/","logo":{"@type":"ImageObject","inLanguage":"de","@id":"https:\/\/women-at.work\/shop\/#\/schema\/logo\/image\/","url":"https:\/\/women-at.work\/shop\/wp-content\/uploads\/2017\/05\/Shop_Logo.png","contentUrl":"https:\/\/women-at.work\/shop\/wp-content\/uploads\/2017\/05\/Shop_Logo.png","width":305,"height":297,"caption":"Women At Work Shop"},"image":{"@id":"https:\/\/women-at.work\/shop\/#\/schema\/logo\/image\/"}}]}},"_links":{"self":[{"href":"https:\/\/women-at.work\/shop\/wp-json\/wp\/v2\/product\/17283","targetHints":{"allow":["GET"]}}],"collection":[{"href":"https:\/\/women-at.work\/shop\/wp-json\/wp\/v2\/product"}],"about":[{"href":"https:\/\/women-at.work\/shop\/wp-json\/wp\/v2\/types\/product"}],"replies":[{"embeddable":true,"href":"https:\/\/women-at.work\/shop\/wp-json\/wp\/v2\/comments?post=17283"}],"wp:featuredmedia":[{"embeddable":true,"href":"https:\/\/women-at.work\/shop\/wp-json\/wp\/v2\/media\/17307"}],"wp:attachment":[{"href":"https:\/\/women-at.work\/shop\/wp-json\/wp\/v2\/media?parent=17283"}],"wp:term":[{"taxonomy":"product_brand","embeddable":true,"href":"https:\/\/women-at.work\/shop\/wp-json\/wp\/v2\/product_brand?post=17283"},{"taxonomy":"product_cat","embeddable":true,"href":"https:\/\/women-at.work\/shop\/wp-json\/wp\/v2\/product_cat?post=17283"},{"taxonomy":"product_tag","embeddable":true,"href":"https:\/\/women-at.work\/shop\/wp-json\/wp\/v2\/product_tag?post=17283"}],"curies":[{"name":"wp","href":"https:\/\/api.w.org\/{rel}","templated":true}]}}