{"id":15000,"date":"2025-08-03T10:31:56","date_gmt":"2025-08-03T08:31:56","guid":{"rendered":"https:\/\/women-at.work\/shop\/?post_type=product&#038;p=15000"},"modified":"2025-09-29T22:53:17","modified_gmt":"2025-09-29T20:53:17","slug":"3-vorlagen-fuer-geldgeschenk-verpackungen","status":"publish","type":"product","link":"https:\/\/women-at.work\/shop\/produkt\/3-vorlagen-fuer-geldgeschenk-verpackungen\/","title":{"rendered":"Bundle: 3 Vorlagen f\u00fcr Geldgeschenk-Verpackungen | Vorlagen zum Ausdrucken"},"content":{"rendered":"<p>In dem Bundle f\u00fcr 3 Konfettit\u00fcten f\u00fcr Geldgeschenke und Gutscheine sind folgende Vorlagen enthalten:<\/p>\n<p>&#8211; <strong>&#8222;Geldw\u00e4sche&#8220; Konfetti-T\u00fcte<\/strong> Vorlage, mit einem Spruch f\u00fcr die Vorderseite (Achtung Geldw\u00e4sche) und Gl\u00fcckw\u00fcnsche f\u00fcr folgende Anl\u00e4sse: neutraler Geburtstagsgru\u00df, Pr\u00fcfung, F\u00fchrerschein, Geburt, Taufe, neuer Job, Ruhestand, Konfirmation, Kommunion, Firmung, Jugendweihe und Abitur.<span id=\"1\" class=\"HALYaf KKjvXb\" role=\"tabpanel\"><\/span> Au\u00dferdem noch &#8222;Schonend behandeln, das gute St\u00fcck ist&#8230;&#8220; Motive f\u00fcr die Geburtstage 20 bis 90 sowie ein leeres Feld f\u00fcr eine individuelle Zahl.<\/p>\n<p>&#8211; <strong>&#8222;Kieskanne&#8220; Konfetti-T\u00fcte<\/strong> Vorlage, mit einem Spruch f\u00fcr die Vorderseite (mit zwei Versionen der Gieskanne) und 18 Gl\u00fcckw\u00fcnsche f\u00fcr folgende Anl\u00e4sse: 10.-80. Geburtstag, neutraler Geburtstagsgru\u00df, Pr\u00fcfung, F\u00fchrerschein, Geburt, Taufe, neuer Job, Ruhestand, Konfirmation, Kommunion, Firmung, Jugendweihe und Abitur.<span id=\"1\" class=\"HALYaf KKjvXb\" role=\"tabpanel\"><\/span><\/p>\n<p>&#8211; <strong>&#8222;Ein kleiner Geldregen f\u00fcr dich&#8220; Konfetti-T\u00fcte<\/strong> Vorlage, mit einem Spruch f\u00fcr die Vorderseite und 18 Gl\u00fcckw\u00fcnsche f\u00fcr folgende Anl\u00e4sse: 10.-80. Geburtstag, neutraler Geburtstagsgru\u00df, Pr\u00fcfung, F\u00fchrerschein, Geburt, Taufe, neuer Job, Ruhestand, Konfirmation, Kommunion, Firmung, Jugendweihe und Abitur.<span id=\"1\" class=\"HALYaf KKjvXb\" role=\"tabpanel\"><\/span><\/p>\n<p><a href=\"https:\/\/trytrytry.de\/2025\/01\/geldgeschenk-zum-aufreissen-konfetti-tueten-als-geschenkverpackung\/\">Zur Anleitung zum Zusammenbauen der Konfetti T\u00fcten<\/a><\/p>\n<p>Sobald die Zahlung bei uns eingegangen ist, wird der Download-Link an dich per E-Mail verschickt. Bei Zahlung per PayPal, ist der Download sofort verf\u00fcgbar.<\/p>\n<p><em>Die Bilder dienen nur als Pr\u00e4sentationsvorschlag. Es erfolg ein rein digitaler Versand und wird als PDF-Datei zur Verf\u00fcgung gestellt.<\/em><\/p>\n<p>Die Vorlage ist f\u00fcr den privaten Gebrauch und darf nicht f\u00fcr kommerzielle Zwecke genutzt werden.<\/p>\n","protected":false},"excerpt":{"rendered":"<p>In dem Bundle f\u00fcr Geldgeschenk-Verpackungen sind 3 Vorlagen enthalten.<\/p>\n","protected":false},"featured_media":19656,"comment_status":"open","ping_status":"closed","template":"","meta":[],"product_brand":[],"product_cat":[402,405,268],"product_tag":[397,396,395,398,348,391],"class_list":{"0":"post-15000","1":"product","2":"type-product","3":"status-publish","4":"has-post-thumbnail","6":"product_cat-geburtstag","7":"product_cat-hochzeit","8":"product_cat-vorlagen","9":"product_tag-geld-verpacken","10":"product_tag-geldgeschenk","11":"product_tag-gutschein","12":"product_tag-gutschein-verpacken","13":"product_tag-vorlage-zum-ausdrucken","14":"product_tag-vorlage-zum-herunterladen","15":"product_shipping_class-virtuelle-produkte","17":"first","18":"instock","19":"sale","20":"downloadable","21":"virtual","22":"taxable","23":"purchasable","24":"product-type-simple"},"yoast_head":"<!-- This site is optimized with the Yoast SEO plugin v27.4 - https:\/\/yoast.com\/product\/yoast-seo-wordpress\/ -->\n<title>Konfetti T\u00fcten f\u00fcr Geldgeschenke oder Gutscheine<\/title>\n<meta name=\"description\" content=\"Du kannst Geldgeschenke mit diesem Bundle selbst basteln. Mit 3 verschiedenen Vorlagen zum Ausdrucken. Hier klicken und verschenken.\" \/>\n<meta name=\"robots\" content=\"index, follow, max-snippet:-1, max-image-preview:large, max-video-preview:-1\" \/>\n<link rel=\"canonical\" href=\"https:\/\/women-at.work\/shop\/produkt\/3-vorlagen-fuer-geldgeschenk-verpackungen\/\" \/>\n<meta property=\"og:locale\" content=\"de_DE\" \/>\n<meta property=\"og:type\" content=\"article\" \/>\n<meta property=\"og:title\" content=\"Konfetti T\u00fcten f\u00fcr Geldgeschenke oder Gutscheine\" \/>\n<meta property=\"og:description\" content=\"Du kannst Geldgeschenke mit diesem Bundle selbst basteln. Mit 3 verschiedenen Vorlagen zum Ausdrucken. Hier klicken und verschenken.\" \/>\n<meta property=\"og:url\" content=\"https:\/\/women-at.work\/shop\/produkt\/3-vorlagen-fuer-geldgeschenk-verpackungen\/\" \/>\n<meta property=\"og:site_name\" content=\"Women At Work Shop\" \/>\n<meta property=\"article:modified_time\" content=\"2025-09-29T20:53:17+00:00\" \/>\n<meta property=\"og:image\" content=\"https:\/\/women-at.work\/shop\/wp-content\/uploads\/2025\/08\/Bundle-3-Vorlagen-fuer-Geldgeschenk-Verpackungen-Vorlagen-zum-Ausdrucken.jpg\" \/>\n\t<meta property=\"og:image:width\" content=\"2147\" \/>\n\t<meta property=\"og:image:height\" content=\"1200\" \/>\n\t<meta property=\"og:image:type\" content=\"image\/jpeg\" \/>\n<meta name=\"twitter:card\" content=\"summary_large_image\" \/>\n<meta name=\"twitter:label1\" content=\"Gesch\u00e4tzte Lesezeit\" \/>\n\t<meta name=\"twitter:data1\" content=\"2\u00a0Minuten\" \/>\n<script type=\"application\/ld+json\" class=\"yoast-schema-graph\">{\"@context\":\"https:\\\/\\\/schema.org\",\"@graph\":[{\"@type\":\"WebPage\",\"@id\":\"https:\\\/\\\/women-at.work\\\/shop\\\/produkt\\\/3-vorlagen-fuer-geldgeschenk-verpackungen\\\/\",\"url\":\"https:\\\/\\\/women-at.work\\\/shop\\\/produkt\\\/3-vorlagen-fuer-geldgeschenk-verpackungen\\\/\",\"name\":\"Konfetti T\u00fcten f\u00fcr Geldgeschenke oder Gutscheine\",\"isPartOf\":{\"@id\":\"https:\\\/\\\/women-at.work\\\/shop\\\/#website\"},\"primaryImageOfPage\":{\"@id\":\"https:\\\/\\\/women-at.work\\\/shop\\\/produkt\\\/3-vorlagen-fuer-geldgeschenk-verpackungen\\\/#primaryimage\"},\"image\":{\"@id\":\"https:\\\/\\\/women-at.work\\\/shop\\\/produkt\\\/3-vorlagen-fuer-geldgeschenk-verpackungen\\\/#primaryimage\"},\"thumbnailUrl\":\"https:\\\/\\\/women-at.work\\\/shop\\\/wp-content\\\/uploads\\\/2025\\\/08\\\/Bundle-3-Vorlagen-fuer-Geldgeschenk-Verpackungen-Vorlagen-zum-Ausdrucken.jpg\",\"datePublished\":\"2025-08-03T08:31:56+00:00\",\"dateModified\":\"2025-09-29T20:53:17+00:00\",\"description\":\"Du kannst Geldgeschenke mit diesem Bundle selbst basteln. Mit 3 verschiedenen Vorlagen zum Ausdrucken. Hier klicken und verschenken.\",\"breadcrumb\":{\"@id\":\"https:\\\/\\\/women-at.work\\\/shop\\\/produkt\\\/3-vorlagen-fuer-geldgeschenk-verpackungen\\\/#breadcrumb\"},\"inLanguage\":\"de\",\"potentialAction\":[{\"@type\":\"ReadAction\",\"target\":[\"https:\\\/\\\/women-at.work\\\/shop\\\/produkt\\\/3-vorlagen-fuer-geldgeschenk-verpackungen\\\/\"]}]},{\"@type\":\"ImageObject\",\"inLanguage\":\"de\",\"@id\":\"https:\\\/\\\/women-at.work\\\/shop\\\/produkt\\\/3-vorlagen-fuer-geldgeschenk-verpackungen\\\/#primaryimage\",\"url\":\"https:\\\/\\\/women-at.work\\\/shop\\\/wp-content\\\/uploads\\\/2025\\\/08\\\/Bundle-3-Vorlagen-fuer-Geldgeschenk-Verpackungen-Vorlagen-zum-Ausdrucken.jpg\",\"contentUrl\":\"https:\\\/\\\/women-at.work\\\/shop\\\/wp-content\\\/uploads\\\/2025\\\/08\\\/Bundle-3-Vorlagen-fuer-Geldgeschenk-Verpackungen-Vorlagen-zum-Ausdrucken.jpg\",\"width\":2147,\"height\":1200,\"caption\":\"Bundle: 3 Vorlagen f\u00fcr Geldgeschenk-Verpackungen | Vorlagen zum Ausdrucken\"},{\"@type\":\"BreadcrumbList\",\"@id\":\"https:\\\/\\\/women-at.work\\\/shop\\\/produkt\\\/3-vorlagen-fuer-geldgeschenk-verpackungen\\\/#breadcrumb\",\"itemListElement\":[{\"@type\":\"ListItem\",\"position\":1,\"name\":\"Startseite\",\"item\":\"https:\\\/\\\/women-at.work\\\/shop\\\/\"},{\"@type\":\"ListItem\",\"position\":2,\"name\":\"Shop\",\"item\":\"https:\\\/\\\/women-at.work\\\/shop\\\/shop\\\/\"},{\"@type\":\"ListItem\",\"position\":3,\"name\":\"Bundle: 3 Vorlagen f\u00fcr Geldgeschenk-Verpackungen | Vorlagen zum Ausdrucken\"}]},{\"@type\":\"WebSite\",\"@id\":\"https:\\\/\\\/women-at.work\\\/shop\\\/#website\",\"url\":\"https:\\\/\\\/women-at.work\\\/shop\\\/\",\"name\":\"Women At Work Shop\",\"description\":\"Wundervolle Produkte f\u00fcr besondere Menschen\",\"publisher\":{\"@id\":\"https:\\\/\\\/women-at.work\\\/shop\\\/#organization\"},\"potentialAction\":[{\"@type\":\"SearchAction\",\"target\":{\"@type\":\"EntryPoint\",\"urlTemplate\":\"https:\\\/\\\/women-at.work\\\/shop\\\/?s={search_term_string}\"},\"query-input\":{\"@type\":\"PropertyValueSpecification\",\"valueRequired\":true,\"valueName\":\"search_term_string\"}}],\"inLanguage\":\"de\"},{\"@type\":\"Organization\",\"@id\":\"https:\\\/\\\/women-at.work\\\/shop\\\/#organization\",\"name\":\"Women At Work Shop\",\"url\":\"https:\\\/\\\/women-at.work\\\/shop\\\/\",\"logo\":{\"@type\":\"ImageObject\",\"inLanguage\":\"de\",\"@id\":\"https:\\\/\\\/women-at.work\\\/shop\\\/#\\\/schema\\\/logo\\\/image\\\/\",\"url\":\"https:\\\/\\\/women-at.work\\\/shop\\\/wp-content\\\/uploads\\\/2017\\\/05\\\/Shop_Logo.png\",\"contentUrl\":\"https:\\\/\\\/women-at.work\\\/shop\\\/wp-content\\\/uploads\\\/2017\\\/05\\\/Shop_Logo.png\",\"width\":305,\"height\":297,\"caption\":\"Women At Work Shop\"},\"image\":{\"@id\":\"https:\\\/\\\/women-at.work\\\/shop\\\/#\\\/schema\\\/logo\\\/image\\\/\"}}]}<\/script>\n<!-- \/ Yoast SEO plugin. -->","yoast_head_json":{"title":"Konfetti T\u00fcten f\u00fcr Geldgeschenke oder Gutscheine","description":"Du kannst Geldgeschenke mit diesem Bundle selbst basteln. Mit 3 verschiedenen Vorlagen zum Ausdrucken. Hier klicken und verschenken.","robots":{"index":"index","follow":"follow","max-snippet":"max-snippet:-1","max-image-preview":"max-image-preview:large","max-video-preview":"max-video-preview:-1"},"canonical":"https:\/\/women-at.work\/shop\/produkt\/3-vorlagen-fuer-geldgeschenk-verpackungen\/","og_locale":"de_DE","og_type":"article","og_title":"Konfetti T\u00fcten f\u00fcr Geldgeschenke oder Gutscheine","og_description":"Du kannst Geldgeschenke mit diesem Bundle selbst basteln. Mit 3 verschiedenen Vorlagen zum Ausdrucken. Hier klicken und verschenken.","og_url":"https:\/\/women-at.work\/shop\/produkt\/3-vorlagen-fuer-geldgeschenk-verpackungen\/","og_site_name":"Women At Work Shop","article_modified_time":"2025-09-29T20:53:17+00:00","og_image":[{"width":2147,"height":1200,"url":"https:\/\/women-at.work\/shop\/wp-content\/uploads\/2025\/08\/Bundle-3-Vorlagen-fuer-Geldgeschenk-Verpackungen-Vorlagen-zum-Ausdrucken.jpg","type":"image\/jpeg"}],"twitter_card":"summary_large_image","twitter_misc":{"Gesch\u00e4tzte Lesezeit":"2\u00a0Minuten"},"schema":{"@context":"https:\/\/schema.org","@graph":[{"@type":"WebPage","@id":"https:\/\/women-at.work\/shop\/produkt\/3-vorlagen-fuer-geldgeschenk-verpackungen\/","url":"https:\/\/women-at.work\/shop\/produkt\/3-vorlagen-fuer-geldgeschenk-verpackungen\/","name":"Konfetti T\u00fcten f\u00fcr Geldgeschenke oder Gutscheine","isPartOf":{"@id":"https:\/\/women-at.work\/shop\/#website"},"primaryImageOfPage":{"@id":"https:\/\/women-at.work\/shop\/produkt\/3-vorlagen-fuer-geldgeschenk-verpackungen\/#primaryimage"},"image":{"@id":"https:\/\/women-at.work\/shop\/produkt\/3-vorlagen-fuer-geldgeschenk-verpackungen\/#primaryimage"},"thumbnailUrl":"https:\/\/women-at.work\/shop\/wp-content\/uploads\/2025\/08\/Bundle-3-Vorlagen-fuer-Geldgeschenk-Verpackungen-Vorlagen-zum-Ausdrucken.jpg","datePublished":"2025-08-03T08:31:56+00:00","dateModified":"2025-09-29T20:53:17+00:00","description":"Du kannst Geldgeschenke mit diesem Bundle selbst basteln. Mit 3 verschiedenen Vorlagen zum Ausdrucken. Hier klicken und verschenken.","breadcrumb":{"@id":"https:\/\/women-at.work\/shop\/produkt\/3-vorlagen-fuer-geldgeschenk-verpackungen\/#breadcrumb"},"inLanguage":"de","potentialAction":[{"@type":"ReadAction","target":["https:\/\/women-at.work\/shop\/produkt\/3-vorlagen-fuer-geldgeschenk-verpackungen\/"]}]},{"@type":"ImageObject","inLanguage":"de","@id":"https:\/\/women-at.work\/shop\/produkt\/3-vorlagen-fuer-geldgeschenk-verpackungen\/#primaryimage","url":"https:\/\/women-at.work\/shop\/wp-content\/uploads\/2025\/08\/Bundle-3-Vorlagen-fuer-Geldgeschenk-Verpackungen-Vorlagen-zum-Ausdrucken.jpg","contentUrl":"https:\/\/women-at.work\/shop\/wp-content\/uploads\/2025\/08\/Bundle-3-Vorlagen-fuer-Geldgeschenk-Verpackungen-Vorlagen-zum-Ausdrucken.jpg","width":2147,"height":1200,"caption":"Bundle: 3 Vorlagen f\u00fcr Geldgeschenk-Verpackungen | Vorlagen zum Ausdrucken"},{"@type":"BreadcrumbList","@id":"https:\/\/women-at.work\/shop\/produkt\/3-vorlagen-fuer-geldgeschenk-verpackungen\/#breadcrumb","itemListElement":[{"@type":"ListItem","position":1,"name":"Startseite","item":"https:\/\/women-at.work\/shop\/"},{"@type":"ListItem","position":2,"name":"Shop","item":"https:\/\/women-at.work\/shop\/shop\/"},{"@type":"ListItem","position":3,"name":"Bundle: 3 Vorlagen f\u00fcr Geldgeschenk-Verpackungen | Vorlagen zum Ausdrucken"}]},{"@type":"WebSite","@id":"https:\/\/women-at.work\/shop\/#website","url":"https:\/\/women-at.work\/shop\/","name":"Women At Work Shop","description":"Wundervolle Produkte f\u00fcr besondere Menschen","publisher":{"@id":"https:\/\/women-at.work\/shop\/#organization"},"potentialAction":[{"@type":"SearchAction","target":{"@type":"EntryPoint","urlTemplate":"https:\/\/women-at.work\/shop\/?s={search_term_string}"},"query-input":{"@type":"PropertyValueSpecification","valueRequired":true,"valueName":"search_term_string"}}],"inLanguage":"de"},{"@type":"Organization","@id":"https:\/\/women-at.work\/shop\/#organization","name":"Women At Work Shop","url":"https:\/\/women-at.work\/shop\/","logo":{"@type":"ImageObject","inLanguage":"de","@id":"https:\/\/women-at.work\/shop\/#\/schema\/logo\/image\/","url":"https:\/\/women-at.work\/shop\/wp-content\/uploads\/2017\/05\/Shop_Logo.png","contentUrl":"https:\/\/women-at.work\/shop\/wp-content\/uploads\/2017\/05\/Shop_Logo.png","width":305,"height":297,"caption":"Women At Work Shop"},"image":{"@id":"https:\/\/women-at.work\/shop\/#\/schema\/logo\/image\/"}}]}},"_links":{"self":[{"href":"https:\/\/women-at.work\/shop\/wp-json\/wp\/v2\/product\/15000","targetHints":{"allow":["GET"]}}],"collection":[{"href":"https:\/\/women-at.work\/shop\/wp-json\/wp\/v2\/product"}],"about":[{"href":"https:\/\/women-at.work\/shop\/wp-json\/wp\/v2\/types\/product"}],"replies":[{"embeddable":true,"href":"https:\/\/women-at.work\/shop\/wp-json\/wp\/v2\/comments?post=15000"}],"wp:featuredmedia":[{"embeddable":true,"href":"https:\/\/women-at.work\/shop\/wp-json\/wp\/v2\/media\/19656"}],"wp:attachment":[{"href":"https:\/\/women-at.work\/shop\/wp-json\/wp\/v2\/media?parent=15000"}],"wp:term":[{"taxonomy":"product_brand","embeddable":true,"href":"https:\/\/women-at.work\/shop\/wp-json\/wp\/v2\/product_brand?post=15000"},{"taxonomy":"product_cat","embeddable":true,"href":"https:\/\/women-at.work\/shop\/wp-json\/wp\/v2\/product_cat?post=15000"},{"taxonomy":"product_tag","embeddable":true,"href":"https:\/\/women-at.work\/shop\/wp-json\/wp\/v2\/product_tag?post=15000"}],"curies":[{"name":"wp","href":"https:\/\/api.w.org\/{rel}","templated":true}]}}