{"id":14633,"date":"2025-06-26T23:01:50","date_gmt":"2025-06-26T21:01:50","guid":{"rendered":"https:\/\/women-at.work\/shop\/?post_type=product&#038;p=14633"},"modified":"2025-08-25T09:59:41","modified_gmt":"2025-08-25T07:59:41","slug":"etiketten-fuer-vorratsglaeser-vorlage-zum-ausdrucken","status":"publish","type":"product","link":"https:\/\/women-at.work\/shop\/produkt\/etiketten-fuer-vorratsglaeser-vorlage-zum-ausdrucken\/","title":{"rendered":"Etiketten f\u00fcr Vorratsgl\u00e4ser | Vorlage zum Ausdrucken"},"content":{"rendered":"<p>Etiketten zum Bekleben von Vorratsgl\u00e4sern und Beh\u00e4ltern gestalten.<\/p>\n<p>In dem Paket enthalten sind \/ Etiketten zum Ausdrucken f\u00fcr folgende Vorr\u00e4te: Mehl (Typ 405, 550 und 1050), Dinkelmehl, Natron, Kakao, Meersalz, Paniermehl, Puderzucker, Haferflocken, Reis, Gie\u00df, Salz, Linsen, Backpulver, Pasta, Brauner Zucker, Zucker, Vanillezucker und Kaffee in drei verschiedenen Gr\u00f6\u00dfen.<\/p>\n<p>Sobald die Zahlung bei uns eingegangen ist, wird der Download-Link an dich per E-Mail verschickt. Bei Zahlung per PayPal, ist der Download sofort verf\u00fcgbar. <strong>Sollte die E-Mail nicht automatisch an Sie versendet werden, wenden Sie sich bitte an unseren Kundenservice per E-Mail oder Telefon. Bitte er\u00f6ffnen Sie keinen Fall bei PayPal. So k\u00f6nnen wir Ihnen schneller weiterhelfen!<\/strong><\/p>\n<p><em>Die Gl\u00e4ser werden nicht versendet. Sie dienen nur als Pr\u00e4sentationsvorschlag.<\/em><\/p>\n<p>Die Vorlage ist f\u00fcr den privaten Gebrauch und darf nicht f\u00fcr kommerzielle Zwecke genutzt werden.<\/p>\n","protected":false},"excerpt":{"rendered":"<p>Etiketten zum Bekleben von Vorratsgl\u00e4sern und Beh\u00e4ltern gestalten.<\/p>\n","protected":false},"featured_media":14634,"comment_status":"open","ping_status":"closed","template":"","meta":[],"product_brand":[],"product_cat":[483,268],"product_tag":[479,478,476,477,297,348,474,475],"class_list":{"0":"post-14633","1":"product","2":"type-product","3":"status-publish","4":"has-post-thumbnail","6":"product_cat-ordnung","7":"product_cat-vorlagen","8":"product_tag-etiketten","9":"product_tag-kueche","10":"product_tag-ordnung","11":"product_tag-organisieren","12":"product_tag-vorlage","13":"product_tag-vorlage-zum-ausdrucken","14":"product_tag-vorrat","15":"product_tag-vorratsglas","16":"product_shipping_class-virtuelle-produkte","18":"first","19":"instock","20":"downloadable","21":"virtual","22":"taxable","23":"purchasable","24":"product-type-simple"},"yoast_head":"<!-- This site is optimized with the Yoast SEO plugin v27.3 - https:\/\/yoast.com\/product\/yoast-seo-wordpress\/ -->\n<title>Etiketten f\u00fcr Vorratsgl\u00e4ser | Vorlage zum Ausdrucken<\/title>\n<meta name=\"description\" content=\"Entdecke diese Etiketten zum Bekleben von Vorratsgl\u00e4sern. Einfach ausdrucken, aufkleben und mehr Ordnung ins K\u00fcchenregal bringen.\" \/>\n<meta name=\"robots\" content=\"index, follow, max-snippet:-1, max-image-preview:large, max-video-preview:-1\" \/>\n<link rel=\"canonical\" href=\"https:\/\/women-at.work\/shop\/produkt\/etiketten-fuer-vorratsglaeser-vorlage-zum-ausdrucken\/\" \/>\n<meta property=\"og:locale\" content=\"de_DE\" \/>\n<meta property=\"og:type\" content=\"article\" \/>\n<meta property=\"og:title\" content=\"Etiketten f\u00fcr Vorratsgl\u00e4ser | Vorlage zum Ausdrucken\" \/>\n<meta property=\"og:description\" content=\"Entdecke diese Etiketten zum Bekleben von Vorratsgl\u00e4sern. Einfach ausdrucken, aufkleben und mehr Ordnung ins K\u00fcchenregal bringen.\" \/>\n<meta property=\"og:url\" content=\"https:\/\/women-at.work\/shop\/produkt\/etiketten-fuer-vorratsglaeser-vorlage-zum-ausdrucken\/\" \/>\n<meta property=\"og:site_name\" content=\"Women At Work Shop\" \/>\n<meta property=\"article:modified_time\" content=\"2025-08-25T07:59:41+00:00\" \/>\n<meta property=\"og:image\" content=\"https:\/\/women-at.work\/shop\/wp-content\/uploads\/2025\/06\/Etiketten-fuer-Vorratsglaeser-Vorlage-zum-Ausdrucken.jpg\" \/>\n\t<meta property=\"og:image:width\" content=\"800\" \/>\n\t<meta property=\"og:image:height\" content=\"600\" \/>\n\t<meta property=\"og:image:type\" content=\"image\/jpeg\" \/>\n<meta name=\"twitter:card\" content=\"summary_large_image\" \/>\n<meta name=\"twitter:label1\" content=\"Gesch\u00e4tzte Lesezeit\" \/>\n\t<meta name=\"twitter:data1\" content=\"1\u00a0Minute\" \/>\n<script type=\"application\/ld+json\" class=\"yoast-schema-graph\">{\"@context\":\"https:\\\/\\\/schema.org\",\"@graph\":[{\"@type\":\"WebPage\",\"@id\":\"https:\\\/\\\/women-at.work\\\/shop\\\/produkt\\\/etiketten-fuer-vorratsglaeser-vorlage-zum-ausdrucken\\\/\",\"url\":\"https:\\\/\\\/women-at.work\\\/shop\\\/produkt\\\/etiketten-fuer-vorratsglaeser-vorlage-zum-ausdrucken\\\/\",\"name\":\"Etiketten f\u00fcr Vorratsgl\u00e4ser | Vorlage zum Ausdrucken\",\"isPartOf\":{\"@id\":\"https:\\\/\\\/women-at.work\\\/shop\\\/#website\"},\"primaryImageOfPage\":{\"@id\":\"https:\\\/\\\/women-at.work\\\/shop\\\/produkt\\\/etiketten-fuer-vorratsglaeser-vorlage-zum-ausdrucken\\\/#primaryimage\"},\"image\":{\"@id\":\"https:\\\/\\\/women-at.work\\\/shop\\\/produkt\\\/etiketten-fuer-vorratsglaeser-vorlage-zum-ausdrucken\\\/#primaryimage\"},\"thumbnailUrl\":\"https:\\\/\\\/women-at.work\\\/shop\\\/wp-content\\\/uploads\\\/2025\\\/06\\\/Etiketten-fuer-Vorratsglaeser-Vorlage-zum-Ausdrucken.jpg\",\"datePublished\":\"2025-06-26T21:01:50+00:00\",\"dateModified\":\"2025-08-25T07:59:41+00:00\",\"description\":\"Entdecke diese Etiketten zum Bekleben von Vorratsgl\u00e4sern. Einfach ausdrucken, aufkleben und mehr Ordnung ins K\u00fcchenregal bringen.\",\"breadcrumb\":{\"@id\":\"https:\\\/\\\/women-at.work\\\/shop\\\/produkt\\\/etiketten-fuer-vorratsglaeser-vorlage-zum-ausdrucken\\\/#breadcrumb\"},\"inLanguage\":\"de\",\"potentialAction\":[{\"@type\":\"ReadAction\",\"target\":[\"https:\\\/\\\/women-at.work\\\/shop\\\/produkt\\\/etiketten-fuer-vorratsglaeser-vorlage-zum-ausdrucken\\\/\"]}]},{\"@type\":\"ImageObject\",\"inLanguage\":\"de\",\"@id\":\"https:\\\/\\\/women-at.work\\\/shop\\\/produkt\\\/etiketten-fuer-vorratsglaeser-vorlage-zum-ausdrucken\\\/#primaryimage\",\"url\":\"https:\\\/\\\/women-at.work\\\/shop\\\/wp-content\\\/uploads\\\/2025\\\/06\\\/Etiketten-fuer-Vorratsglaeser-Vorlage-zum-Ausdrucken.jpg\",\"contentUrl\":\"https:\\\/\\\/women-at.work\\\/shop\\\/wp-content\\\/uploads\\\/2025\\\/06\\\/Etiketten-fuer-Vorratsglaeser-Vorlage-zum-Ausdrucken.jpg\",\"width\":800,\"height\":600,\"caption\":\"Etiketten f\u00fcr Vorratsgl\u00e4ser | Vorlage zum Ausdrucken\"},{\"@type\":\"BreadcrumbList\",\"@id\":\"https:\\\/\\\/women-at.work\\\/shop\\\/produkt\\\/etiketten-fuer-vorratsglaeser-vorlage-zum-ausdrucken\\\/#breadcrumb\",\"itemListElement\":[{\"@type\":\"ListItem\",\"position\":1,\"name\":\"Startseite\",\"item\":\"https:\\\/\\\/women-at.work\\\/shop\\\/\"},{\"@type\":\"ListItem\",\"position\":2,\"name\":\"Shop\",\"item\":\"https:\\\/\\\/women-at.work\\\/shop\\\/shop\\\/\"},{\"@type\":\"ListItem\",\"position\":3,\"name\":\"Etiketten f\u00fcr Vorratsgl\u00e4ser | Vorlage zum Ausdrucken\"}]},{\"@type\":\"WebSite\",\"@id\":\"https:\\\/\\\/women-at.work\\\/shop\\\/#website\",\"url\":\"https:\\\/\\\/women-at.work\\\/shop\\\/\",\"name\":\"Women At Work Shop\",\"description\":\"Wundervolle Produkte f\u00fcr besondere Menschen\",\"publisher\":{\"@id\":\"https:\\\/\\\/women-at.work\\\/shop\\\/#organization\"},\"potentialAction\":[{\"@type\":\"SearchAction\",\"target\":{\"@type\":\"EntryPoint\",\"urlTemplate\":\"https:\\\/\\\/women-at.work\\\/shop\\\/?s={search_term_string}\"},\"query-input\":{\"@type\":\"PropertyValueSpecification\",\"valueRequired\":true,\"valueName\":\"search_term_string\"}}],\"inLanguage\":\"de\"},{\"@type\":\"Organization\",\"@id\":\"https:\\\/\\\/women-at.work\\\/shop\\\/#organization\",\"name\":\"Women At Work Shop\",\"url\":\"https:\\\/\\\/women-at.work\\\/shop\\\/\",\"logo\":{\"@type\":\"ImageObject\",\"inLanguage\":\"de\",\"@id\":\"https:\\\/\\\/women-at.work\\\/shop\\\/#\\\/schema\\\/logo\\\/image\\\/\",\"url\":\"https:\\\/\\\/women-at.work\\\/shop\\\/wp-content\\\/uploads\\\/2017\\\/05\\\/Shop_Logo.png\",\"contentUrl\":\"https:\\\/\\\/women-at.work\\\/shop\\\/wp-content\\\/uploads\\\/2017\\\/05\\\/Shop_Logo.png\",\"width\":305,\"height\":297,\"caption\":\"Women At Work Shop\"},\"image\":{\"@id\":\"https:\\\/\\\/women-at.work\\\/shop\\\/#\\\/schema\\\/logo\\\/image\\\/\"}}]}<\/script>\n<!-- \/ Yoast SEO plugin. -->","yoast_head_json":{"title":"Etiketten f\u00fcr Vorratsgl\u00e4ser | Vorlage zum Ausdrucken","description":"Entdecke diese Etiketten zum Bekleben von Vorratsgl\u00e4sern. Einfach ausdrucken, aufkleben und mehr Ordnung ins K\u00fcchenregal bringen.","robots":{"index":"index","follow":"follow","max-snippet":"max-snippet:-1","max-image-preview":"max-image-preview:large","max-video-preview":"max-video-preview:-1"},"canonical":"https:\/\/women-at.work\/shop\/produkt\/etiketten-fuer-vorratsglaeser-vorlage-zum-ausdrucken\/","og_locale":"de_DE","og_type":"article","og_title":"Etiketten f\u00fcr Vorratsgl\u00e4ser | Vorlage zum Ausdrucken","og_description":"Entdecke diese Etiketten zum Bekleben von Vorratsgl\u00e4sern. Einfach ausdrucken, aufkleben und mehr Ordnung ins K\u00fcchenregal bringen.","og_url":"https:\/\/women-at.work\/shop\/produkt\/etiketten-fuer-vorratsglaeser-vorlage-zum-ausdrucken\/","og_site_name":"Women At Work Shop","article_modified_time":"2025-08-25T07:59:41+00:00","og_image":[{"width":800,"height":600,"url":"https:\/\/women-at.work\/shop\/wp-content\/uploads\/2025\/06\/Etiketten-fuer-Vorratsglaeser-Vorlage-zum-Ausdrucken.jpg","type":"image\/jpeg"}],"twitter_card":"summary_large_image","twitter_misc":{"Gesch\u00e4tzte Lesezeit":"1\u00a0Minute"},"schema":{"@context":"https:\/\/schema.org","@graph":[{"@type":"WebPage","@id":"https:\/\/women-at.work\/shop\/produkt\/etiketten-fuer-vorratsglaeser-vorlage-zum-ausdrucken\/","url":"https:\/\/women-at.work\/shop\/produkt\/etiketten-fuer-vorratsglaeser-vorlage-zum-ausdrucken\/","name":"Etiketten f\u00fcr Vorratsgl\u00e4ser | Vorlage zum Ausdrucken","isPartOf":{"@id":"https:\/\/women-at.work\/shop\/#website"},"primaryImageOfPage":{"@id":"https:\/\/women-at.work\/shop\/produkt\/etiketten-fuer-vorratsglaeser-vorlage-zum-ausdrucken\/#primaryimage"},"image":{"@id":"https:\/\/women-at.work\/shop\/produkt\/etiketten-fuer-vorratsglaeser-vorlage-zum-ausdrucken\/#primaryimage"},"thumbnailUrl":"https:\/\/women-at.work\/shop\/wp-content\/uploads\/2025\/06\/Etiketten-fuer-Vorratsglaeser-Vorlage-zum-Ausdrucken.jpg","datePublished":"2025-06-26T21:01:50+00:00","dateModified":"2025-08-25T07:59:41+00:00","description":"Entdecke diese Etiketten zum Bekleben von Vorratsgl\u00e4sern. Einfach ausdrucken, aufkleben und mehr Ordnung ins K\u00fcchenregal bringen.","breadcrumb":{"@id":"https:\/\/women-at.work\/shop\/produkt\/etiketten-fuer-vorratsglaeser-vorlage-zum-ausdrucken\/#breadcrumb"},"inLanguage":"de","potentialAction":[{"@type":"ReadAction","target":["https:\/\/women-at.work\/shop\/produkt\/etiketten-fuer-vorratsglaeser-vorlage-zum-ausdrucken\/"]}]},{"@type":"ImageObject","inLanguage":"de","@id":"https:\/\/women-at.work\/shop\/produkt\/etiketten-fuer-vorratsglaeser-vorlage-zum-ausdrucken\/#primaryimage","url":"https:\/\/women-at.work\/shop\/wp-content\/uploads\/2025\/06\/Etiketten-fuer-Vorratsglaeser-Vorlage-zum-Ausdrucken.jpg","contentUrl":"https:\/\/women-at.work\/shop\/wp-content\/uploads\/2025\/06\/Etiketten-fuer-Vorratsglaeser-Vorlage-zum-Ausdrucken.jpg","width":800,"height":600,"caption":"Etiketten f\u00fcr Vorratsgl\u00e4ser | Vorlage zum Ausdrucken"},{"@type":"BreadcrumbList","@id":"https:\/\/women-at.work\/shop\/produkt\/etiketten-fuer-vorratsglaeser-vorlage-zum-ausdrucken\/#breadcrumb","itemListElement":[{"@type":"ListItem","position":1,"name":"Startseite","item":"https:\/\/women-at.work\/shop\/"},{"@type":"ListItem","position":2,"name":"Shop","item":"https:\/\/women-at.work\/shop\/shop\/"},{"@type":"ListItem","position":3,"name":"Etiketten f\u00fcr Vorratsgl\u00e4ser | Vorlage zum Ausdrucken"}]},{"@type":"WebSite","@id":"https:\/\/women-at.work\/shop\/#website","url":"https:\/\/women-at.work\/shop\/","name":"Women At Work Shop","description":"Wundervolle Produkte f\u00fcr besondere Menschen","publisher":{"@id":"https:\/\/women-at.work\/shop\/#organization"},"potentialAction":[{"@type":"SearchAction","target":{"@type":"EntryPoint","urlTemplate":"https:\/\/women-at.work\/shop\/?s={search_term_string}"},"query-input":{"@type":"PropertyValueSpecification","valueRequired":true,"valueName":"search_term_string"}}],"inLanguage":"de"},{"@type":"Organization","@id":"https:\/\/women-at.work\/shop\/#organization","name":"Women At Work Shop","url":"https:\/\/women-at.work\/shop\/","logo":{"@type":"ImageObject","inLanguage":"de","@id":"https:\/\/women-at.work\/shop\/#\/schema\/logo\/image\/","url":"https:\/\/women-at.work\/shop\/wp-content\/uploads\/2017\/05\/Shop_Logo.png","contentUrl":"https:\/\/women-at.work\/shop\/wp-content\/uploads\/2017\/05\/Shop_Logo.png","width":305,"height":297,"caption":"Women At Work Shop"},"image":{"@id":"https:\/\/women-at.work\/shop\/#\/schema\/logo\/image\/"}}]}},"_links":{"self":[{"href":"https:\/\/women-at.work\/shop\/wp-json\/wp\/v2\/product\/14633","targetHints":{"allow":["GET"]}}],"collection":[{"href":"https:\/\/women-at.work\/shop\/wp-json\/wp\/v2\/product"}],"about":[{"href":"https:\/\/women-at.work\/shop\/wp-json\/wp\/v2\/types\/product"}],"replies":[{"embeddable":true,"href":"https:\/\/women-at.work\/shop\/wp-json\/wp\/v2\/comments?post=14633"}],"wp:featuredmedia":[{"embeddable":true,"href":"https:\/\/women-at.work\/shop\/wp-json\/wp\/v2\/media\/14634"}],"wp:attachment":[{"href":"https:\/\/women-at.work\/shop\/wp-json\/wp\/v2\/media?parent=14633"}],"wp:term":[{"taxonomy":"product_brand","embeddable":true,"href":"https:\/\/women-at.work\/shop\/wp-json\/wp\/v2\/product_brand?post=14633"},{"taxonomy":"product_cat","embeddable":true,"href":"https:\/\/women-at.work\/shop\/wp-json\/wp\/v2\/product_cat?post=14633"},{"taxonomy":"product_tag","embeddable":true,"href":"https:\/\/women-at.work\/shop\/wp-json\/wp\/v2\/product_tag?post=14633"}],"curies":[{"name":"wp","href":"https:\/\/api.w.org\/{rel}","templated":true}]}}