{"id":14343,"date":"2025-05-26T10:39:58","date_gmt":"2025-05-26T08:39:58","guid":{"rendered":"https:\/\/women-at.work\/shop\/?post_type=product&#038;p=14343"},"modified":"2025-05-26T10:46:19","modified_gmt":"2025-05-26T08:46:19","slug":"notfall-pillen-mit-smarties-vorlage-zum-ausdrucken","status":"publish","type":"product","link":"https:\/\/women-at.work\/shop\/produkt\/notfall-pillen-mit-smarties-vorlage-zum-ausdrucken\/","title":{"rendered":"Notfall-Pillen mit Smarties | Vorlage zum Ausdrucken"},"content":{"rendered":"<p>Notfall-Pillen mit Smarties gestalten.<\/p>\n<p>In dem Download sind die &#8222;Gebrauchsanleitung&#8220; sowie ein Regenbogen f\u00fcr die Ma\u00dfe einer Streichholzschachtel enthalten. Die Gr\u00f6\u00dfe ist an eine kleine Streichholzschachtel mit den Standardma\u00dfen 5 cm \u00d7 3,5 cm \u00d7 1,5 cm angepasst.<\/p>\n<p>Sobald die Zahlung bei uns eingegangen ist, wird der Download-Link an dich per E-Mail verschickt. Bei Zahlung per PayPal, ist der Download sofort verf\u00fcgbar. <strong>Sollte die E-Mail nicht automatisch an Sie versendet werden, wenden Sie sich bitte an unseren Kundenservice per E-Mail oder Telefon. Bitte er\u00f6ffnen Sie keinen Fall bei PayPal. So k\u00f6nnen wir Ihnen schneller weiterhelfen!<\/strong><\/p>\n<p><em>Die Smarties werden nicht versendet und es besteht keine Kooperation. Sie dienen nur als Pr\u00e4sentationsvorschlag. Die Regenb\u00f6gen k\u00f6nnen leicht von der Darstellung abweichen.<\/em><\/p>\n<p>Die Vorlage ist f\u00fcr den privaten Gebrauch und darf nicht f\u00fcr kommerzielle Zwecke genutzt werden.<\/p>\n","protected":false},"excerpt":{"rendered":"<p>Notfall-Pillen mit Smarties gestalten.<\/p>\n","protected":false},"featured_media":14344,"comment_status":"open","ping_status":"closed","template":"","meta":[],"product_brand":[],"product_cat":[402,409,403,268],"product_tag":[269,270,449,450,451,315,452,453,454,455,456,457,458,459,460,461,373,297,348],"class_list":{"0":"post-14343","1":"product","2":"type-product","3":"status-publish","4":"has-post-thumbnail","6":"product_cat-geburtstag","7":"product_cat-kinder","8":"product_cat-schule","9":"product_cat-vorlagen","10":"product_tag-diy","11":"product_tag-diy-geschenk","12":"product_tag-erzieher","13":"product_tag-erzieherin","14":"product_tag-geburtstagsgeschenk","15":"product_tag-geschenkidee","16":"product_tag-grundschule","17":"product_tag-kinder","18":"product_tag-kindergarten","19":"product_tag-last-minute-geschenk","20":"product_tag-lehrer","21":"product_tag-notfall","22":"product_tag-notfall-pillen","23":"product_tag-schueler","24":"product_tag-smarties","25":"product_tag-smarties-geschenk","26":"product_tag-sos-geschenk","27":"product_tag-vorlage","28":"product_tag-vorlage-zum-ausdrucken","29":"product_shipping_class-virtuelle-produkte","31":"first","32":"instock","33":"downloadable","34":"virtual","35":"taxable","36":"purchasable","37":"product-type-simple"},"yoast_head":"<!-- This site is optimized with the Yoast SEO plugin v27.3 - https:\/\/yoast.com\/product\/yoast-seo-wordpress\/ -->\n<title>Notfall-Pillen mit Smarties | Vorlage zum Ausdrucken<\/title>\n<meta name=\"description\" content=\"Entdecke Nofall-Pillen mit Smarties als Geschenkidee.. Drucke unsere Vorlage aus und finde Inspiration den n\u00e4chsten Geburtstag oder einfach so.\" \/>\n<meta name=\"robots\" content=\"index, follow, max-snippet:-1, max-image-preview:large, max-video-preview:-1\" \/>\n<link rel=\"canonical\" href=\"https:\/\/women-at.work\/shop\/produkt\/notfall-pillen-mit-smarties-vorlage-zum-ausdrucken\/\" \/>\n<meta property=\"og:locale\" content=\"de_DE\" \/>\n<meta property=\"og:type\" content=\"article\" \/>\n<meta property=\"og:title\" content=\"Notfall-Pillen mit Smarties | Vorlage zum Ausdrucken\" \/>\n<meta property=\"og:description\" content=\"Entdecke Nofall-Pillen mit Smarties als Geschenkidee.. Drucke unsere Vorlage aus und finde Inspiration den n\u00e4chsten Geburtstag oder einfach so.\" \/>\n<meta property=\"og:url\" content=\"https:\/\/women-at.work\/shop\/produkt\/notfall-pillen-mit-smarties-vorlage-zum-ausdrucken\/\" \/>\n<meta property=\"og:site_name\" content=\"Women At Work Shop\" \/>\n<meta property=\"article:modified_time\" content=\"2025-05-26T08:46:19+00:00\" \/>\n<meta property=\"og:image\" content=\"https:\/\/women-at.work\/shop\/wp-content\/uploads\/2025\/05\/Notfall-Pillen-mit-Smarties-als-Geschenkidee.jpg\" \/>\n\t<meta property=\"og:image:width\" content=\"800\" \/>\n\t<meta property=\"og:image:height\" content=\"1200\" \/>\n\t<meta property=\"og:image:type\" content=\"image\/jpeg\" \/>\n<meta name=\"twitter:card\" content=\"summary_large_image\" \/>\n<meta name=\"twitter:label1\" content=\"Gesch\u00e4tzte Lesezeit\" \/>\n\t<meta name=\"twitter:data1\" content=\"1\u00a0Minute\" \/>\n<script type=\"application\/ld+json\" class=\"yoast-schema-graph\">{\"@context\":\"https:\\\/\\\/schema.org\",\"@graph\":[{\"@type\":\"WebPage\",\"@id\":\"https:\\\/\\\/women-at.work\\\/shop\\\/produkt\\\/notfall-pillen-mit-smarties-vorlage-zum-ausdrucken\\\/\",\"url\":\"https:\\\/\\\/women-at.work\\\/shop\\\/produkt\\\/notfall-pillen-mit-smarties-vorlage-zum-ausdrucken\\\/\",\"name\":\"Notfall-Pillen mit Smarties | Vorlage zum Ausdrucken\",\"isPartOf\":{\"@id\":\"https:\\\/\\\/women-at.work\\\/shop\\\/#website\"},\"primaryImageOfPage\":{\"@id\":\"https:\\\/\\\/women-at.work\\\/shop\\\/produkt\\\/notfall-pillen-mit-smarties-vorlage-zum-ausdrucken\\\/#primaryimage\"},\"image\":{\"@id\":\"https:\\\/\\\/women-at.work\\\/shop\\\/produkt\\\/notfall-pillen-mit-smarties-vorlage-zum-ausdrucken\\\/#primaryimage\"},\"thumbnailUrl\":\"https:\\\/\\\/women-at.work\\\/shop\\\/wp-content\\\/uploads\\\/2025\\\/05\\\/Notfall-Pillen-mit-Smarties-als-Geschenkidee.jpg\",\"datePublished\":\"2025-05-26T08:39:58+00:00\",\"dateModified\":\"2025-05-26T08:46:19+00:00\",\"description\":\"Entdecke Nofall-Pillen mit Smarties als Geschenkidee.. Drucke unsere Vorlage aus und finde Inspiration den n\u00e4chsten Geburtstag oder einfach so.\",\"breadcrumb\":{\"@id\":\"https:\\\/\\\/women-at.work\\\/shop\\\/produkt\\\/notfall-pillen-mit-smarties-vorlage-zum-ausdrucken\\\/#breadcrumb\"},\"inLanguage\":\"de\",\"potentialAction\":[{\"@type\":\"ReadAction\",\"target\":[\"https:\\\/\\\/women-at.work\\\/shop\\\/produkt\\\/notfall-pillen-mit-smarties-vorlage-zum-ausdrucken\\\/\"]}]},{\"@type\":\"ImageObject\",\"inLanguage\":\"de\",\"@id\":\"https:\\\/\\\/women-at.work\\\/shop\\\/produkt\\\/notfall-pillen-mit-smarties-vorlage-zum-ausdrucken\\\/#primaryimage\",\"url\":\"https:\\\/\\\/women-at.work\\\/shop\\\/wp-content\\\/uploads\\\/2025\\\/05\\\/Notfall-Pillen-mit-Smarties-als-Geschenkidee.jpg\",\"contentUrl\":\"https:\\\/\\\/women-at.work\\\/shop\\\/wp-content\\\/uploads\\\/2025\\\/05\\\/Notfall-Pillen-mit-Smarties-als-Geschenkidee.jpg\",\"width\":800,\"height\":1200},{\"@type\":\"BreadcrumbList\",\"@id\":\"https:\\\/\\\/women-at.work\\\/shop\\\/produkt\\\/notfall-pillen-mit-smarties-vorlage-zum-ausdrucken\\\/#breadcrumb\",\"itemListElement\":[{\"@type\":\"ListItem\",\"position\":1,\"name\":\"Startseite\",\"item\":\"https:\\\/\\\/women-at.work\\\/shop\\\/\"},{\"@type\":\"ListItem\",\"position\":2,\"name\":\"Shop\",\"item\":\"https:\\\/\\\/women-at.work\\\/shop\\\/shop\\\/\"},{\"@type\":\"ListItem\",\"position\":3,\"name\":\"Notfall-Pillen mit Smarties | Vorlage zum Ausdrucken\"}]},{\"@type\":\"WebSite\",\"@id\":\"https:\\\/\\\/women-at.work\\\/shop\\\/#website\",\"url\":\"https:\\\/\\\/women-at.work\\\/shop\\\/\",\"name\":\"Women At Work Shop\",\"description\":\"Wundervolle Produkte f\u00fcr besondere Menschen\",\"publisher\":{\"@id\":\"https:\\\/\\\/women-at.work\\\/shop\\\/#organization\"},\"potentialAction\":[{\"@type\":\"SearchAction\",\"target\":{\"@type\":\"EntryPoint\",\"urlTemplate\":\"https:\\\/\\\/women-at.work\\\/shop\\\/?s={search_term_string}\"},\"query-input\":{\"@type\":\"PropertyValueSpecification\",\"valueRequired\":true,\"valueName\":\"search_term_string\"}}],\"inLanguage\":\"de\"},{\"@type\":\"Organization\",\"@id\":\"https:\\\/\\\/women-at.work\\\/shop\\\/#organization\",\"name\":\"Women At Work Shop\",\"url\":\"https:\\\/\\\/women-at.work\\\/shop\\\/\",\"logo\":{\"@type\":\"ImageObject\",\"inLanguage\":\"de\",\"@id\":\"https:\\\/\\\/women-at.work\\\/shop\\\/#\\\/schema\\\/logo\\\/image\\\/\",\"url\":\"https:\\\/\\\/women-at.work\\\/shop\\\/wp-content\\\/uploads\\\/2017\\\/05\\\/Shop_Logo.png\",\"contentUrl\":\"https:\\\/\\\/women-at.work\\\/shop\\\/wp-content\\\/uploads\\\/2017\\\/05\\\/Shop_Logo.png\",\"width\":305,\"height\":297,\"caption\":\"Women At Work Shop\"},\"image\":{\"@id\":\"https:\\\/\\\/women-at.work\\\/shop\\\/#\\\/schema\\\/logo\\\/image\\\/\"}}]}<\/script>\n<!-- \/ Yoast SEO plugin. -->","yoast_head_json":{"title":"Notfall-Pillen mit Smarties | Vorlage zum Ausdrucken","description":"Entdecke Nofall-Pillen mit Smarties als Geschenkidee.. Drucke unsere Vorlage aus und finde Inspiration den n\u00e4chsten Geburtstag oder einfach so.","robots":{"index":"index","follow":"follow","max-snippet":"max-snippet:-1","max-image-preview":"max-image-preview:large","max-video-preview":"max-video-preview:-1"},"canonical":"https:\/\/women-at.work\/shop\/produkt\/notfall-pillen-mit-smarties-vorlage-zum-ausdrucken\/","og_locale":"de_DE","og_type":"article","og_title":"Notfall-Pillen mit Smarties | Vorlage zum Ausdrucken","og_description":"Entdecke Nofall-Pillen mit Smarties als Geschenkidee.. Drucke unsere Vorlage aus und finde Inspiration den n\u00e4chsten Geburtstag oder einfach so.","og_url":"https:\/\/women-at.work\/shop\/produkt\/notfall-pillen-mit-smarties-vorlage-zum-ausdrucken\/","og_site_name":"Women At Work Shop","article_modified_time":"2025-05-26T08:46:19+00:00","og_image":[{"width":800,"height":1200,"url":"https:\/\/women-at.work\/shop\/wp-content\/uploads\/2025\/05\/Notfall-Pillen-mit-Smarties-als-Geschenkidee.jpg","type":"image\/jpeg"}],"twitter_card":"summary_large_image","twitter_misc":{"Gesch\u00e4tzte Lesezeit":"1\u00a0Minute"},"schema":{"@context":"https:\/\/schema.org","@graph":[{"@type":"WebPage","@id":"https:\/\/women-at.work\/shop\/produkt\/notfall-pillen-mit-smarties-vorlage-zum-ausdrucken\/","url":"https:\/\/women-at.work\/shop\/produkt\/notfall-pillen-mit-smarties-vorlage-zum-ausdrucken\/","name":"Notfall-Pillen mit Smarties | Vorlage zum Ausdrucken","isPartOf":{"@id":"https:\/\/women-at.work\/shop\/#website"},"primaryImageOfPage":{"@id":"https:\/\/women-at.work\/shop\/produkt\/notfall-pillen-mit-smarties-vorlage-zum-ausdrucken\/#primaryimage"},"image":{"@id":"https:\/\/women-at.work\/shop\/produkt\/notfall-pillen-mit-smarties-vorlage-zum-ausdrucken\/#primaryimage"},"thumbnailUrl":"https:\/\/women-at.work\/shop\/wp-content\/uploads\/2025\/05\/Notfall-Pillen-mit-Smarties-als-Geschenkidee.jpg","datePublished":"2025-05-26T08:39:58+00:00","dateModified":"2025-05-26T08:46:19+00:00","description":"Entdecke Nofall-Pillen mit Smarties als Geschenkidee.. Drucke unsere Vorlage aus und finde Inspiration den n\u00e4chsten Geburtstag oder einfach so.","breadcrumb":{"@id":"https:\/\/women-at.work\/shop\/produkt\/notfall-pillen-mit-smarties-vorlage-zum-ausdrucken\/#breadcrumb"},"inLanguage":"de","potentialAction":[{"@type":"ReadAction","target":["https:\/\/women-at.work\/shop\/produkt\/notfall-pillen-mit-smarties-vorlage-zum-ausdrucken\/"]}]},{"@type":"ImageObject","inLanguage":"de","@id":"https:\/\/women-at.work\/shop\/produkt\/notfall-pillen-mit-smarties-vorlage-zum-ausdrucken\/#primaryimage","url":"https:\/\/women-at.work\/shop\/wp-content\/uploads\/2025\/05\/Notfall-Pillen-mit-Smarties-als-Geschenkidee.jpg","contentUrl":"https:\/\/women-at.work\/shop\/wp-content\/uploads\/2025\/05\/Notfall-Pillen-mit-Smarties-als-Geschenkidee.jpg","width":800,"height":1200},{"@type":"BreadcrumbList","@id":"https:\/\/women-at.work\/shop\/produkt\/notfall-pillen-mit-smarties-vorlage-zum-ausdrucken\/#breadcrumb","itemListElement":[{"@type":"ListItem","position":1,"name":"Startseite","item":"https:\/\/women-at.work\/shop\/"},{"@type":"ListItem","position":2,"name":"Shop","item":"https:\/\/women-at.work\/shop\/shop\/"},{"@type":"ListItem","position":3,"name":"Notfall-Pillen mit Smarties | Vorlage zum Ausdrucken"}]},{"@type":"WebSite","@id":"https:\/\/women-at.work\/shop\/#website","url":"https:\/\/women-at.work\/shop\/","name":"Women At Work Shop","description":"Wundervolle Produkte f\u00fcr besondere Menschen","publisher":{"@id":"https:\/\/women-at.work\/shop\/#organization"},"potentialAction":[{"@type":"SearchAction","target":{"@type":"EntryPoint","urlTemplate":"https:\/\/women-at.work\/shop\/?s={search_term_string}"},"query-input":{"@type":"PropertyValueSpecification","valueRequired":true,"valueName":"search_term_string"}}],"inLanguage":"de"},{"@type":"Organization","@id":"https:\/\/women-at.work\/shop\/#organization","name":"Women At Work Shop","url":"https:\/\/women-at.work\/shop\/","logo":{"@type":"ImageObject","inLanguage":"de","@id":"https:\/\/women-at.work\/shop\/#\/schema\/logo\/image\/","url":"https:\/\/women-at.work\/shop\/wp-content\/uploads\/2017\/05\/Shop_Logo.png","contentUrl":"https:\/\/women-at.work\/shop\/wp-content\/uploads\/2017\/05\/Shop_Logo.png","width":305,"height":297,"caption":"Women At Work Shop"},"image":{"@id":"https:\/\/women-at.work\/shop\/#\/schema\/logo\/image\/"}}]}},"_links":{"self":[{"href":"https:\/\/women-at.work\/shop\/wp-json\/wp\/v2\/product\/14343","targetHints":{"allow":["GET"]}}],"collection":[{"href":"https:\/\/women-at.work\/shop\/wp-json\/wp\/v2\/product"}],"about":[{"href":"https:\/\/women-at.work\/shop\/wp-json\/wp\/v2\/types\/product"}],"replies":[{"embeddable":true,"href":"https:\/\/women-at.work\/shop\/wp-json\/wp\/v2\/comments?post=14343"}],"wp:featuredmedia":[{"embeddable":true,"href":"https:\/\/women-at.work\/shop\/wp-json\/wp\/v2\/media\/14344"}],"wp:attachment":[{"href":"https:\/\/women-at.work\/shop\/wp-json\/wp\/v2\/media?parent=14343"}],"wp:term":[{"taxonomy":"product_brand","embeddable":true,"href":"https:\/\/women-at.work\/shop\/wp-json\/wp\/v2\/product_brand?post=14343"},{"taxonomy":"product_cat","embeddable":true,"href":"https:\/\/women-at.work\/shop\/wp-json\/wp\/v2\/product_cat?post=14343"},{"taxonomy":"product_tag","embeddable":true,"href":"https:\/\/women-at.work\/shop\/wp-json\/wp\/v2\/product_tag?post=14343"}],"curies":[{"name":"wp","href":"https:\/\/api.w.org\/{rel}","templated":true}]}}