{"id":12457,"date":"2025-01-01T00:15:47","date_gmt":"2024-12-31T23:15:47","guid":{"rendered":"https:\/\/women-at.work\/shop\/?post_type=product&#038;p=12457"},"modified":"2026-01-05T22:05:48","modified_gmt":"2026-01-05T21:05:48","slug":"konfetti-tueten","status":"publish","type":"product","link":"https:\/\/women-at.work\/shop\/produkt\/konfetti-tueten\/","title":{"rendered":"Konfetti T\u00fcten f\u00fcr Geldgeschenke oder Gutscheine: Vorlage zum Ausdrucken"},"content":{"rendered":"<p>Zum Gestalten von Konfetti T\u00fcten f\u00fcr Geldgeschenke oder Gutscheine.<\/p>\n<p>In dem Paket enthalten ist eine Vorlage, mit 2 verschiedenen Spr\u00fcchen f\u00fcr die Vorderseite und 18 Gl\u00fcckw\u00fcnsche f\u00fcr folgende Anl\u00e4sse: 10.-80. Geburtstag, neutraler Geburtstagsgru\u00df, Pr\u00fcfung, F\u00fchrerschein, Geburt, neuer Job, Ruhestand, Konfirmation, Firmung, Taufe, Kommunion, Jugendweihe und Abitur.<span id=\"1\" class=\"HALYaf KKjvXb\" role=\"tabpanel\"><\/span><\/p>\n<p><a href=\"https:\/\/trytrytry.de\/2025\/01\/geldgeschenk-zum-aufreissen-konfetti-tueten-als-geschenkverpackung\/\">Hier geht es zur Anleitung zum Zusammenbauen der Konfetti T\u00fcten.<\/a><\/p>\n<p>Sobald die Zahlung bei uns eingegangen ist, wird der Download-Link an dich per E-Mail verschickt. Bei Zahlung per PayPal, ist der Download sofort verf\u00fcgbar. Sollte dieser nicht sofort verf\u00fcgbar sein, meldet euch bitte bei unserem Kundenservice, bevor ihr einen Paypal Fall er\u00f6ffnet!<\/p>\n<p><em>Die Bilder dienen nur als Pr\u00e4sentationsvorschlag. Es erfolgt ein rein digitaler Versand!<br \/>\n<\/em><\/p>\n<p>Die Vorlage ist f\u00fcr den privaten Gebrauch und darf nicht f\u00fcr kommerzielle Zwecke genutzt werden.<\/p>\n","protected":false},"excerpt":{"rendered":"<p>Zum Gestalten von Konfetti T\u00fcten f\u00fcr Geldgeschenke oder Gutscheine.<\/p>\n","protected":false},"featured_media":30079,"comment_status":"open","ping_status":"closed","template":"","meta":[],"product_brand":[],"product_cat":[402,268],"product_tag":[397,396,395,398,348,391],"class_list":{"0":"post-12457","1":"product","2":"type-product","3":"status-publish","4":"has-post-thumbnail","6":"product_cat-geburtstag","7":"product_cat-vorlagen","8":"product_tag-geld-verpacken","9":"product_tag-geldgeschenk","10":"product_tag-gutschein","11":"product_tag-gutschein-verpacken","12":"product_tag-vorlage-zum-ausdrucken","13":"product_tag-vorlage-zum-herunterladen","14":"product_shipping_class-virtuelle-produkte","16":"first","17":"instock","18":"sale","19":"downloadable","20":"virtual","21":"taxable","22":"purchasable","23":"product-type-simple"},"yoast_head":"<!-- This site is optimized with the Yoast SEO plugin v27.3 - https:\/\/yoast.com\/product\/yoast-seo-wordpress\/ -->\n<title>Konfetti T\u00fcten f\u00fcr Geldgeschenke oder Gutscheine<\/title>\n<meta name=\"description\" content=\"Du kannst Konfetti T\u00fcten basteln und sie zum Beispiel als Geldgeschenk oder f\u00fcr eine Gutscheinverpackung basteln. Hier klicken zum Ausdrucken\" \/>\n<meta name=\"robots\" content=\"index, follow, max-snippet:-1, max-image-preview:large, max-video-preview:-1\" \/>\n<link rel=\"canonical\" href=\"https:\/\/women-at.work\/shop\/produkt\/konfetti-tueten\/\" \/>\n<meta property=\"og:locale\" content=\"de_DE\" \/>\n<meta property=\"og:type\" content=\"article\" \/>\n<meta property=\"og:title\" content=\"Konfetti T\u00fcten f\u00fcr Geldgeschenke oder Gutscheine\" \/>\n<meta property=\"og:description\" content=\"Du kannst Konfetti T\u00fcten basteln und sie zum Beispiel als Geldgeschenk oder f\u00fcr eine Gutscheinverpackung basteln. Hier klicken zum Ausdrucken\" \/>\n<meta property=\"og:url\" content=\"https:\/\/women-at.work\/shop\/produkt\/konfetti-tueten\/\" \/>\n<meta property=\"og:site_name\" content=\"Women At Work Shop\" \/>\n<meta property=\"article:modified_time\" content=\"2026-01-05T21:05:48+00:00\" \/>\n<meta property=\"og:image\" content=\"https:\/\/women-at.work\/shop\/wp-content\/uploads\/2026\/01\/Konfetti-Tueten-fuer-Geldgeschenke-oder-Gutscheine-Vorlage-zum-Ausdrucken.jpg\" \/>\n\t<meta property=\"og:image:width\" content=\"800\" \/>\n\t<meta property=\"og:image:height\" content=\"1200\" \/>\n\t<meta property=\"og:image:type\" content=\"image\/jpeg\" \/>\n<meta name=\"twitter:card\" content=\"summary_large_image\" \/>\n<meta name=\"twitter:label1\" content=\"Gesch\u00e4tzte Lesezeit\" \/>\n\t<meta name=\"twitter:data1\" content=\"1\u00a0Minute\" \/>\n<script type=\"application\/ld+json\" class=\"yoast-schema-graph\">{\"@context\":\"https:\\\/\\\/schema.org\",\"@graph\":[{\"@type\":\"WebPage\",\"@id\":\"https:\\\/\\\/women-at.work\\\/shop\\\/produkt\\\/konfetti-tueten\\\/\",\"url\":\"https:\\\/\\\/women-at.work\\\/shop\\\/produkt\\\/konfetti-tueten\\\/\",\"name\":\"Konfetti T\u00fcten f\u00fcr Geldgeschenke oder Gutscheine\",\"isPartOf\":{\"@id\":\"https:\\\/\\\/women-at.work\\\/shop\\\/#website\"},\"primaryImageOfPage\":{\"@id\":\"https:\\\/\\\/women-at.work\\\/shop\\\/produkt\\\/konfetti-tueten\\\/#primaryimage\"},\"image\":{\"@id\":\"https:\\\/\\\/women-at.work\\\/shop\\\/produkt\\\/konfetti-tueten\\\/#primaryimage\"},\"thumbnailUrl\":\"https:\\\/\\\/women-at.work\\\/shop\\\/wp-content\\\/uploads\\\/2026\\\/01\\\/Konfetti-Tueten-fuer-Geldgeschenke-oder-Gutscheine-Vorlage-zum-Ausdrucken.jpg\",\"datePublished\":\"2024-12-31T23:15:47+00:00\",\"dateModified\":\"2026-01-05T21:05:48+00:00\",\"description\":\"Du kannst Konfetti T\u00fcten basteln und sie zum Beispiel als Geldgeschenk oder f\u00fcr eine Gutscheinverpackung basteln. Hier klicken zum Ausdrucken\",\"breadcrumb\":{\"@id\":\"https:\\\/\\\/women-at.work\\\/shop\\\/produkt\\\/konfetti-tueten\\\/#breadcrumb\"},\"inLanguage\":\"de\",\"potentialAction\":[{\"@type\":\"ReadAction\",\"target\":[\"https:\\\/\\\/women-at.work\\\/shop\\\/produkt\\\/konfetti-tueten\\\/\"]}]},{\"@type\":\"ImageObject\",\"inLanguage\":\"de\",\"@id\":\"https:\\\/\\\/women-at.work\\\/shop\\\/produkt\\\/konfetti-tueten\\\/#primaryimage\",\"url\":\"https:\\\/\\\/women-at.work\\\/shop\\\/wp-content\\\/uploads\\\/2026\\\/01\\\/Konfetti-Tueten-fuer-Geldgeschenke-oder-Gutscheine-Vorlage-zum-Ausdrucken.jpg\",\"contentUrl\":\"https:\\\/\\\/women-at.work\\\/shop\\\/wp-content\\\/uploads\\\/2026\\\/01\\\/Konfetti-Tueten-fuer-Geldgeschenke-oder-Gutscheine-Vorlage-zum-Ausdrucken.jpg\",\"width\":800,\"height\":1200},{\"@type\":\"BreadcrumbList\",\"@id\":\"https:\\\/\\\/women-at.work\\\/shop\\\/produkt\\\/konfetti-tueten\\\/#breadcrumb\",\"itemListElement\":[{\"@type\":\"ListItem\",\"position\":1,\"name\":\"Startseite\",\"item\":\"https:\\\/\\\/women-at.work\\\/shop\\\/\"},{\"@type\":\"ListItem\",\"position\":2,\"name\":\"Shop\",\"item\":\"https:\\\/\\\/women-at.work\\\/shop\\\/shop\\\/\"},{\"@type\":\"ListItem\",\"position\":3,\"name\":\"Konfetti T\u00fcten f\u00fcr Geldgeschenke oder Gutscheine: Vorlage zum Ausdrucken\"}]},{\"@type\":\"WebSite\",\"@id\":\"https:\\\/\\\/women-at.work\\\/shop\\\/#website\",\"url\":\"https:\\\/\\\/women-at.work\\\/shop\\\/\",\"name\":\"Women At Work Shop\",\"description\":\"Wundervolle Produkte f\u00fcr besondere Menschen\",\"publisher\":{\"@id\":\"https:\\\/\\\/women-at.work\\\/shop\\\/#organization\"},\"potentialAction\":[{\"@type\":\"SearchAction\",\"target\":{\"@type\":\"EntryPoint\",\"urlTemplate\":\"https:\\\/\\\/women-at.work\\\/shop\\\/?s={search_term_string}\"},\"query-input\":{\"@type\":\"PropertyValueSpecification\",\"valueRequired\":true,\"valueName\":\"search_term_string\"}}],\"inLanguage\":\"de\"},{\"@type\":\"Organization\",\"@id\":\"https:\\\/\\\/women-at.work\\\/shop\\\/#organization\",\"name\":\"Women At Work Shop\",\"url\":\"https:\\\/\\\/women-at.work\\\/shop\\\/\",\"logo\":{\"@type\":\"ImageObject\",\"inLanguage\":\"de\",\"@id\":\"https:\\\/\\\/women-at.work\\\/shop\\\/#\\\/schema\\\/logo\\\/image\\\/\",\"url\":\"https:\\\/\\\/women-at.work\\\/shop\\\/wp-content\\\/uploads\\\/2017\\\/05\\\/Shop_Logo.png\",\"contentUrl\":\"https:\\\/\\\/women-at.work\\\/shop\\\/wp-content\\\/uploads\\\/2017\\\/05\\\/Shop_Logo.png\",\"width\":305,\"height\":297,\"caption\":\"Women At Work Shop\"},\"image\":{\"@id\":\"https:\\\/\\\/women-at.work\\\/shop\\\/#\\\/schema\\\/logo\\\/image\\\/\"}}]}<\/script>\n<!-- \/ Yoast SEO plugin. -->","yoast_head_json":{"title":"Konfetti T\u00fcten f\u00fcr Geldgeschenke oder Gutscheine","description":"Du kannst Konfetti T\u00fcten basteln und sie zum Beispiel als Geldgeschenk oder f\u00fcr eine Gutscheinverpackung basteln. Hier klicken zum Ausdrucken","robots":{"index":"index","follow":"follow","max-snippet":"max-snippet:-1","max-image-preview":"max-image-preview:large","max-video-preview":"max-video-preview:-1"},"canonical":"https:\/\/women-at.work\/shop\/produkt\/konfetti-tueten\/","og_locale":"de_DE","og_type":"article","og_title":"Konfetti T\u00fcten f\u00fcr Geldgeschenke oder Gutscheine","og_description":"Du kannst Konfetti T\u00fcten basteln und sie zum Beispiel als Geldgeschenk oder f\u00fcr eine Gutscheinverpackung basteln. Hier klicken zum Ausdrucken","og_url":"https:\/\/women-at.work\/shop\/produkt\/konfetti-tueten\/","og_site_name":"Women At Work Shop","article_modified_time":"2026-01-05T21:05:48+00:00","og_image":[{"width":800,"height":1200,"url":"https:\/\/women-at.work\/shop\/wp-content\/uploads\/2026\/01\/Konfetti-Tueten-fuer-Geldgeschenke-oder-Gutscheine-Vorlage-zum-Ausdrucken.jpg","type":"image\/jpeg"}],"twitter_card":"summary_large_image","twitter_misc":{"Gesch\u00e4tzte Lesezeit":"1\u00a0Minute"},"schema":{"@context":"https:\/\/schema.org","@graph":[{"@type":"WebPage","@id":"https:\/\/women-at.work\/shop\/produkt\/konfetti-tueten\/","url":"https:\/\/women-at.work\/shop\/produkt\/konfetti-tueten\/","name":"Konfetti T\u00fcten f\u00fcr Geldgeschenke oder Gutscheine","isPartOf":{"@id":"https:\/\/women-at.work\/shop\/#website"},"primaryImageOfPage":{"@id":"https:\/\/women-at.work\/shop\/produkt\/konfetti-tueten\/#primaryimage"},"image":{"@id":"https:\/\/women-at.work\/shop\/produkt\/konfetti-tueten\/#primaryimage"},"thumbnailUrl":"https:\/\/women-at.work\/shop\/wp-content\/uploads\/2026\/01\/Konfetti-Tueten-fuer-Geldgeschenke-oder-Gutscheine-Vorlage-zum-Ausdrucken.jpg","datePublished":"2024-12-31T23:15:47+00:00","dateModified":"2026-01-05T21:05:48+00:00","description":"Du kannst Konfetti T\u00fcten basteln und sie zum Beispiel als Geldgeschenk oder f\u00fcr eine Gutscheinverpackung basteln. Hier klicken zum Ausdrucken","breadcrumb":{"@id":"https:\/\/women-at.work\/shop\/produkt\/konfetti-tueten\/#breadcrumb"},"inLanguage":"de","potentialAction":[{"@type":"ReadAction","target":["https:\/\/women-at.work\/shop\/produkt\/konfetti-tueten\/"]}]},{"@type":"ImageObject","inLanguage":"de","@id":"https:\/\/women-at.work\/shop\/produkt\/konfetti-tueten\/#primaryimage","url":"https:\/\/women-at.work\/shop\/wp-content\/uploads\/2026\/01\/Konfetti-Tueten-fuer-Geldgeschenke-oder-Gutscheine-Vorlage-zum-Ausdrucken.jpg","contentUrl":"https:\/\/women-at.work\/shop\/wp-content\/uploads\/2026\/01\/Konfetti-Tueten-fuer-Geldgeschenke-oder-Gutscheine-Vorlage-zum-Ausdrucken.jpg","width":800,"height":1200},{"@type":"BreadcrumbList","@id":"https:\/\/women-at.work\/shop\/produkt\/konfetti-tueten\/#breadcrumb","itemListElement":[{"@type":"ListItem","position":1,"name":"Startseite","item":"https:\/\/women-at.work\/shop\/"},{"@type":"ListItem","position":2,"name":"Shop","item":"https:\/\/women-at.work\/shop\/shop\/"},{"@type":"ListItem","position":3,"name":"Konfetti T\u00fcten f\u00fcr Geldgeschenke oder Gutscheine: Vorlage zum Ausdrucken"}]},{"@type":"WebSite","@id":"https:\/\/women-at.work\/shop\/#website","url":"https:\/\/women-at.work\/shop\/","name":"Women At Work Shop","description":"Wundervolle Produkte f\u00fcr besondere Menschen","publisher":{"@id":"https:\/\/women-at.work\/shop\/#organization"},"potentialAction":[{"@type":"SearchAction","target":{"@type":"EntryPoint","urlTemplate":"https:\/\/women-at.work\/shop\/?s={search_term_string}"},"query-input":{"@type":"PropertyValueSpecification","valueRequired":true,"valueName":"search_term_string"}}],"inLanguage":"de"},{"@type":"Organization","@id":"https:\/\/women-at.work\/shop\/#organization","name":"Women At Work Shop","url":"https:\/\/women-at.work\/shop\/","logo":{"@type":"ImageObject","inLanguage":"de","@id":"https:\/\/women-at.work\/shop\/#\/schema\/logo\/image\/","url":"https:\/\/women-at.work\/shop\/wp-content\/uploads\/2017\/05\/Shop_Logo.png","contentUrl":"https:\/\/women-at.work\/shop\/wp-content\/uploads\/2017\/05\/Shop_Logo.png","width":305,"height":297,"caption":"Women At Work Shop"},"image":{"@id":"https:\/\/women-at.work\/shop\/#\/schema\/logo\/image\/"}}]}},"_links":{"self":[{"href":"https:\/\/women-at.work\/shop\/wp-json\/wp\/v2\/product\/12457","targetHints":{"allow":["GET"]}}],"collection":[{"href":"https:\/\/women-at.work\/shop\/wp-json\/wp\/v2\/product"}],"about":[{"href":"https:\/\/women-at.work\/shop\/wp-json\/wp\/v2\/types\/product"}],"replies":[{"embeddable":true,"href":"https:\/\/women-at.work\/shop\/wp-json\/wp\/v2\/comments?post=12457"}],"wp:featuredmedia":[{"embeddable":true,"href":"https:\/\/women-at.work\/shop\/wp-json\/wp\/v2\/media\/30079"}],"wp:attachment":[{"href":"https:\/\/women-at.work\/shop\/wp-json\/wp\/v2\/media?parent=12457"}],"wp:term":[{"taxonomy":"product_brand","embeddable":true,"href":"https:\/\/women-at.work\/shop\/wp-json\/wp\/v2\/product_brand?post=12457"},{"taxonomy":"product_cat","embeddable":true,"href":"https:\/\/women-at.work\/shop\/wp-json\/wp\/v2\/product_cat?post=12457"},{"taxonomy":"product_tag","embeddable":true,"href":"https:\/\/women-at.work\/shop\/wp-json\/wp\/v2\/product_tag?post=12457"}],"curies":[{"name":"wp","href":"https:\/\/api.w.org\/{rel}","templated":true}]}}