{"id":11722,"date":"2024-12-19T11:29:21","date_gmt":"2024-12-19T10:29:21","guid":{"rendered":"https:\/\/women-at.work\/shop\/?post_type=product&#038;p=11722"},"modified":"2025-09-30T16:41:51","modified_gmt":"2025-09-30T14:41:51","slug":"nimm-dir-was-du-brauchst-silvester","status":"publish","type":"product","link":"https:\/\/women-at.work\/shop\/produkt\/nimm-dir-was-du-brauchst-silvester\/","title":{"rendered":"Nimm dir, was du brauchst f\u00fcr 2026 &#8211; Silvester Vorlage zum Ausdrucken"},"content":{"rendered":"<p>Zum Gestalten eines Abrei\u00dfzettel &#8222;Nimm dir, was du brauchst f\u00fcr 2026&#8220; f\u00fcr Silvester \/ Neujahr<\/p>\n<p>In dem Paket enthalten ist eine Vorlage (Format A6), um einen Abrei\u00dfzettel zu basteln.<span id=\"1\" class=\"HALYaf KKjvXb\" role=\"tabpanel\"><\/span><\/p>\n<p>Sobald die Zahlung bei uns eingegangen ist, wird der Download-Link an dich per E-Mail verschickt. Bei Zahlung per PayPal, ist der Download sofort verf\u00fcgbar. Sollte dieser nicht sofort verf\u00fcgbar sein, meldet euch bitte bei unserem Kundenservice, bevor ihr einen Paypal Fall er\u00f6ffnet!<\/p>\n<p><em>Die Bilder dienen nur als Pr\u00e4sentationsvorschlag. Es erfolgt ein rein digitaler Versand!<br \/>\n<\/em><\/p>\n<p>Die Vorlage ist f\u00fcr den privaten Gebrauch und darf nicht f\u00fcr kommerzielle Zwecke genutzt werden.<\/p>\n","protected":false},"excerpt":{"rendered":"<p>Zum Gestalten eines Abrei\u00dfzettel &#8222;Nimm dir, was du brauchst f\u00fcr 2026&#8220; f\u00fcr Silvester \/ Neujahr.<\/p>\n","protected":false},"featured_media":16633,"comment_status":"open","ping_status":"closed","template":"","meta":[],"product_brand":[],"product_cat":[400,268],"product_tag":[269,270,387,388,389,390,198,348,366,391,392],"class_list":{"0":"post-11722","1":"product","2":"type-product","3":"status-publish","4":"has-post-thumbnail","6":"product_cat-silvester","7":"product_cat-vorlagen","8":"product_tag-diy","9":"product_tag-diy-geschenk","10":"product_tag-neujahr","11":"product_tag-neujahrswuensche","12":"product_tag-nimm-dir","13":"product_tag-nimm-dir-was-du-brauchst-silvester","14":"product_tag-silvester","15":"product_tag-vorlage-zum-ausdrucken","16":"product_tag-vorlage-zum-download","17":"product_tag-vorlage-zum-herunterladen","18":"product_tag-was-du-brauchst","19":"product_shipping_class-virtuelle-produkte","21":"first","22":"instock","23":"downloadable","24":"virtual","25":"taxable","26":"purchasable","27":"product-type-simple"},"yoast_head":"<!-- This site is optimized with the Yoast SEO plugin v27.4 - https:\/\/yoast.com\/product\/yoast-seo-wordpress\/ -->\n<title>Nimm dir, was du brauchst f\u00fcr 2025 - Silvester Vorlage<\/title>\n<meta name=\"description\" content=\"Du bist bereit f\u00fcrs neue Jahr? Dann drucke meine Vorlage f\u00fcr &quot;Nimm dir, was du brauchst f\u00fcr 2025&quot; aus und lege los!\" \/>\n<meta name=\"robots\" content=\"index, follow, max-snippet:-1, max-image-preview:large, max-video-preview:-1\" \/>\n<link rel=\"canonical\" href=\"https:\/\/women-at.work\/shop\/produkt\/nimm-dir-was-du-brauchst-silvester\/\" \/>\n<meta property=\"og:locale\" content=\"de_DE\" \/>\n<meta property=\"og:type\" content=\"article\" \/>\n<meta property=\"og:title\" content=\"Nimm dir, was du brauchst f\u00fcr 2025 - Silvester Vorlage\" \/>\n<meta property=\"og:description\" content=\"Du bist bereit f\u00fcrs neue Jahr? Dann drucke meine Vorlage f\u00fcr &quot;Nimm dir, was du brauchst f\u00fcr 2025&quot; aus und lege los!\" \/>\n<meta property=\"og:url\" content=\"https:\/\/women-at.work\/shop\/produkt\/nimm-dir-was-du-brauchst-silvester\/\" \/>\n<meta property=\"og:site_name\" content=\"Women At Work Shop\" \/>\n<meta property=\"article:modified_time\" content=\"2025-09-30T14:41:51+00:00\" \/>\n<meta property=\"og:image\" content=\"https:\/\/women-at.work\/shop\/wp-content\/uploads\/2025\/08\/Nimm-dir-was-du-brauchst-fuer-2026-\u2013-Silvester-Vorlage-zum-Ausdrucken.jpg\" \/>\n\t<meta property=\"og:image:width\" content=\"800\" \/>\n\t<meta property=\"og:image:height\" content=\"1200\" \/>\n\t<meta property=\"og:image:type\" content=\"image\/jpeg\" \/>\n<meta name=\"twitter:card\" content=\"summary_large_image\" \/>\n<meta name=\"twitter:label1\" content=\"Gesch\u00e4tzte Lesezeit\" \/>\n\t<meta name=\"twitter:data1\" content=\"1\u00a0Minute\" \/>\n<script type=\"application\/ld+json\" class=\"yoast-schema-graph\">{\"@context\":\"https:\\\/\\\/schema.org\",\"@graph\":[{\"@type\":\"WebPage\",\"@id\":\"https:\\\/\\\/women-at.work\\\/shop\\\/produkt\\\/nimm-dir-was-du-brauchst-silvester\\\/\",\"url\":\"https:\\\/\\\/women-at.work\\\/shop\\\/produkt\\\/nimm-dir-was-du-brauchst-silvester\\\/\",\"name\":\"Nimm dir, was du brauchst f\u00fcr 2025 - Silvester Vorlage\",\"isPartOf\":{\"@id\":\"https:\\\/\\\/women-at.work\\\/shop\\\/#website\"},\"primaryImageOfPage\":{\"@id\":\"https:\\\/\\\/women-at.work\\\/shop\\\/produkt\\\/nimm-dir-was-du-brauchst-silvester\\\/#primaryimage\"},\"image\":{\"@id\":\"https:\\\/\\\/women-at.work\\\/shop\\\/produkt\\\/nimm-dir-was-du-brauchst-silvester\\\/#primaryimage\"},\"thumbnailUrl\":\"https:\\\/\\\/women-at.work\\\/shop\\\/wp-content\\\/uploads\\\/2025\\\/08\\\/Nimm-dir-was-du-brauchst-fuer-2026-\u2013-Silvester-Vorlage-zum-Ausdrucken.jpg\",\"datePublished\":\"2024-12-19T10:29:21+00:00\",\"dateModified\":\"2025-09-30T14:41:51+00:00\",\"description\":\"Du bist bereit f\u00fcrs neue Jahr? Dann drucke meine Vorlage f\u00fcr \\\"Nimm dir, was du brauchst f\u00fcr 2025\\\" aus und lege los!\",\"breadcrumb\":{\"@id\":\"https:\\\/\\\/women-at.work\\\/shop\\\/produkt\\\/nimm-dir-was-du-brauchst-silvester\\\/#breadcrumb\"},\"inLanguage\":\"de\",\"potentialAction\":[{\"@type\":\"ReadAction\",\"target\":[\"https:\\\/\\\/women-at.work\\\/shop\\\/produkt\\\/nimm-dir-was-du-brauchst-silvester\\\/\"]}]},{\"@type\":\"ImageObject\",\"inLanguage\":\"de\",\"@id\":\"https:\\\/\\\/women-at.work\\\/shop\\\/produkt\\\/nimm-dir-was-du-brauchst-silvester\\\/#primaryimage\",\"url\":\"https:\\\/\\\/women-at.work\\\/shop\\\/wp-content\\\/uploads\\\/2025\\\/08\\\/Nimm-dir-was-du-brauchst-fuer-2026-\u2013-Silvester-Vorlage-zum-Ausdrucken.jpg\",\"contentUrl\":\"https:\\\/\\\/women-at.work\\\/shop\\\/wp-content\\\/uploads\\\/2025\\\/08\\\/Nimm-dir-was-du-brauchst-fuer-2026-\u2013-Silvester-Vorlage-zum-Ausdrucken.jpg\",\"width\":800,\"height\":1200},{\"@type\":\"BreadcrumbList\",\"@id\":\"https:\\\/\\\/women-at.work\\\/shop\\\/produkt\\\/nimm-dir-was-du-brauchst-silvester\\\/#breadcrumb\",\"itemListElement\":[{\"@type\":\"ListItem\",\"position\":1,\"name\":\"Startseite\",\"item\":\"https:\\\/\\\/women-at.work\\\/shop\\\/\"},{\"@type\":\"ListItem\",\"position\":2,\"name\":\"Shop\",\"item\":\"https:\\\/\\\/women-at.work\\\/shop\\\/shop\\\/\"},{\"@type\":\"ListItem\",\"position\":3,\"name\":\"Nimm dir, was du brauchst f\u00fcr 2026 &#8211; Silvester Vorlage zum Ausdrucken\"}]},{\"@type\":\"WebSite\",\"@id\":\"https:\\\/\\\/women-at.work\\\/shop\\\/#website\",\"url\":\"https:\\\/\\\/women-at.work\\\/shop\\\/\",\"name\":\"Women At Work Shop\",\"description\":\"Wundervolle Produkte f\u00fcr besondere Menschen\",\"publisher\":{\"@id\":\"https:\\\/\\\/women-at.work\\\/shop\\\/#organization\"},\"potentialAction\":[{\"@type\":\"SearchAction\",\"target\":{\"@type\":\"EntryPoint\",\"urlTemplate\":\"https:\\\/\\\/women-at.work\\\/shop\\\/?s={search_term_string}\"},\"query-input\":{\"@type\":\"PropertyValueSpecification\",\"valueRequired\":true,\"valueName\":\"search_term_string\"}}],\"inLanguage\":\"de\"},{\"@type\":\"Organization\",\"@id\":\"https:\\\/\\\/women-at.work\\\/shop\\\/#organization\",\"name\":\"Women At Work Shop\",\"url\":\"https:\\\/\\\/women-at.work\\\/shop\\\/\",\"logo\":{\"@type\":\"ImageObject\",\"inLanguage\":\"de\",\"@id\":\"https:\\\/\\\/women-at.work\\\/shop\\\/#\\\/schema\\\/logo\\\/image\\\/\",\"url\":\"https:\\\/\\\/women-at.work\\\/shop\\\/wp-content\\\/uploads\\\/2017\\\/05\\\/Shop_Logo.png\",\"contentUrl\":\"https:\\\/\\\/women-at.work\\\/shop\\\/wp-content\\\/uploads\\\/2017\\\/05\\\/Shop_Logo.png\",\"width\":305,\"height\":297,\"caption\":\"Women At Work Shop\"},\"image\":{\"@id\":\"https:\\\/\\\/women-at.work\\\/shop\\\/#\\\/schema\\\/logo\\\/image\\\/\"}}]}<\/script>\n<!-- \/ Yoast SEO plugin. -->","yoast_head_json":{"title":"Nimm dir, was du brauchst f\u00fcr 2025 - Silvester Vorlage","description":"Du bist bereit f\u00fcrs neue Jahr? Dann drucke meine Vorlage f\u00fcr \"Nimm dir, was du brauchst f\u00fcr 2025\" aus und lege los!","robots":{"index":"index","follow":"follow","max-snippet":"max-snippet:-1","max-image-preview":"max-image-preview:large","max-video-preview":"max-video-preview:-1"},"canonical":"https:\/\/women-at.work\/shop\/produkt\/nimm-dir-was-du-brauchst-silvester\/","og_locale":"de_DE","og_type":"article","og_title":"Nimm dir, was du brauchst f\u00fcr 2025 - Silvester Vorlage","og_description":"Du bist bereit f\u00fcrs neue Jahr? Dann drucke meine Vorlage f\u00fcr \"Nimm dir, was du brauchst f\u00fcr 2025\" aus und lege los!","og_url":"https:\/\/women-at.work\/shop\/produkt\/nimm-dir-was-du-brauchst-silvester\/","og_site_name":"Women At Work Shop","article_modified_time":"2025-09-30T14:41:51+00:00","og_image":[{"width":800,"height":1200,"url":"https:\/\/women-at.work\/shop\/wp-content\/uploads\/2025\/08\/Nimm-dir-was-du-brauchst-fuer-2026-\u2013-Silvester-Vorlage-zum-Ausdrucken.jpg","type":"image\/jpeg"}],"twitter_card":"summary_large_image","twitter_misc":{"Gesch\u00e4tzte Lesezeit":"1\u00a0Minute"},"schema":{"@context":"https:\/\/schema.org","@graph":[{"@type":"WebPage","@id":"https:\/\/women-at.work\/shop\/produkt\/nimm-dir-was-du-brauchst-silvester\/","url":"https:\/\/women-at.work\/shop\/produkt\/nimm-dir-was-du-brauchst-silvester\/","name":"Nimm dir, was du brauchst f\u00fcr 2025 - Silvester Vorlage","isPartOf":{"@id":"https:\/\/women-at.work\/shop\/#website"},"primaryImageOfPage":{"@id":"https:\/\/women-at.work\/shop\/produkt\/nimm-dir-was-du-brauchst-silvester\/#primaryimage"},"image":{"@id":"https:\/\/women-at.work\/shop\/produkt\/nimm-dir-was-du-brauchst-silvester\/#primaryimage"},"thumbnailUrl":"https:\/\/women-at.work\/shop\/wp-content\/uploads\/2025\/08\/Nimm-dir-was-du-brauchst-fuer-2026-\u2013-Silvester-Vorlage-zum-Ausdrucken.jpg","datePublished":"2024-12-19T10:29:21+00:00","dateModified":"2025-09-30T14:41:51+00:00","description":"Du bist bereit f\u00fcrs neue Jahr? Dann drucke meine Vorlage f\u00fcr \"Nimm dir, was du brauchst f\u00fcr 2025\" aus und lege los!","breadcrumb":{"@id":"https:\/\/women-at.work\/shop\/produkt\/nimm-dir-was-du-brauchst-silvester\/#breadcrumb"},"inLanguage":"de","potentialAction":[{"@type":"ReadAction","target":["https:\/\/women-at.work\/shop\/produkt\/nimm-dir-was-du-brauchst-silvester\/"]}]},{"@type":"ImageObject","inLanguage":"de","@id":"https:\/\/women-at.work\/shop\/produkt\/nimm-dir-was-du-brauchst-silvester\/#primaryimage","url":"https:\/\/women-at.work\/shop\/wp-content\/uploads\/2025\/08\/Nimm-dir-was-du-brauchst-fuer-2026-\u2013-Silvester-Vorlage-zum-Ausdrucken.jpg","contentUrl":"https:\/\/women-at.work\/shop\/wp-content\/uploads\/2025\/08\/Nimm-dir-was-du-brauchst-fuer-2026-\u2013-Silvester-Vorlage-zum-Ausdrucken.jpg","width":800,"height":1200},{"@type":"BreadcrumbList","@id":"https:\/\/women-at.work\/shop\/produkt\/nimm-dir-was-du-brauchst-silvester\/#breadcrumb","itemListElement":[{"@type":"ListItem","position":1,"name":"Startseite","item":"https:\/\/women-at.work\/shop\/"},{"@type":"ListItem","position":2,"name":"Shop","item":"https:\/\/women-at.work\/shop\/shop\/"},{"@type":"ListItem","position":3,"name":"Nimm dir, was du brauchst f\u00fcr 2026 &#8211; Silvester Vorlage zum Ausdrucken"}]},{"@type":"WebSite","@id":"https:\/\/women-at.work\/shop\/#website","url":"https:\/\/women-at.work\/shop\/","name":"Women At Work Shop","description":"Wundervolle Produkte f\u00fcr besondere Menschen","publisher":{"@id":"https:\/\/women-at.work\/shop\/#organization"},"potentialAction":[{"@type":"SearchAction","target":{"@type":"EntryPoint","urlTemplate":"https:\/\/women-at.work\/shop\/?s={search_term_string}"},"query-input":{"@type":"PropertyValueSpecification","valueRequired":true,"valueName":"search_term_string"}}],"inLanguage":"de"},{"@type":"Organization","@id":"https:\/\/women-at.work\/shop\/#organization","name":"Women At Work Shop","url":"https:\/\/women-at.work\/shop\/","logo":{"@type":"ImageObject","inLanguage":"de","@id":"https:\/\/women-at.work\/shop\/#\/schema\/logo\/image\/","url":"https:\/\/women-at.work\/shop\/wp-content\/uploads\/2017\/05\/Shop_Logo.png","contentUrl":"https:\/\/women-at.work\/shop\/wp-content\/uploads\/2017\/05\/Shop_Logo.png","width":305,"height":297,"caption":"Women At Work Shop"},"image":{"@id":"https:\/\/women-at.work\/shop\/#\/schema\/logo\/image\/"}}]}},"_links":{"self":[{"href":"https:\/\/women-at.work\/shop\/wp-json\/wp\/v2\/product\/11722","targetHints":{"allow":["GET"]}}],"collection":[{"href":"https:\/\/women-at.work\/shop\/wp-json\/wp\/v2\/product"}],"about":[{"href":"https:\/\/women-at.work\/shop\/wp-json\/wp\/v2\/types\/product"}],"replies":[{"embeddable":true,"href":"https:\/\/women-at.work\/shop\/wp-json\/wp\/v2\/comments?post=11722"}],"wp:featuredmedia":[{"embeddable":true,"href":"https:\/\/women-at.work\/shop\/wp-json\/wp\/v2\/media\/16633"}],"wp:attachment":[{"href":"https:\/\/women-at.work\/shop\/wp-json\/wp\/v2\/media?parent=11722"}],"wp:term":[{"taxonomy":"product_brand","embeddable":true,"href":"https:\/\/women-at.work\/shop\/wp-json\/wp\/v2\/product_brand?post=11722"},{"taxonomy":"product_cat","embeddable":true,"href":"https:\/\/women-at.work\/shop\/wp-json\/wp\/v2\/product_cat?post=11722"},{"taxonomy":"product_tag","embeddable":true,"href":"https:\/\/women-at.work\/shop\/wp-json\/wp\/v2\/product_tag?post=11722"}],"curies":[{"name":"wp","href":"https:\/\/api.w.org\/{rel}","templated":true}]}}