{"id":11616,"date":"2024-12-14T14:17:14","date_gmt":"2024-12-14T13:17:14","guid":{"rendered":"https:\/\/women-at.work\/shop\/?post_type=product&#038;p=11616"},"modified":"2025-11-21T14:27:33","modified_gmt":"2025-11-21T13:27:33","slug":"rudolph-mitbringsel-mit-lindor-kugeln-schablone-zum-ausdrucken","status":"publish","type":"product","link":"https:\/\/women-at.work\/shop\/produkt\/rudolph-mitbringsel-mit-lindor-kugeln-schablone-zum-ausdrucken\/","title":{"rendered":"Rudolph-Mitbringsel mit Lindor-Kugeln | Schablone zum Ausdrucken"},"content":{"rendered":"<p>Zum Gestalten eines Weihnachtsgeschenk \/ Weihnachtstischdeko mit einer Rentier-Verpackung f\u00fcr Schokoladen-Praline.<\/p>\n<p>In dem Paket enthalten ist eine Vorlage \/Schablone, um eine Verpackung f\u00fcr eine Lindor-Kugel zu basteln.<span id=\"1\" class=\"HALYaf KKjvXb\" role=\"tabpanel\"><\/span><\/p>\n<p>Sobald die Zahlung bei uns eingegangen ist, wird der Download-Link an dich per E-Mail verschickt. Bei Zahlung per PayPal, ist der Download sofort verf\u00fcgbar. Sollte dieser nicht sofort verf\u00fcgbar sein, meldet euch bitte bei unserem Kundenservice, bevor ihr einen Paypal Fall er\u00f6ffnet!<\/p>\n<p><em>Die Bilder dienen nur als Pr\u00e4sentationsvorschlag. Es erfolgt ein rein digitaler Versand! Es besteht keine Kooperation mit abgebildeten Marken.<\/em><\/p>\n<p>Die Vorlage ist f\u00fcr den privaten Gebrauch und darf nicht f\u00fcr kommerzielle Zwecke genutzt werden.<\/p>\n","protected":false},"excerpt":{"rendered":"<p>Zum Gestalten eines Weihnachtsgeschenk \/ Weihnachtstischdeko mit einer Rentier-Verpackung f\u00fcr Schokoladen-Praline.<\/p>\n","protected":false},"featured_media":11617,"comment_status":"open","ping_status":"closed","template":"","meta":[],"product_brand":[],"product_cat":[268,401],"product_tag":[269,270,368,326,315,369,370,386,371,347,327,372,373,297,348,299,273,374,375,376,377,378,379,380,381,382,383,384,385],"class_list":{"0":"post-11616","1":"product","2":"type-product","3":"status-publish","4":"has-post-thumbnail","6":"product_cat-vorlagen","7":"product_cat-weihnachten","8":"product_tag-diy","9":"product_tag-diy-geschenk","10":"product_tag-ferrero-rocher","11":"product_tag-gastgeschenk","12":"product_tag-geschenkidee","13":"product_tag-julklapp","14":"product_tag-lindor","15":"product_tag-lindor-kugel","16":"product_tag-lindt","17":"product_tag-mini-diy","18":"product_tag-mitbringsel","19":"product_tag-personalisiertes-geschenk","20":"product_tag-sos-geschenk","21":"product_tag-vorlage","22":"product_tag-vorlage-zum-ausdrucken","23":"product_tag-weihnachten","24":"product_tag-weihnachtsgeschenk","25":"product_tag-weihnachtskranz","26":"product_tag-wichtelgeschenk","27":"product_tag-wichtelgeschenk-bis-10-e","28":"product_tag-wichtelgeschenk-bis-5-e","29":"product_tag-wichtelgeschenk-frau","30":"product_tag-wichtelgeschenk-ideen","31":"product_tag-wichtelgeschenk-mann","32":"product_tag-wichtelgeschenk-selber-machen","33":"product_tag-wichtelgeschenk-unter-10-euro","34":"product_tag-wichtelgeschenke","35":"product_tag-wichtelgeschenke-fuer-kollegen","36":"product_tag-wichteln","37":"product_shipping_class-virtuelle-produkte","39":"first","40":"instock","41":"downloadable","42":"virtual","43":"taxable","44":"purchasable","45":"product-type-simple"},"yoast_head":"<!-- This site is optimized with the Yoast SEO plugin v27.4 - https:\/\/yoast.com\/product\/yoast-seo-wordpress\/ -->\n<title>Rudolph-Verpackung | Schablone zum Ausdrucken<\/title>\n<meta name=\"description\" content=\"Eine schnelle Vorlage zum Ausdrucken f\u00fcr eine Rentier-Verpackung f\u00fcr ein Weihnachtsgeschenk. Hier klicken, kaufen und downloaden.\" \/>\n<meta name=\"robots\" content=\"index, follow, max-snippet:-1, max-image-preview:large, max-video-preview:-1\" \/>\n<link rel=\"canonical\" href=\"https:\/\/women-at.work\/shop\/produkt\/rudolph-mitbringsel-mit-lindor-kugeln-schablone-zum-ausdrucken\/\" \/>\n<meta property=\"og:locale\" content=\"de_DE\" \/>\n<meta property=\"og:type\" content=\"article\" \/>\n<meta property=\"og:title\" content=\"Rudolph-Verpackung | Schablone zum Ausdrucken\" \/>\n<meta property=\"og:description\" content=\"Eine schnelle Vorlage zum Ausdrucken f\u00fcr eine Rentier-Verpackung f\u00fcr ein Weihnachtsgeschenk. Hier klicken, kaufen und downloaden.\" \/>\n<meta property=\"og:url\" content=\"https:\/\/women-at.work\/shop\/produkt\/rudolph-mitbringsel-mit-lindor-kugeln-schablone-zum-ausdrucken\/\" \/>\n<meta property=\"og:site_name\" content=\"Women At Work Shop\" \/>\n<meta property=\"article:modified_time\" content=\"2025-11-21T13:27:33+00:00\" \/>\n<meta property=\"og:image\" content=\"https:\/\/women-at.work\/shop\/wp-content\/uploads\/2024\/12\/rudolph-mitbringsel-mit-lindor-kugeln02.jpg\" \/>\n\t<meta property=\"og:image:width\" content=\"800\" \/>\n\t<meta property=\"og:image:height\" content=\"1200\" \/>\n\t<meta property=\"og:image:type\" content=\"image\/jpeg\" \/>\n<meta name=\"twitter:card\" content=\"summary_large_image\" \/>\n<meta name=\"twitter:label1\" content=\"Gesch\u00e4tzte Lesezeit\" \/>\n\t<meta name=\"twitter:data1\" content=\"1\u00a0Minute\" \/>\n<script type=\"application\/ld+json\" class=\"yoast-schema-graph\">{\"@context\":\"https:\\\/\\\/schema.org\",\"@graph\":[{\"@type\":\"WebPage\",\"@id\":\"https:\\\/\\\/women-at.work\\\/shop\\\/produkt\\\/rudolph-mitbringsel-mit-lindor-kugeln-schablone-zum-ausdrucken\\\/\",\"url\":\"https:\\\/\\\/women-at.work\\\/shop\\\/produkt\\\/rudolph-mitbringsel-mit-lindor-kugeln-schablone-zum-ausdrucken\\\/\",\"name\":\"Rudolph-Verpackung | Schablone zum Ausdrucken\",\"isPartOf\":{\"@id\":\"https:\\\/\\\/women-at.work\\\/shop\\\/#website\"},\"primaryImageOfPage\":{\"@id\":\"https:\\\/\\\/women-at.work\\\/shop\\\/produkt\\\/rudolph-mitbringsel-mit-lindor-kugeln-schablone-zum-ausdrucken\\\/#primaryimage\"},\"image\":{\"@id\":\"https:\\\/\\\/women-at.work\\\/shop\\\/produkt\\\/rudolph-mitbringsel-mit-lindor-kugeln-schablone-zum-ausdrucken\\\/#primaryimage\"},\"thumbnailUrl\":\"https:\\\/\\\/women-at.work\\\/shop\\\/wp-content\\\/uploads\\\/2024\\\/12\\\/rudolph-mitbringsel-mit-lindor-kugeln02.jpg\",\"datePublished\":\"2024-12-14T13:17:14+00:00\",\"dateModified\":\"2025-11-21T13:27:33+00:00\",\"description\":\"Eine schnelle Vorlage zum Ausdrucken f\u00fcr eine Rentier-Verpackung f\u00fcr ein Weihnachtsgeschenk. Hier klicken, kaufen und downloaden.\",\"breadcrumb\":{\"@id\":\"https:\\\/\\\/women-at.work\\\/shop\\\/produkt\\\/rudolph-mitbringsel-mit-lindor-kugeln-schablone-zum-ausdrucken\\\/#breadcrumb\"},\"inLanguage\":\"de\",\"potentialAction\":[{\"@type\":\"ReadAction\",\"target\":[\"https:\\\/\\\/women-at.work\\\/shop\\\/produkt\\\/rudolph-mitbringsel-mit-lindor-kugeln-schablone-zum-ausdrucken\\\/\"]}]},{\"@type\":\"ImageObject\",\"inLanguage\":\"de\",\"@id\":\"https:\\\/\\\/women-at.work\\\/shop\\\/produkt\\\/rudolph-mitbringsel-mit-lindor-kugeln-schablone-zum-ausdrucken\\\/#primaryimage\",\"url\":\"https:\\\/\\\/women-at.work\\\/shop\\\/wp-content\\\/uploads\\\/2024\\\/12\\\/rudolph-mitbringsel-mit-lindor-kugeln02.jpg\",\"contentUrl\":\"https:\\\/\\\/women-at.work\\\/shop\\\/wp-content\\\/uploads\\\/2024\\\/12\\\/rudolph-mitbringsel-mit-lindor-kugeln02.jpg\",\"width\":800,\"height\":1200,\"caption\":\"Rudolph-Mitbringsel mit Lindor-Kugeln\"},{\"@type\":\"BreadcrumbList\",\"@id\":\"https:\\\/\\\/women-at.work\\\/shop\\\/produkt\\\/rudolph-mitbringsel-mit-lindor-kugeln-schablone-zum-ausdrucken\\\/#breadcrumb\",\"itemListElement\":[{\"@type\":\"ListItem\",\"position\":1,\"name\":\"Startseite\",\"item\":\"https:\\\/\\\/women-at.work\\\/shop\\\/\"},{\"@type\":\"ListItem\",\"position\":2,\"name\":\"Shop\",\"item\":\"https:\\\/\\\/women-at.work\\\/shop\\\/shop\\\/\"},{\"@type\":\"ListItem\",\"position\":3,\"name\":\"Rudolph-Mitbringsel mit Lindor-Kugeln | Schablone zum Ausdrucken\"}]},{\"@type\":\"WebSite\",\"@id\":\"https:\\\/\\\/women-at.work\\\/shop\\\/#website\",\"url\":\"https:\\\/\\\/women-at.work\\\/shop\\\/\",\"name\":\"Women At Work Shop\",\"description\":\"Wundervolle Produkte f\u00fcr besondere Menschen\",\"publisher\":{\"@id\":\"https:\\\/\\\/women-at.work\\\/shop\\\/#organization\"},\"potentialAction\":[{\"@type\":\"SearchAction\",\"target\":{\"@type\":\"EntryPoint\",\"urlTemplate\":\"https:\\\/\\\/women-at.work\\\/shop\\\/?s={search_term_string}\"},\"query-input\":{\"@type\":\"PropertyValueSpecification\",\"valueRequired\":true,\"valueName\":\"search_term_string\"}}],\"inLanguage\":\"de\"},{\"@type\":\"Organization\",\"@id\":\"https:\\\/\\\/women-at.work\\\/shop\\\/#organization\",\"name\":\"Women At Work Shop\",\"url\":\"https:\\\/\\\/women-at.work\\\/shop\\\/\",\"logo\":{\"@type\":\"ImageObject\",\"inLanguage\":\"de\",\"@id\":\"https:\\\/\\\/women-at.work\\\/shop\\\/#\\\/schema\\\/logo\\\/image\\\/\",\"url\":\"https:\\\/\\\/women-at.work\\\/shop\\\/wp-content\\\/uploads\\\/2017\\\/05\\\/Shop_Logo.png\",\"contentUrl\":\"https:\\\/\\\/women-at.work\\\/shop\\\/wp-content\\\/uploads\\\/2017\\\/05\\\/Shop_Logo.png\",\"width\":305,\"height\":297,\"caption\":\"Women At Work Shop\"},\"image\":{\"@id\":\"https:\\\/\\\/women-at.work\\\/shop\\\/#\\\/schema\\\/logo\\\/image\\\/\"}}]}<\/script>\n<!-- \/ Yoast SEO plugin. -->","yoast_head_json":{"title":"Rudolph-Verpackung | Schablone zum Ausdrucken","description":"Eine schnelle Vorlage zum Ausdrucken f\u00fcr eine Rentier-Verpackung f\u00fcr ein Weihnachtsgeschenk. Hier klicken, kaufen und downloaden.","robots":{"index":"index","follow":"follow","max-snippet":"max-snippet:-1","max-image-preview":"max-image-preview:large","max-video-preview":"max-video-preview:-1"},"canonical":"https:\/\/women-at.work\/shop\/produkt\/rudolph-mitbringsel-mit-lindor-kugeln-schablone-zum-ausdrucken\/","og_locale":"de_DE","og_type":"article","og_title":"Rudolph-Verpackung | Schablone zum Ausdrucken","og_description":"Eine schnelle Vorlage zum Ausdrucken f\u00fcr eine Rentier-Verpackung f\u00fcr ein Weihnachtsgeschenk. Hier klicken, kaufen und downloaden.","og_url":"https:\/\/women-at.work\/shop\/produkt\/rudolph-mitbringsel-mit-lindor-kugeln-schablone-zum-ausdrucken\/","og_site_name":"Women At Work Shop","article_modified_time":"2025-11-21T13:27:33+00:00","og_image":[{"width":800,"height":1200,"url":"https:\/\/women-at.work\/shop\/wp-content\/uploads\/2024\/12\/rudolph-mitbringsel-mit-lindor-kugeln02.jpg","type":"image\/jpeg"}],"twitter_card":"summary_large_image","twitter_misc":{"Gesch\u00e4tzte Lesezeit":"1\u00a0Minute"},"schema":{"@context":"https:\/\/schema.org","@graph":[{"@type":"WebPage","@id":"https:\/\/women-at.work\/shop\/produkt\/rudolph-mitbringsel-mit-lindor-kugeln-schablone-zum-ausdrucken\/","url":"https:\/\/women-at.work\/shop\/produkt\/rudolph-mitbringsel-mit-lindor-kugeln-schablone-zum-ausdrucken\/","name":"Rudolph-Verpackung | Schablone zum Ausdrucken","isPartOf":{"@id":"https:\/\/women-at.work\/shop\/#website"},"primaryImageOfPage":{"@id":"https:\/\/women-at.work\/shop\/produkt\/rudolph-mitbringsel-mit-lindor-kugeln-schablone-zum-ausdrucken\/#primaryimage"},"image":{"@id":"https:\/\/women-at.work\/shop\/produkt\/rudolph-mitbringsel-mit-lindor-kugeln-schablone-zum-ausdrucken\/#primaryimage"},"thumbnailUrl":"https:\/\/women-at.work\/shop\/wp-content\/uploads\/2024\/12\/rudolph-mitbringsel-mit-lindor-kugeln02.jpg","datePublished":"2024-12-14T13:17:14+00:00","dateModified":"2025-11-21T13:27:33+00:00","description":"Eine schnelle Vorlage zum Ausdrucken f\u00fcr eine Rentier-Verpackung f\u00fcr ein Weihnachtsgeschenk. Hier klicken, kaufen und downloaden.","breadcrumb":{"@id":"https:\/\/women-at.work\/shop\/produkt\/rudolph-mitbringsel-mit-lindor-kugeln-schablone-zum-ausdrucken\/#breadcrumb"},"inLanguage":"de","potentialAction":[{"@type":"ReadAction","target":["https:\/\/women-at.work\/shop\/produkt\/rudolph-mitbringsel-mit-lindor-kugeln-schablone-zum-ausdrucken\/"]}]},{"@type":"ImageObject","inLanguage":"de","@id":"https:\/\/women-at.work\/shop\/produkt\/rudolph-mitbringsel-mit-lindor-kugeln-schablone-zum-ausdrucken\/#primaryimage","url":"https:\/\/women-at.work\/shop\/wp-content\/uploads\/2024\/12\/rudolph-mitbringsel-mit-lindor-kugeln02.jpg","contentUrl":"https:\/\/women-at.work\/shop\/wp-content\/uploads\/2024\/12\/rudolph-mitbringsel-mit-lindor-kugeln02.jpg","width":800,"height":1200,"caption":"Rudolph-Mitbringsel mit Lindor-Kugeln"},{"@type":"BreadcrumbList","@id":"https:\/\/women-at.work\/shop\/produkt\/rudolph-mitbringsel-mit-lindor-kugeln-schablone-zum-ausdrucken\/#breadcrumb","itemListElement":[{"@type":"ListItem","position":1,"name":"Startseite","item":"https:\/\/women-at.work\/shop\/"},{"@type":"ListItem","position":2,"name":"Shop","item":"https:\/\/women-at.work\/shop\/shop\/"},{"@type":"ListItem","position":3,"name":"Rudolph-Mitbringsel mit Lindor-Kugeln | Schablone zum Ausdrucken"}]},{"@type":"WebSite","@id":"https:\/\/women-at.work\/shop\/#website","url":"https:\/\/women-at.work\/shop\/","name":"Women At Work Shop","description":"Wundervolle Produkte f\u00fcr besondere Menschen","publisher":{"@id":"https:\/\/women-at.work\/shop\/#organization"},"potentialAction":[{"@type":"SearchAction","target":{"@type":"EntryPoint","urlTemplate":"https:\/\/women-at.work\/shop\/?s={search_term_string}"},"query-input":{"@type":"PropertyValueSpecification","valueRequired":true,"valueName":"search_term_string"}}],"inLanguage":"de"},{"@type":"Organization","@id":"https:\/\/women-at.work\/shop\/#organization","name":"Women At Work Shop","url":"https:\/\/women-at.work\/shop\/","logo":{"@type":"ImageObject","inLanguage":"de","@id":"https:\/\/women-at.work\/shop\/#\/schema\/logo\/image\/","url":"https:\/\/women-at.work\/shop\/wp-content\/uploads\/2017\/05\/Shop_Logo.png","contentUrl":"https:\/\/women-at.work\/shop\/wp-content\/uploads\/2017\/05\/Shop_Logo.png","width":305,"height":297,"caption":"Women At Work Shop"},"image":{"@id":"https:\/\/women-at.work\/shop\/#\/schema\/logo\/image\/"}}]}},"_links":{"self":[{"href":"https:\/\/women-at.work\/shop\/wp-json\/wp\/v2\/product\/11616","targetHints":{"allow":["GET"]}}],"collection":[{"href":"https:\/\/women-at.work\/shop\/wp-json\/wp\/v2\/product"}],"about":[{"href":"https:\/\/women-at.work\/shop\/wp-json\/wp\/v2\/types\/product"}],"replies":[{"embeddable":true,"href":"https:\/\/women-at.work\/shop\/wp-json\/wp\/v2\/comments?post=11616"}],"wp:featuredmedia":[{"embeddable":true,"href":"https:\/\/women-at.work\/shop\/wp-json\/wp\/v2\/media\/11617"}],"wp:attachment":[{"href":"https:\/\/women-at.work\/shop\/wp-json\/wp\/v2\/media?parent=11616"}],"wp:term":[{"taxonomy":"product_brand","embeddable":true,"href":"https:\/\/women-at.work\/shop\/wp-json\/wp\/v2\/product_brand?post=11616"},{"taxonomy":"product_cat","embeddable":true,"href":"https:\/\/women-at.work\/shop\/wp-json\/wp\/v2\/product_cat?post=11616"},{"taxonomy":"product_tag","embeddable":true,"href":"https:\/\/women-at.work\/shop\/wp-json\/wp\/v2\/product_tag?post=11616"}],"curies":[{"name":"wp","href":"https:\/\/api.w.org\/{rel}","templated":true}]}}