{"id":17224,"date":"2025-09-06T23:06:54","date_gmt":"2025-09-06T21:06:54","guid":{"rendered":"https:\/\/women-at.work\/shop\/echtheit-von-bewertungen\/"},"modified":"2025-09-07T09:04:28","modified_gmt":"2025-09-07T07:04:28","slug":"echtheit-von-bewertungen","status":"publish","type":"page","link":"https:\/\/women-at.work\/shop\/echtheit-von-bewertungen\/","title":{"rendered":"Echtheit von Bewertungen"},"content":{"rendered":"<p data-start=\"245\" data-end=\"417\">Produktbewertungen helfen unseren Kundinnen und Kunden dabei, eine fundierte Kaufentscheidung zu treffen. Uns ist dabei die Echtheit dieser Bewertungen besonders wichtig.<\/p>\n<h3 data-start=\"419\" data-end=\"459\">Was bedeutet \u201eVerifizierter Kauf\u201c?<\/h3>\n<p data-start=\"460\" data-end=\"723\">Bewertungen mit dem Hinweis <em data-start=\"488\" data-end=\"510\">\u201eVerifizierter Kauf\u201c<\/em> stammen von Kundinnen und Kunden, die das jeweilige Produkt tats\u00e4chlich in unserem Onlineshop gekauft haben. Das System erkennt die Bestellung automatisch und kennzeichnet die abgegebene Bewertung entsprechend.<\/p>\n<h3 data-start=\"725\" data-end=\"779\">K\u00f6nnen auch andere Personen Bewertungen abgeben?<\/h3>\n<p data-start=\"780\" data-end=\"948\">Ja, auch Personen ohne einen nachweisbaren Kauf in unserem Shop k\u00f6nnen eine Bewertung hinterlassen. Diese Bewertungen sind als &#8222;nicht verifizierter Kauf&#8220; gekennzeichnet.<\/p>\n<h3 data-start=\"950\" data-end=\"966\">Unser Ziel<\/h3>\n<p data-start=\"967\" data-end=\"1159\">Durch die Kennzeichnung von \u201everifizierten K\u00e4ufen\u201c m\u00f6chten wir Ihnen mehr Transparenz bieten, damit Sie besser einsch\u00e4tzen k\u00f6nnen, welche Erfahrungen aus einem tats\u00e4chlichen Einkauf stammen.<\/p>\n","protected":false},"excerpt":{"rendered":"<p>Produktbewertungen helfen unseren Kundinnen und Kunden dabei, eine fundierte Kaufentscheidung zu treffen. Uns ist dabei die Echtheit dieser Bewertungen besonders wichtig. Was bedeutet \u201eVerifizierter Kauf\u201c? Bewertungen mit dem Hinweis \u201eVerifizierter Kauf\u201c stammen von Kundinnen und Kunden, die das jeweilige Produkt tats\u00e4chlich in unserem Onlineshop gekauft haben. Das System erkennt die Bestellung automatisch und kennzeichnet die [&hellip;]<\/p>\n","protected":false},"author":1,"featured_media":0,"parent":0,"menu_order":0,"comment_status":"closed","ping_status":"closed","template":"","meta":{"footnotes":""},"class_list":["post-17224","page","type-page","status-publish","hentry"],"yoast_head":"<!-- This site is optimized with the Yoast SEO plugin v27.5 - https:\/\/yoast.com\/product\/yoast-seo-wordpress\/ -->\n<title>Echtheit von Bewertungen - Women At Work Shop<\/title>\n<meta name=\"robots\" content=\"index, follow, max-snippet:-1, max-image-preview:large, max-video-preview:-1\" \/>\n<link rel=\"canonical\" href=\"https:\/\/women-at.work\/shop\/echtheit-von-bewertungen\/\" \/>\n<meta property=\"og:locale\" content=\"de_DE\" \/>\n<meta property=\"og:type\" content=\"article\" \/>\n<meta property=\"og:title\" content=\"Echtheit von Bewertungen - Women At Work Shop\" \/>\n<meta property=\"og:description\" content=\"Produktbewertungen helfen unseren Kundinnen und Kunden dabei, eine fundierte Kaufentscheidung zu treffen. Uns ist dabei die Echtheit dieser Bewertungen besonders wichtig. Was bedeutet \u201eVerifizierter Kauf\u201c? Bewertungen mit dem Hinweis \u201eVerifizierter Kauf\u201c stammen von Kundinnen und Kunden, die das jeweilige Produkt tats\u00e4chlich in unserem Onlineshop gekauft haben. Das System erkennt die Bestellung automatisch und kennzeichnet die [&hellip;]\" \/>\n<meta property=\"og:url\" content=\"https:\/\/women-at.work\/shop\/echtheit-von-bewertungen\/\" \/>\n<meta property=\"og:site_name\" content=\"Women At Work Shop\" \/>\n<meta property=\"article:modified_time\" content=\"2025-09-07T07:04:28+00:00\" \/>\n<meta name=\"twitter:card\" content=\"summary_large_image\" \/>\n<meta name=\"twitter:label1\" content=\"Gesch\u00e4tzte Lesezeit\" \/>\n\t<meta name=\"twitter:data1\" content=\"1\u00a0Minute\" \/>\n<script type=\"application\/ld+json\" class=\"yoast-schema-graph\">{\"@context\":\"https:\\\/\\\/schema.org\",\"@graph\":[{\"@type\":\"WebPage\",\"@id\":\"https:\\\/\\\/women-at.work\\\/shop\\\/echtheit-von-bewertungen\\\/\",\"url\":\"https:\\\/\\\/women-at.work\\\/shop\\\/echtheit-von-bewertungen\\\/\",\"name\":\"Echtheit von Bewertungen - Women At Work Shop\",\"isPartOf\":{\"@id\":\"https:\\\/\\\/women-at.work\\\/shop\\\/#website\"},\"datePublished\":\"2025-09-06T21:06:54+00:00\",\"dateModified\":\"2025-09-07T07:04:28+00:00\",\"breadcrumb\":{\"@id\":\"https:\\\/\\\/women-at.work\\\/shop\\\/echtheit-von-bewertungen\\\/#breadcrumb\"},\"inLanguage\":\"de\",\"potentialAction\":[{\"@type\":\"ReadAction\",\"target\":[\"https:\\\/\\\/women-at.work\\\/shop\\\/echtheit-von-bewertungen\\\/\"]}]},{\"@type\":\"BreadcrumbList\",\"@id\":\"https:\\\/\\\/women-at.work\\\/shop\\\/echtheit-von-bewertungen\\\/#breadcrumb\",\"itemListElement\":[{\"@type\":\"ListItem\",\"position\":1,\"name\":\"Startseite\",\"item\":\"https:\\\/\\\/women-at.work\\\/shop\\\/\"},{\"@type\":\"ListItem\",\"position\":2,\"name\":\"Echtheit von Bewertungen\"}]},{\"@type\":\"WebSite\",\"@id\":\"https:\\\/\\\/women-at.work\\\/shop\\\/#website\",\"url\":\"https:\\\/\\\/women-at.work\\\/shop\\\/\",\"name\":\"Women At Work Shop\",\"description\":\"Wundervolle Produkte f\u00fcr besondere Menschen\",\"publisher\":{\"@id\":\"https:\\\/\\\/women-at.work\\\/shop\\\/#organization\"},\"potentialAction\":[{\"@type\":\"SearchAction\",\"target\":{\"@type\":\"EntryPoint\",\"urlTemplate\":\"https:\\\/\\\/women-at.work\\\/shop\\\/?s={search_term_string}\"},\"query-input\":{\"@type\":\"PropertyValueSpecification\",\"valueRequired\":true,\"valueName\":\"search_term_string\"}}],\"inLanguage\":\"de\"},{\"@type\":\"Organization\",\"@id\":\"https:\\\/\\\/women-at.work\\\/shop\\\/#organization\",\"name\":\"Women At Work Shop\",\"url\":\"https:\\\/\\\/women-at.work\\\/shop\\\/\",\"logo\":{\"@type\":\"ImageObject\",\"inLanguage\":\"de\",\"@id\":\"https:\\\/\\\/women-at.work\\\/shop\\\/#\\\/schema\\\/logo\\\/image\\\/\",\"url\":\"https:\\\/\\\/women-at.work\\\/shop\\\/wp-content\\\/uploads\\\/2017\\\/05\\\/Shop_Logo.png\",\"contentUrl\":\"https:\\\/\\\/women-at.work\\\/shop\\\/wp-content\\\/uploads\\\/2017\\\/05\\\/Shop_Logo.png\",\"width\":305,\"height\":297,\"caption\":\"Women At Work Shop\"},\"image\":{\"@id\":\"https:\\\/\\\/women-at.work\\\/shop\\\/#\\\/schema\\\/logo\\\/image\\\/\"}}]}<\/script>\n<!-- \/ Yoast SEO plugin. -->","yoast_head_json":{"title":"Echtheit von Bewertungen - Women At Work Shop","robots":{"index":"index","follow":"follow","max-snippet":"max-snippet:-1","max-image-preview":"max-image-preview:large","max-video-preview":"max-video-preview:-1"},"canonical":"https:\/\/women-at.work\/shop\/echtheit-von-bewertungen\/","og_locale":"de_DE","og_type":"article","og_title":"Echtheit von Bewertungen - Women At Work Shop","og_description":"Produktbewertungen helfen unseren Kundinnen und Kunden dabei, eine fundierte Kaufentscheidung zu treffen. Uns ist dabei die Echtheit dieser Bewertungen besonders wichtig. Was bedeutet \u201eVerifizierter Kauf\u201c? Bewertungen mit dem Hinweis \u201eVerifizierter Kauf\u201c stammen von Kundinnen und Kunden, die das jeweilige Produkt tats\u00e4chlich in unserem Onlineshop gekauft haben. Das System erkennt die Bestellung automatisch und kennzeichnet die [&hellip;]","og_url":"https:\/\/women-at.work\/shop\/echtheit-von-bewertungen\/","og_site_name":"Women At Work Shop","article_modified_time":"2025-09-07T07:04:28+00:00","twitter_card":"summary_large_image","twitter_misc":{"Gesch\u00e4tzte Lesezeit":"1\u00a0Minute"},"schema":{"@context":"https:\/\/schema.org","@graph":[{"@type":"WebPage","@id":"https:\/\/women-at.work\/shop\/echtheit-von-bewertungen\/","url":"https:\/\/women-at.work\/shop\/echtheit-von-bewertungen\/","name":"Echtheit von Bewertungen - Women At Work Shop","isPartOf":{"@id":"https:\/\/women-at.work\/shop\/#website"},"datePublished":"2025-09-06T21:06:54+00:00","dateModified":"2025-09-07T07:04:28+00:00","breadcrumb":{"@id":"https:\/\/women-at.work\/shop\/echtheit-von-bewertungen\/#breadcrumb"},"inLanguage":"de","potentialAction":[{"@type":"ReadAction","target":["https:\/\/women-at.work\/shop\/echtheit-von-bewertungen\/"]}]},{"@type":"BreadcrumbList","@id":"https:\/\/women-at.work\/shop\/echtheit-von-bewertungen\/#breadcrumb","itemListElement":[{"@type":"ListItem","position":1,"name":"Startseite","item":"https:\/\/women-at.work\/shop\/"},{"@type":"ListItem","position":2,"name":"Echtheit von Bewertungen"}]},{"@type":"WebSite","@id":"https:\/\/women-at.work\/shop\/#website","url":"https:\/\/women-at.work\/shop\/","name":"Women At Work Shop","description":"Wundervolle Produkte f\u00fcr besondere Menschen","publisher":{"@id":"https:\/\/women-at.work\/shop\/#organization"},"potentialAction":[{"@type":"SearchAction","target":{"@type":"EntryPoint","urlTemplate":"https:\/\/women-at.work\/shop\/?s={search_term_string}"},"query-input":{"@type":"PropertyValueSpecification","valueRequired":true,"valueName":"search_term_string"}}],"inLanguage":"de"},{"@type":"Organization","@id":"https:\/\/women-at.work\/shop\/#organization","name":"Women At Work Shop","url":"https:\/\/women-at.work\/shop\/","logo":{"@type":"ImageObject","inLanguage":"de","@id":"https:\/\/women-at.work\/shop\/#\/schema\/logo\/image\/","url":"https:\/\/women-at.work\/shop\/wp-content\/uploads\/2017\/05\/Shop_Logo.png","contentUrl":"https:\/\/women-at.work\/shop\/wp-content\/uploads\/2017\/05\/Shop_Logo.png","width":305,"height":297,"caption":"Women At Work Shop"},"image":{"@id":"https:\/\/women-at.work\/shop\/#\/schema\/logo\/image\/"}}]}},"_links":{"self":[{"href":"https:\/\/women-at.work\/shop\/wp-json\/wp\/v2\/pages\/17224","targetHints":{"allow":["GET"]}}],"collection":[{"href":"https:\/\/women-at.work\/shop\/wp-json\/wp\/v2\/pages"}],"about":[{"href":"https:\/\/women-at.work\/shop\/wp-json\/wp\/v2\/types\/page"}],"author":[{"embeddable":true,"href":"https:\/\/women-at.work\/shop\/wp-json\/wp\/v2\/users\/1"}],"replies":[{"embeddable":true,"href":"https:\/\/women-at.work\/shop\/wp-json\/wp\/v2\/comments?post=17224"}],"version-history":[{"count":0,"href":"https:\/\/women-at.work\/shop\/wp-json\/wp\/v2\/pages\/17224\/revisions"}],"wp:attachment":[{"href":"https:\/\/women-at.work\/shop\/wp-json\/wp\/v2\/media?parent=17224"}],"curies":[{"name":"wp","href":"https:\/\/api.w.org\/{rel}","templated":true}]}}