{"id":1029,"date":"2016-05-02T14:00:25","date_gmt":"2016-05-02T14:00:25","guid":{"rendered":"http:\/\/theme.bearsthemes.com\/wordpress\/lemonshop\/?page_id=1029"},"modified":"2020-06-04T13:35:11","modified_gmt":"2020-06-04T11:35:11","slug":"faq","status":"publish","type":"page","link":"https:\/\/women-at.work\/shop\/faq\/","title":{"rendered":"FAQ &#8211; H\u00e4ufige Fragen und Antworten"},"content":{"rendered":"<p>[vc_row][vc_column][vc_column_text]<\/p>\n<p>[\/vc_column_text][\/vc_column][\/vc_row][vc_row css=&#8220;.vc_custom_1462198297215{margin-bottom: 90px !important;}&#8220;][vc_column][vc_tta_accordion shape=&#8220;square&#8220; active_section=&#8220;1&#8243; title=&#8220;Deine Bestellung&#8220;][vc_tta_section title=&#8220;Muss ich registriert sein, wenn ich bei euch bestellen will?&#8220; tab_id=&#8220;1462197590061-7b4206ea-9a45&#8243;][vc_column_text el_class=&#8220;bt-font-caption&#8220;]Nein, du kannst auch als Gast bestellen.[\/vc_column_text][\/vc_tta_section][vc_tta_section title=&#8220;Wie sicher ist euer Online-Shop und meine Daten?&#8220; tab_id=&#8220;1462197590122-cea0dc52-6243&#8243;][vc_column_text el_class=&#8220;bt-font-caption&#8220;]Die Verbindung wird verschl\u00fcsselt hergestellt und wir respektieren deine Privatsph\u00e4re im hohen Ma\u00dfe. Wir werden deine Daten ausschlie\u00dflich f\u00fcr die Abwicklung des Kaufes verwenden und nicht an Dritte weitergeben.[\/vc_column_text][\/vc_tta_section][\/vc_tta_accordion][\/vc_column][\/vc_row][vc_row css=&#8220;.vc_custom_1462198297215{margin-bottom: 90px !important;}&#8220;][vc_column][vc_tta_accordion shape=&#8220;square&#8220; active_section=&#8220;1&#8243; title=&#8220;Versand &amp; Lieferung&#8220;][vc_tta_section title=&#8220;Wie hoch sind die Versandkosten?&#8220; tab_id=&#8220;1494513023338-560123e5-c03b&#8220;][vc_column_text el_class=&#8220;bt-font-caption&#8220;]In Deutschland versenden wir ausschlie\u00dflich versichert f\u00fcr 4,99\u20ac.\u00a0 In anderen EU-L\u00e4nder gilt der <a href=\"https:\/\/www.dhl.de\/paket-international\">DHL-Tarif<\/a>. Downloadbare Vorlagen und die Zugangsdaten f\u00fcr Webniare werden nur online versendet und es fallen keine Versandkosten oder Downloadgeb\u00fchren an.[\/vc_column_text][\/vc_tta_section][vc_tta_section title=&#8220;Mit welchem Dienstleister werden die Produkte verschickt?&#8220; tab_id=&#8220;1494513023547-2f2b8569-bbc7&#8243;][vc_column_text el_class=&#8220;bt-font-caption&#8220;]Wir verschicken unsere Pakete mit DHL. Auf Kundenwunsch verschicken wir auch alternativ mit Hermes. Bitte gib dies im Feld &#8222;Anmerkungen zur Bestellung&#8220; an. Nach Abschluss der Bestellung sind \u00c4nderungen des Versanddienstleisters nicht mehr m\u00f6glich.[\/vc_column_text][\/vc_tta_section][vc_tta_section title=&#8220;Kann ich als Lieferadresse auch eine Packstation angeben?&#8220; tab_id=&#8220;1494513118596-1d1d3c78-3b79&#8243;][vc_column_text]<em>Ja, bitte achte auf eine korrekte Postnummer und korrekte Nummer der Packstation.<\/em>[\/vc_column_text][\/vc_tta_section][vc_tta_section title=&#8220;Kann ich bei euch auch bestellen, wenn ich nicht in Deutschland, \u00d6sterreich oder der Schweiz lebe?&#8220; tab_id=&#8220;1494513145729-b919ce69-c481&#8243;][vc_column_text]Unsere Pakete versenden wir innerhalb von Europa. Die downloadbaren Vorlagen und die Webinare k\u00f6nnen weltwelt gekauft werden.[\/vc_column_text][\/vc_tta_section][vc_tta_section title=&#8220;Kann ich meine Bestellung auch direkt bei euch abholen?&#8220; tab_id=&#8220;1494513165147-bc8cbba4-572e&#8220;][vc_column_text]Leider ist das nicht m\u00f6glich.[\/vc_column_text][\/vc_tta_section][vc_tta_section title=&#8220;Mein Paket konnte leider nicht zugestellt werden und wurde zur\u00fcckgeschickt. K\u00f6nnt ihr mir mein Paket nochmals versenden?&#8220; tab_id=&#8220;1494513184654-13a2a6d5-d253&#8243;][vc_column_text]Wir schicken dir das Paket gern erneut zu. Bei einer weiteren Unzustellbarkeit m\u00fcssen wir beim dritten Versuch eine Bearbeitungsgeb\u00fchr von 5\u20ac in Rechnung stellen.[\/vc_column_text][\/vc_tta_section][vc_tta_section title=&#8220;Ich habe einen Fehler in meiner Adresse festgestellt, was kann ich tun?&#8220; tab_id=&#8220;1494513206220-2be1e1d3-2d7e&#8220;][vc_column_text]Bitte sende uns so schnell wie m\u00f6glich eine E-Mail an shop@women-at.work. Diese sollte deine Bestellnummer und deine korrekte Adresse beinhalten. Wenn das Paket noch nicht verschickt wurde, \u00e4ndern wir die Adresse manuell.[\/vc_column_text][\/vc_tta_section][vc_tta_section title=&#8220;Wie lange muss ich ungef\u00e4hr auf meine Bestellung warten?&#8220; tab_id=&#8220;1494513232086-4b562c0f-82af&#8220;][vc_column_text]In der Regel betr\u00e4gt die Lieferzeit innerhalb Deutschlands 3 bis 4 Werktage nach Zahlungseingang. Die Lieferzeit in europ\u00e4ische L\u00e4nder betr\u00e4gt erfahrungsgem\u00e4\u00df 5 bis 8 Werktage nach Zahlungseingang. Bei downloadbaren Vorlagen schicken wir dir den Downloadlink sofort nach Zahlungseingang.[\/vc_column_text][\/vc_tta_section][vc_tta_section title=&#8220;Wie erhalte ich downloadbare Vorlagen?&#8220; tab_id=&#8220;1494513254783-58e07771-21de&#8220;][vc_column_text]Nach Zahlungseingang erh\u00e4ltst du eine E-Mail von uns, in der ein Link enthalten ist, mit dem du die Vorlage herunterladen kannst.[\/vc_column_text][\/vc_tta_section][\/vc_tta_accordion][\/vc_column][\/vc_row][vc_row css=&#8220;.vc_custom_1462198297215{margin-bottom: 90px !important;}&#8220;][vc_column][vc_tta_accordion shape=&#8220;square&#8220; active_section=&#8220;1&#8243; title=&#8220;Webinare&#8220;][vc_tta_section title=&#8220;Wie kann ich an einem Webinar teilnehmen?&#8220; tab_id=&#8220;1494513423791-7cedae2a-5e46&#8243;][vc_column_text el_class=&#8220;bt-font-caption&#8220;]Um an einem Webinar teilnehmen zu k\u00f6nnen, ben\u00f6tigst du einen internetf\u00e4higen Rechner mit einem aktuellen Internetbrowser deiner Wahl. Der Rechner muss audiof\u00e4hig sein. Nach Zahlungseingang senden wir dir mittels einer E-Mail alle wichtigen Informationen zum Webinar. Dies beinhaltet die Zeit, wann es stattfindet, die Dauer, das Thema. 15 Minuten vor Beginn des Webinares, erh\u00e4ltst du eine weitere E-Mail, in der der Link zum Webinar enthalten ist.[\/vc_column_text][\/vc_tta_section][vc_tta_section title=&#8220;Kann ich w\u00e4hrend des Webinares Fragen stellen?&#8220; tab_id=&#8220;1494513424061-ce0b337b-0a53&#8243;][vc_column_text el_class=&#8220;bt-font-caption&#8220;]Es wird ein Kommentarfeld geben, indem du deine Fragen schriftlich stellen kannst.[\/vc_column_text][\/vc_tta_section][\/vc_tta_accordion][\/vc_column][\/vc_row][vc_row css=&#8220;.vc_custom_1462198297215{margin-bottom: 90px !important;}&#8220;][vc_column][vc_tta_accordion shape=&#8220;square&#8220; active_section=&#8220;1&#8243; title=&#8220;Deine Zahlung&#8220;][vc_tta_section title=&#8220;Welche Zahlungsarten sind m\u00f6glich?&#8220; tab_id=&#8220;1494513491132-dc28f974-febb&#8220;][vc_column_text el_class=&#8220;bt-font-caption&#8220;]Du kannst bei uns via Vorkasse (\u00dcberweisung) und PayPal bezahlen.[\/vc_column_text][\/vc_tta_section][vc_tta_section title=&#8220;Wie lange habe ich Zeit zu bezahlen?&#8220; tab_id=&#8220;1494513491402-f982cd76-59b7&#8243;][vc_column_text el_class=&#8220;bt-font-caption&#8220;]Wenn du dich f\u00fcr die Zahlung via Vorkasse (\u00dcberweisung) entscheidest, hast du ab Vertragschluss 10 Tage Zeit, um den ausstehenden Betrag zu \u00fcberweisen. Solltest du nach 14 Tagen den Artikel nicht bezahlt habe, wird die Bestellung automatisch storniert.[\/vc_column_text][\/vc_tta_section][\/vc_tta_accordion][\/vc_column][\/vc_row][vc_row css=&#8220;.vc_custom_1462198297215{margin-bottom: 90px !important;}&#8220;][vc_column][vc_tta_accordion shape=&#8220;square&#8220; active_section=&#8220;1&#8243; title=&#8220;M\u00e4ngel \/ R\u00fccksendung&#8220;][vc_tta_section title=&#8220;Meine Bestellung bzw. ein Produkte meiner Bestellung ist fehlerhaft oder beim Transport besch\u00e4digt worden. Was kann ich tun?&#8220; tab_id=&#8220;1494514510318-2d80638a-d6f8&#8243;][vc_column_text el_class=&#8220;bt-font-caption&#8220;]Wir bedauern, dass dies passiert ist, da wir grunds\u00e4tzlich darauf achten, dass du deine Bestellung sicher und vollst\u00e4ndig erh\u00e4ltst. Sollte es doch zu einer Besch\u00e4digung oder einem Fehler kommen, bitten wir dich, dich mit unserem Kundenservice auseinander zusetzen. Schicke daf\u00fcr an shop@women-at.work eine E-Mail mit einem Foto der Besch\u00e4digung oder des Fehlers. Wir besprechen dann alles weitere. In den meisten F\u00e4llen wir das Produkt durch ein neues ersetzt.[\/vc_column_text][\/vc_tta_section][vc_tta_section title=&#8220;Die bestellten Produkte entsprechen nicht meinen Vorstellungen.&#8220; tab_id=&#8220;1494514510651-9dfa0f28-1deb&#8220;][vc_column_text el_class=&#8220;bt-font-caption&#8220;]Das ist schade! Du kannst einen Widerruf t\u00e4tigen und die Ware zur\u00fccksenden. Wir erstatten dir dann das Geld. Die Kosten f\u00fcr das Porto musst du daf\u00fcr selbst tragen.[\/vc_column_text][\/vc_tta_section][vc_tta_section title=&#8220;Mein Produkt ist schon l\u00e4nger in Gebrauch und jetzt kaputt gegangen.&#8220; tab_id=&#8220;1494514556450-73f3bfb7-dbf9&#8243;][vc_column_text]Besteht eine berechtigte Reklamation, werden wir sie im Rahmen der gesetzlichen Bestimmungen bearbeiten. Sende uns hierf\u00fcr eine E-Mail mit einem Foto der Besch\u00e4digung oder des Fehlers und einer Beschreibung an shop@women-at.work. Unser Kundenservice ist bem\u00fcht, mit dir eine L\u00f6sung zu finden.[\/vc_column_text][\/vc_tta_section][vc_tta_section title=&#8220;Mein Paket ist nicht angekommen.&#8220; tab_id=&#8220;1494514580824-cf6ec03b-f532&#8243;][vc_column_text]Bei einem versicherten Versand, k\u00f6nnen wir anhand der Sendungsnummer feststellen, wo sich der Paket momentan befindet. Setze dich daf\u00fcr mit unserem Kundenservice in Verbindung. Sollte das Paket auf dem Postweg verloren gegangen sein, erh\u00e4ltst du bei versichertem Versand selbstverst\u00e4ndlich Ersatz.[\/vc_column_text][\/vc_tta_section][vc_tta_section title=&#8220;Ich erreiche niemanden. Ich bekomme keine Antwort!&#8220; tab_id=&#8220;1494514611966-d1ef08af-fab8&#8243;][vc_column_text]Wir sind bem\u00fcht, innerhalb der B\u00fcrozeiten, alle Anrufe entgegen zu nehmen. Wenn du niemanden erreichst, schicke bitte eine E-Mail an shop@women-at.work. In der Regel antworten wir auf jede E-Mail. Solltest du auch dort keine Antwort erhalten, kontaktiere uns bitte erneut \u00fcber die E-Mailadresse. M\u00f6glicherweise ist deine Nachricht einfach nur untergegangen.[\/vc_column_text][\/vc_tta_section][\/vc_tta_accordion][\/vc_column][\/vc_row][vc_row css=&#8220;.vc_custom_1462198297215{margin-bottom: 90px !important;}&#8220;][vc_column][vc_tta_accordion shape=&#8220;square&#8220; active_section=&#8220;1&#8243; title=&#8220;Dein Kundenkonto&#8220;][vc_tta_section title=&#8220;Was ist &#8222;mein Konto&#8222;?&#8220; tab_id=&#8220;1494514638255-d06162cb-3cd7&#8243;][vc_column_text el_class=&#8220;bt-font-caption&#8220;]&#8220;Mein Konto&#8220; ist dein pers\u00f6nlicher Bereich, auf den du nach dem Einloggen Zugriff hast. In diesem Bereich findest du deine letzten Bestellungen, deine gekauften Downloads, deine Kontodetails, und deine Adressen. Ein Konto besitzt du nur, wenn du beim Bestellprozess eins angelegt hast.[\/vc_column_text][\/vc_tta_section][vc_tta_section title=&#8220;Ich habe das Passwort f\u00fcr meinen Account vergessen. Was nun?&#8220; tab_id=&#8220;1494514638573-c5fcc9aa-6bd6&#8243;][vc_column_text el_class=&#8220;bt-font-caption&#8220;]Sende bitte auf &#8222;Passwort vergessen&#8220; im Login-Bereich. Wir senden dir dann weitere Informationen per E-Mail, wie du dein Passwort \u00e4ndern kannst.[\/vc_column_text][\/vc_tta_section][\/vc_tta_accordion][\/vc_column][\/vc_row]<\/p>\n","protected":false},"excerpt":{"rendered":"<p>[vc_row][vc_column][vc_column_text] [\/vc_column_text][\/vc_column][\/vc_row][vc_row css=&#8220;.vc_custom_1462198297215{margin-bottom: 90px !important;}&#8220;][vc_column][vc_tta_accordion shape=&#8220;square&#8220; active_section=&#8220;1&#8243; title=&#8220;Deine Bestellung&#8220;][vc_tta_section title=&#8220;Muss ich registriert sein, wenn ich bei euch bestellen will?&#8220; tab_id=&#8220;1462197590061-7b4206ea-9a45&#8243;][vc_column_text el_class=&#8220;bt-font-caption&#8220;]Nein, du kannst auch als Gast bestellen.[\/vc_column_text][\/vc_tta_section][vc_tta_section title=&#8220;Wie sicher ist euer Online-Shop und meine Daten?&#8220; tab_id=&#8220;1462197590122-cea0dc52-6243&#8243;][vc_column_text el_class=&#8220;bt-font-caption&#8220;]Die Verbindung wird verschl\u00fcsselt hergestellt und wir respektieren deine Privatsph\u00e4re im hohen Ma\u00dfe. Wir werden deine Daten ausschlie\u00dflich f\u00fcr [&hellip;]<\/p>\n","protected":false},"author":1,"featured_media":0,"parent":0,"menu_order":0,"comment_status":"closed","ping_status":"closed","template":"","meta":{"footnotes":""},"class_list":["post-1029","page","type-page","status-publish","hentry"],"yoast_head":"<!-- This site is optimized with the Yoast SEO plugin v27.3 - https:\/\/yoast.com\/product\/yoast-seo-wordpress\/ -->\n<title>FAQ - H\u00e4ufige Fragen und Antworten - Women At Work Shop<\/title>\n<meta name=\"robots\" content=\"index, follow, max-snippet:-1, max-image-preview:large, max-video-preview:-1\" \/>\n<link rel=\"canonical\" href=\"https:\/\/women-at.work\/shop\/faq\/\" \/>\n<meta property=\"og:locale\" content=\"de_DE\" \/>\n<meta property=\"og:type\" content=\"article\" \/>\n<meta property=\"og:title\" content=\"FAQ - H\u00e4ufige Fragen und Antworten - Women At Work Shop\" \/>\n<meta property=\"og:description\" content=\"[vc_row][vc_column][vc_column_text] [\/vc_column_text][\/vc_column][\/vc_row][vc_row css=&#8220;.vc_custom_1462198297215{margin-bottom: 90px !important;}&#8220;][vc_column][vc_tta_accordion shape=&#8220;square&#8220; active_section=&#8220;1&#8243; title=&#8220;Deine Bestellung&#8220;][vc_tta_section title=&#8220;Muss ich registriert sein, wenn ich bei euch bestellen will?&#8220; tab_id=&#8220;1462197590061-7b4206ea-9a45&#8243;][vc_column_text el_class=&#8220;bt-font-caption&#8220;]Nein, du kannst auch als Gast bestellen.[\/vc_column_text][\/vc_tta_section][vc_tta_section title=&#8220;Wie sicher ist euer Online-Shop und meine Daten?&#8220; tab_id=&#8220;1462197590122-cea0dc52-6243&#8243;][vc_column_text el_class=&#8220;bt-font-caption&#8220;]Die Verbindung wird verschl\u00fcsselt hergestellt und wir respektieren deine Privatsph\u00e4re im hohen Ma\u00dfe. Wir werden deine Daten ausschlie\u00dflich f\u00fcr [&hellip;]\" \/>\n<meta property=\"og:url\" content=\"https:\/\/women-at.work\/shop\/faq\/\" \/>\n<meta property=\"og:site_name\" content=\"Women At Work Shop\" \/>\n<meta property=\"article:modified_time\" content=\"2020-06-04T11:35:11+00:00\" \/>\n<meta name=\"twitter:card\" content=\"summary_large_image\" \/>\n<meta name=\"twitter:label1\" content=\"Gesch\u00e4tzte Lesezeit\" \/>\n\t<meta name=\"twitter:data1\" content=\"8\u00a0Minuten\" \/>\n<script type=\"application\/ld+json\" class=\"yoast-schema-graph\">{\"@context\":\"https:\\\/\\\/schema.org\",\"@graph\":[{\"@type\":\"WebPage\",\"@id\":\"https:\\\/\\\/women-at.work\\\/shop\\\/faq\\\/\",\"url\":\"https:\\\/\\\/women-at.work\\\/shop\\\/faq\\\/\",\"name\":\"FAQ - H\u00e4ufige Fragen und Antworten - Women At Work Shop\",\"isPartOf\":{\"@id\":\"https:\\\/\\\/women-at.work\\\/shop\\\/#website\"},\"datePublished\":\"2016-05-02T14:00:25+00:00\",\"dateModified\":\"2020-06-04T11:35:11+00:00\",\"breadcrumb\":{\"@id\":\"https:\\\/\\\/women-at.work\\\/shop\\\/faq\\\/#breadcrumb\"},\"inLanguage\":\"de\",\"potentialAction\":[{\"@type\":\"ReadAction\",\"target\":[\"https:\\\/\\\/women-at.work\\\/shop\\\/faq\\\/\"]}]},{\"@type\":\"BreadcrumbList\",\"@id\":\"https:\\\/\\\/women-at.work\\\/shop\\\/faq\\\/#breadcrumb\",\"itemListElement\":[{\"@type\":\"ListItem\",\"position\":1,\"name\":\"Startseite\",\"item\":\"https:\\\/\\\/women-at.work\\\/shop\\\/\"},{\"@type\":\"ListItem\",\"position\":2,\"name\":\"FAQ &#8211; H\u00e4ufige Fragen und Antworten\"}]},{\"@type\":\"WebSite\",\"@id\":\"https:\\\/\\\/women-at.work\\\/shop\\\/#website\",\"url\":\"https:\\\/\\\/women-at.work\\\/shop\\\/\",\"name\":\"Women At Work Shop\",\"description\":\"Wundervolle Produkte f\u00fcr besondere Menschen\",\"publisher\":{\"@id\":\"https:\\\/\\\/women-at.work\\\/shop\\\/#organization\"},\"potentialAction\":[{\"@type\":\"SearchAction\",\"target\":{\"@type\":\"EntryPoint\",\"urlTemplate\":\"https:\\\/\\\/women-at.work\\\/shop\\\/?s={search_term_string}\"},\"query-input\":{\"@type\":\"PropertyValueSpecification\",\"valueRequired\":true,\"valueName\":\"search_term_string\"}}],\"inLanguage\":\"de\"},{\"@type\":\"Organization\",\"@id\":\"https:\\\/\\\/women-at.work\\\/shop\\\/#organization\",\"name\":\"Women At Work Shop\",\"url\":\"https:\\\/\\\/women-at.work\\\/shop\\\/\",\"logo\":{\"@type\":\"ImageObject\",\"inLanguage\":\"de\",\"@id\":\"https:\\\/\\\/women-at.work\\\/shop\\\/#\\\/schema\\\/logo\\\/image\\\/\",\"url\":\"https:\\\/\\\/women-at.work\\\/shop\\\/wp-content\\\/uploads\\\/2017\\\/05\\\/Shop_Logo.png\",\"contentUrl\":\"https:\\\/\\\/women-at.work\\\/shop\\\/wp-content\\\/uploads\\\/2017\\\/05\\\/Shop_Logo.png\",\"width\":305,\"height\":297,\"caption\":\"Women At Work Shop\"},\"image\":{\"@id\":\"https:\\\/\\\/women-at.work\\\/shop\\\/#\\\/schema\\\/logo\\\/image\\\/\"}}]}<\/script>\n<!-- \/ Yoast SEO plugin. -->","yoast_head_json":{"title":"FAQ - H\u00e4ufige Fragen und Antworten - Women At Work Shop","robots":{"index":"index","follow":"follow","max-snippet":"max-snippet:-1","max-image-preview":"max-image-preview:large","max-video-preview":"max-video-preview:-1"},"canonical":"https:\/\/women-at.work\/shop\/faq\/","og_locale":"de_DE","og_type":"article","og_title":"FAQ - H\u00e4ufige Fragen und Antworten - Women At Work Shop","og_description":"[vc_row][vc_column][vc_column_text] [\/vc_column_text][\/vc_column][\/vc_row][vc_row css=&#8220;.vc_custom_1462198297215{margin-bottom: 90px !important;}&#8220;][vc_column][vc_tta_accordion shape=&#8220;square&#8220; active_section=&#8220;1&#8243; title=&#8220;Deine Bestellung&#8220;][vc_tta_section title=&#8220;Muss ich registriert sein, wenn ich bei euch bestellen will?&#8220; tab_id=&#8220;1462197590061-7b4206ea-9a45&#8243;][vc_column_text el_class=&#8220;bt-font-caption&#8220;]Nein, du kannst auch als Gast bestellen.[\/vc_column_text][\/vc_tta_section][vc_tta_section title=&#8220;Wie sicher ist euer Online-Shop und meine Daten?&#8220; tab_id=&#8220;1462197590122-cea0dc52-6243&#8243;][vc_column_text el_class=&#8220;bt-font-caption&#8220;]Die Verbindung wird verschl\u00fcsselt hergestellt und wir respektieren deine Privatsph\u00e4re im hohen Ma\u00dfe. Wir werden deine Daten ausschlie\u00dflich f\u00fcr [&hellip;]","og_url":"https:\/\/women-at.work\/shop\/faq\/","og_site_name":"Women At Work Shop","article_modified_time":"2020-06-04T11:35:11+00:00","twitter_card":"summary_large_image","twitter_misc":{"Gesch\u00e4tzte Lesezeit":"8\u00a0Minuten"},"schema":{"@context":"https:\/\/schema.org","@graph":[{"@type":"WebPage","@id":"https:\/\/women-at.work\/shop\/faq\/","url":"https:\/\/women-at.work\/shop\/faq\/","name":"FAQ - H\u00e4ufige Fragen und Antworten - Women At Work Shop","isPartOf":{"@id":"https:\/\/women-at.work\/shop\/#website"},"datePublished":"2016-05-02T14:00:25+00:00","dateModified":"2020-06-04T11:35:11+00:00","breadcrumb":{"@id":"https:\/\/women-at.work\/shop\/faq\/#breadcrumb"},"inLanguage":"de","potentialAction":[{"@type":"ReadAction","target":["https:\/\/women-at.work\/shop\/faq\/"]}]},{"@type":"BreadcrumbList","@id":"https:\/\/women-at.work\/shop\/faq\/#breadcrumb","itemListElement":[{"@type":"ListItem","position":1,"name":"Startseite","item":"https:\/\/women-at.work\/shop\/"},{"@type":"ListItem","position":2,"name":"FAQ &#8211; H\u00e4ufige Fragen und Antworten"}]},{"@type":"WebSite","@id":"https:\/\/women-at.work\/shop\/#website","url":"https:\/\/women-at.work\/shop\/","name":"Women At Work Shop","description":"Wundervolle Produkte f\u00fcr besondere Menschen","publisher":{"@id":"https:\/\/women-at.work\/shop\/#organization"},"potentialAction":[{"@type":"SearchAction","target":{"@type":"EntryPoint","urlTemplate":"https:\/\/women-at.work\/shop\/?s={search_term_string}"},"query-input":{"@type":"PropertyValueSpecification","valueRequired":true,"valueName":"search_term_string"}}],"inLanguage":"de"},{"@type":"Organization","@id":"https:\/\/women-at.work\/shop\/#organization","name":"Women At Work Shop","url":"https:\/\/women-at.work\/shop\/","logo":{"@type":"ImageObject","inLanguage":"de","@id":"https:\/\/women-at.work\/shop\/#\/schema\/logo\/image\/","url":"https:\/\/women-at.work\/shop\/wp-content\/uploads\/2017\/05\/Shop_Logo.png","contentUrl":"https:\/\/women-at.work\/shop\/wp-content\/uploads\/2017\/05\/Shop_Logo.png","width":305,"height":297,"caption":"Women At Work Shop"},"image":{"@id":"https:\/\/women-at.work\/shop\/#\/schema\/logo\/image\/"}}]}},"_links":{"self":[{"href":"https:\/\/women-at.work\/shop\/wp-json\/wp\/v2\/pages\/1029","targetHints":{"allow":["GET"]}}],"collection":[{"href":"https:\/\/women-at.work\/shop\/wp-json\/wp\/v2\/pages"}],"about":[{"href":"https:\/\/women-at.work\/shop\/wp-json\/wp\/v2\/types\/page"}],"author":[{"embeddable":true,"href":"https:\/\/women-at.work\/shop\/wp-json\/wp\/v2\/users\/1"}],"replies":[{"embeddable":true,"href":"https:\/\/women-at.work\/shop\/wp-json\/wp\/v2\/comments?post=1029"}],"version-history":[{"count":0,"href":"https:\/\/women-at.work\/shop\/wp-json\/wp\/v2\/pages\/1029\/revisions"}],"wp:attachment":[{"href":"https:\/\/women-at.work\/shop\/wp-json\/wp\/v2\/media?parent=1029"}],"curies":[{"name":"wp","href":"https:\/\/api.w.org\/{rel}","templated":true}]}}